{"id":605,"date":"2018-01-02T10:31:14","date_gmt":"2018-01-02T09:31:14","guid":{"rendered":"https:\/\/bonifratrzy.pl\/klasztor-krakow\/?page_id=605"},"modified":"2018-01-02T11:07:56","modified_gmt":"2018-01-02T10:07:56","slug":"modlitwa-do-matki-bozej-uzdrowienie-chorych","status":"publish","type":"page","link":"https:\/\/bonifratrzy.pl\/klasztor-krakow\/modlitwa-do-matki-bozej-uzdrowienie-chorych\/","title":{"rendered":"Modlitwa do Matki Bo\u017cej Uzdrowienie Chorych"},"content":{"rendered":"<h3><strong><img loading=\"lazy\" decoding=\"async\" class=\" wp-image-606 alignleft\" src=\"https:\/\/bonifratrzy.pl\/klasztor-krakow\/wp-content\/uploads\/sites\/9\/2017\/12\/SalusInfirmorum-195x300.jpg\" alt=\"\" width=\"251\" height=\"387\" \/>Modlitwa do Matki Bo\u017cej Uzdrowienie Chorych<\/strong><\/h3>\n<p>Matko Naj\u015bwi\u0119tsza, Tobie oddaj\u0119 dusz\u0119 i cia\u0142o moje, do Ciebie kieruj\u0119 me my\u015bli, Ciebie b\u0142agam w mym nieszcz\u0119\u015bciu. Uzdrowienie Chorych, wybaw mnie, prosz\u0119, od niemocy mojej, podaruj mi zdrowie \u2013 skarb najcenniejszy, wlej w me serce ufno\u015b\u0107, mi\u0142o\u015b\u0107 i nadziej\u0119, aby \u0142aska Pana zawsze by\u0142a przy mnie. Pani Mi\u0142osierna, or\u0119duj za mn\u0105, podetnij korzenie grzech\u00f3w moich, ku Bogu kieruj my\u015bli moje i b\u0105d\u017a przy mnie w ostatniej godzinie mego \u017cycia. Przez Chrystusa, Pana naszego. Amen.<\/p>\n<p>Ojcze nasz\u2026, Zdrowa\u015b Maryjo\u2026, Chwa\u0142a Ojcu\u2026<\/p>\n<p>Uzdrowienie Chorych, m\u00f3dl si\u0119 za mn\u0105!<\/p>\n<p>&nbsp;<\/p>\n<p>&nbsp;<\/p>\n<p>&nbsp;<\/p>\n<p>&nbsp;<\/p>\n<p>&nbsp;<\/p>\n<p><strong>Kaplica Szpitala Bonifratr\u00f3w w Krakowie<\/strong><\/p>\n<p><strong>pw. Matki Bo\u017cej Uzdrowienie Chorych<\/strong><\/p>\n<p>31-066 Krak\u00f3w, ul. Trynitarska 11<\/p>\n","protected":false},"excerpt":{"rendered":"<p>Modlitwa do Matki Bo\u017cej Uzdrowienie Chorych Matko Naj\u015bwi\u0119tsza, Tobie oddaj\u0119 dusz\u0119 i cia\u0142o moje, do Ciebie kieruj\u0119 me my\u015bli, Ciebie b\u0142agam w mym nieszcz\u0119\u015bciu. Uzdrowienie Chorych, wybaw mnie, prosz\u0119, od niemocy mojej, podaruj mi zdrowie \u2013 skarb najcenniejszy, wlej w me serce ufno\u015b\u0107, mi\u0142o\u015b\u0107 i nadziej\u0119, aby \u0142aska Pana zawsze by\u0142a przy mnie. Pani Mi\u0142osierna, [&hellip;]<\/p>\n","protected":false},"author":27,"featured_media":0,"parent":0,"menu_order":15,"comment_status":"closed","ping_status":"closed","template":"","meta":{"footnotes":""},"categories":[],"_links":{"self":[{"href":"https:\/\/bonifratrzy.pl\/klasztor-krakow\/wp-json\/wp\/v2\/pages\/605"}],"collection":[{"href":"https:\/\/bonifratrzy.pl\/klasztor-krakow\/wp-json\/wp\/v2\/pages"}],"about":[{"href":"https:\/\/bonifratrzy.pl\/klasztor-krakow\/wp-json\/wp\/v2\/types\/page"}],"author":[{"embeddable":true,"href":"https:\/\/bonifratrzy.pl\/klasztor-krakow\/wp-json\/wp\/v2\/users\/27"}],"replies":[{"embeddable":true,"href":"https:\/\/bonifratrzy.pl\/klasztor-krakow\/wp-json\/wp\/v2\/comments?post=605"}],"version-history":[{"count":5,"href":"https:\/\/bonifratrzy.pl\/klasztor-krakow\/wp-json\/wp\/v2\/pages\/605\/revisions"}],"predecessor-version":[{"id":611,"href":"https:\/\/bonifratrzy.pl\/klasztor-krakow\/wp-json\/wp\/v2\/pages\/605\/revisions\/611"}],"wp:attachment":[{"href":"https:\/\/bonifratrzy.pl\/klasztor-krakow\/wp-json\/wp\/v2\/media?parent=605"}],"wp:term":[{"taxonomy":"category","embeddable":true,"href":"https:\/\/bonifratrzy.pl\/klasztor-krakow\/wp-json\/wp\/v2\/categories?post=605"}],"curies":[{"name":"wp","href":"https:\/\/api.w.org\/{rel}","templated":true}]}}