{"id":6,"date":"2016-01-17T19:44:16","date_gmt":"2016-01-17T18:44:16","guid":{"rendered":"https:\/\/bonifratrzy.pl\/klasztor-krakow\/?page_id=6"},"modified":"2025-11-04T13:53:45","modified_gmt":"2025-11-04T12:53:45","slug":"o-klasztorze","status":"publish","type":"page","link":"https:\/\/bonifratrzy.pl\/klasztor-krakow\/","title":{"rendered":"O klasztorze"},"content":{"rendered":"<h2><span style=\"color: #c71718;\">Klasztor w Krakowie pw. Tr\u00f3jcy Przenaj\u015bwi\u0119tszej<\/span><\/h2>\n<h2>Przeor &#8211; brat Eugeniusz Kret OH<\/h2>\n<p><a href=\"https:\/\/bonifratrzy.pl\/klasztor-krakow\/wp-content\/uploads\/sites\/9\/2022\/05\/br.-Eugeniusz-Kret-OH.jpg\"><img loading=\"lazy\" decoding=\"async\" class=\"alignleft wp-image-1517 \" src=\"https:\/\/bonifratrzy.pl\/klasztor-krakow\/wp-content\/uploads\/sites\/9\/2022\/05\/br.-Eugeniusz-Kret-OH.jpg\" alt=\"\" width=\"119\" height=\"172\" srcset=\"https:\/\/bonifratrzy.pl\/klasztor-krakow\/wp-content\/uploads\/sites\/9\/2022\/05\/br.-Eugeniusz-Kret-OH.jpg 278w, https:\/\/bonifratrzy.pl\/klasztor-krakow\/wp-content\/uploads\/sites\/9\/2022\/05\/br.-Eugeniusz-Kret-OH-209x300.jpg 209w\" sizes=\"(max-width: 119px) 100vw, 119px\" \/><\/a><\/p>\n<p>ur. 5.01.1955 r. Domatk\u00f3w<br \/>\nwst\u0105pi\u0142 22.08.1988 r., ob\u0142\u00f3czyny 18.03.1990 r.<\/p>\n<p>\u015bluby\u00a0 czasowe. 19.03.1992 r., \u015bluby wieczyste 05.03.1999 r.<\/p>\n<p>imieniny 21 maja<\/p>\n<p><strong>Wsp\u00f3lnot\u0119 zakonn\u0105 tworz\u0105:\u00a0<\/strong><\/p>\n<ul>\n<li>br. Eugeniusz Kret OH,<\/li>\n<li>br. Albert Ch. Dorociak OH, sac.,<\/li>\n<li>br. Doroteusz Bukowski OH,<\/li>\n<li>br. Marian Twardowski OH, sac.,<\/li>\n<li>br. Pio Berger OH,<\/li>\n<li>br. Daniel Tylus OH.<\/li>\n<\/ul>\n<p><img loading=\"lazy\" decoding=\"async\" class=\"alignnone wp-image-2572 aligncenter\" src=\"https:\/\/bonifratrzy.pl\/klasztor-krakow\/wp-content\/uploads\/sites\/9\/2024\/02\/wzq1OPst2UGefooB-300x212.jpg\" alt=\"\" width=\"433\" height=\"306\" srcset=\"https:\/\/bonifratrzy.pl\/klasztor-krakow\/wp-content\/uploads\/sites\/9\/2024\/02\/wzq1OPst2UGefooB-300x212.jpg 300w, https:\/\/bonifratrzy.pl\/klasztor-krakow\/wp-content\/uploads\/sites\/9\/2024\/02\/wzq1OPst2UGefooB.jpg 425w\" sizes=\"(max-width: 433px) 100vw, 433px\" \/><\/p>\n<p style=\"text-align: center;\"><strong>Dzielenie si\u0119 dobrem procentuje!<\/strong><\/p>\n<p>Wesprzyj nasz\u0105 pos\u0142ug\u0119, kt\u00f3r\u0105 niesiemy s\u0142u\u017c\u0105c chorym i\u00a0potrzebuj\u0105cym wsparcia drugiego cz\u0142owieka w\u00a0naszych szpitalach, hospicjach i\u00a0o\u015brodkach pomocy dla niepe\u0142nosprawnych.<\/p>\n<p>Wpisz w\u00a0swoim formularzu PIT nasz KRS: 0000134759 i\u00a0przeka\u017c Fundacji Bonifraterskiej 1,5% podatku.<\/p>\n<p>Je\u015bli chcesz wesprze\u0107 Szpital Zakonu Bonifratr\u00f3w \u015bw.\u00a0Jana Grandego w\u00a0Krakowie, w\u00a0rubryce \u201ecel szczeg\u00f3\u0142owy\u201d wpisz: <strong>Szpital w\u00a0Krakowie<\/strong>. Twoj\u0105 darowizn\u0119 przeznaczymy na\u00a0zakup aparatu do\u00a0pomiaru ABI \u2013 naczyniowego przep\u0142ywu krwi.<\/p>\n<p>Serdecznie dzi\u0119kujemy za\u00a0Wasz\u0105 wszelk\u0105 dobro\u0107 i\u00a0pomoc \u2013 B\u00f3g zap\u0142a\u0107<\/p>\n<p><strong>Kontakt<\/strong><br \/>\nul. Krakowska 48,<br \/>\n31-066 Krak\u00f3w<br \/>\ntel.: 12 430 61 22<br \/>\ne-mail:\u00a0 &#112;&#114;&#x7a;e&#111;&#x72;&#x6b;r&#97;&#x6b;&#x6f;w&#64;&#x62;o&#110;&#x69;&#x66;r&#97;&#x74;&#x72;z&#121;&#x2e;p&#108;<\/p>\n<p><strong>Numer rachunku bankowego:<\/strong><br \/>\nBank Pekao SA<br \/>\n<strong>47 1240 2294 1111 0000 3718 5617<\/strong><\/p>\n<div class=\"wpmf-gallerys wpmf-gallerys-life \" ><div id=\"gallery-1\" class=\"gallery gallery_life wpmf_gallery_default gallery_default  gallery-columns-3 gallery-size-thumbnail gallery-link-file wpmf-has-border-radius-0 wpmf-gutterwidth-5 no_ratio\"><figure class=\"wpmf-gallery-item\" data-index=\"0\"><div class=\"wpmf-gallery-icon\"><div class=\"square_thumbnail\"><div class=\"img_centered\"><a class=\" not_video noLightbox\" data-lightbox=\"1\" data-href=\"https:\/\/bonifratrzy.pl\/klasztor-krakow\/wp-content\/uploads\/sites\/9\/2016\/01\/DSC3152-827x1024.jpg\" title=\"Fot. Marcin Brz\u00f3zka\" target=\"_self\" data-index=\"0\"><img decoding=\"async\" class=\"wpmf_img\" alt=\"Fot. Marcin Brz\u00f3zka\" src=\"https:\/\/bonifratrzy.pl\/klasztor-krakow\/wp-content\/uploads\/sites\/9\/2016\/01\/DSC3152-150x150.jpg\" data-type=\"wpmfgalleryimg\" data-lazy-src=\"https:\/\/bonifratrzy.pl\/klasztor-krakow\/wp-content\/uploads\/sites\/9\/2016\/01\/DSC3152-150x150.jpg\"><\/a><\/div><\/div><\/div><\/figure><figure class=\"wpmf-gallery-item\" data-index=\"1\"><div class=\"wpmf-gallery-icon\"><div class=\"square_thumbnail\"><div class=\"img_centered\"><a class=\" not_video noLightbox\" data-lightbox=\"1\" data-href=\"https:\/\/bonifratrzy.pl\/klasztor-krakow\/wp-content\/uploads\/sites\/9\/2016\/01\/DSC3158-1024x675.jpg\" title=\"Fot. Marcin Brz\u00f3zka\" target=\"_self\" data-index=\"1\"><img decoding=\"async\" class=\"wpmf_img\" alt=\"Fot. Marcin Brz\u00f3zka\" src=\"https:\/\/bonifratrzy.pl\/klasztor-krakow\/wp-content\/uploads\/sites\/9\/2016\/01\/DSC3158-150x150.jpg\" data-type=\"wpmfgalleryimg\" data-lazy-src=\"https:\/\/bonifratrzy.pl\/klasztor-krakow\/wp-content\/uploads\/sites\/9\/2016\/01\/DSC3158-150x150.jpg\"><\/a><\/div><\/div><\/div><\/figure><figure class=\"wpmf-gallery-item\" data-index=\"2\"><div class=\"wpmf-gallery-icon\"><div class=\"square_thumbnail\"><div class=\"img_centered\"><a class=\" not_video noLightbox\" data-lightbox=\"1\" data-href=\"https:\/\/bonifratrzy.pl\/klasztor-krakow\/wp-content\/uploads\/sites\/9\/2016\/01\/krakow_2_jpg.jpg\" title=\"Fot. archiwalna\" target=\"_blank\" data-index=\"2\"><img decoding=\"async\" class=\"wpmf_img\" alt=\"Fot. archiwalna\" src=\"https:\/\/bonifratrzy.pl\/klasztor-krakow\/wp-content\/uploads\/sites\/9\/2016\/01\/krakow_2_jpg-150x150.jpg\" data-type=\"wpmfgalleryimg\" data-lazy-src=\"https:\/\/bonifratrzy.pl\/klasztor-krakow\/wp-content\/uploads\/sites\/9\/2016\/01\/krakow_2_jpg-150x150.jpg\"><\/a><\/div><\/div><\/div><\/figure><figure class=\"wpmf-gallery-item\" data-index=\"3\"><div class=\"wpmf-gallery-icon\"><div class=\"square_thumbnail\"><div class=\"img_centered\"><a class=\" not_video noLightbox\" data-lightbox=\"1\" data-href=\"https:\/\/bonifratrzy.pl\/klasztor-krakow\/wp-content\/uploads\/sites\/9\/2016\/01\/IK-IV-1-11-645x1024.jpg\" title=\"Fot. archiwalna\" target=\"_self\" data-index=\"3\"><img decoding=\"async\" class=\"wpmf_img\" alt=\"Fot. archiwalna\" src=\"https:\/\/bonifratrzy.pl\/klasztor-krakow\/wp-content\/uploads\/sites\/9\/2016\/01\/IK-IV-1-11-150x150.jpg\" data-type=\"wpmfgalleryimg\" data-lazy-src=\"https:\/\/bonifratrzy.pl\/klasztor-krakow\/wp-content\/uploads\/sites\/9\/2016\/01\/IK-IV-1-11-150x150.jpg\"><\/a><\/div><\/div><\/div><\/figure><figure class=\"wpmf-gallery-item\" data-index=\"4\"><div class=\"wpmf-gallery-icon\"><div class=\"square_thumbnail\"><div class=\"img_centered\"><a class=\" not_video noLightbox\" data-lightbox=\"1\" data-href=\"https:\/\/bonifratrzy.pl\/klasztor-krakow\/wp-content\/uploads\/sites\/9\/2016\/01\/r\u00f3g-Trynitarskiej-i-Krakowskiej-1024x641.jpg\" title=\"Fot. archiwalna\" target=\"_self\" data-index=\"4\"><img decoding=\"async\" class=\"wpmf_img\" alt=\"Fot. archiwalna\" src=\"https:\/\/bonifratrzy.pl\/klasztor-krakow\/wp-content\/uploads\/sites\/9\/2016\/01\/r\u00f3g-Trynitarskiej-i-Krakowskiej-150x150.jpg\" data-type=\"wpmfgalleryimg\" data-lazy-src=\"https:\/\/bonifratrzy.pl\/klasztor-krakow\/wp-content\/uploads\/sites\/9\/2016\/01\/r\u00f3g-Trynitarskiej-i-Krakowskiej-150x150.jpg\"><\/a><\/div><\/div><\/div><\/figure><figure class=\"wpmf-gallery-item\" data-index=\"5\"><div class=\"wpmf-gallery-icon\"><div class=\"square_thumbnail\"><div class=\"img_centered\"><a class=\" not_video noLightbox\" data-lightbox=\"1\" data-href=\"https:\/\/bonifratrzy.pl\/klasztor-krakow\/wp-content\/uploads\/sites\/9\/2016\/01\/widok-na-ul.-Krakowsk\u0105-fot.-Jerzy-Langda-1973-1024x718.jpg\" title=\"Fot. archiwalna\" target=\"_self\" data-index=\"5\"><img decoding=\"async\" class=\"wpmf_img\" alt=\"Fot. archiwalna\" src=\"https:\/\/bonifratrzy.pl\/klasztor-krakow\/wp-content\/uploads\/sites\/9\/2016\/01\/widok-na-ul.-Krakowsk\u0105-fot.-Jerzy-Langda-1973-150x150.jpg\" data-type=\"wpmfgalleryimg\" data-lazy-src=\"https:\/\/bonifratrzy.pl\/klasztor-krakow\/wp-content\/uploads\/sites\/9\/2016\/01\/widok-na-ul.-Krakowsk\u0105-fot.-Jerzy-Langda-1973-150x150.jpg\"><\/a><\/div><\/div><\/div><\/figure><\/div><\/div>\n","protected":false},"excerpt":{"rendered":"<p>Klasztor w Krakowie pw. Tr\u00f3jcy Przenaj\u015bwi\u0119tszej Przeor &#8211; brat Eugeniusz Kret OH ur. 5.01.1955 r. Domatk\u00f3w wst\u0105pi\u0142 22.08.1988 r., ob\u0142\u00f3czyny 18.03.1990 r. \u015bluby\u00a0 czasowe. 19.03.1992 r., \u015bluby wieczyste 05.03.1999 r. imieniny 21 maja Wsp\u00f3lnot\u0119 zakonn\u0105 tworz\u0105:\u00a0 br. Eugeniusz Kret OH, br. Albert Ch. Dorociak OH, sac., br. Doroteusz Bukowski OH, br. Marian Twardowski OH, sac., [&hellip;]<\/p>\n","protected":false},"author":1,"featured_media":0,"parent":0,"menu_order":39,"comment_status":"closed","ping_status":"closed","template":"page-home.php","meta":{"footnotes":""},"categories":[],"_links":{"self":[{"href":"https:\/\/bonifratrzy.pl\/klasztor-krakow\/wp-json\/wp\/v2\/pages\/6"}],"collection":[{"href":"https:\/\/bonifratrzy.pl\/klasztor-krakow\/wp-json\/wp\/v2\/pages"}],"about":[{"href":"https:\/\/bonifratrzy.pl\/klasztor-krakow\/wp-json\/wp\/v2\/types\/page"}],"author":[{"embeddable":true,"href":"https:\/\/bonifratrzy.pl\/klasztor-krakow\/wp-json\/wp\/v2\/users\/1"}],"replies":[{"embeddable":true,"href":"https:\/\/bonifratrzy.pl\/klasztor-krakow\/wp-json\/wp\/v2\/comments?post=6"}],"version-history":[{"count":28,"href":"https:\/\/bonifratrzy.pl\/klasztor-krakow\/wp-json\/wp\/v2\/pages\/6\/revisions"}],"predecessor-version":[{"id":3029,"href":"https:\/\/bonifratrzy.pl\/klasztor-krakow\/wp-json\/wp\/v2\/pages\/6\/revisions\/3029"}],"wp:attachment":[{"href":"https:\/\/bonifratrzy.pl\/klasztor-krakow\/wp-json\/wp\/v2\/media?parent=6"}],"wp:term":[{"taxonomy":"category","embeddable":true,"href":"https:\/\/bonifratrzy.pl\/klasztor-krakow\/wp-json\/wp\/v2\/categories?post=6"}],"curies":[{"name":"wp","href":"https:\/\/api.w.org\/{rel}","templated":true}]}}