{"id":569,"date":"2018-01-02T10:29:53","date_gmt":"2018-01-02T09:29:53","guid":{"rendered":"https:\/\/bonifratrzy.pl\/klasztor-krakow\/?page_id=569"},"modified":"2018-01-02T12:22:58","modified_gmt":"2018-01-02T11:22:58","slug":"uroczystosc-ustanowienia-sanktuarium","status":"publish","type":"page","link":"https:\/\/bonifratrzy.pl\/klasztor-krakow\/o-sanktuarium\/uroczystosc-ustanowienia-sanktuarium\/","title":{"rendered":"Uroczysto\u015b\u0107 ustanowienia Sanktuarium"},"content":{"rendered":"<p>W dniu <strong>8 marca 2016 roku<\/strong> w trakcie uroczystej Mszy \u015bw. odprawionej o godz. 17:00 <strong>J. Em. Stanis\u0142aw Kard. Dziwisz Arcybiskup Metropolita krakowski<\/strong> ustanowi\u0142 Ko\u015bci\u00f3\u0142 Bonifratr\u00f3w pw. Tr\u00f3jcy Przenaj\u015bwi\u0119tszej w Krakowie <strong>Sanktuarium Diecezjalnym \u015bw. Jana Bo\u017cego<\/strong>.<\/p>\n<div class=\"su-youtube su-u-responsive-media-yes\"><iframe loading=\"lazy\" width=\"600\" height=\"400\" src=\"https:\/\/www.youtube.com\/embed\/tH5BKejhLMQ?\" frameborder=\"0\" allowfullscreen allow=\"autoplay; encrypted-media; picture-in-picture\" title=\"\"><\/iframe><\/div>\n<p><strong>\u00a0<\/strong><\/p>\n<div id=\"attachment_572\" style=\"width: 381px\" class=\"wp-caption alignright\"><img loading=\"lazy\" decoding=\"async\" aria-describedby=\"caption-attachment-572\" class=\" wp-image-572\" src=\"https:\/\/bonifratrzy.pl\/klasztor-krakow\/wp-content\/uploads\/sites\/9\/2017\/12\/IMG_0749-300x200.jpg\" alt=\"\" width=\"371\" height=\"247\" srcset=\"https:\/\/bonifratrzy.pl\/klasztor-krakow\/wp-content\/uploads\/sites\/9\/2017\/12\/IMG_0749-300x200.jpg 300w, https:\/\/bonifratrzy.pl\/klasztor-krakow\/wp-content\/uploads\/sites\/9\/2017\/12\/IMG_0749-768x512.jpg 768w, https:\/\/bonifratrzy.pl\/klasztor-krakow\/wp-content\/uploads\/sites\/9\/2017\/12\/IMG_0749-1024x683.jpg 1024w\" sizes=\"(max-width: 371px) 100vw, 371px\" \/><p id=\"caption-attachment-572\" class=\"wp-caption-text\">fot. M. Brz\u00f3zka<\/p><\/div>\n<p><strong>S\u0142owo O. Ambro\u017cego Marii Pietrzkiewicza &#8211; Przeora Konwentu Bonifratr\u00f3w w Krakowie<\/strong><\/p>\n<p style=\"text-align: justify\">8 marca 2016 roku J. Em. Ks. Stanis\u0142aw Kard. Dziwisz Arcybiskup Metropolita Krakowski ustanowi nasz Ko\u015bci\u00f3\u0142 Bonifratr\u00f3w pw. Tr\u00f3jcy Przenaj\u015bwi\u0119tszej w Krakowie Sanktuarium Diecezjalnym \u015aw. Jana Bo\u017cego.<\/p>\n<p style=\"text-align: justify\">&#8222;Nie wystarczy bowiem sta\u0107 w t\u0142umie, ale trzeba dotrze\u0107 i dotkn\u0105\u0107 Chrystusa. Z\u0142o tkwi w tym, \u017ce idziemy do Chrystusa, ale nie staramy si\u0119 Go dotkn\u0105\u0107, by uzyska\u0107 uzdrowienie&#8221; &#8211; Kazanie Jana z Avila, kt\u00f3re nawr\u00f3ci\u0142o Jana Bo\u017cego.<\/p>\n<p style=\"text-align: justify\">Dzi\u0119ki \u0142asce Bo\u017cej i papie\u017cowi Franciszkowi mo\u017cemy korzysta\u0107 z ogromu Bo\u017cego Mi\u0142osierdzia, kt\u00f3re staje si\u0119 naszym udzia\u0142em w Nadzwyczajnym Roku Mi\u0142osierdzia Bo\u017cego. Prze\u017cywamy \u015bwi\u0119ty czas Wielkiego Postu. Pierwszy autor biografii o \u015bwi\u0119tym Janie Bo\u017cym, Za\u0142o\u017cycielu naszego zakonu, Franciszek de Castro napisa\u0142, \u017ce &#8222;bez wzgl\u0119du na w\u0142asne s\u0142abo\u015bci, kt\u00f3rych Jan nie kryje, czuje si\u0119 on zawsze kochany przez Boga&#8221;. W Li\u015bcie do Ludwika Baptysty Jan Bo\u017cy napisa\u0142: &#8222;Mi\u0142uj Pana naszego Jezusa Chrystusa ponad wszystko na \u015bwiecie, gdy\u017c On mi\u0142uje Ci\u0119 o wiele bardziej, ni\u017c Ty zdo\u0142a\u0142by\u015b Go pokocha\u0107&#8221;.<\/p>\n<p style=\"text-align: justify\">Drodzy Czciciele \u015bwi\u0119tego Jana Bo\u017cego! \u015awi\u0119ty Jan Bo\u017cy \u017cyje! \u017byje w czasie, \u017cyje w nas &#8211; duchowych synach, w naszych wsp\u00f3\u0142pracownikach, wolontariuszach, dobrodziejach, w dzie\u0142ach apostolskich, \u017cyje w chorych, kt\u00f3rych tak bardzo kocha\u0142. Cieszymy si\u0119 bardzo, \u017ce nasz Ko\u015bci\u00f3\u0142 klasztorny pw. Tr\u00f3jcy Przenaj\u015bwi\u0119tszej w Krakowie, w kt\u00f3rym czczony jest obraz \u015bw. Jana Bo\u017cego, jest miejscem szczeg\u00f3lnej modlitwy wiernych, kt\u00f3rzy zmagaj\u0105 si\u0119 z chorob\u0105 i cierpieniem. Znakiem wyra\u017caj\u0105cym szczeg\u00f3lny zwi\u0105zek \u015awi\u0119tego Patrona z ludzkim cierpieniem jest uwidoczniona na jego wizerunku cierniowa korona wznosz\u0105ca si\u0119 nad jego g\u0142ow\u0105. \u015awi\u0119ty Jan Bo\u017cy &#8211; Patron Chorych &#8211; z mi\u0142o\u015bci\u0105 wstawia si\u0119 za tymi, kt\u00f3rzy modl\u0105 si\u0119 przed jego obrazem i umieszczonymi w relikwiarzu pod o\u0142tarzem relikwiami z ko\u015bci, aby z wiar\u0105 nie\u015b\u0107 krzy\u017c choroby, a je\u015bli taka wola Bo\u017ca, odzyska\u0107 upragnione zdrowie.<\/p>\n<p style=\"text-align: justify\">Na pocz\u0105tku napisa\u0142em, cytuj\u0105c s\u0142owa z Kazania \u015bw. Jana z Avila, \u017ce &#8222;nie wystarczy sta\u0107 w t\u0142umie, ale trzeba dotrze\u0107 i dotkn\u0105\u0107 si\u0119 Chrystusa&#8221;. Pragn\u0119 z g\u0142\u0119bi mego serca wyrazi\u0107 serdeczne podzi\u0119kowania, tym naszym chorym, kt\u00f3rzy z \u017cyw\u0105 wiar\u0105, przez wstawiennictwo \u015bw. Jana Bo\u017cego zwracaj\u0105 si\u0119 do Chrystusa, prosz\u0105c o \u0142ask\u0119 zdrowia i dzi\u0119kuj\u0105c Mu za otrzymane \u0142aski. W czwartki Msza \u015bw. o godz. 18:30 sprawowana jest w intencjach zbiorowych do \u015bw. Jana Bo\u017cego Patrona Chorych. Istnieje mo\u017cliwo\u015b\u0107 oddania czci relikwiom naszego \u015bwi\u0119tego Ojca. Na powy\u017csze serdecznie zapraszam.<\/p>\n<p>Z darem modlitwy zjednoczony w \u015bwi\u0119tym Janie Bo\u017cym Patronie Chorych<\/p>\n<p><em>Ambro\u017cy Maria Pietrzkiewicz OH<\/em><\/p>\n","protected":false},"excerpt":{"rendered":"<p>W dniu 8 marca 2016 roku w trakcie uroczystej Mszy \u015bw. odprawionej o godz. 17:00 J. Em. Stanis\u0142aw Kard. Dziwisz Arcybiskup Metropolita krakowski ustanowi\u0142 Ko\u015bci\u00f3\u0142 Bonifratr\u00f3w pw. Tr\u00f3jcy Przenaj\u015bwi\u0119tszej w Krakowie Sanktuarium Diecezjalnym \u015bw. Jana Bo\u017cego. \u00a0 S\u0142owo O. Ambro\u017cego Marii Pietrzkiewicza &#8211; Przeora Konwentu Bonifratr\u00f3w w Krakowie 8 marca 2016 roku J. Em. Ks. [&hellip;]<\/p>\n","protected":false},"author":27,"featured_media":0,"parent":637,"menu_order":6,"comment_status":"closed","ping_status":"closed","template":"","meta":{"footnotes":""},"categories":[25],"_links":{"self":[{"href":"https:\/\/bonifratrzy.pl\/klasztor-krakow\/wp-json\/wp\/v2\/pages\/569"}],"collection":[{"href":"https:\/\/bonifratrzy.pl\/klasztor-krakow\/wp-json\/wp\/v2\/pages"}],"about":[{"href":"https:\/\/bonifratrzy.pl\/klasztor-krakow\/wp-json\/wp\/v2\/types\/page"}],"author":[{"embeddable":true,"href":"https:\/\/bonifratrzy.pl\/klasztor-krakow\/wp-json\/wp\/v2\/users\/27"}],"replies":[{"embeddable":true,"href":"https:\/\/bonifratrzy.pl\/klasztor-krakow\/wp-json\/wp\/v2\/comments?post=569"}],"version-history":[{"count":5,"href":"https:\/\/bonifratrzy.pl\/klasztor-krakow\/wp-json\/wp\/v2\/pages\/569\/revisions"}],"predecessor-version":[{"id":668,"href":"https:\/\/bonifratrzy.pl\/klasztor-krakow\/wp-json\/wp\/v2\/pages\/569\/revisions\/668"}],"up":[{"embeddable":true,"href":"https:\/\/bonifratrzy.pl\/klasztor-krakow\/wp-json\/wp\/v2\/pages\/637"}],"wp:attachment":[{"href":"https:\/\/bonifratrzy.pl\/klasztor-krakow\/wp-json\/wp\/v2\/media?parent=569"}],"wp:term":[{"taxonomy":"category","embeddable":true,"href":"https:\/\/bonifratrzy.pl\/klasztor-krakow\/wp-json\/wp\/v2\/categories?post=569"}],"curies":[{"name":"wp","href":"https:\/\/api.w.org\/{rel}","templated":true}]}}