{"id":554,"date":"2018-01-02T10:26:00","date_gmt":"2018-01-02T09:26:00","guid":{"rendered":"https:\/\/bonifratrzy.pl\/klasztor-krakow\/?page_id=554"},"modified":"2018-01-02T10:48:36","modified_gmt":"2018-01-02T09:48:36","slug":"swiety-jan-bozy","status":"publish","type":"page","link":"https:\/\/bonifratrzy.pl\/klasztor-krakow\/swiety-jan-bozy\/","title":{"rendered":"\u015awi\u0119ty Jan Bo\u017cy"},"content":{"rendered":"<div id=\"attachment_557\" style=\"width: 265px\" class=\"wp-caption alignleft\"><img loading=\"lazy\" decoding=\"async\" aria-describedby=\"caption-attachment-557\" class=\"wp-image-557\" src=\"https:\/\/bonifratrzy.pl\/klasztor-krakow\/wp-content\/uploads\/sites\/9\/2017\/12\/\u015bw.-Jan-Bo\u017cy-12-wgnieta-render-213x300.jpg\" alt=\"\" width=\"255\" height=\"359\" srcset=\"https:\/\/bonifratrzy.pl\/klasztor-krakow\/wp-content\/uploads\/sites\/9\/2017\/12\/\u015bw.-Jan-Bo\u017cy-12-wgnieta-render-213x300.jpg 213w, https:\/\/bonifratrzy.pl\/klasztor-krakow\/wp-content\/uploads\/sites\/9\/2017\/12\/\u015bw.-Jan-Bo\u017cy-12-wgnieta-render.jpg 472w\" sizes=\"(max-width: 255px) 100vw, 255px\" \/><p id=\"caption-attachment-557\" class=\"wp-caption-text\">\u015aw. Jan Bo\u017cy<\/p><\/div>\n<h2 style=\"text-align: justify\">\u015awi\u0119ty Jan Bo\u017cy ojciec ubogich i\u00a0chorych<\/h2>\n<p style=\"text-align: justify\">W\u00a0portugalskiej mie\u015bcinie zwanej Montemayor El Nuevo, o\u00a0\u015bwicie 8 marca 1495 roku, przyszed\u0142 na\u00a0\u015bwiat Jan Ciudad. Po\u00a0pi\u0119\u0107dziesi\u0119ciu pi\u0119ciu latach w\u00a01550 roku, zako\u0144czy\u0142 swe ziemskie \u017cycie jako Jan Bo\u017cy. \u017bycie Jana Bo\u017cego przypad\u0142o na\u00a0czasy poznawania nowych \u015bwiat\u00f3w. Przysz\u0142y \u015awi\u0119ty urodzi\u0142 si\u0119 zaledwie trzy lata po\u00a0odkryciu Ameryki przez\u00a0Krzysztofa Kolumba. By\u0107 mo\u017ce w\u0142a\u015bnie klimat tamtej\u00a0epoki sprawi\u0142, \u017ce\u00a0jako dziecko te\u017c by\u0142 ciekawy obcych krain.<\/p>\n<h2 style=\"text-align: justify\">Ucieczka?<\/h2>\n<p style=\"text-align: justify\">Jan wcze\u015bnie opu\u015bci\u0142 dom rodzinny, bo zaledwie w\u00a0wieku\u00a0 o\u015bmiu lat. Towarzyszy\u0142y temu zagadkowe okoliczno\u015bci. U\u00a0jego rodzic\u00f3w znalaz\u0142 go\u015bcin\u0119 pielgrzym zmierzaj\u0105cy do\u00a0Hiszpanii. Prawdopodobnie pod\u00a0wp\u0142ywem jego barwnych opowie\u015bci ch\u0142opiec postanowi\u0142 uciec z\u00a0domu. Wraz z\u00a0nieznajomym dotar\u0142 do\u00a0hiszpa\u0144skiej miejscowo\u015bci Oropesa. Tu opiek\u0119 \u2013 a\u00a0p\u00f3\u017aniej wykszta\u0142cenie \u2013 uzyska\u0142 w\u00a0rodzinie zarz\u0105dcy trz\u00f3d. Zacz\u0105\u0142 pracowa\u0107, osi\u0105gn\u0105\u0142 \u017cyciow\u0105 stabilizacj\u0119. Lecz\u00a0po blisko 20 latach sp\u0119dzonych w\u00a0Oropesie zdecydowa\u0142 si\u0119 porzuci\u0107 przybran\u0105 rodzin\u0119 i\u00a0wst\u0105pi\u0142 do\u00a0wojska jako ochotnik.\u00a0Wzi\u0105\u0142 udzia\u0142 w\u00a0walkach hiszpa\u0144sko-francuskich. Usuni\u0119ty karnie ze\u00a0s\u0142u\u017cby (nie\u00a0upilnowa\u0142 \u0142up\u00f3w wojennych) wr\u00f3ci\u0142 do\u00a0Oropesy. Po\u00a0kilku latach jednak zn\u00f3w si\u0119 zaci\u0105gn\u0105\u0142. Tym razem do\u00a0wojska, kt\u00f3re uda\u0142o si\u0119 a\u017c na\u00a0W\u0119gry, aby stawi\u0107 czo\u0142a su\u0142tanowi tureckiemu Sulejmanowi II Wspania\u0142emu.<\/p>\n<h2 style=\"text-align: justify\">Wstrz\u0105saj\u0105ca prawda<\/h2>\n<p style=\"text-align: justify\">Po\u00a0powrocie z\u00a0dalekiej wyprawy wojennej postanowi\u0142 odwiedzi\u0107 \u2013 po\u00a030 latach \u2013 swoje rodzinne strony. Dowiedzia\u0142 si\u0119 w\u00f3wczas tragicznej prawdy o\u00a0losie swoich rodzic\u00f3w. Po\u00a0jego znikni\u0119ciu matka zmar\u0142a ze\u00a0zgryzoty, a\u00a0ojciec \u2013 straciwszy i\u00a0syna, i\u00a0\u017con\u0119, uda\u0142 si\u0119 do\u00a0Lizbony, gdzie wst\u0105pi\u0142 do\u00a0klasztoru franciszkan\u00f3w, tam te\u017c \u015bwi\u0105tobliwie do\u017cy\u0142 swoich dni. Pr\u00f3buj\u0105c uciec przed\u00a0wyrzutami sumienia, Jan Ciudad wyjecha\u0142 do\u00a0Afryki, do\u00a0Ceuty. Naj\u0105\u0142 si\u0119 do\u00a0kator\u017cniczej pracy przy budowie fortyfikacji. P\u00f3\u017aniej \u2013 z\u00a0nakazu swego spowiednika \u2013 wr\u00f3ci\u0142 do\u00a0Europy i\u00a0pocz\u0105\u0142 rozczytywa\u0107 si\u0119 w\u00a0ksi\u0105\u017ckach religijnych, a\u00a0tak\u017ce zaj\u0105\u0142 si\u0119 ich rozpowszechnianiem.<\/p>\n<h2 style=\"text-align: justify\">Granada b\u0119dzie dla ciebie krzy\u017cem!<\/h2>\n<p style=\"text-align: justify\">W\u00a0czasie gdy\u00a0Jan zajmowa\u0142 si\u0119 handlem ksi\u0105\u017ckami, przydarzy\u0142a mu si\u0119 znamienna historia. W\u0119druj\u0105c z\u00a0koszem ksi\u0105\u017cek na\u00a0plecach, napotka\u0142 utrudzonego drog\u0105 ma\u0142ego ch\u0142opca. Dziecko by\u0142o bose i\u00a0biednie ubrane. Jan da\u0142 ch\u0142opcu w\u0142asne obuwie, kt\u00f3re jednak okaza\u0142o si\u0119 za\u00a0du\u017ce na\u00a0dzieci\u0119ce n\u00f3\u017cki. W\u00a0tej sytuacji Jan, chc\u0105c ul\u017cy\u0107 zm\u0119czonemu dziecku, posadzi\u0142 je na\u00a0koszu i\u00a0poni\u00f3s\u0142 dalej. Tak\u00a0dotarli do\u00a0\u017ar\u00f3d\u0142a, przy kt\u00f3rym\u00a0zatrzymali si\u0119 na\u00a0odpoczynek. Wtedy Jan zauwa\u017cy\u0142, \u017ce\u00a0ch\u0142opiec trzyma w\u00a0r\u0119ce otwarty do\u00a0po\u0142owy owoc granatu, z\u00a0kt\u00f3rego wystaje krzy\u017c. Jakie\u017c by\u0142o jego zdziwienie, gdy\u00a0dziecko odezwa\u0142o si\u0119 do\u00a0niego: \u201eJanie Bo\u017cy, Granada b\u0119dzie dla ciebie krzy\u017cem!\u201d Po\u00a0chwili ch\u0142opiec znikn\u0105\u0142.<\/p>\n<h2 style=\"text-align: justify\">Kazanie Jana z\u00a0Avili<\/h2>\n<div id=\"attachment_559\" style=\"width: 365px\" class=\"wp-caption alignright\"><img loading=\"lazy\" decoding=\"async\" aria-describedby=\"caption-attachment-559\" class=\"wp-image-559\" src=\"https:\/\/bonifratrzy.pl\/klasztor-krakow\/wp-content\/uploads\/sites\/9\/2017\/12\/Sw-Jan-z-Avili-300x235.jpg\" alt=\"\" width=\"355\" height=\"278\" srcset=\"https:\/\/bonifratrzy.pl\/klasztor-krakow\/wp-content\/uploads\/sites\/9\/2017\/12\/Sw-Jan-z-Avili-300x235.jpg 300w, https:\/\/bonifratrzy.pl\/klasztor-krakow\/wp-content\/uploads\/sites\/9\/2017\/12\/Sw-Jan-z-Avili-768x603.jpg 768w, https:\/\/bonifratrzy.pl\/klasztor-krakow\/wp-content\/uploads\/sites\/9\/2017\/12\/Sw-Jan-z-Avili-1024x804.jpg 1024w, https:\/\/bonifratrzy.pl\/klasztor-krakow\/wp-content\/uploads\/sites\/9\/2017\/12\/Sw-Jan-z-Avili.jpg 1474w\" sizes=\"(max-width: 355px) 100vw, 355px\" \/><p id=\"caption-attachment-559\" class=\"wp-caption-text\">\u015aw. Jan z \u00c1vila<\/p><\/div>\n<p style=\"text-align: justify\">Granada sta\u0142a si\u0119 dla Jana przede wszystkim miejscem ostatecznej przemiany. Sprawi\u0142o to\u00a0kazanie, kt\u00f3re wyg\u0142osi\u0142 tu 20 stycznia 1539\u00a0r. Jan z\u00a0Avili. Ten kap\u0142an, zwany aposto\u0142em Andaluzji, nawo\u0142ywa\u0142 do\u00a0wystrzegania si\u0119 grzechu. Czyni\u0142 to\u00a0w\u00a0tak\u00a0gor\u0105cych s\u0142owach, \u017ce\u00a0Jan Bo\u017cy opu\u015bci\u0142 ko\u015bci\u00f3\u0142 dog\u0142\u0119bnie poruszony. Jeszcze tego samego dnia porozdawa\u0142 potrzebuj\u0105cym dzie\u0142a religijne i\u00a0inne warto\u015bciowe przedmioty, kt\u00f3re posiada\u0142. Ogarni\u0119ty uczuciem \u017calu za\u00a0grzechy g\u0142o\u015bno b\u0142aga\u0142 Boga o\u00a0przebaczenie i\u00a0wzywa\u0142 mi\u0142osierdzia Bo\u017cego. Ludzie, kt\u00f3rzy\u00a0obserwowali jego zachowanie, byli zdania, \u017ce\u00a0Jan postrada\u0142 zmys\u0142y. Umieszczono go w\u00a0szpitalu, na\u00a0oddziale dla psychicznie chorych. Przysz\u0142o mu tu do\u015bwiadczy\u0107 brutalnych metod, jakie w\u00f3wczas powszechnie stosowano wobec os\u00f3b z\u00a0zaburzeniami psychicznymi. Nie\u00a0skar\u017cy\u0142 si\u0119 jednak, za\u00a0to z\u00a0du\u017c\u0105 ofiarno\u015bci\u0105 stawa\u0142 w\u00a0obronie swoich towarzyszy niedoli. Doznane cierpienia sprawi\u0142y, \u017ce\u00a0dojrzewa\u0142a w\u00a0nim decyzja o\u00a0za\u0142o\u017ceniu w\u0142asnego szpitala, w\u00a0kt\u00f3rym chorzy byliby godnie traktowani. Na\u00a0realizacj\u0119 tego zamiaru nie\u00a0trzeba by\u0142o d\u0142ugo czeka\u0107.<\/p>\n<h2 style=\"text-align: justify\">Szpital biedny, lecz\u00a0nowoczesny<\/h2>\n<p style=\"text-align: justify\">Gdy\u00a0po kilku miesi\u0105cach Jan opu\u015bci\u0142 szpital, ca\u0142kowicie odda\u0142 si\u0119 s\u0142u\u017cbie chorym. Dobrowolnie skaza\u0142 si\u0119 na\u00a0\u017cycie w\u00a0ub\u00f3stwie po\u015br\u00f3d najbiedniejszych mieszka\u0144c\u00f3w Granady. Dzieli\u0142 si\u0119 z\u00a0nimi tym, co otrzyma\u0142 za\u00a0sprzeda\u017c uzbieranego drewna. Zacz\u0105\u0142 ich te\u017c organizowa\u0107 w\u00a0grup\u0119 ludzi nios\u0105cych sobie wzajemnie pomoc. A\u00a0gdy zamo\u017cni mieszka\u0144cy Granady dostrzegli pozytywne efekty tych wysi\u0142k\u00f3w, otrzyma\u0142 \u015brodki na\u00a0zakup ziemi przy ulicy Lucena, w\u00a0kt\u00f3rym urz\u0105dzi\u0142 przytu\u0142ek dla bezdomnych.<\/p>\n<p style=\"text-align: justify\">Na\u00a0pi\u0119trze wydzieli\u0142 pokoje dla chorych. Ten pierwszy szpital Jana Bo\u017cego by\u0142 bardzo skromny, ale\u00a0pod wzgl\u0119dem metod pracy korzystnie odr\u00f3\u017cnia\u0142 si\u0119 od\u00a0innych \u00f3wczesnych plac\u00f3wek medycznych. Dbano tu o\u00a0higien\u0119, powszechnie jeszcze wtedy lekcewa\u017con\u0105. Osoby chore psychicznie Jan Bo\u017cy oddzieli\u0142 od\u00a0reszty chorych i\u00a0post\u0119powa\u0142 z\u00a0nimi \u0142agodnie, a\u00a0nie tak, jak jego traktowano, gdy\u00a0przebywa\u0142 w\u00a0szpitalu. Aby wy\u017cywi\u0107 swoich podopiecznych, codziennie obchodzi\u0142 miejscowe targi przed\u00a0zamkni\u0119ciem, chc\u0105c uzyska\u0107 od\u00a0handlarzy niesprzedane resztki towaru. A\u00a0poniewa\u017c to\u00a0nie wystarcza\u0142o, \u017cebra\u0142 w\u015br\u00f3d bogatszych mieszka\u0144c\u00f3w Granady. Otrzymywa\u0142 pozosta\u0142o\u015bci z\u00a0posi\u0142k\u00f3w, czasem troch\u0119 pieni\u0119dzy.<\/p>\n<p style=\"text-align: justify\">Jan Bo\u017cy mia\u0142 zwyczaj my\u0107 nogi ka\u017cdemu choremu trafiaj\u0105cemu do\u00a0szpitala. Jak\u017ce si\u0119 zdziwi\u0142, gdy\u00a0podczas tej\u00a0czynno\u015bci u\u00a0jednego z\u00a0biedak\u00f3w dostrzeg\u0142 na\u00a0stopach stygmaty Chrystusa. Zobaczy\u0142 r\u00f3wnie\u017c po\u015bwiat\u0119 wok\u00f3\u0142 g\u0142owy m\u0119\u017cczyzny i\u00a0us\u0142ysza\u0142 s\u0142owa: \u201eJanie cokolwiek dobrego czynisz ubogim i\u00a0chorym, Mnie samemu czynisz\u201d. Zaraz potem widzenie znik\u0142o.<\/p>\n<div id=\"attachment_558\" style=\"width: 248px\" class=\"wp-caption alignleft\"><img loading=\"lazy\" decoding=\"async\" aria-describedby=\"caption-attachment-558\" class=\"wp-image-558\" src=\"https:\/\/bonifratrzy.pl\/klasztor-krakow\/wp-content\/uploads\/sites\/9\/2017\/12\/\u015bw.-Jan-Bo\u017cy-215x300.jpeg\" alt=\"\" width=\"238\" height=\"332\" srcset=\"https:\/\/bonifratrzy.pl\/klasztor-krakow\/wp-content\/uploads\/sites\/9\/2017\/12\/\u015bw.-Jan-Bo\u017cy-215x300.jpeg 215w, https:\/\/bonifratrzy.pl\/klasztor-krakow\/wp-content\/uploads\/sites\/9\/2017\/12\/\u015bw.-Jan-Bo\u017cy.jpeg 286w\" sizes=\"(max-width: 238px) 100vw, 238px\" \/><p id=\"caption-attachment-558\" class=\"wp-caption-text\">\u015aw. Jan Bo\u017cy<\/p><\/div>\n<h2 style=\"text-align: justify\">Czy\u0144cie dobro, Bracia<\/h2>\n<p style=\"text-align: justify\">Utworzenie szpitala w\u00a0Granadzie, a\u00a0p\u00f3\u017aniej utrzymywanie go, graniczy\u0142o z\u00a0cudem. Jan Bo\u017cy sam nie\u00a0mia\u0142 przys\u0142owiowego grosza przy duszy, ale\u00a0udawa\u0142 si\u0119 po\u00a0pomoc do\u00a0ludzi, kt\u00f3rych\u00a0sta\u0107 by\u0142o na\u00a0podzielenie si\u0119 jedzeniem lub pieni\u0119dzmi z\u00a0biedniejszymi. Swym przejmuj\u0105cym g\u0142osem umia\u0142 trafi\u0107 do\u00a0sumie\u0144.<\/p>\n<p style=\"text-align: justify\">Jan potrafi\u0142 przekonuj\u0105co wyja\u015bni\u0107 potencjalnemu darczy\u0144cy, co mo\u017cna zyska\u0107 na\u00a0obdarowywaniu bli\u017aniego. Argumentowa\u0142: daj\u0105c drugiemu sam siebie obdarowujesz, bowiem swoim uczynkiem zbawiasz w\u0142asn\u0105 dusz\u0119. Ten spos\u00f3b rozumowania kruszy\u0142 op\u00f3r najtwardszych egoist\u00f3w. Istot\u0119 dobroczynno\u015bci zawar\u0142 \u015bw.\u00a0Jan Bo\u017cy w\u00a0s\u0142owach: \u201eBracia czy\u0144cie dla siebie dobrze!\u201d Widz\u0105c ogromn\u0105 prac\u0119 \u015awi\u0119tego na\u00a0rzecz chorych, ludzie coraz ch\u0119tniej wspierali jego dzia\u0142alno\u015b\u0107. Dzi\u0119ki temu m\u00f3g\u0142 przenie\u015b\u0107 sw\u00f3j szpital do\u00a0znacznie wygodniejszej siedziby.<\/p>\n<h2 style=\"text-align: justify\">Z\u00a0pomoc\u0105 nieba<\/h2>\n<p style=\"text-align: justify\">W\u00a0naszych czasach w\u00a0szpitalach pracuj\u0105 lekarze, piel\u0119gniarki i\u00a0personel pomocniczy. \u015aw. Jan Bo\u017cy sam spe\u0142nia\u0142 wszystkie ich funkcje. Kiedy trzeba by\u0142o, na\u00a0w\u0142asnych plecach zanosi\u0142 do\u00a0szpitala ludzi, kt\u00f3rzy\u00a0nie mogli tam doj\u015b\u0107. Zdarzy\u0142o si\u0119 jednak, \u017ce\u00a0w\u00a0tej\u00a0pracy nie\u00a0starczy\u0142o mu si\u0142. Kiedy\u015b upad\u0142 pod\u00a0ci\u0119\u017carem d\u017awiganego cz\u0142owieka i\u00a0nie m\u00f3g\u0142 ponownie ruszy\u0107 w\u00a0drog\u0119. Tradycja g\u0142osi, \u017ce\u00a0w\u00f3wczas objawi\u0142 mu si\u0119 Rafa\u0142 Archanio\u0142, kt\u00f3ry\u00a0go wspom\u00f3g\u0142. Po\u00a0paru dniach Archanio\u0142 zjawi\u0142 si\u0119 znowu. Tym razem przyby\u0142 do\u00a0szpitala z\u00a0koszem chleba, gdy\u00a0Jan nie\u00a0mia\u0142 czym nakarmi\u0107 swoich chorych.<\/p>\n<h2 style=\"text-align: justify\">Pierwsi wsp\u00f3\u0142pracownicy<\/h2>\n<p style=\"text-align: justify\">W\u00a0pocz\u0105tkach istnienia szpitala przy ul.\u00a0Lucena, Janowi dora\u017anie pomaga\u0142y w\u00a0pracy r\u00f3\u017cne osoby. Pierwszego sta\u0142ego wsp\u00f3\u0142pracownika doczeka\u0142 si\u0119 dopiero po\u00a0sze\u015bciu latach. By\u0142 nim Antoni Martin. Ten pochodz\u0105cy z\u00a0zamo\u017cnej rodziny cz\u0142owiek doprowadzi\u0142 do\u00a0uwi\u0119zienia oraz\u00a0skazania na\u00a0kar\u0119 \u015bmierci, zab\u00f3jc\u0119 swojego brata. W\u00a0tym czasie spotka\u0142 jednak Jana Bo\u017cego. Pod\u00a0wp\u0142ywem \u015awi\u0119tego, Antoni przebaczy\u0142 winowajcy. Postanowi\u0142 r\u00f3wnie\u017c po\u015bwi\u0119ci\u0107 si\u0119 s\u0142u\u017cbie ubogim i\u00a0pozosta\u0142 w\u00a0szpitalu. Wspomnianemu zab\u00f3jcy, Piotrowi Velasco, darowano \u017cycie. Gdy\u00a0zosta\u0142 wypuszczony z\u00a0wi\u0119zienia, r\u00f3wnie\u017c reszt\u0119 swego \u017cycia po\u015bwi\u0119ci\u0142 podopiecznym Jana Bo\u017cego.<\/p>\n<div id=\"attachment_555\" style=\"width: 233px\" class=\"wp-caption alignright\"><img loading=\"lazy\" decoding=\"async\" aria-describedby=\"caption-attachment-555\" class=\"wp-image-555\" src=\"https:\/\/bonifratrzy.pl\/klasztor-krakow\/wp-content\/uploads\/sites\/9\/2017\/12\/1185-\u015bw.-Jan-Bo\u017cy-crop-192x300.jpg\" alt=\"\" width=\"223\" height=\"349\" srcset=\"https:\/\/bonifratrzy.pl\/klasztor-krakow\/wp-content\/uploads\/sites\/9\/2017\/12\/1185-\u015bw.-Jan-Bo\u017cy-crop-192x300.jpg 192w, https:\/\/bonifratrzy.pl\/klasztor-krakow\/wp-content\/uploads\/sites\/9\/2017\/12\/1185-\u015bw.-Jan-Bo\u017cy-crop-656x1024.jpg 656w, https:\/\/bonifratrzy.pl\/klasztor-krakow\/wp-content\/uploads\/sites\/9\/2017\/12\/1185-\u015bw.-Jan-Bo\u017cy-crop.jpg 760w\" sizes=\"(max-width: 223px) 100vw, 223px\" \/><p id=\"caption-attachment-555\" class=\"wp-caption-text\">\u015aw. Jan Bo\u017cy<\/p><\/div>\n<h2 style=\"text-align: justify\">Chorzy wydarci p\u0142omieniom<\/h2>\n<p style=\"text-align: justify\">Dow\u00f3d wyj\u0105tkowego oddania chorym da\u0142 Jan Bo\u017cy w\u00a0po\u0142owie 1549\u00a0r., kiedy w\u00a0Szpitalu Kr\u00f3lewskim w\u00a0Granadzie wybuch\u0142 gro\u017any po\u017car. Liczni \u015bwiadkowie widzieli, jak Jan wielokrotnie wchodzi\u0142 do\u00a0p\u0142on\u0105cego budynku i\u00a0wynosi\u0142 stamt\u0105d chorych, kt\u00f3rzy\u00a0nie mogli si\u0119 wydosta\u0107 o\u00a0w\u0142asnych si\u0142ach. P\u00f3\u017aniej uratowa\u0142 jeszcze cz\u0119\u015b\u0107 sprz\u0119t\u00f3w. W\u00a0pewnej chwili \u015bwiadkom zdarzenia wydawa\u0142o si\u0119, \u017ce\u00a0nikt nie\u00a0zdo\u0142a ju\u017c wyj\u015b\u0107 na\u00a0zewn\u0105trz. Ku zdumieniu wszystkich, po\u00a0d\u0142u\u017cszym czasie, Jan ukaza\u0142 si\u0119 znowu, maj\u0105c tylko\u00a0osmolone brwi i\u00a0rz\u0119sy. Uznano to\u00a0za cud.<\/p>\n<h2 style=\"text-align: justify\">U\u00a0kresu \u017cycia<\/h2>\n<p style=\"text-align: justify\">Ostatecznie nie\u00a0ogie\u0144, lecz\u00a0woda doprowadzi\u0142a Jana Bo\u017cego do\u00a0kresu ziemskiej w\u0119dr\u00f3wki. Chcia\u0142 on uratowa\u0107 ch\u0142opca, kt\u00f3ry\u00a0ton\u0105\u0142 w\u00a0wezbranych nurtach rzeki. Skok do\u00a0lodowatej rzeki przyp\u0142aci\u0142 ci\u0119\u017ck\u0105 chorob\u0105. Zanim ostatecznie leg\u0142 w\u00a0\u0142\u00f3\u017cku, zd\u0105\u017cy\u0142 jeszcze z\u0142o\u017cy\u0107 wizyt\u0119 wszystkim ludziom, kt\u00f3rzy\u00a0wsparli jego dzie\u0142o i\u00a0kt\u00f3rym by\u0142 co\u015b winien. Chcia\u0142, aby po\u00a0jego \u015bmierci dok\u0142adnie wiedziano, komu\u00a0trzeba sp\u0142aci\u0107 d\u0142ugi.<\/p>\n<p style=\"text-align: justify\">Czuj\u0105c zbli\u017caj\u0105c\u0105 si\u0119 \u015bmier\u0107, poprosi\u0142 wsp\u00f3\u0142braci, aby pozostawili go w\u00a0samotno\u015bci. Umar\u0142 podczas modlitwy i\u00a0trwa\u0142 w\u00a0pozycji kl\u0119cz\u0105cej oko\u0142o sze\u015bciu godzin po\u00a0\u015bmierci. Odej\u015bcie \u015bw.\u00a0Jana Bo\u017cego pogr\u0105\u017cy\u0142o w\u00a0smutku ca\u0142\u0105 Granad\u0119. Na\u00a0pogrzeb przyby\u0142y nieprzebrane t\u0142umy ludzi. Trumn\u0119 tego, kt\u00f3ry\u00a0za \u017cycia s\u0142u\u017cy\u0142 najbiedniejszym ponie\u015bli przedstawiciele bogatych rod\u00f3w. Cia\u0142o z\u0142o\u017cono w\u00a0bocznej kaplicy ko\u015bcio\u0142a Matki Bo\u017cej Zwyci\u0119skiej, gdzie niebawem wydarzy\u0142o si\u0119 wiele cud\u00f3w.<\/p>\n<p style=\"text-align: justify\">Kanonizacja Jana Bo\u017cego odby\u0142a si\u0119 w\u00a0roku 1690. Z\u00a0pro\u015bb\u0105 o\u00a0jej dokonanie wyst\u0105pili do\u00a0papie\u017ca Aleksandra VIII katoliccy monarchowie Europy, w\u00a0tym tak\u017ce polski kr\u00f3l Jan III Sobieski. W\u00a0roku 1886 papie\u017c Leon XIII og\u0142osi\u0142 \u015bw.\u00a0Jana Bo\u017cego patronem chorych i\u00a0szpitalnictwa, a\u00a0papie\u017c Pius XI patronem piel\u0119gniarzy.<\/p>\n","protected":false},"excerpt":{"rendered":"<p>\u015awi\u0119ty Jan Bo\u017cy ojciec ubogich i\u00a0chorych W\u00a0portugalskiej mie\u015bcinie zwanej Montemayor El Nuevo, o\u00a0\u015bwicie 8 marca 1495 roku, przyszed\u0142 na\u00a0\u015bwiat Jan Ciudad. Po\u00a0pi\u0119\u0107dziesi\u0119ciu pi\u0119ciu latach w\u00a01550 roku, zako\u0144czy\u0142 swe ziemskie \u017cycie jako Jan Bo\u017cy. \u017bycie Jana Bo\u017cego przypad\u0142o na\u00a0czasy poznawania nowych \u015bwiat\u00f3w. Przysz\u0142y \u015awi\u0119ty urodzi\u0142 si\u0119 zaledwie trzy lata po\u00a0odkryciu Ameryki przez\u00a0Krzysztofa Kolumba. By\u0107 mo\u017ce w\u0142a\u015bnie [&hellip;]<\/p>\n","protected":false},"author":27,"featured_media":0,"parent":0,"menu_order":9,"comment_status":"closed","ping_status":"closed","template":"","meta":{"footnotes":""},"categories":[],"_links":{"self":[{"href":"https:\/\/bonifratrzy.pl\/klasztor-krakow\/wp-json\/wp\/v2\/pages\/554"}],"collection":[{"href":"https:\/\/bonifratrzy.pl\/klasztor-krakow\/wp-json\/wp\/v2\/pages"}],"about":[{"href":"https:\/\/bonifratrzy.pl\/klasztor-krakow\/wp-json\/wp\/v2\/types\/page"}],"author":[{"embeddable":true,"href":"https:\/\/bonifratrzy.pl\/klasztor-krakow\/wp-json\/wp\/v2\/users\/27"}],"replies":[{"embeddable":true,"href":"https:\/\/bonifratrzy.pl\/klasztor-krakow\/wp-json\/wp\/v2\/comments?post=554"}],"version-history":[{"count":5,"href":"https:\/\/bonifratrzy.pl\/klasztor-krakow\/wp-json\/wp\/v2\/pages\/554\/revisions"}],"predecessor-version":[{"id":838,"href":"https:\/\/bonifratrzy.pl\/klasztor-krakow\/wp-json\/wp\/v2\/pages\/554\/revisions\/838"}],"wp:attachment":[{"href":"https:\/\/bonifratrzy.pl\/klasztor-krakow\/wp-json\/wp\/v2\/media?parent=554"}],"wp:term":[{"taxonomy":"category","embeddable":true,"href":"https:\/\/bonifratrzy.pl\/klasztor-krakow\/wp-json\/wp\/v2\/categories?post=554"}],"curies":[{"name":"wp","href":"https:\/\/api.w.org\/{rel}","templated":true}]}}