{"id":538,"date":"2018-01-02T10:29:43","date_gmt":"2018-01-02T09:29:43","guid":{"rendered":"https:\/\/bonifratrzy.pl\/klasztor-krakow\/?page_id=538"},"modified":"2018-01-02T10:53:53","modified_gmt":"2018-01-02T09:53:53","slug":"modlitwa-do-sw-jana-bozego","status":"publish","type":"page","link":"https:\/\/bonifratrzy.pl\/klasztor-krakow\/modlitwa-do-sw-jana-bozego\/","title":{"rendered":"Modlitwa do \u015bw. Jana Bo\u017cego"},"content":{"rendered":"<p><strong>Mod<img loading=\"lazy\" decoding=\"async\" class=\" wp-image-539 alignleft\" src=\"https:\/\/bonifratrzy.pl\/klasztor-krakow\/wp-content\/uploads\/sites\/9\/2017\/12\/SwJanBozy_oltarz-159x300.jpg\" alt=\"\" width=\"211\" height=\"398\" srcset=\"https:\/\/bonifratrzy.pl\/klasztor-krakow\/wp-content\/uploads\/sites\/9\/2017\/12\/SwJanBozy_oltarz-159x300.jpg 159w, https:\/\/bonifratrzy.pl\/klasztor-krakow\/wp-content\/uploads\/sites\/9\/2017\/12\/SwJanBozy_oltarz-768x1446.jpg 768w, https:\/\/bonifratrzy.pl\/klasztor-krakow\/wp-content\/uploads\/sites\/9\/2017\/12\/SwJanBozy_oltarz-544x1024.jpg 544w, https:\/\/bonifratrzy.pl\/klasztor-krakow\/wp-content\/uploads\/sites\/9\/2017\/12\/SwJanBozy_oltarz.jpg 1792w\" sizes=\"(max-width: 211px) 100vw, 211px\" \/>litwa do \u015bw. Jana Bo\u017cego Patrona Chorych<\/strong><\/p>\n<p>\u015awi\u0119ty Janie Bo\u017cy, B\u00f3g da\u0142 Ci\u0119 na pociech\u0119 chorym i cierpi\u0105cym. Spraw, abym w chorobie dozna\u0142 ulgi i pomocy albo bez szemrania znosi\u0142 cierpienia. Prosz\u0119 Ci\u0119, abym przez Twoje wstawiennictwo na\u015bladowa\u0142 Zbawiciela w cierpliwo\u015bci i d\u017awiga\u0142 krzy\u017c choroby ufaj\u0105c w mi\u0142osierdzie Bo\u017ce, a przez to otrzyma\u0142 potrzebne \u0142aski dla mojego cia\u0142a i duszy, o kt\u00f3re pokornie prosz\u0119\u2026 Przez Chrystusa, Pana naszego. Amen.<\/p>\n<p>Ojcze nasz\u2026, Zdrowa\u015b Maryjo\u2026, Chwa\u0142a Ojcu\u2026<\/p>\n<p>\u015awi\u0119ty Janie Bo\u017cy, Patronie Chorych, m\u00f3dl si\u0119 za mn\u0105!<\/p>\n<p>&nbsp;<\/p>\n","protected":false},"excerpt":{"rendered":"<p>Modlitwa do \u015bw. Jana Bo\u017cego Patrona Chorych \u015awi\u0119ty Janie Bo\u017cy, B\u00f3g da\u0142 Ci\u0119 na pociech\u0119 chorym i cierpi\u0105cym. Spraw, abym w chorobie dozna\u0142 ulgi i pomocy albo bez szemrania znosi\u0142 cierpienia. Prosz\u0119 Ci\u0119, abym przez Twoje wstawiennictwo na\u015bladowa\u0142 Zbawiciela w cierpliwo\u015bci i d\u017awiga\u0142 krzy\u017c choroby ufaj\u0105c w mi\u0142osierdzie Bo\u017ce, a przez to otrzyma\u0142 potrzebne \u0142aski [&hellip;]<\/p>\n","protected":false},"author":27,"featured_media":0,"parent":0,"menu_order":10,"comment_status":"closed","ping_status":"closed","template":"","meta":{"footnotes":""},"categories":[],"_links":{"self":[{"href":"https:\/\/bonifratrzy.pl\/klasztor-krakow\/wp-json\/wp\/v2\/pages\/538"}],"collection":[{"href":"https:\/\/bonifratrzy.pl\/klasztor-krakow\/wp-json\/wp\/v2\/pages"}],"about":[{"href":"https:\/\/bonifratrzy.pl\/klasztor-krakow\/wp-json\/wp\/v2\/types\/page"}],"author":[{"embeddable":true,"href":"https:\/\/bonifratrzy.pl\/klasztor-krakow\/wp-json\/wp\/v2\/users\/27"}],"replies":[{"embeddable":true,"href":"https:\/\/bonifratrzy.pl\/klasztor-krakow\/wp-json\/wp\/v2\/comments?post=538"}],"version-history":[{"count":2,"href":"https:\/\/bonifratrzy.pl\/klasztor-krakow\/wp-json\/wp\/v2\/pages\/538\/revisions"}],"predecessor-version":[{"id":612,"href":"https:\/\/bonifratrzy.pl\/klasztor-krakow\/wp-json\/wp\/v2\/pages\/538\/revisions\/612"}],"wp:attachment":[{"href":"https:\/\/bonifratrzy.pl\/klasztor-krakow\/wp-json\/wp\/v2\/media?parent=538"}],"wp:term":[{"taxonomy":"category","embeddable":true,"href":"https:\/\/bonifratrzy.pl\/klasztor-krakow\/wp-json\/wp\/v2\/categories?post=538"}],"curies":[{"name":"wp","href":"https:\/\/api.w.org\/{rel}","templated":true}]}}