{"id":53,"date":"2016-01-17T20:24:07","date_gmt":"2016-01-17T19:24:07","guid":{"rendered":"https:\/\/bonifratrzy.pl\/klasztor-krakow\/?page_id=53"},"modified":"2025-06-03T14:04:21","modified_gmt":"2025-06-03T12:04:21","slug":"kontakt-z-biblioteka","status":"publish","type":"page","link":"https:\/\/bonifratrzy.pl\/klasztor-krakow\/biblioteka-i-archiwum\/kontakt-z-biblioteka\/","title":{"rendered":"Kontakt z Bibliotek\u0105"},"content":{"rendered":"<p><strong>Biblioteka i Archiwum Konwentu Bonifratr\u00f3w<\/strong><br \/>\nul. Krakowska 48, 31-066 Krak\u00f3w<br \/>\ntel. (12) 430 61 22, w. 27 \/ 603 921 940<br \/>\ne-mail: <a href=\"&#109;&#x61;&#105;&#x6c;&#116;&#x6f;:&#x62;i&#98;&#x6c;&#105;&#x6f;&#116;&#x65;k&#x61;&#64;&#98;&#x6f;&#110;&#x69;&#102;&#x72;&#97;&#x74;r&#x7a;y&#46;&#x6b;&#114;&#x61;&#107;&#x6f;w&#x2e;p&#108;\">&#98;&#x69;b&#x6c;&#x69;&#111;&#x74;e&#x6b;&#x61;&#64;&#x62;o&#x6e;&#x69;&#102;&#x72;a&#x74;&#x72;&#122;&#x79;&#46;&#x70;&#x6c;<\/a><\/p>\n<p><strong>mgr Judyta Pawlak<br \/>\n<\/strong>e-mail: <a href=\"m&#97;&#105;&#108;&#x74;&#x6f;&#x3a;j&#46;&#112;&#97;&#x77;&#x6c;&#x61;&#x6b;&#64;b&#111;&#110;&#x69;&#x66;&#x72;&#x61;t&#114;&#122;&#121;&#x2e;&#x6b;&#x72;ak&#111;&#119;&#46;&#x70;&#x6c;\">&#x6a;&#x2e;&#112;aw&#x6c;&#x61;&#107;&#64;b&#x6f;&#x6e;&#105;&#102;r&#x61;&#x74;&#x72;&#122;y&#46;&#x70;&#x6c;<\/a><strong><br \/>\n<\/strong><\/p>\n<p><strong>Ze zbior\u00f3w Biblioteki i Archiwum mo\u017cna korzysta\u0107 wy\u0142\u0105cznie po wcze\u015bniejszym telefonicznym lub e-mailowym um\u00f3wieniu wizyty!\u00a0<\/strong><\/p>\n","protected":false},"excerpt":{"rendered":"<p>Biblioteka i Archiwum Konwentu Bonifratr\u00f3w ul. Krakowska 48, 31-066 Krak\u00f3w tel. (12) 430 61 22, w. 27 \/ 603 921 940 e-mail: &#x62;&#x69;&#x62;&#x6c;&#x69;&#111;&#116;&#101;&#107;a&#64;b&#x6f;&#x6e;&#x69;&#x66;&#x72;&#x61;&#116;&#114;&#122;y&#46;p&#x6c; mgr Judyta Pawlak e-mail: j&#46;&#x70;&#x61;w&#108;&#x61;&#x6b;&#64;&#98;&#x6f;&#x6e;i&#102;&#x72;&#x61;t&#114;&#x7a;&#x79;&#46;&#112;&#108; Ze zbior\u00f3w Biblioteki i Archiwum mo\u017cna korzysta\u0107 wy\u0142\u0105cznie po wcze\u015bniejszym telefonicznym lub e-mailowym um\u00f3wieniu wizyty!\u00a0<\/p>\n","protected":false},"author":1,"featured_media":0,"parent":35,"menu_order":23,"comment_status":"closed","ping_status":"closed","template":"","meta":{"footnotes":""},"categories":[],"_links":{"self":[{"href":"https:\/\/bonifratrzy.pl\/klasztor-krakow\/wp-json\/wp\/v2\/pages\/53"}],"collection":[{"href":"https:\/\/bonifratrzy.pl\/klasztor-krakow\/wp-json\/wp\/v2\/pages"}],"about":[{"href":"https:\/\/bonifratrzy.pl\/klasztor-krakow\/wp-json\/wp\/v2\/types\/page"}],"author":[{"embeddable":true,"href":"https:\/\/bonifratrzy.pl\/klasztor-krakow\/wp-json\/wp\/v2\/users\/1"}],"replies":[{"embeddable":true,"href":"https:\/\/bonifratrzy.pl\/klasztor-krakow\/wp-json\/wp\/v2\/comments?post=53"}],"version-history":[{"count":9,"href":"https:\/\/bonifratrzy.pl\/klasztor-krakow\/wp-json\/wp\/v2\/pages\/53\/revisions"}],"predecessor-version":[{"id":3014,"href":"https:\/\/bonifratrzy.pl\/klasztor-krakow\/wp-json\/wp\/v2\/pages\/53\/revisions\/3014"}],"up":[{"embeddable":true,"href":"https:\/\/bonifratrzy.pl\/klasztor-krakow\/wp-json\/wp\/v2\/pages\/35"}],"wp:attachment":[{"href":"https:\/\/bonifratrzy.pl\/klasztor-krakow\/wp-json\/wp\/v2\/media?parent=53"}],"wp:term":[{"taxonomy":"category","embeddable":true,"href":"https:\/\/bonifratrzy.pl\/klasztor-krakow\/wp-json\/wp\/v2\/categories?post=53"}],"curies":[{"name":"wp","href":"https:\/\/api.w.org\/{rel}","templated":true}]}}