{"id":49,"date":"2016-01-17T20:20:30","date_gmt":"2016-01-17T19:20:30","guid":{"rendered":"https:\/\/bonifratrzy.pl\/klasztor-krakow\/?page_id=49"},"modified":"2017-01-25T11:11:40","modified_gmt":"2017-01-25T10:11:40","slug":"zasob","status":"publish","type":"page","link":"https:\/\/bonifratrzy.pl\/klasztor-krakow\/biblioteka-i-archiwum\/zasob\/","title":{"rendered":"Zas\u00f3b"},"content":{"rendered":"<p>W sk\u0142ad Biblioteki i Archiwum Konwentu Bonifratr\u00f3w w Krakowie wchodz\u0105:<br \/>\n&#8211; zbiory specjalne (r\u0119kopisy biblioteczne z XVI-XX wieku oraz stare druki z XV-XVIII w.),<br \/>\n&#8211; kolekcja ksi\u0105\u017cek z XIX wieku (z lat 1801-1900),<br \/>\n&#8211; ksi\u0119gozbi\u00f3r podr\u0119czny, wsp\u00f3\u0142czesny (ksi\u0105\u017cki z lat 1901-2015),<br \/>\n&#8211; archiwum historyczne (dokumentacja z lat 1615-2009).<\/p>\n<p>W Bibliotece i Archiwum Konwentu Bonifratr\u00f3w w Krakowie przechowywanych jest obecnie:<br \/>\n&#8211; w bibliotece historycznej: 1876 starych druk\u00f3w oraz 47 r\u0119kopis\u00f3w bibliotecznych,<br \/>\n&#8211; w archiwum: blisko 1000 jednostek archiwalnych (oko\u0142o 30 m b.),<br \/>\n&#8211; w ksi\u0119gozbiorze podr\u0119cznym: ok. 10 000 druk\u00f3w zwartych (ksi\u0105\u017cek) oraz 268 tytu\u0142\u00f3w czasopism z lat 1815\u20132014.<\/p>\n<p>Cz\u0119\u015b\u0107 ksi\u0119gozbioru historycznego stanowi\u0105 ksi\u0105\u017cki, kt\u00f3re bonifratrzy gromadzili w swej pierwszej siedzibie &#8211; przy zbiegu ulic \u015b\u015b. Marka i Jana w centrum Krakowa, cz\u0119\u015b\u0107 pochodzi z biblioteki trynitarzy funkcjonuj\u0105cej w XVIII wieku w klasztorze przy ul. Krakowskiej na Kazimierzu. Zbiory trynitarskie zosta\u0142y w\u0142\u0105czone do ksi\u0105\u017cnicy bonifratr\u00f3w, gdy Dobrzy Bracia dekretem Fryderyka Augusta z dnia 17 lipca 1812 roku otrzymali i zaj\u0119li potrynitarski, opuszczony zesp\u00f3\u0142 klasztorny na krakowskim Kazimierzu. W\u00f3wczas zbiory bonifraterski i trynitarski zosta\u0142y po\u0142\u0105czone. Od tego momentu po\u0142\u0105czone ksi\u0119gozbiory by\u0142y nadal uzupe\u0142niane przez bonifratr\u00f3w.<\/p>\n<p>W\u015br\u00f3d starych druk\u00f3w odnale\u017a\u0107 mo\u017cna 220 polonik\u00f3w, czyli ksi\u0105\u017cek wydanych w j\u0119zyku polskim, przez Polak\u00f3w lub na terenie Polski (dawnej Rzeczypospolitej). W 2014 roku stworzono ich inwentarz.<\/p>\n<p>Obecnie trwaj\u0105 r\u00f3wnie\u017c prace nad kartotek\u0105 not proweniencyjnych, dzi\u0119ki kt\u00f3rej b\u0119dzie mo\u017cna przeprowadzi\u0107 bardziej szczeg\u00f3\u0142owe badania naukowe nad w\u0142a\u015bcicielami ksi\u0105\u017cek znajduj\u0105cych si\u0119 obecnie w ksi\u0119gozbiorze. Do chwili obecnej ustalono, \u017ce zdecydowan\u0105 wi\u0119kszo\u015b\u0107 ksi\u0105\u017cek stanowi\u0105 druki pochodz\u0105ce z biblioteki trynitarzy krakowskich (ponad 800 egzemplarzy) oraz ksi\u0105\u017cki nale\u017c\u0105ce do bonifratr\u00f3w (do konwentu \u015bw. Urszuli oraz Tr\u00f3jcy Przenaj\u015bwi\u0119tszej).<\/p>\n<p>W bibliotece znajduj\u0105 si\u0119 bardzo cenne egzemplarze zawieraj\u0105ce superekslibrisy \u2013 np. ksi\u0105\u017cka z prywatnej biblioteki kr\u00f3la Zygmunta III Wazy,\u00a0 ksi\u0119gi z bibliotek biskup\u00f3w Jana Andrzeja Pr\u00f3chnickiego i Piotra Gembickiego, rotmistrza kr\u00f3lewskiego i sekretarza Zygmunta III Wazy \u2013 Samuela \u0141askiego herbu Korab, stolnika sanockiego \u2013 Jana Krasickiego z Siecina herbu Rogala, Macieja Stanis\u0142awa Drohojowskiego z Drohojowa, profesora teologii Uniwersytetu Jagiello\u0144skiego \u2013 Marcina Bularnego Gilowskiego, a tak\u017ce kolekcje ksi\u0105\u017cek bonifratr\u00f3w, w tym m.in. ksi\u0105\u017cki z prywatnej kolekcji br. Ludwika Ciosnowskiego \u2013 jednego z pierwszych bonifratr\u00f3w na ziemiach polskich, przeora krakowskiego klasztoru w I po\u0142owie XVII wieku. z biblioteki biskupa krakowskiego Piotra Gembickiego, a tak\u017ce kolekcje ksi\u0105\u017cek bonifratr\u00f3w, w tym m.in. ksi\u0105\u017cki z prywatnej kolekcji br. Ludwika Ciosnowskiego \u2013 jednego z pierwszych bonifratr\u00f3w na ziemiach polskich, przeora krakowskiego klasztoru w I po\u0142owie XVII wieku.<\/p>\n<p>W\u015br\u00f3d 47 r\u0119kopis\u00f3w bibliotecznych przewa\u017caj\u0105 skrypty szkolne z Uniwersytetu Krakowskiego, uniwersytet\u00f3w we Wroc\u0142awiu i Pizie oraz studi\u00f3w zakonnych (jezuit\u00f3w we Lwowie, Kaliszu, Lublinie i Sandomierzu, trynitarzy w Krakowie, Lwowie i \u0141ucku). Do wa\u017cniejszych r\u0119kopis\u00f3w zaliczy\u0107 nale\u017cy:\u00a0<em>In Magni Alberti philosophiam<\/em>\u00a0z 1623 r.,\u00a0Leopoli Distichon Phisica\u00a0z 1639 r., Adama z Opatowa\u00a0<em>Tractatus theologiae<\/em>\u00a0z 1637 r., Andrzeja T\u0142uszczewskiego\u00a0<em>Cursus philosophicus Aristotelis<\/em>\u00a0z 1661 r. i Stanis\u0142awa \u017belazowskiego\u00a0<em>Liber partitionum oratoriam seu retorices Marci Tulii Ciceronis<\/em>\u00a0z 1662 r.<\/p>\n<p>Rozleg\u0142a dzia\u0142alno\u015b\u0107 oraz burzliwe losy krakowskich Bonifratr\u00f3w znajduj\u0105 wyraz w r\u00f3\u017cnorodnej dokumentacji (ok. 30 m.b.). W\u015br\u00f3d akt zgromadzonych w Archiwum Bonifratr\u00f3w w Krakowie znajduje si\u0119 dokumentacja zwi\u0105zana z funkcjonowaniem:<br \/>\n1. Konwentu Bonifratr\u00f3w w Krakowie<br \/>\na) p.w. \u015bw. Urszuli (1609-1812);<br \/>\nb) p.w. Tr\u00f3jcy Przenaj\u015bwi\u0119tszej (1812-nadal);<br \/>\n2. Klasztoru Trynitarzy (XVIII-XIX w.);<br \/>\n3. Szpitala (1657-1997) \u2013 akta od XVII do po\u0142owy XX wieku s\u0105 bardzo cz\u0119sto wsp\u00f3lne dla konwentu i szpitala;<br \/>\n4. Apteki (XX wiek);<br \/>\n5. Ko\u015bcio\u0142a p.w. \u015awi\u0119tej Tr\u00f3jcy (1712-nadal);<br \/>\n6. Innych konwent\u00f3w i dzie\u0142 bonifraterskich (1641-1977);<br \/>\n7. Kancelarii Prowincja\u0142a (fragmenty).<\/p>\n<p>Ponadto w archiwum przechowywane s\u0105 zbiory:<br \/>\n&#8211; ikonograficzne (grafika, rysunki, fotografie);<br \/>\n&#8211; map i plan\u00f3w;<br \/>\n&#8211; dokumentacji konserwatorskiej;<br \/>\n&#8211; materia\u0142\u00f3w ulotnych.<br \/>\nW zasobie archiwum mo\u017cna odnale\u017a\u0107 tak\u017ce inne jednostki, bez przynale\u017cno\u015bci zespo\u0142owej, np.\u00a0Ksi\u0119gi protoko\u0142\u00f3w Towarzystwa \u015apiewaczego \u201eSymphonia\u201d\u00a0oraz korespondencj\u0119 tego Towarzystwa.<\/p>\n<p>Do chwili obecnej pe\u0142nej konserwacji poddano najstarsze obiekty archiwalne zwi\u0105zane z medyczn\u0105 dzia\u0142alno\u015bci\u0105 Bonifratr\u00f3w: inwentarze klasztoru i szpitala z lat 1615\u20131680 (sygn. A-2; konserwacja w 2008 r.), dokumenty papierowe Jana III Sobieskiego i Augusta III Mocnego dotycz\u0105ce nieruchomo\u015bci i zabudowa\u0144 szpitalnych bonifratr\u00f3w z lat 1685\u20131744 (sygn. A-52, A-56, konserwacja w 2006 r.), pi\u0119\u0107 najstarszych zachowanych w Polsce wolumin\u00f3w <a href=\"https:\/\/bonifratrzy.pl\/klasztor-krakow\/biblioteka-i-archiwum\/projekty\/spuscizna-dawnych-lekarzy-konserwacja\/\">\u201eKsi\u0105g Chorych\u201d<\/a> ze szpitali bonifratr\u00f3w w Krakowie, Zebrzydowicach i Lublinie z okresu staropolskiego, z lat 1628\u20131773 (sygn.\u00a0 A-120, A-121, A-122, A-163, A-173, konserwacja w 2015 r.) oraz <a href=\"https:\/\/bonifratrzy.pl\/klasztor-krakow\/biblioteka-i-archiwum\/projekty\/ndap-2016\/\">dwie r\u0119kopi\u015bmienne ksi\u0119gi z XVII wieku<\/a> &#8211; Ksi\u0119g\u0119 nowicjuszy i \u015blub\u00f3w zakonnych z lat 1609-1680 (sygn. Lib.II.8, konserwacja w 2016 r.) i Ksi\u0119g\u0119 dochod\u00f3w konwentu i szpitala w Wilnie z lat 1642-1645 (sygn. A-168, konserwacja w 2016 r.).<\/p>\n<p>Ponadto konserwacji poddano obiekty zwi\u0105zane z funkcjonowaniem nowego budynku Szpitala Bonifratr\u00f3w w Krakowie, dzia\u0142aj\u0105cego od 1906 roku, powsta\u0142ego z inicjatywy brata Laetusa Bernatka: dokument potwierdzaj\u0105cy odznaczenie Fr. Laetusa Bernatka orderem Franciszka J\u00f3zefa I (sygn. A-270, konserwacja w 2006 r.), dokumenty odnalezione w tubie na dachu szpitala, w tym pergaminowy akt po\u015bwi\u0119cenia nowego jubileuszowego Szpitala Bonifratr\u00f3w imienia cesarza i kr\u00f3la Franciszka J\u00f3zefa I z 1906 r. oraz gazety z epoki (sygn. F-76a-b, F-77, konserwacja w 2012 r.).<\/p>\n","protected":false},"excerpt":{"rendered":"<p>W sk\u0142ad Biblioteki i Archiwum Konwentu Bonifratr\u00f3w w Krakowie wchodz\u0105: &#8211; zbiory specjalne (r\u0119kopisy biblioteczne z XVI-XX wieku oraz stare druki z XV-XVIII w.), &#8211; kolekcja ksi\u0105\u017cek z XIX wieku (z lat 1801-1900), &#8211; ksi\u0119gozbi\u00f3r podr\u0119czny, wsp\u00f3\u0142czesny (ksi\u0105\u017cki z lat 1901-2015), &#8211; archiwum historyczne (dokumentacja z lat 1615-2009). W Bibliotece i Archiwum Konwentu Bonifratr\u00f3w w [&hellip;]<\/p>\n","protected":false},"author":1,"featured_media":0,"parent":35,"menu_order":33,"comment_status":"closed","ping_status":"closed","template":"","meta":{"footnotes":""},"categories":[],"_links":{"self":[{"href":"https:\/\/bonifratrzy.pl\/klasztor-krakow\/wp-json\/wp\/v2\/pages\/49"}],"collection":[{"href":"https:\/\/bonifratrzy.pl\/klasztor-krakow\/wp-json\/wp\/v2\/pages"}],"about":[{"href":"https:\/\/bonifratrzy.pl\/klasztor-krakow\/wp-json\/wp\/v2\/types\/page"}],"author":[{"embeddable":true,"href":"https:\/\/bonifratrzy.pl\/klasztor-krakow\/wp-json\/wp\/v2\/users\/1"}],"replies":[{"embeddable":true,"href":"https:\/\/bonifratrzy.pl\/klasztor-krakow\/wp-json\/wp\/v2\/comments?post=49"}],"version-history":[{"count":0,"href":"https:\/\/bonifratrzy.pl\/klasztor-krakow\/wp-json\/wp\/v2\/pages\/49\/revisions"}],"up":[{"embeddable":true,"href":"https:\/\/bonifratrzy.pl\/klasztor-krakow\/wp-json\/wp\/v2\/pages\/35"}],"wp:attachment":[{"href":"https:\/\/bonifratrzy.pl\/klasztor-krakow\/wp-json\/wp\/v2\/media?parent=49"}],"wp:term":[{"taxonomy":"category","embeddable":true,"href":"https:\/\/bonifratrzy.pl\/klasztor-krakow\/wp-json\/wp\/v2\/categories?post=49"}],"curies":[{"name":"wp","href":"https:\/\/api.w.org\/{rel}","templated":true}]}}