{"id":41,"date":"2016-01-17T20:17:38","date_gmt":"2016-01-17T19:17:38","guid":{"rendered":"https:\/\/bonifratrzy.pl\/klasztor-krakow\/?page_id=41"},"modified":"2016-10-20T17:20:03","modified_gmt":"2016-10-20T15:20:03","slug":"spuscizna-dawnych-lekarzy-konserwacja","status":"publish","type":"page","link":"https:\/\/bonifratrzy.pl\/klasztor-krakow\/biblioteka-i-archiwum\/projekty\/spuscizna-dawnych-lekarzy-konserwacja\/","title":{"rendered":"Spu\u015bcizna dawnych lekarzy &#8211; konserwacja [2015]"},"content":{"rendered":"<h2>Konserwacja unikatowych Ksi\u0105g Chorych<br \/>\nZadanie dofinansowane ze \u015brodk\u00f3w Ministra Kultury i Dziedzictwa Narodowego<\/h2>\n<p>Projekt zak\u0142ada pe\u0142n\u0105 konserwacj\u0119 pi\u0119ciu wolumin\u00f3w \u201eKsi\u0105g Chorych\u201d &#8211; najcenniejszych r\u0119kopis\u00f3w zachowanych w Archiwum Konwentu Bonifratr\u00f3w w Krakowie.<br \/>\n\u201eKsi\u0119gi Chorych\u201d, pisane w latach 1628 &#8211; 1773, to swoiste \u201edzienniki\u201d, w kt\u00f3rych bonifratrzy odnotowywali informacje dotycz\u0105ce pacjent\u00f3w przyjmowanych do szpitali prowadzonych przez Zakon. Powsta\u0142a w ten spos\u00f3b dokumentacja medyczna sta\u0142a si\u0119 pierwowzorem dla prowadzonej wsp\u00f3\u0142cze\u015bnie dokumentacji lekarskiej (krakowski szpital bonifratr\u00f3w dzia\u0142a nieprzerwanie od 1609 roku). To z tych r\u0119kopis\u00f3w sw\u00f3j pocz\u0105tek bierze wiele polskich nazw chor\u00f3b.<br \/>\nTe ksi\u0119gi to obiekty fundamentalne dla historii szpitalnictwa, bezcenne archiwalia, kt\u00f3re wymaga\u0142y podj\u0119cia pilnych prac konserwatorskich.<\/p>\n<p>Projekt dofinansowano ze \u015brodk\u00f3w Ministra Kultury i Dziedzictwa Narodowego.<\/p>\n<p><strong>Galeria\u00a0<\/strong><\/p>\n<p><img loading=\"lazy\" decoding=\"async\" class=\"alignnone size-full wp-image-42\" src=\"https:\/\/bonifratrzy.pl\/klasztor-krakow\/wp-content\/uploads\/sites\/9\/2016\/01\/i_492fcd7fd3f137eb795b79b94c969580.jpg\" alt=\"Ksi\u0119gi chorych\" width=\"149\" height=\"111\" srcset=\"https:\/\/bonifratrzy.pl\/klasztor-krakow\/wp-content\/uploads\/sites\/9\/2016\/01\/i_492fcd7fd3f137eb795b79b94c969580.jpg 149w, https:\/\/bonifratrzy.pl\/klasztor-krakow\/wp-content\/uploads\/sites\/9\/2016\/01\/i_492fcd7fd3f137eb795b79b94c969580-24x18.jpg 24w, https:\/\/bonifratrzy.pl\/klasztor-krakow\/wp-content\/uploads\/sites\/9\/2016\/01\/i_492fcd7fd3f137eb795b79b94c969580-36x27.jpg 36w, https:\/\/bonifratrzy.pl\/klasztor-krakow\/wp-content\/uploads\/sites\/9\/2016\/01\/i_492fcd7fd3f137eb795b79b94c969580-48x36.jpg 48w\" sizes=\"(max-width: 149px) 100vw, 149px\" \/> <img loading=\"lazy\" decoding=\"async\" class=\"alignnone size-medium wp-image-43\" src=\"https:\/\/bonifratrzy.pl\/klasztor-krakow\/wp-content\/uploads\/sites\/9\/2016\/01\/i_44956cc23fd4d15c24aa5315d8f0b877.jpg\" alt=\"i_44956cc23fd4d15c24aa5315d8f0b877\" width=\"149\" height=\"111\" srcset=\"https:\/\/bonifratrzy.pl\/klasztor-krakow\/wp-content\/uploads\/sites\/9\/2016\/01\/i_44956cc23fd4d15c24aa5315d8f0b877.jpg 149w, https:\/\/bonifratrzy.pl\/klasztor-krakow\/wp-content\/uploads\/sites\/9\/2016\/01\/i_44956cc23fd4d15c24aa5315d8f0b877-24x18.jpg 24w, https:\/\/bonifratrzy.pl\/klasztor-krakow\/wp-content\/uploads\/sites\/9\/2016\/01\/i_44956cc23fd4d15c24aa5315d8f0b877-36x27.jpg 36w, https:\/\/bonifratrzy.pl\/klasztor-krakow\/wp-content\/uploads\/sites\/9\/2016\/01\/i_44956cc23fd4d15c24aa5315d8f0b877-48x36.jpg 48w\" sizes=\"(max-width: 149px) 100vw, 149px\" \/> <img loading=\"lazy\" decoding=\"async\" class=\"alignnone size-medium wp-image-44\" src=\"https:\/\/bonifratrzy.pl\/klasztor-krakow\/wp-content\/uploads\/sites\/9\/2016\/01\/i_a20408ac768b4f24d090303940dff774.jpg\" alt=\"i_a20408ac768b4f24d090303940dff774\" width=\"149\" height=\"111\" srcset=\"https:\/\/bonifratrzy.pl\/klasztor-krakow\/wp-content\/uploads\/sites\/9\/2016\/01\/i_a20408ac768b4f24d090303940dff774.jpg 149w, https:\/\/bonifratrzy.pl\/klasztor-krakow\/wp-content\/uploads\/sites\/9\/2016\/01\/i_a20408ac768b4f24d090303940dff774-24x18.jpg 24w, https:\/\/bonifratrzy.pl\/klasztor-krakow\/wp-content\/uploads\/sites\/9\/2016\/01\/i_a20408ac768b4f24d090303940dff774-36x27.jpg 36w, https:\/\/bonifratrzy.pl\/klasztor-krakow\/wp-content\/uploads\/sites\/9\/2016\/01\/i_a20408ac768b4f24d090303940dff774-48x36.jpg 48w\" sizes=\"(max-width: 149px) 100vw, 149px\" \/> <img loading=\"lazy\" decoding=\"async\" class=\"alignnone size-medium wp-image-45\" src=\"https:\/\/bonifratrzy.pl\/klasztor-krakow\/wp-content\/uploads\/sites\/9\/2016\/01\/i_ddf6ba816d33992cd1daf39abd04fd57.jpg\" alt=\"i_ddf6ba816d33992cd1daf39abd04fd57\" width=\"149\" height=\"111\" srcset=\"https:\/\/bonifratrzy.pl\/klasztor-krakow\/wp-content\/uploads\/sites\/9\/2016\/01\/i_ddf6ba816d33992cd1daf39abd04fd57.jpg 149w, https:\/\/bonifratrzy.pl\/klasztor-krakow\/wp-content\/uploads\/sites\/9\/2016\/01\/i_ddf6ba816d33992cd1daf39abd04fd57-24x18.jpg 24w, https:\/\/bonifratrzy.pl\/klasztor-krakow\/wp-content\/uploads\/sites\/9\/2016\/01\/i_ddf6ba816d33992cd1daf39abd04fd57-36x27.jpg 36w, https:\/\/bonifratrzy.pl\/klasztor-krakow\/wp-content\/uploads\/sites\/9\/2016\/01\/i_ddf6ba816d33992cd1daf39abd04fd57-48x36.jpg 48w\" sizes=\"(max-width: 149px) 100vw, 149px\" \/><\/p>\n","protected":false},"excerpt":{"rendered":"<p>Konserwacja unikatowych Ksi\u0105g Chorych Zadanie dofinansowane ze \u015brodk\u00f3w Ministra Kultury i Dziedzictwa Narodowego Projekt zak\u0142ada pe\u0142n\u0105 konserwacj\u0119 pi\u0119ciu wolumin\u00f3w \u201eKsi\u0105g Chorych\u201d &#8211; najcenniejszych r\u0119kopis\u00f3w zachowanych w Archiwum Konwentu Bonifratr\u00f3w w Krakowie. \u201eKsi\u0119gi Chorych\u201d, pisane w latach 1628 &#8211; 1773, to swoiste \u201edzienniki\u201d, w kt\u00f3rych bonifratrzy odnotowywali informacje dotycz\u0105ce pacjent\u00f3w przyjmowanych do szpitali prowadzonych przez Zakon. [&hellip;]<\/p>\n","protected":false},"author":1,"featured_media":0,"parent":39,"menu_order":31,"comment_status":"closed","ping_status":"closed","template":"","meta":{"footnotes":""},"categories":[5],"_links":{"self":[{"href":"https:\/\/bonifratrzy.pl\/klasztor-krakow\/wp-json\/wp\/v2\/pages\/41"}],"collection":[{"href":"https:\/\/bonifratrzy.pl\/klasztor-krakow\/wp-json\/wp\/v2\/pages"}],"about":[{"href":"https:\/\/bonifratrzy.pl\/klasztor-krakow\/wp-json\/wp\/v2\/types\/page"}],"author":[{"embeddable":true,"href":"https:\/\/bonifratrzy.pl\/klasztor-krakow\/wp-json\/wp\/v2\/users\/1"}],"replies":[{"embeddable":true,"href":"https:\/\/bonifratrzy.pl\/klasztor-krakow\/wp-json\/wp\/v2\/comments?post=41"}],"version-history":[{"count":0,"href":"https:\/\/bonifratrzy.pl\/klasztor-krakow\/wp-json\/wp\/v2\/pages\/41\/revisions"}],"up":[{"embeddable":true,"href":"https:\/\/bonifratrzy.pl\/klasztor-krakow\/wp-json\/wp\/v2\/pages\/39"}],"wp:attachment":[{"href":"https:\/\/bonifratrzy.pl\/klasztor-krakow\/wp-json\/wp\/v2\/media?parent=41"}],"wp:term":[{"taxonomy":"category","embeddable":true,"href":"https:\/\/bonifratrzy.pl\/klasztor-krakow\/wp-json\/wp\/v2\/categories?post=41"}],"curies":[{"name":"wp","href":"https:\/\/api.w.org\/{rel}","templated":true}]}}