{"id":39,"date":"2016-01-17T20:14:52","date_gmt":"2016-01-17T19:14:52","guid":{"rendered":"https:\/\/bonifratrzy.pl\/klasztor-krakow\/?page_id=39"},"modified":"2022-01-26T12:50:03","modified_gmt":"2022-01-26T11:50:03","slug":"projekty","status":"publish","type":"page","link":"https:\/\/bonifratrzy.pl\/klasztor-krakow\/biblioteka-i-archiwum\/projekty\/","title":{"rendered":"Projekty"},"content":{"rendered":"<p>14 grudnia 2021 r. do naszego konwentu powr\u00f3ci\u0142y zabytkowe ksi\u0119gi, kt\u00f3re przesz\u0142y konserwacj\u0119. Projekt, kt\u00f3ry by\u0142 wsp\u00f3\u0142finansowany ze \u015brodk\u00f3w Ministra Kultury, Dziedzictwa Narodowego i Sportu w ramach programu \u201eWspieranie dzia\u0142a\u0144 muzealnych\u201d pozwoli\u0142 podda\u0107 konserwacji XIX-wieczne unikatowe r\u0119kopisy medyczne. Zapraszamy do obejrzenia efekt\u00f3w konserwacji na stronie: <a href=\"https:\/\/bonifratrzy.pl\/klasztor-krakow\/prezentacja2021\">https:\/\/bonifratrzy.pl\/klasztor-krakow\/prezentacja2021<\/a>!<\/p>\n<p>&nbsp;<\/p>\n<p><img loading=\"lazy\" decoding=\"async\" class=\"size-medium wp-image-1096 alignleft\" src=\"https:\/\/bonifratrzy.pl\/klasztor-krakow\/wp-content\/uploads\/sites\/9\/2021\/05\/znaki_strona_www-300x100.png\" alt=\"\" width=\"300\" height=\"100\" srcset=\"https:\/\/bonifratrzy.pl\/klasztor-krakow\/wp-content\/uploads\/sites\/9\/2021\/05\/znaki_strona_www-300x100.png 300w, https:\/\/bonifratrzy.pl\/klasztor-krakow\/wp-content\/uploads\/sites\/9\/2021\/05\/znaki_strona_www-1024x341.png 1024w, https:\/\/bonifratrzy.pl\/klasztor-krakow\/wp-content\/uploads\/sites\/9\/2021\/05\/znaki_strona_www-768x256.png 768w, https:\/\/bonifratrzy.pl\/klasztor-krakow\/wp-content\/uploads\/sites\/9\/2021\/05\/znaki_strona_www-1536x511.png 1536w, https:\/\/bonifratrzy.pl\/klasztor-krakow\/wp-content\/uploads\/sites\/9\/2021\/05\/znaki_strona_www.png 1751w\" sizes=\"(max-width: 300px) 100vw, 300px\" \/><em><img loading=\"lazy\" decoding=\"async\" class=\"size-medium wp-image-1074 alignright\" src=\"https:\/\/bonifratrzy.pl\/klasztor-krakow\/wp-content\/uploads\/sites\/9\/2021\/05\/Logo_MKDNiS_kolorowe_-300x127.jpg\" alt=\"\" width=\"300\" height=\"127\" srcset=\"https:\/\/bonifratrzy.pl\/klasztor-krakow\/wp-content\/uploads\/sites\/9\/2021\/05\/Logo_MKDNiS_kolorowe_-300x127.jpg 300w, https:\/\/bonifratrzy.pl\/klasztor-krakow\/wp-content\/uploads\/sites\/9\/2021\/05\/Logo_MKDNiS_kolorowe_-1024x434.jpg 1024w, https:\/\/bonifratrzy.pl\/klasztor-krakow\/wp-content\/uploads\/sites\/9\/2021\/05\/Logo_MKDNiS_kolorowe_-768x326.jpg 768w, https:\/\/bonifratrzy.pl\/klasztor-krakow\/wp-content\/uploads\/sites\/9\/2021\/05\/Logo_MKDNiS_kolorowe_-1536x651.jpg 1536w, https:\/\/bonifratrzy.pl\/klasztor-krakow\/wp-content\/uploads\/sites\/9\/2021\/05\/Logo_MKDNiS_kolorowe_-2048x868.jpg 2048w\" sizes=\"(max-width: 300px) 100vw, 300px\" \/><\/em><\/p>\n<p>&nbsp;<\/p>\n<p>&nbsp;<\/p>\n<p>&nbsp;<\/p>\n<p>&nbsp;<\/p>\n<p style=\"text-align: center\"><em>Projekt \u201eSpu\u015bcizna dawnych lekarzy \u2013 kontynuacja konserwacji r\u0119kopis\u00f3w medycznych ze zbior\u00f3w Bo<\/em><em>nifratr\u00f3w w Krakowie\u201d dofinansowano ze \u015brodk\u00f3w Ministra Kultury, Dziedzictwa Narodowego i Sportu pochodz\u0105cych z Funduszu Promocji Kultury &#8211; pa\u0144stwowego funduszu celowego. Koszt ca\u0142kowity: 150 000,00 z\u0142, w tym dotacja MKDNiS: 105 000,00 z\u0142.<\/em><\/p>\n<p>&nbsp;<\/p>\n","protected":false},"excerpt":{"rendered":"<p>14 grudnia 2021 r. do naszego konwentu powr\u00f3ci\u0142y zabytkowe ksi\u0119gi, kt\u00f3re przesz\u0142y konserwacj\u0119. Projekt, kt\u00f3ry by\u0142 wsp\u00f3\u0142finansowany ze \u015brodk\u00f3w Ministra Kultury, Dziedzictwa Narodowego i Sportu w ramach programu \u201eWspieranie dzia\u0142a\u0144 muzealnych\u201d pozwoli\u0142 podda\u0107 konserwacji XIX-wieczne unikatowe r\u0119kopisy medyczne. Zapraszamy do obejrzenia efekt\u00f3w konserwacji na stronie: https:\/\/bonifratrzy.pl\/klasztor-krakow\/prezentacja2021! &nbsp; &nbsp; &nbsp; &nbsp; &nbsp; Projekt \u201eSpu\u015bcizna dawnych lekarzy [&hellip;]<\/p>\n","protected":false},"author":1,"featured_media":0,"parent":35,"menu_order":24,"comment_status":"closed","ping_status":"closed","template":"page-parent.php","meta":{"footnotes":""},"categories":[],"_links":{"self":[{"href":"https:\/\/bonifratrzy.pl\/klasztor-krakow\/wp-json\/wp\/v2\/pages\/39"}],"collection":[{"href":"https:\/\/bonifratrzy.pl\/klasztor-krakow\/wp-json\/wp\/v2\/pages"}],"about":[{"href":"https:\/\/bonifratrzy.pl\/klasztor-krakow\/wp-json\/wp\/v2\/types\/page"}],"author":[{"embeddable":true,"href":"https:\/\/bonifratrzy.pl\/klasztor-krakow\/wp-json\/wp\/v2\/users\/1"}],"replies":[{"embeddable":true,"href":"https:\/\/bonifratrzy.pl\/klasztor-krakow\/wp-json\/wp\/v2\/comments?post=39"}],"version-history":[{"count":6,"href":"https:\/\/bonifratrzy.pl\/klasztor-krakow\/wp-json\/wp\/v2\/pages\/39\/revisions"}],"predecessor-version":[{"id":1495,"href":"https:\/\/bonifratrzy.pl\/klasztor-krakow\/wp-json\/wp\/v2\/pages\/39\/revisions\/1495"}],"up":[{"embeddable":true,"href":"https:\/\/bonifratrzy.pl\/klasztor-krakow\/wp-json\/wp\/v2\/pages\/35"}],"wp:attachment":[{"href":"https:\/\/bonifratrzy.pl\/klasztor-krakow\/wp-json\/wp\/v2\/media?parent=39"}],"wp:term":[{"taxonomy":"category","embeddable":true,"href":"https:\/\/bonifratrzy.pl\/klasztor-krakow\/wp-json\/wp\/v2\/categories?post=39"}],"curies":[{"name":"wp","href":"https:\/\/api.w.org\/{rel}","templated":true}]}}