{"id":35,"date":"2016-01-17T20:05:28","date_gmt":"2016-01-17T19:05:28","guid":{"rendered":"https:\/\/bonifratrzy.pl\/klasztor-krakow\/?page_id=35"},"modified":"2019-02-15T12:12:13","modified_gmt":"2019-02-15T11:12:13","slug":"biblioteka-i-archiwum","status":"publish","type":"page","link":"https:\/\/bonifratrzy.pl\/klasztor-krakow\/biblioteka-i-archiwum\/","title":{"rendered":"Biblioteka i Archiwum"},"content":{"rendered":"<p><img loading=\"lazy\" decoding=\"async\" class=\"size-medium wp-image-201 alignright\" src=\"https:\/\/bonifratrzy.pl\/klasztor-krakow\/wp-content\/uploads\/sites\/9\/2016\/01\/003-300x300.jpg\" alt=\"003\" width=\"300\" height=\"300\" srcset=\"https:\/\/bonifratrzy.pl\/klasztor-krakow\/wp-content\/uploads\/sites\/9\/2016\/01\/003-300x300.jpg 300w, https:\/\/bonifratrzy.pl\/klasztor-krakow\/wp-content\/uploads\/sites\/9\/2016\/01\/003-150x150.jpg 150w, https:\/\/bonifratrzy.pl\/klasztor-krakow\/wp-content\/uploads\/sites\/9\/2016\/01\/003-45x45.jpg 45w, https:\/\/bonifratrzy.pl\/klasztor-krakow\/wp-content\/uploads\/sites\/9\/2016\/01\/003.jpg 704w\" sizes=\"(max-width: 300px) 100vw, 300px\" \/><\/p>\n<p>W\u00a0sk\u0142ad Biblioteki i\u00a0Archiwum Konwentu Bonifratr\u00f3w w\u00a0Krakowie wchodz\u0105:<br \/>\n\u2013 zbiory specjalne (r\u0119kopisy biblioteczne z\u00a0XVI-XX wieku oraz\u00a0stare druki z\u00a0XV-XVIII w.),<br \/>\n\u2013 kolekcja ksi\u0105\u017cek z\u00a0XIX wieku (z\u00a0lat 1801-1900),<br \/>\n\u2013 ksi\u0119gozbi\u00f3r podr\u0119czny, wsp\u00f3\u0142czesny (ksi\u0105\u017cki z\u00a0lat 1901-2015),<br \/>\n\u2013 archiwum historyczne (dokumentacja z\u00a0lat 1615-2009).<\/p>\n<p>W\u00a0Bibliotece i\u00a0Archiwum Konwentu Bonifratr\u00f3w w\u00a0Krakowie przechowywanych jest obecnie:<br \/>\n\u2013 w\u00a0bibliotece historycznej: 1876 starych druk\u00f3w oraz\u00a047 r\u0119kopis\u00f3w bibliotecznych,<br \/>\n\u2013 w\u00a0archiwum: blisko 1000 jednostek archiwalnych (oko\u0142o 30 m b.),<br \/>\n\u2013 w\u00a0ksi\u0119gozbiorze podr\u0119cznym: ok. 10\u00a0000 druk\u00f3w zwartych (ksi\u0105\u017cek) oraz\u00a0268 tytu\u0142\u00f3w czasopism z\u00a0lat 1815\u20132014.<\/p>\n<p><strong>Ze zbior\u00f3w Biblioteki i Archiwum mo\u017cna korzysta\u0107 wy\u0142\u0105cznie po wcze\u015bniejszym telefonicznym lub e-mailowym um\u00f3wieniu wizyty!\u00a0<\/strong><\/p>\n<p>&nbsp;<\/p>\n<a href=\"https:\/\/bonifratrzy.pl\/klasztor-krakow\/category\/aktualnosci-biblioteka\/\" class=\"su-button su-button-style-default kafelek\" style=\"color:#FFFFFF;background-color:#2D89EF;border-color:#246ec0;border-radius:0px\" target=\"_blank\" rel=\"noopener noreferrer\"><span style=\"color:#FFFFFF;padding:0px 12px;font-size:10px;line-height:20px;border-color:#6cadf4;border-radius:0px;text-shadow:none\"> Aktualno\u015bci &#8211; ABKr<\/span><\/a>\n<a href=\"https:\/\/bonifratrzy.pl\/klasztor-krakow\/biblioteka-i-archiwum\/regulamin\/\" title=\"\" target=\"_self\" rel=\"\" class=\" kafelek\">Regulamin<\/a>\n<a href=\"https:\/\/bonifratrzy.pl\/klasztor-krakow\/biblioteka-i-archiwum\/zasob\/\" title=\"\" target=\"_self\" rel=\"\" class=\" kafelek\">Zas\u00f3b<\/a>\n<a href=\"https:\/\/bonifratrzy.pl\/klasztor-krakow\/biblioteka-i-archiwum\/projekty\/\" title=\"\" target=\"_self\" rel=\"\" class=\" kafelek\">Projekty<\/a>\n<a href=\"https:\/\/bonifratrzy.pl\/klasztor-krakow\/biblioteka-i-archiwum\/edukacja\/\" title=\"\" target=\"_self\" rel=\"\" class=\" kafelek\">Edukacja<\/a>\n<a href=\"https:\/\/bonifratrzy.pl\/klasztor-krakow\/biblioteka-i-archiwum\/kontakt-z-biblioteka\/\" title=\"\" target=\"_self\" rel=\"\" class=\" kafelek\">Kontakt z bibliotek\u0105<\/a>\n<p>&nbsp;<\/p>\n","protected":false},"excerpt":{"rendered":"<p>W\u00a0sk\u0142ad Biblioteki i\u00a0Archiwum Konwentu Bonifratr\u00f3w w\u00a0Krakowie wchodz\u0105: \u2013 zbiory specjalne (r\u0119kopisy biblioteczne z\u00a0XVI-XX wieku oraz\u00a0stare druki z\u00a0XV-XVIII w.), \u2013 kolekcja ksi\u0105\u017cek z\u00a0XIX wieku (z\u00a0lat 1801-1900), \u2013 ksi\u0119gozbi\u00f3r podr\u0119czny, wsp\u00f3\u0142czesny (ksi\u0105\u017cki z\u00a0lat 1901-2015), \u2013 archiwum historyczne (dokumentacja z\u00a0lat 1615-2009). W\u00a0Bibliotece i\u00a0Archiwum Konwentu Bonifratr\u00f3w w\u00a0Krakowie przechowywanych jest obecnie: \u2013 w\u00a0bibliotece historycznej: 1876 starych druk\u00f3w oraz\u00a047 r\u0119kopis\u00f3w bibliotecznych, [&hellip;]<\/p>\n","protected":false},"author":1,"featured_media":0,"parent":0,"menu_order":21,"comment_status":"closed","ping_status":"closed","template":"","meta":{"footnotes":""},"categories":[],"_links":{"self":[{"href":"https:\/\/bonifratrzy.pl\/klasztor-krakow\/wp-json\/wp\/v2\/pages\/35"}],"collection":[{"href":"https:\/\/bonifratrzy.pl\/klasztor-krakow\/wp-json\/wp\/v2\/pages"}],"about":[{"href":"https:\/\/bonifratrzy.pl\/klasztor-krakow\/wp-json\/wp\/v2\/types\/page"}],"author":[{"embeddable":true,"href":"https:\/\/bonifratrzy.pl\/klasztor-krakow\/wp-json\/wp\/v2\/users\/1"}],"replies":[{"embeddable":true,"href":"https:\/\/bonifratrzy.pl\/klasztor-krakow\/wp-json\/wp\/v2\/comments?post=35"}],"version-history":[{"count":3,"href":"https:\/\/bonifratrzy.pl\/klasztor-krakow\/wp-json\/wp\/v2\/pages\/35\/revisions"}],"predecessor-version":[{"id":885,"href":"https:\/\/bonifratrzy.pl\/klasztor-krakow\/wp-json\/wp\/v2\/pages\/35\/revisions\/885"}],"wp:attachment":[{"href":"https:\/\/bonifratrzy.pl\/klasztor-krakow\/wp-json\/wp\/v2\/media?parent=35"}],"wp:term":[{"taxonomy":"category","embeddable":true,"href":"https:\/\/bonifratrzy.pl\/klasztor-krakow\/wp-json\/wp\/v2\/categories?post=35"}],"curies":[{"name":"wp","href":"https:\/\/api.w.org\/{rel}","templated":true}]}}