{"id":28,"date":"2016-01-17T19:59:00","date_gmt":"2016-01-17T18:59:00","guid":{"rendered":"https:\/\/bonifratrzy.pl\/klasztor-krakow\/?page_id=28"},"modified":"2017-01-31T16:44:18","modified_gmt":"2017-01-31T15:44:18","slug":"kosciol-p-w-swietej-trojcy","status":"publish","type":"page","link":"https:\/\/bonifratrzy.pl\/klasztor-krakow\/kosciol-p-w-swietej-trojcy\/","title":{"rendered":"Ko\u015bci\u00f3\u0142 p.w. \u015awi\u0119tej Tr\u00f3jcy"},"content":{"rendered":"<h3 style=\"text-align: center\"><strong>Sanktuarium \u015aw. Jana Bo\u017cego \u2013 Patrona Chorych<\/strong><\/h3>\n<h3 style=\"text-align: center\"><strong>Ko\u015bci\u00f3\u0142 Bonifratr\u00f3w pw. Tr\u00f3jcy Przenaj\u015bwi\u0119tszej<br \/>\nul. Krakowska 48<br \/>\n31-066 Krak\u00f3w<\/strong><\/h3>\n<p><img loading=\"lazy\" decoding=\"async\" class=\"size-medium wp-image-282 aligncenter\" src=\"https:\/\/bonifratrzy.pl\/klasztor-krakow\/wp-content\/uploads\/sites\/9\/2016\/01\/DSC3152-242x300.jpg\" alt=\"_DSC3152\" width=\"242\" height=\"300\" srcset=\"https:\/\/bonifratrzy.pl\/klasztor-krakow\/wp-content\/uploads\/sites\/9\/2016\/01\/DSC3152-242x300.jpg 242w, https:\/\/bonifratrzy.pl\/klasztor-krakow\/wp-content\/uploads\/sites\/9\/2016\/01\/DSC3152-768x951.jpg 768w, https:\/\/bonifratrzy.pl\/klasztor-krakow\/wp-content\/uploads\/sites\/9\/2016\/01\/DSC3152-827x1024.jpg 827w\" sizes=\"(max-width: 242px) 100vw, 242px\" \/><\/p>\n","protected":false},"excerpt":{"rendered":"<p>Sanktuarium \u015aw. Jana Bo\u017cego \u2013 Patrona Chorych Ko\u015bci\u00f3\u0142 Bonifratr\u00f3w pw. Tr\u00f3jcy Przenaj\u015bwi\u0119tszej ul. Krakowska 48 31-066 Krak\u00f3w<\/p>\n","protected":false},"author":1,"featured_media":0,"parent":0,"menu_order":37,"comment_status":"closed","ping_status":"closed","template":"","meta":{"footnotes":""},"categories":[],"_links":{"self":[{"href":"https:\/\/bonifratrzy.pl\/klasztor-krakow\/wp-json\/wp\/v2\/pages\/28"}],"collection":[{"href":"https:\/\/bonifratrzy.pl\/klasztor-krakow\/wp-json\/wp\/v2\/pages"}],"about":[{"href":"https:\/\/bonifratrzy.pl\/klasztor-krakow\/wp-json\/wp\/v2\/types\/page"}],"author":[{"embeddable":true,"href":"https:\/\/bonifratrzy.pl\/klasztor-krakow\/wp-json\/wp\/v2\/users\/1"}],"replies":[{"embeddable":true,"href":"https:\/\/bonifratrzy.pl\/klasztor-krakow\/wp-json\/wp\/v2\/comments?post=28"}],"version-history":[{"count":0,"href":"https:\/\/bonifratrzy.pl\/klasztor-krakow\/wp-json\/wp\/v2\/pages\/28\/revisions"}],"wp:attachment":[{"href":"https:\/\/bonifratrzy.pl\/klasztor-krakow\/wp-json\/wp\/v2\/media?parent=28"}],"wp:term":[{"taxonomy":"category","embeddable":true,"href":"https:\/\/bonifratrzy.pl\/klasztor-krakow\/wp-json\/wp\/v2\/categories?post=28"}],"curies":[{"name":"wp","href":"https:\/\/api.w.org\/{rel}","templated":true}]}}