{"id":194,"date":"2016-11-16T14:04:38","date_gmt":"2016-11-16T13:04:38","guid":{"rendered":"https:\/\/bonifratrzy.pl\/klasztor-krakow\/?page_id=194"},"modified":"2017-01-24T13:54:26","modified_gmt":"2017-01-24T12:54:26","slug":"mnisw-2016","status":"publish","type":"page","link":"https:\/\/bonifratrzy.pl\/klasztor-krakow\/biblioteka-i-archiwum\/projekty\/mnisw-2016\/","title":{"rendered":"Spu\u015bcizna dawnych lekarzy &#8211; wystawa i film [2016]"},"content":{"rendered":"<h4>Spu\u015bcizna dawnych lekarzy<\/h4>\n<p>W 2016 roku Dom Zakonny pw. Tr\u00f3jcy Przenaj\u015bwi\u0119tszej w Krakowie zrealizowa\u0142 dwa zadania upowszechniaj\u0105ce nauk\u0119, kt\u00f3re wsp\u00f3\u0142finansowa\u0142 Minister Nauki i Szkolnictwa Wy\u017cszego. W Szpitalu Zakonu Bonifratr\u00f3w \u015bw. Jana Grandego w Krakowie otwarto wystaw\u0119 prezentuj\u0105c\u0105 osi\u0105gni\u0119cia Bonifratr\u00f3w w zakresie medycyny, a tak\u017ce przygotowano i udost\u0119pniono film popularnonaukowy na temat osi\u0105gni\u0119\u0107 Bonifratr\u00f3w w zakresie medycyny.<\/p>\n<p>Celem projektu by\u0142a ochrona, zachowanie, a tak\u017ce udost\u0119pnienie do bada\u0144 naukowych, prezentacja i popularyzacja unikalnego dziedzictwa i bogatej historii Zakonu Bonifratr\u00f3w ze szczeg\u00f3lnym uwzgl\u0119dnieniem dokona\u0144 Braci Mi\u0142osierdzia na polu medycyny. Ekspozycja po\u0142\u0105czona z projekcj\u0105 filmu w znacz\u0105cy spos\u00f3b wp\u0142yn\u0119\u0142a na upowszechnienie informacji o historii medycyny, szpitalnictwa i opieki spo\u0142ecznej w Polsce, zw\u0142aszcza w Krakowie. W wydarzeniu udzia\u0142 brali wszyscy zainteresowani \u2013 zar\u00f3wno naukowcy, historycy, archiwi\u015bci, lekarze, piel\u0119gniarki i personel medyczny, studenci oraz m\u0142odzie\u017c szkolna, a tak\u017ce zainteresowani mieszka\u0144cy Krakowa. Wystawa prezentowana jest w g\u0142\u00f3wnym holu Szpitala do 8 marca 2017 roku. Wst\u0119p na wystaw\u0119 jest bezp\u0142atny.<\/p>\n<p>Na wystawie zaprezentowane zosta\u0142y najwa\u017cniejsze osi\u0105gni\u0119cia Bonifratr\u00f3w w zakresie medycyny. Zwr\u00f3cono uwag\u0119 na wybitn\u0105 posta\u0107 \u015bw. Jana Bo\u017cego \u2013 za\u0142o\u017cyciela Zakonu i wielkiego reformatora szpitalnictwa. Przypomniano osi\u0105gni\u0119cia lekarzy i farmaceut\u00f3w wywodz\u0105cych si\u0119 z Zakonu Bonifratr\u00f3w, w\u015br\u00f3d kt\u00f3rych szczeg\u00f3lne miejsce zajmowa\u0142 brat Laetus Bernatek \u2013 pomys\u0142odawca i budowniczy najnowocze\u015bniejszego w pocz\u0105tkach XX wieku szpitala w Galicji, a tak\u017ce bracia: Gabriel Ferrara, Ludwik Perzyna, Celestyn Opitz, Manuel Chaparro, Ottavio Ferrario, Jan Baptysta Orsenigo, czy Joachim Niedba\u0142. Osobna cz\u0119\u015b\u0107 ekspozycji po\u015bwi\u0119cona by\u0142a dokumentacji medycznej, za kt\u00f3rej tw\u00f3rc\u00f3w uwa\u017ca si\u0119 bonifratr\u00f3w. Poza archiwalnymi fotografiami i rycinami pochodz\u0105cymi ze zbior\u00f3w Biblioteki i Archiwum Konwentu Bonifratr\u00f3w, Muzeum Historycznego Miasta Krakowa oraz Narodowego Archiwum Cyfrowego, na planszach zaprezentowano teksty \u017ar\u00f3d\u0142owe: fragmenty z Konstytucji i Statut\u00f3w Zakonnych, Kroniki Zakonnej, a tak\u017ce doniesienia prasowe dotycz\u0105ce budowy i otwarcia nowego szpitala jubileuszowego im. cesarza Franciszka J\u00f3zefa, kt\u00f3re zosta\u0142y zamieszczone na \u0142amach krakowskiego \u201eCzasu\u201d, \u201eNowej Reformy\u201d, \u201eNowo\u015bci Ilustrowanych\u201d, \u201eG\u0142osu Narodu\u201d, \u201eNowin\u201d i \u201ePrzegl\u0105du Lekarskiego\u201d w latach 1895\u20131906. Ciekawym elementem wystawy by\u0142o zestawienie zdj\u0119\u0107 archiwalnych ze wsp\u00f3\u0142czesnymi fotografiami plac\u00f3wki wykonanymi przez fotografa Marcina Brz\u00f3zk\u0119.<\/p>\n<p>Film popularno-naukowy b\u0119d\u0105cy cz\u0119\u015bci\u0105 wystawy poruszy\u0142 zagadnienia zwi\u0105zane z najwcze\u015bniejszymi losami bonifratr\u00f3w na ziemiach polskich. Mo\u017cna dowiedzie\u0107 si\u0119 z niego mi\u0119dzy innymi co m\u00f3wi\u0105 konstytucje zakonne na temat powinno\u015bci bonifratr\u00f3w wzgl\u0119dem os\u00f3b chorych i potrzebuj\u0105cych, w jaki spos\u00f3b zorganizowane by\u0142y szpitale w dawnej Rzeczypospolitej, kogo w nich leczono, jakie \u015brodki lecznicze stosowano i w jaki spos\u00f3b przygotowywano medykamenty w bonifraterskich szpitalach w okresie od XVII do XIX wieku. Film wyja\u015bnia wiele kwestii, miedzy innymi odpowiada na pytanie sk\u0105d wzi\u0119\u0142o si\u0119 powiedzenie: \u201etrafi\u0107 do czubk\u00f3w\u201d. Od grudnia 2016 roku film dost\u0119pny jest w Internecie <a href=\"https:\/\/www.youtube.com\/watch?v=kfxuNHmifJk\">tutaj<\/a>.<\/p>\n<p><a href=\"http:\/\/https:\/\/www.youtube.com\/watch?v=kfxuNHmifJk\">http:\/\/https:\/\/www.youtube.com\/watch?v=kfxuNHmifJk<\/a><\/p>\n<p>W przygotowanie wystawy i filmu zaanga\u017cowanych by\u0142o bardzo wiele os\u00f3b. Kuratorem zosta\u0142 Marek Bebak, nad organizacj\u0105 czuwa\u0142a Anna Szlama, plansze graficznie przygotowa\u0142a Katarzyna P\u0142aszczy\u0144ska-Herman, a wyprodukowa\u0142 Tomasz Nowak &#8211; Uni-Graf, wsp\u00f3\u0142czesne zdj\u0119cia wykona\u0142 fotograf Marcin Brz\u00f3zka, t\u0142umaczenia tekst\u00f3w na j\u0119zyk angielski przygotowali Justyna i Jan Cooper. Film wyprodukowany przez Sztukson Studio powsta\u0142 we wsp\u00f3\u0142pracy z ekspertami: dr. hab. n. med. Miros\u0142awem Szur\u0105, dr. n. med. Bogus\u0142awem Rudlem, o. Ambro\u017cym Mari\u0105 Pietrzkiewiczem OH \u2013 Przeorem krakowskiego konwentu oraz Pani\u0105 Dorot\u0105 Puk\u0105 \u2013 Prezes Szpitala Zakonu Bonifratr\u00f3w \u015bw. Jana Grandego w Krakowie.<\/p>\n<p>Za\u0142o\u017ceniem tw\u00f3rc\u00f3w wystawy i filmu by\u0142o zach\u0119cenie wszystkich os\u00f3b zainteresowanych dzia\u0142alno\u015bci\u0105 bonifratr\u00f3w do zg\u0142\u0119bienia i badania historii Szpitala Bonifratr\u00f3w w Krakowie oraz dziedzictwa i spu\u015bcizny naukowej Zakonu. Zbiory archiwalne i biblioteczne krakowskiego konwentu s\u0105 zinwentaryzowane i mog\u0105 by\u0107 udost\u0119pniane badaczom w klasztornej Bibliotece.<\/p>\n<p>Od grudnia 2016 roku dost\u0119pna jest r\u00f3wnie\u017c oferta edukacyjna skierowana do m\u0142odzie\u017cy i student\u00f3w (lekcje archiwalno-biblioteczne po\u0142\u0105czone ze zwiedzeniem wystawy i projekcj\u0105 filmu). Szczeg\u00f3\u0142y mo\u017cna odnale\u017a\u0107 <a href=\"https:\/\/bonifratrzy.pl\/klasztor-krakow\/archiwum\/edukacja\/\">tutaj<\/a>. Serdecznie zapraszamy!<\/p>\n<p>&nbsp;<\/p>\n<p><em><img loading=\"lazy\" decoding=\"async\" class=\"size-medium wp-image-223 alignleft\" src=\"https:\/\/bonifratrzy.pl\/klasztor-krakow\/wp-content\/uploads\/sites\/9\/2016\/12\/MNiSW-logo-300x212.jpg\" alt=\"MNiSW-logo\" width=\"300\" height=\"212\" srcset=\"https:\/\/bonifratrzy.pl\/klasztor-krakow\/wp-content\/uploads\/sites\/9\/2016\/12\/MNiSW-logo-300x212.jpg 300w, https:\/\/bonifratrzy.pl\/klasztor-krakow\/wp-content\/uploads\/sites\/9\/2016\/12\/MNiSW-logo-768x543.jpg 768w, https:\/\/bonifratrzy.pl\/klasztor-krakow\/wp-content\/uploads\/sites\/9\/2016\/12\/MNiSW-logo-1024x724.jpg 1024w\" sizes=\"(max-width: 300px) 100vw, 300px\" \/>Spu\u015bcizna dawnych lekarzy \u2013 przygotowanie scenariusza i realizacja wystawy prezentuj\u0105cej osi\u0105gni\u0119cia Bonifratr\u00f3w w zakresie medycyny finansowane w ramach umowy 657\/P-DUN\/2016 ze \u015brodk\u00f3w Ministra Nauki i Szkolnictwa Wy\u017cszego przeznaczonych na dzia\u0142alno\u015b\u0107 upowszechniaj\u0105c\u0105 nauk\u0119<\/em><\/p>\n<p><em>Spu\u015bcizna dawnych lekarzy \u2013 przygotowanie scenariusza, realizacja i udost\u0119pnienie filmu popularno-naukowego na temat osi\u0105gni\u0119\u0107 Bonifratr\u00f3w w zakresie medycyny w ramach umowy 657\/P-DUN\/2016 ze \u015brodk\u00f3w Ministra Nauki i Szkolnictwa Wy\u017cszego przeznaczonych na dzia\u0142alno\u015b\u0107 upowszechniaj\u0105c\u0105 nauk\u0119<\/em><\/p>\n","protected":false},"excerpt":{"rendered":"<p>Spu\u015bcizna dawnych lekarzy W 2016 roku Dom Zakonny pw. Tr\u00f3jcy Przenaj\u015bwi\u0119tszej w Krakowie zrealizowa\u0142 dwa zadania upowszechniaj\u0105ce nauk\u0119, kt\u00f3re wsp\u00f3\u0142finansowa\u0142 Minister Nauki i Szkolnictwa Wy\u017cszego. W Szpitalu Zakonu Bonifratr\u00f3w \u015bw. Jana Grandego w Krakowie otwarto wystaw\u0119 prezentuj\u0105c\u0105 osi\u0105gni\u0119cia Bonifratr\u00f3w w zakresie medycyny, a tak\u017ce przygotowano i udost\u0119pniono film popularnonaukowy na temat osi\u0105gni\u0119\u0107 Bonifratr\u00f3w w zakresie [&hellip;]<\/p>\n","protected":false},"author":27,"featured_media":0,"parent":39,"menu_order":28,"comment_status":"closed","ping_status":"closed","template":"","meta":{"footnotes":""},"categories":[5],"_links":{"self":[{"href":"https:\/\/bonifratrzy.pl\/klasztor-krakow\/wp-json\/wp\/v2\/pages\/194"}],"collection":[{"href":"https:\/\/bonifratrzy.pl\/klasztor-krakow\/wp-json\/wp\/v2\/pages"}],"about":[{"href":"https:\/\/bonifratrzy.pl\/klasztor-krakow\/wp-json\/wp\/v2\/types\/page"}],"author":[{"embeddable":true,"href":"https:\/\/bonifratrzy.pl\/klasztor-krakow\/wp-json\/wp\/v2\/users\/27"}],"replies":[{"embeddable":true,"href":"https:\/\/bonifratrzy.pl\/klasztor-krakow\/wp-json\/wp\/v2\/comments?post=194"}],"version-history":[{"count":0,"href":"https:\/\/bonifratrzy.pl\/klasztor-krakow\/wp-json\/wp\/v2\/pages\/194\/revisions"}],"up":[{"embeddable":true,"href":"https:\/\/bonifratrzy.pl\/klasztor-krakow\/wp-json\/wp\/v2\/pages\/39"}],"wp:attachment":[{"href":"https:\/\/bonifratrzy.pl\/klasztor-krakow\/wp-json\/wp\/v2\/media?parent=194"}],"wp:term":[{"taxonomy":"category","embeddable":true,"href":"https:\/\/bonifratrzy.pl\/klasztor-krakow\/wp-json\/wp\/v2\/categories?post=194"}],"curies":[{"name":"wp","href":"https:\/\/api.w.org\/{rel}","templated":true}]}}