{"id":5,"date":"2016-01-18T22:28:10","date_gmt":"2016-01-18T21:28:10","guid":{"rendered":"https:\/\/bonifratrzy.pl\/klasztor-konary-zielona\/?page_id=5"},"modified":"2024-07-10T15:35:21","modified_gmt":"2024-07-10T13:35:21","slug":"o-klasztorze","status":"publish","type":"page","link":"https:\/\/bonifratrzy.pl\/klasztor-konary-zielona\/","title":{"rendered":"O klasztorze"},"content":{"rendered":"<h2><\/h2>\n<h2><strong><span style=\"color: #c71718;\">Klasztor p.w. \u015bw. J\u00f3zefa w Konarach-Zielonej<\/span><\/strong><\/h2>\n<h2>Przeor &#8211; brat Anzelm OH<\/h2>\n<p><strong><img loading=\"lazy\" decoding=\"async\" class=\" wp-image-196 alignleft\" src=\"https:\/\/bonifratrzy.pl\/klasztor-konary-zielona\/wp-content\/uploads\/sites\/13\/2022\/05\/Anzelm-Skiba.jpg\" alt=\"\" width=\"156\" height=\"156\" srcset=\"https:\/\/bonifratrzy.pl\/klasztor-konary-zielona\/wp-content\/uploads\/sites\/13\/2022\/05\/Anzelm-Skiba.jpg 2079w, https:\/\/bonifratrzy.pl\/klasztor-konary-zielona\/wp-content\/uploads\/sites\/13\/2022\/05\/Anzelm-Skiba-300x300.jpg 300w, https:\/\/bonifratrzy.pl\/klasztor-konary-zielona\/wp-content\/uploads\/sites\/13\/2022\/05\/Anzelm-Skiba-1024x1024.jpg 1024w, https:\/\/bonifratrzy.pl\/klasztor-konary-zielona\/wp-content\/uploads\/sites\/13\/2022\/05\/Anzelm-Skiba-150x150.jpg 150w, https:\/\/bonifratrzy.pl\/klasztor-konary-zielona\/wp-content\/uploads\/sites\/13\/2022\/05\/Anzelm-Skiba-768x768.jpg 768w, https:\/\/bonifratrzy.pl\/klasztor-konary-zielona\/wp-content\/uploads\/sites\/13\/2022\/05\/Anzelm-Skiba-1536x1536.jpg 1536w, https:\/\/bonifratrzy.pl\/klasztor-konary-zielona\/wp-content\/uploads\/sites\/13\/2022\/05\/Anzelm-Skiba-2048x2048.jpg 2048w, https:\/\/bonifratrzy.pl\/klasztor-konary-zielona\/wp-content\/uploads\/sites\/13\/2022\/05\/Anzelm-Skiba-45x45.jpg 45w\" sizes=\"(max-width: 156px) 100vw, 156px\" \/><\/strong><\/p>\n<p><strong>Adam Skiba<\/strong><\/p>\n<p>ur. 10.12.1967 r. K\u0119pno<br \/>\nwst. 28.12.1985 r., ob\u0142. 28.06.1986 r.,<br \/>\n\u015bl. czas. 29.06.1988 r., \u015bl. wiecz. 27.06.1993 r.<\/p>\n<p>Imieniny: 21 kwietnia<\/p>\n<p>&nbsp;<\/p>\n<p><strong>Wsp\u00f3lnot\u0119 zakonn\u0105 tworz\u0105 r\u00f3wnie\u017c:<\/strong><\/p>\n<ul>\n<li>br. Tomasz Olczyk OH<\/li>\n<li>o. Kazimierz W\u0105sik OH<\/li>\n<\/ul>\n<h2>Prowadzone dzie\u0142a<\/h2>\n<p><a href=\"http:\/\/bonifundo.pl\/\">Bonifraterska Fundacja Dobroczynna<\/a><\/p>\n<p><a href=\"http:\/\/bonifundo.pl\/bonifraterski_osrodek_mediacji\">Boni-Activ Sp. z o.o. non profit<\/a><\/p>\n","protected":false},"excerpt":{"rendered":"<p>Klasztor p.w. \u015bw. J\u00f3zefa w Konarach-Zielonej Przeor &#8211; brat Anzelm OH Adam Skiba ur. 10.12.1967 r. K\u0119pno wst. 28.12.1985 r., ob\u0142. 28.06.1986 r., \u015bl. czas. 29.06.1988 r., \u015bl. wiecz. 27.06.1993 r. Imieniny: 21 kwietnia &nbsp; Wsp\u00f3lnot\u0119 zakonn\u0105 tworz\u0105 r\u00f3wnie\u017c: br. Tomasz Olczyk OH o. Kazimierz W\u0105sik OH Prowadzone dzie\u0142a Bonifraterska Fundacja Dobroczynna Boni-Activ Sp. z [&hellip;]<\/p>\n","protected":false},"author":1,"featured_media":0,"parent":0,"menu_order":1,"comment_status":"closed","ping_status":"closed","template":"page-home.php","meta":{"footnotes":""},"_links":{"self":[{"href":"https:\/\/bonifratrzy.pl\/klasztor-konary-zielona\/wp-json\/wp\/v2\/pages\/5"}],"collection":[{"href":"https:\/\/bonifratrzy.pl\/klasztor-konary-zielona\/wp-json\/wp\/v2\/pages"}],"about":[{"href":"https:\/\/bonifratrzy.pl\/klasztor-konary-zielona\/wp-json\/wp\/v2\/types\/page"}],"author":[{"embeddable":true,"href":"https:\/\/bonifratrzy.pl\/klasztor-konary-zielona\/wp-json\/wp\/v2\/users\/1"}],"replies":[{"embeddable":true,"href":"https:\/\/bonifratrzy.pl\/klasztor-konary-zielona\/wp-json\/wp\/v2\/comments?post=5"}],"version-history":[{"count":32,"href":"https:\/\/bonifratrzy.pl\/klasztor-konary-zielona\/wp-json\/wp\/v2\/pages\/5\/revisions"}],"predecessor-version":[{"id":2324,"href":"https:\/\/bonifratrzy.pl\/klasztor-konary-zielona\/wp-json\/wp\/v2\/pages\/5\/revisions\/2324"}],"wp:attachment":[{"href":"https:\/\/bonifratrzy.pl\/klasztor-konary-zielona\/wp-json\/wp\/v2\/media?parent=5"}],"curies":[{"name":"wp","href":"https:\/\/api.w.org\/{rel}","templated":true}]}}