{"id":22,"date":"2016-01-18T22:51:30","date_gmt":"2016-01-18T21:51:30","guid":{"rendered":"https:\/\/bonifratrzy.pl\/klasztor-konary-zielona\/?page_id=22"},"modified":"2025-11-29T13:57:41","modified_gmt":"2025-11-29T12:57:41","slug":"porzadek-nabozenstw","status":"publish","type":"page","link":"https:\/\/bonifratrzy.pl\/klasztor-konary-zielona\/kaplica-pw-sw-jozefa\/porzadek-nabozenstw\/","title":{"rendered":"Porz\u0105dek nabo\u017ce\u0144stw"},"content":{"rendered":"<p><strong>Niedziele\u00a0\u00a0<\/strong><br \/>\ngodz. 8.00 i 11.00<\/p>\n<p><strong>Dni powszednie <\/strong><br \/>\ngodz. 18.00<\/p>\n<p>MODLITWA R\u00d3\u017bA\u0143COWA:<\/p>\n<p>poniedzia\u0142ek-sobota godz. 17:30, niedziela 10:30<br \/>\nNABO\u017bE\u0143STWO LOURDZKIE:<\/p>\n<p>11-go ka\u017cdego miesi\u0105ca godz. 17:30<\/p>\n<p>ODPUSTY:<br \/>\n8 marca \u015bw. Jana Bo\u017cego<br \/>\n1 maja \u015bw. J\u00f3zefa Robotnika<\/p>\n<p>SPOWIED\u0179 \u015aWI\u0118TA:<br \/>\n30 minut przed ka\u017cd\u0105 Msz\u0105 \u015bwi\u0119t\u0105<\/p>\n","protected":false},"excerpt":{"rendered":"<p>Niedziele\u00a0\u00a0 godz. 8.00 i 11.00 Dni powszednie godz. 18.00 MODLITWA R\u00d3\u017bA\u0143COWA: poniedzia\u0142ek-sobota godz. 17:30, niedziela 10:30 NABO\u017bE\u0143STWO LOURDZKIE: 11-go ka\u017cdego miesi\u0105ca godz. 17:30 ODPUSTY: 8 marca \u015bw. Jana Bo\u017cego 1 maja \u015bw. J\u00f3zefa Robotnika SPOWIED\u0179 \u015aWI\u0118TA: 30 minut przed ka\u017cd\u0105 Msz\u0105 \u015bwi\u0119t\u0105<\/p>\n","protected":false},"author":1,"featured_media":0,"parent":18,"menu_order":5,"comment_status":"closed","ping_status":"closed","template":"","meta":{"footnotes":""},"_links":{"self":[{"href":"https:\/\/bonifratrzy.pl\/klasztor-konary-zielona\/wp-json\/wp\/v2\/pages\/22"}],"collection":[{"href":"https:\/\/bonifratrzy.pl\/klasztor-konary-zielona\/wp-json\/wp\/v2\/pages"}],"about":[{"href":"https:\/\/bonifratrzy.pl\/klasztor-konary-zielona\/wp-json\/wp\/v2\/types\/page"}],"author":[{"embeddable":true,"href":"https:\/\/bonifratrzy.pl\/klasztor-konary-zielona\/wp-json\/wp\/v2\/users\/1"}],"replies":[{"embeddable":true,"href":"https:\/\/bonifratrzy.pl\/klasztor-konary-zielona\/wp-json\/wp\/v2\/comments?post=22"}],"version-history":[{"count":3,"href":"https:\/\/bonifratrzy.pl\/klasztor-konary-zielona\/wp-json\/wp\/v2\/pages\/22\/revisions"}],"predecessor-version":[{"id":4137,"href":"https:\/\/bonifratrzy.pl\/klasztor-konary-zielona\/wp-json\/wp\/v2\/pages\/22\/revisions\/4137"}],"up":[{"embeddable":true,"href":"https:\/\/bonifratrzy.pl\/klasztor-konary-zielona\/wp-json\/wp\/v2\/pages\/18"}],"wp:attachment":[{"href":"https:\/\/bonifratrzy.pl\/klasztor-konary-zielona\/wp-json\/wp\/v2\/media?parent=22"}],"curies":[{"name":"wp","href":"https:\/\/api.w.org\/{rel}","templated":true}]}}