{"id":18,"date":"2016-01-18T22:46:58","date_gmt":"2016-01-18T21:46:58","guid":{"rendered":"https:\/\/bonifratrzy.pl\/klasztor-konary-zielona\/?page_id=18"},"modified":"2016-05-15T16:18:15","modified_gmt":"2016-05-15T14:18:15","slug":"kaplica-pw-sw-jozefa","status":"publish","type":"page","link":"https:\/\/bonifratrzy.pl\/klasztor-konary-zielona\/kaplica-pw-sw-jozefa\/","title":{"rendered":"Kaplica pw. \u015bw. J\u00f3zefa"},"content":{"rendered":"<ul class=\"su-subpages btnlink\"><li class=\"page_item page-item-20\"><a href=\"https:\/\/bonifratrzy.pl\/klasztor-konary-zielona\/kaplica-pw-sw-jozefa\/patron\/\">Patron<\/a><\/li>\n<li class=\"page_item page-item-22\"><a href=\"https:\/\/bonifratrzy.pl\/klasztor-konary-zielona\/kaplica-pw-sw-jozefa\/porzadek-nabozenstw\/\">Porz\u0105dek nabo\u017ce\u0144stw<\/a><\/li>\n<li class=\"page_item page-item-25\"><a href=\"https:\/\/bonifratrzy.pl\/klasztor-konary-zielona\/kaplica-pw-sw-jozefa\/galeria\/\">Galeria<\/a><\/li>\n<\/ul>\n","protected":false},"excerpt":{"rendered":"","protected":false},"author":1,"featured_media":0,"parent":0,"menu_order":3,"comment_status":"closed","ping_status":"closed","template":"","meta":{"footnotes":""},"_links":{"self":[{"href":"https:\/\/bonifratrzy.pl\/klasztor-konary-zielona\/wp-json\/wp\/v2\/pages\/18"}],"collection":[{"href":"https:\/\/bonifratrzy.pl\/klasztor-konary-zielona\/wp-json\/wp\/v2\/pages"}],"about":[{"href":"https:\/\/bonifratrzy.pl\/klasztor-konary-zielona\/wp-json\/wp\/v2\/types\/page"}],"author":[{"embeddable":true,"href":"https:\/\/bonifratrzy.pl\/klasztor-konary-zielona\/wp-json\/wp\/v2\/users\/1"}],"replies":[{"embeddable":true,"href":"https:\/\/bonifratrzy.pl\/klasztor-konary-zielona\/wp-json\/wp\/v2\/comments?post=18"}],"version-history":[{"count":3,"href":"https:\/\/bonifratrzy.pl\/klasztor-konary-zielona\/wp-json\/wp\/v2\/pages\/18\/revisions"}],"predecessor-version":[{"id":156,"href":"https:\/\/bonifratrzy.pl\/klasztor-konary-zielona\/wp-json\/wp\/v2\/pages\/18\/revisions\/156"}],"wp:attachment":[{"href":"https:\/\/bonifratrzy.pl\/klasztor-konary-zielona\/wp-json\/wp\/v2\/media?parent=18"}],"curies":[{"name":"wp","href":"https:\/\/api.w.org\/{rel}","templated":true}]}}