{"id":16,"date":"2016-01-18T22:46:27","date_gmt":"2016-01-18T21:46:27","guid":{"rendered":"https:\/\/bonifratrzy.pl\/klasztor-konary-zielona\/?page_id=16"},"modified":"2016-05-15T16:20:31","modified_gmt":"2016-05-15T14:20:31","slug":"historia-klasztoru","status":"publish","type":"page","link":"https:\/\/bonifratrzy.pl\/klasztor-konary-zielona\/historia-klasztoru\/","title":{"rendered":"Historia Klasztoru"},"content":{"rendered":"<p>Pocz\u0105tek konwentu w Konarach &#8211; Zielonej datuje si\u0119 na rok 1913, kiedy to dzi\u0119ki zabiegom przeora Homobonusa Kyovskyego z Krakowa Bonifratrzy zakupili od Karola S\u0142awe\u0144skiego 36-hektarowy maj\u0105tek ziemski, kt\u00f3ry mia\u0142 sta\u0107 si\u0119 zapleczem aprowizacyjnym dla krakowskiego szpitala, a zarazem &#8211; ze wzgl\u0119du na walory klimatyczne &#8211; domem dla rekonwalescent\u00f3w i pensjonatem dla starszych samotnych os\u00f3b z inteligencji.<\/p>\n<p>Realizacj\u0119 tego projektu op\u00f3\u017ani\u0142 wybuch I wojny \u015bwiatowej. Jednak\u017ce ofiarna praca i zapobiegliwo\u015b\u0107 kolejnych przeor\u00f3w &#8211; braci Andrzeja Smoli\u0144skiego, Bonawentury Przyby\u0142a i Jakuba Tomysa, kt\u00f3rzy w okresie mi\u0119dzywojennym zdo\u0142ali wybudowa\u0107 nowe budynki gospodarcze i mieszkalne &#8211; sprawi\u0142y, \u017ce Konary zacz\u0119\u0142y spe\u0142nia\u0107 swoje zadania aprowizacyjne i rekreacyjne. Po wybuchu II wojny \u015bwiatowej sta\u0142y si\u0119 ponadto miejscem schronienia \u015bciganych przez gestapo Polak\u00f3w, zar\u00f3wno \u015bwieckich, jak i duchownych. Tu znale\u017ali azyl wsp\u00f3\u0142pracuj\u0105cy z AK brat Anastazy Sawicki, ks. Jan Szyma\u0142a czy brat Damian Skrzynecki, kamedu\u0142a, uciekinier z wi\u0119zienia w Wi\u015bniczu.<\/p>\n<p>Po wojnie, w 1948 roku wybudowano w Konarach nowy pi\u0119trowy dom mieszkalny oraz niewielk\u0105 kaplic\u0119, kt\u00f3rej po\u015bwi\u0119cenia dokona\u0142 by\u0142y prowincja\u0142 o. Jan Bo\u017cy Krauze. Pierwszym kanonicznie wybranym przeorem nowo utworzonego konwentu w Konarach Zielonej zosta\u0142 o. Kasper Bogucki, dentysta, z kt\u00f3rego inicjatywy otwarta zosta\u0142a przychodnia stomatologiczna dla miejscowej ludno\u015bci. Leczyli w niej bracia Baltazar M\u0105czka i Marian Twardowski.<\/p>\n<p>Po upa\u0144stwowieniu gospodarstwa w roku 1950 i przekazaniu go PGR-owi w Konarach oraz zamkni\u0119ciu &#8211; po \u015bmierci przeora ojca Kaspra Boguckiego przynosz\u0105cej pewien doch\u00f3d przychodni dentystycznej &#8211; zagro\u017cony likwidacj\u0105 konwent przeznaczono na dom pomocy spo\u0142ecznej.Na mocy umowy pomi\u0119dzy Zrzeszeniem Katolik\u00f3w \u015awieckich \u201eCaritas\u201d a prowincja\u0142em zakonu Bonifratr\u00f3w ojcem Teodorem Ksi\u0105\u017ckiewiczem w lutym 1979 roku zacz\u0105\u0142 dzia\u0142a\u0107 w Konarach Dom Pomocy dla M\u0119\u017cczyzn z Niedorozwojem Umys\u0142owym. Znale\u017ali w nim pomieszczenie pensjonariusze z prowadzonego przez siostry Szarytki w Bobrku ko\u0142o O\u015bwi\u0119cimia domu pomocy dla ch\u0142opc\u00f3w z niedorozwojem umys\u0142owym, administrowanego przez Caritas. Warunki lokalowe nowej plac\u00f3wki mimo ograniczenia pomieszcze\u0144 klauzurowych do niezb\u0119dnego minimum by\u0142y bardzo trudne. Wszelkie trudno\u015bci jednak rekompensowa\u0142a podopiecznym rodzinna, ciep\u0142a atmosfera Domu, w kt\u00f3rym nie tylko znajdowali dach nad g\u0142ow\u0105, ale tak\u017ce poprzez rozumne wype\u0142nianie czasu odzyskiwali ludzk\u0105 godno\u015b\u0107 i poczucie w\u0142asnej warto\u015bci.<\/p>\n<p>Po zerwaniu umowy z Caritasem w kwietniu 1990 roku Dom w Konarach nawi\u0105za\u0142 wsp\u00f3\u0142prac\u0119 z Wojew\u00f3dzkim Zespo\u0142em Pomocy Spo\u0142ecznej, kt\u00f3ry zapewni\u0142 \u015brodki finansowe niezb\u0119dne do prowadzenia plac\u00f3wki.<\/p>\n<p>Prawdziwy rozw\u00f3j konwentu przynios\u0142y lata dziewi\u0119\u0107dziesi\u0105te. Dzi\u0119ki zapobiegliwo\u015bci i operatywno\u015bci przeora ojca Ludwika Soko\u0142a oraz dyrektora Domu brata Eugeniusza Kreta w roku 1993 oddano do u\u017cytku nowe skrzyd\u0142o budynku, co znacznie poprawi\u0142o warunki bytowe pensjonariuszy i braci, oraz rozbudowan\u0105 kaplic\u0119 p.w. \u015bw. J\u00f3zefa. S\u0142u\u017cy ona nie tylko bonifraterskim podopiecznym, ale tak\u017ce miejscowej ludno\u015bci, kt\u00f3rej nastawienie z pocz\u0105tku pe\u0142ne rezerwy do niepe\u0142nosprawnych mieszka\u0144c\u00f3w Domu, z czasem przerodzi\u0142o si\u0119 w prawdziw\u0105 przyja\u017a\u0144.<\/p>\n<p>Najwi\u0119kszym jednak dzie\u0142em ostatnich lat by\u0142o wybudowanie Centrum Warsztatowo-Rehabilitacyjnego wraz ze Stacj\u0105 Opieki Socjalnej. Otwarcie i uroczyste po\u015bwi\u0119cenie Centrum mia\u0142o miejsce w lutym 2000 roku. Wzniesione dzi\u0119ki pomocy finansowej katolik\u00f3w z Niemiec i Szwajcarii, Pa\u0144stwowego Funduszu Os\u00f3b Niepe\u0142nosprawnych, Funduszu Ko\u015bcielnego przy URM oraz wojewody krakowskiego Tadeusza Piekarza Centrum sta\u0142o si\u0119 szans\u0105 terapii poprzez prac\u0119 oraz dzia\u0142alno\u015b\u0107 artystyczn\u0105 dla tych, kt\u00f3rzy kiedy\u015b odrzucani byli na margines spo\u0142eczny.<\/p>\n","protected":false},"excerpt":{"rendered":"<p>Pocz\u0105tek konwentu w Konarach &#8211; Zielonej datuje si\u0119 na rok 1913, kiedy to dzi\u0119ki zabiegom przeora Homobonusa Kyovskyego z Krakowa Bonifratrzy zakupili od Karola S\u0142awe\u0144skiego 36-hektarowy maj\u0105tek ziemski, kt\u00f3ry mia\u0142 sta\u0107 si\u0119 zapleczem aprowizacyjnym dla krakowskiego szpitala, a zarazem &#8211; ze wzgl\u0119du na walory klimatyczne &#8211; domem dla rekonwalescent\u00f3w i pensjonatem dla starszych samotnych os\u00f3b [&hellip;]<\/p>\n","protected":false},"author":1,"featured_media":0,"parent":0,"menu_order":2,"comment_status":"closed","ping_status":"closed","template":"","meta":{"footnotes":""},"_links":{"self":[{"href":"https:\/\/bonifratrzy.pl\/klasztor-konary-zielona\/wp-json\/wp\/v2\/pages\/16"}],"collection":[{"href":"https:\/\/bonifratrzy.pl\/klasztor-konary-zielona\/wp-json\/wp\/v2\/pages"}],"about":[{"href":"https:\/\/bonifratrzy.pl\/klasztor-konary-zielona\/wp-json\/wp\/v2\/types\/page"}],"author":[{"embeddable":true,"href":"https:\/\/bonifratrzy.pl\/klasztor-konary-zielona\/wp-json\/wp\/v2\/users\/1"}],"replies":[{"embeddable":true,"href":"https:\/\/bonifratrzy.pl\/klasztor-konary-zielona\/wp-json\/wp\/v2\/comments?post=16"}],"version-history":[{"count":2,"href":"https:\/\/bonifratrzy.pl\/klasztor-konary-zielona\/wp-json\/wp\/v2\/pages\/16\/revisions"}],"predecessor-version":[{"id":144,"href":"https:\/\/bonifratrzy.pl\/klasztor-konary-zielona\/wp-json\/wp\/v2\/pages\/16\/revisions\/144"}],"wp:attachment":[{"href":"https:\/\/bonifratrzy.pl\/klasztor-konary-zielona\/wp-json\/wp\/v2\/media?parent=16"}],"curies":[{"name":"wp","href":"https:\/\/api.w.org\/{rel}","templated":true}]}}