{"id":7,"date":"2016-01-17T18:18:29","date_gmt":"2016-01-17T17:18:29","guid":{"rendered":"https:\/\/bonifratrzy.pl\/klasztor-katowice\/?page_id=7"},"modified":"2025-11-24T20:30:07","modified_gmt":"2025-11-24T19:30:07","slug":"porzadek-nabozenstw","status":"publish","type":"page","link":"https:\/\/bonifratrzy.pl\/klasztor-katowice\/porzadek-nabozenstw\/","title":{"rendered":"Porz\u0105dek nabo\u017ce\u0144stw"},"content":{"rendered":"<ul style=\"list-style-type: square\">\n<li><strong>Msza \u015awi\u0119ta: <\/strong>poniedzia\u0142ek-sobota o godzinie 18.30; w niedziel\u0119 i \u015bwi\u0119ta o godzinie 8.00 oraz 18.30<\/li>\n<li><strong>Ca\u0142odniowa Adoracja Naj\u015bwi\u0119tszego Sakramentu: <\/strong>w ka\u017cdy czwartek w godzinach 8.00 &#8211; 18.30<\/li>\n<li><strong>Koronka do Mi\u0142osierdzia Bo\u017cego:<\/strong> poniedzia\u0142ek-pi\u0105tek o godzinie 15.00<\/li>\n<li><strong>Nowenna do \u015bw. Rity: <\/strong>ka\u017cdy wtorek o godzinie 18.20<br \/>\n(za wyj\u0105tkiem miesi\u0119cy: maj, czerwiec, pa\u017adziernik, listopad)<\/li>\n<li><strong>Msza zbiorowa za wstawiennictwem \u015bw. Rity: <\/strong>ostatni wtorek miesi\u0105ca o godzinie 18.30<\/li>\n<li><strong>Nowenna do Matki Bo\u017cej Bonifraterskiej Uzdrowienia Chorych: <\/strong>\u015broda o godzinie 18.20<br \/>\n(za wyj\u0105tkiem miesi\u0119cy: maj, czerwiec, pa\u017adziernik, listopad)<\/li>\n<li><strong>Droga Krzy\u017cowa:<\/strong> w ka\u017cdy pi\u0105tek Wielkiego Postu o godzinie 18.00<\/li>\n<li><strong>Gorzkie \u017bale <\/strong>w ka\u017cd\u0105 niedziel\u0119 Wielkiego Postu po Mszy \u015bw. z godziny 8.00<\/li>\n<li><strong>Nabo\u017ce\u0144stwa Majowe: <\/strong>codziennie w miesi\u0105cu maju o godzinie 18.00<\/li>\n<li><strong>Nabo\u017ce\u0144stwa Czerwcowe <\/strong>codziennie w miesi\u0105cu czerwcu o godzinie 18.00<\/li>\n<li><strong>Nabo\u017ce\u0144stwa R\u00f3\u017ca\u0144cowe: <\/strong>codziennie w miesi\u0105cu pa\u017adzierniku o godz. 18.00<\/li>\n<li><strong>R\u00f3\u017caniec za zmar\u0142ych z wypominkami:<\/strong> codziennie w miesi\u0105cu listopadzie o godz. 18.00<\/li>\n<\/ul>\n","protected":false},"excerpt":{"rendered":"<p>Msza \u015awi\u0119ta: poniedzia\u0142ek-sobota o godzinie 18.30; w niedziel\u0119 i \u015bwi\u0119ta o godzinie 8.00 oraz 18.30 Ca\u0142odniowa Adoracja Naj\u015bwi\u0119tszego Sakramentu: w ka\u017cdy czwartek w godzinach 8.00 &#8211; 18.30 Koronka do Mi\u0142osierdzia Bo\u017cego: poniedzia\u0142ek-pi\u0105tek o godzinie 15.00 Nowenna do \u015bw. Rity: ka\u017cdy wtorek o godzinie 18.20 (za wyj\u0105tkiem miesi\u0119cy: maj, czerwiec, pa\u017adziernik, listopad) Msza zbiorowa za wstawiennictwem [&hellip;]<\/p>\n","protected":false},"author":1,"featured_media":0,"parent":0,"menu_order":18,"comment_status":"closed","ping_status":"closed","template":"","meta":{"footnotes":""},"_links":{"self":[{"href":"https:\/\/bonifratrzy.pl\/klasztor-katowice\/wp-json\/wp\/v2\/pages\/7"}],"collection":[{"href":"https:\/\/bonifratrzy.pl\/klasztor-katowice\/wp-json\/wp\/v2\/pages"}],"about":[{"href":"https:\/\/bonifratrzy.pl\/klasztor-katowice\/wp-json\/wp\/v2\/types\/page"}],"author":[{"embeddable":true,"href":"https:\/\/bonifratrzy.pl\/klasztor-katowice\/wp-json\/wp\/v2\/users\/1"}],"replies":[{"embeddable":true,"href":"https:\/\/bonifratrzy.pl\/klasztor-katowice\/wp-json\/wp\/v2\/comments?post=7"}],"version-history":[{"count":5,"href":"https:\/\/bonifratrzy.pl\/klasztor-katowice\/wp-json\/wp\/v2\/pages\/7\/revisions"}],"predecessor-version":[{"id":2254,"href":"https:\/\/bonifratrzy.pl\/klasztor-katowice\/wp-json\/wp\/v2\/pages\/7\/revisions\/2254"}],"wp:attachment":[{"href":"https:\/\/bonifratrzy.pl\/klasztor-katowice\/wp-json\/wp\/v2\/media?parent=7"}],"curies":[{"name":"wp","href":"https:\/\/api.w.org\/{rel}","templated":true}]}}