{"id":5,"date":"2016-01-17T18:14:19","date_gmt":"2016-01-17T17:14:19","guid":{"rendered":"https:\/\/bonifratrzy.pl\/klasztor-katowice\/?page_id=5"},"modified":"2026-04-14T11:41:30","modified_gmt":"2026-04-14T09:41:30","slug":"o-klasztorze","status":"publish","type":"page","link":"https:\/\/bonifratrzy.pl\/klasztor-katowice\/o-klasztorze\/","title":{"rendered":"O klasztorze"},"content":{"rendered":"<div class=\"su-tabs su-tabs-style-default su-tabs-mobile-stack\" data-active=\"1\" data-scroll-offset=\"0\" data-anchor-in-url=\"no\"><div class=\"su-tabs-nav\"><span class=\"\" data-url=\"\" data-target=\"blank\" tabindex=\"0\" role=\"button\"><strong>Historia Klasztoru<\/strong><\/span><span class=\"\" data-url=\"\" data-target=\"blank\" tabindex=\"0\" role=\"button\"><strong>Wsp\u00f3lnota zakonna<\/strong><\/span><\/div><div class=\"su-tabs-panes\"><div class=\"su-tabs-pane su-u-clearfix su-u-trim\" data-title=\"&lt;strong&gt;Historia Klasztoru&lt;\/strong&gt;\">\n<p>Rozw\u00f3j przemys\u0142u w okr\u0119gu katowickim w drugiej po\u0142owie XIX wieku i zwi\u0105zany z tym szybki wzrost liczby ludno\u015bci stworzy\u0142y piln\u0105 potrzeb\u0119 budowy szpitala, nale\u017cycie prowadzonego i dobrze wyposa\u017conego w sprz\u0119t medyczny.<\/p>\n<p>Inicjatorem budowy, a zarazem fundatorem bonifraterskiego klasztoru i szpitala w Bogucicach by\u0142 proboszcz miejscowej parafii ks. Leopold Markiefka, kt\u00f3ry w roku 1871 przekaza\u0142 na ten cel grunt oraz znaczn\u0105 kwot\u0119 w got\u00f3wce. Budow\u0119 szpitala powierzy\u0142 braciom bonifratrom z Wroc\u0142awia. Uroczyste otwarcie i po\u015bwi\u0119cenie konwentu, szpitala na 30 \u0142\u00f3\u017cek i apteki nast\u0105pi\u0142o we wrze\u015bniu 1874 r.<\/p>\n<p>Wzniesiony jako pierwszy w mie\u015bcie, szpital przeznaczony by\u0142 dla g\u00f3rnik\u00f3w zatrudnionych w okolicznych kopalniach oraz miejscowej ludno\u015bci. W czasie epidemii tyfusu na prze\u0142omie 1876\/77 roku oraz cholery w roku 1893 bracia z niezwyk\u0142\u0105 ofiarno\u015bci\u0105 i po\u015bwi\u0119ceniem nie\u015bli pomoc zara\u017conym, co zyska\u0142o im nie tylko ludzk\u0105 wdzi\u0119czno\u015b\u0107, ale tak\u017ce przysporzy\u0142o hojnych darczy\u0144c\u00f3w. W 1882 roku uruchomiono w szpitalu oddzia\u0142y specjalistyczne, zaka\u017any, okulistyczny, laryngologiczny, chirurgiczny, neurologiczny i dermatologiczny. Leczyli w nich znani na \u015al\u0105sku lekarze, a jak wykazuj\u0105 zachowane dokumenty, pacjentami byli ludzie r\u00f3\u017cnej narodowo\u015bci i r\u00f3\u017cnych wyzna\u0144.<\/p>\n<p>Po odzyskaniu przez Polsk\u0119 niepodleg\u0142o\u015bci w 1918 roku i ustaleniu granic G\u00f3rny \u015al\u0105sk powr\u00f3ci\u0142 do Macierzy, konwent za\u015b w\u0142\u0105czony zosta\u0142 do prowincji polskiej. W okresie mi\u0119dzywojennym szpital rozbudowywano i modernizowano, zyska\u0142 te\u017c specjalistyczn\u0105 aparatur\u0119 medyczn\u0105. Po nadbudowaniu pi\u0119tra w latach 1933-36 powi\u0119kszy\u0142 si\u0119 do 300 \u0142\u00f3\u017cek, urz\u0105dzono r\u00f3wnie\u017c ambulatoria dla chorych dochodz\u0105cych. Szpital sta\u0142 si\u0119 nie tylko miejscem skutecznej pomocy medycznej, ale tak\u017ce materialnego wsparcia &#8211; w latach kryzysu najubo\u017cszym, pozbawionym \u015brodk\u00f3w do \u017cycia mieszka\u0144com bracia wydawali dziesi\u0105tki posi\u0142k\u00f3w dziennie.<\/p>\n<p>W 1927 roku na czas rozbudowy krakowskiego konwentu do Bogucic przeniesiony zosta\u0142 nowicjat, tu tak\u017ce mia\u0142 sw\u0105 siedzib\u0119 \u00f3wczesny prowincja\u0142 o. Eliasz Ulman.W pierwszych miesi\u0105cach wojny, po wkroczeniu Niemc\u00f3w na \u015al\u0105sk w\u0142adze okupacyjne zarekwirowa\u0142y szpital dla cel\u00f3w wojskowych. Bracia zostali wywiezieni do Krakowa, w kaplicy urz\u0105dzono magazyn, wi\u0119kszo\u015b\u0107 dokument\u00f3w i kronik klasztornych uleg\u0142a zniszczeniu. Po wojnie szpital zosta\u0142 upa\u0144stwowiony i przeszed\u0142 pod zarz\u0105d miejski. Pomieszczenia konwentu zosta\u0142y w\u0142\u0105czone do szpitala &#8211; zainstalowano w nich aparatur\u0119 medyczn\u0105. Braciom pozostawiono kaplic\u0119 klasztorn\u0105, kt\u00f3ra sta\u0142a si\u0119 miejscem modlitwy dla chorych i ich rodzin, a tak\u017ce dla mieszka\u0144c\u00f3w Katowic.<\/p>\n<p>Mimo powrotu do swojego Konwentu zakonnicy nie mogli samodzielnie prowadzi\u0107 szpitala w tym miejscu. Dopiero 2009 rok pozwoli\u0142 Braciom powr\u00f3ci\u0107 do pierwotnego przedmiotu swej dzia\u0142alno\u015bci i na nowo obj\u0105\u0107 mieszka\u0144c\u00f3w Katowic szpitalnym charyzmatem. Ponowne uruchomienie Szpitala Zakonu Bonifratr\u00f3w pw. Anio\u0142\u00f3w Str\u00f3\u017c\u00f3w w Katowicach nast\u0105pi\u0142o, po 70 latach przerwy, 1 kwietnia 2009 roku.<\/p>\n<\/div>\n<div class=\"su-tabs-pane su-u-clearfix su-u-trim\" data-title=\"&lt;strong&gt;Wsp\u00f3lnota zakonna&lt;\/strong&gt;\">\n<h2>Przeor &#8211; brat Anzelm<strong>\u00a0<\/strong>OH<\/h2>\n<p><strong><img loading=\"lazy\" decoding=\"async\" class=\"wp-image-2310  alignleft\" src=\"https:\/\/bonifratrzy.pl\/klasztor-katowice\/wp-content\/uploads\/sites\/8\/2026\/04\/Anzelm-SKIBA-300x300.jpg\" alt=\"\" width=\"141\" height=\"141\" srcset=\"https:\/\/bonifratrzy.pl\/klasztor-katowice\/wp-content\/uploads\/sites\/8\/2026\/04\/Anzelm-SKIBA-300x300.jpg 300w, https:\/\/bonifratrzy.pl\/klasztor-katowice\/wp-content\/uploads\/sites\/8\/2026\/04\/Anzelm-SKIBA-1024x1024.jpg 1024w, https:\/\/bonifratrzy.pl\/klasztor-katowice\/wp-content\/uploads\/sites\/8\/2026\/04\/Anzelm-SKIBA-150x150.jpg 150w, https:\/\/bonifratrzy.pl\/klasztor-katowice\/wp-content\/uploads\/sites\/8\/2026\/04\/Anzelm-SKIBA-768x768.jpg 768w, https:\/\/bonifratrzy.pl\/klasztor-katowice\/wp-content\/uploads\/sites\/8\/2026\/04\/Anzelm-SKIBA-1536x1536.jpg 1536w, https:\/\/bonifratrzy.pl\/klasztor-katowice\/wp-content\/uploads\/sites\/8\/2026\/04\/Anzelm-SKIBA-2048x2048.jpg 2048w, https:\/\/bonifratrzy.pl\/klasztor-katowice\/wp-content\/uploads\/sites\/8\/2026\/04\/Anzelm-SKIBA-45x45.jpg 45w\" sizes=\"(max-width: 141px) 100vw, 141px\" \/>Adam Skiba<\/strong><\/p>\n<p>wst. 28.12.1985 r., ob\u0142. 28.06.1986 r.,<br \/>\n\u015bl. czas. 29.06.1988 r., \u015bl. wiecz. 27.06.1993 r.<\/p>\n<p>Imieniny: 21 kwietnia<\/p>\n<p><strong>Ws<\/strong><strong>p\u00f3lnot\u0119 zakonn\u0105 tworz\u0105 r\u00f3wnie\u017c:<br \/>\n<\/strong><\/p>\n<ul>\n<li>br. Tadeusz \u017byglicki OH<\/li>\n<li>br. Narcyz Trykacz OH<\/li>\n<li>br. Jerzy Barcewicz OH<\/li>\n<li>br. J\u00f3zef Syzonenko OH<\/li>\n<\/ul>\n<\/div><\/div><\/div>\n","protected":false},"excerpt":{"rendered":"","protected":false},"author":1,"featured_media":0,"parent":0,"menu_order":17,"comment_status":"closed","ping_status":"closed","template":"page-home.php","meta":{"footnotes":""},"_links":{"self":[{"href":"https:\/\/bonifratrzy.pl\/klasztor-katowice\/wp-json\/wp\/v2\/pages\/5"}],"collection":[{"href":"https:\/\/bonifratrzy.pl\/klasztor-katowice\/wp-json\/wp\/v2\/pages"}],"about":[{"href":"https:\/\/bonifratrzy.pl\/klasztor-katowice\/wp-json\/wp\/v2\/types\/page"}],"author":[{"embeddable":true,"href":"https:\/\/bonifratrzy.pl\/klasztor-katowice\/wp-json\/wp\/v2\/users\/1"}],"replies":[{"embeddable":true,"href":"https:\/\/bonifratrzy.pl\/klasztor-katowice\/wp-json\/wp\/v2\/comments?post=5"}],"version-history":[{"count":69,"href":"https:\/\/bonifratrzy.pl\/klasztor-katowice\/wp-json\/wp\/v2\/pages\/5\/revisions"}],"predecessor-version":[{"id":2314,"href":"https:\/\/bonifratrzy.pl\/klasztor-katowice\/wp-json\/wp\/v2\/pages\/5\/revisions\/2314"}],"wp:attachment":[{"href":"https:\/\/bonifratrzy.pl\/klasztor-katowice\/wp-json\/wp\/v2\/media?parent=5"}],"curies":[{"name":"wp","href":"https:\/\/api.w.org\/{rel}","templated":true}]}}