{"id":31,"date":"2016-01-17T18:52:18","date_gmt":"2016-01-17T17:52:18","guid":{"rendered":"https:\/\/bonifratrzy.pl\/klasztor-katowice\/?page_id=31"},"modified":"2016-06-01T13:31:41","modified_gmt":"2016-06-01T11:31:41","slug":"fundacja-markiefki","status":"publish","type":"page","link":"https:\/\/bonifratrzy.pl\/klasztor-katowice\/fundacja-markiefki\/","title":{"rendered":"Fundacja Markiefki"},"content":{"rendered":"<h2>Fundacja ks. Leopolda Markiefki \u2013 klasztor i szpital<\/h2>\n<h2>Braci Mi\u0142osierdzia pocz\u0105tki i rozw\u00f3j<\/h2>\n<p>Szlachetny zamys\u0142 proboszcza bogucickiej parafii zosta\u0142 ujawniony w bardzo \u00a0prozaicznej sytuacji, odnotowanej w klasztornej\u00a0 kronice Bonifratr\u00f3w. 18 maja 1870 roku brat kwestarz Celestyn Widera (z pilchowickiego konwentu) w czasie kwestowania na probostwie w parafii \u015bw. Szczepana w Bogucicach, dowiedzia\u0142 si\u0119 od siostry, nieobecnego wtedy ks. L. Markiefki o jego zamiarze za\u0142o\u017cenia fundacji i klasztoru i szpitala Braci Mi\u0142osierdzia, w Bogucicach. Urz\u0119dowe, formalno-prawne posuni\u0119cia nast\u0105pi\u0142y nied\u0142ugo potem. Rozmowy ks. Markiefki z prze\u0142o\u017conym Zakonu Bonifratr\u00f3w w konwencie w Pilchowicach (w sierpniu 1870 r.) oraz prowincja\u0142em, Witem Stief we Wroc\u0142awiu (kilka miesi\u0119cy p\u00f3\u017aniej) stanowi\u0142y akceptacj\u0119 podejmowanego dzie\u0142a. Ksi\u0105dz Leopold Markiefka ofiarowa\u0142 Bonifratrom najpierw jedn\u0105 parcel\u0119 (26 morg\u00f3w), o warto\u015bci 4.000 talar\u00f3w, a gdy ta okaza\u0142a si\u0119 za w\u0105ska, by m\u00f3g\u0142 na niej stan\u0105\u0107 budynek z frontem g\u0142\u00f3wnym na ulic\u0119 Wiejsk\u0105, podarowa\u0142 zakonowi jeszcze dwie przylegaj\u0105ce parcele (18 wrze\u015bnia 1871 roku) i ponadto przekaza\u0142 na budow\u0119 5.400 talar\u00f3w. 29 marca 1871 roku, w Mys\u0142owicach, spisano urz\u0119dowy akt darowizny na rzecz konwentu Bonifratr\u00f3w w Bogucicach, w ksi\u0119dze hipotecznej wsi. Fundator zastrzeg\u0142 sobie \u017ce w przypadku, gdyby za\u0142o\u017cenie klasztoru i szpitala nie dosz\u0142o do skutku, w\u00f3wczas darowizna nieruchomo\u015bci pozostanie w\u0142asno\u015bci\u0105 ko\u015bcio\u0142a parafialnego pw. \u015bw. Szczepana w Bogucicach. Na mocy dokumentu, z dnia 18 maja 1872 roku, wystawionego w Berlinie, podpisanego przez kr\u00f3la pruskiego Wilhelma, dw\u00f3ch ministr\u00f3w (brak nazwisk), hrabiego Leonhardta Eulenburg i doktora Palk, otrzymali Bonifratrzy zezwolenie na budow\u0119 klasztoru i szpitala oraz na przyjmowanie darowizn; przyznano te\u017c konwentowi osobowo\u015b\u0107 prawn\u0105.<\/p>\n<p>W 1871 roku prze\u0142o\u017conym prowincjalnym zosta\u0142 o. Melchior F\u00f6lkel, a przeorem maj\u0105cego powsta\u0107 konwentu w Bogucicach o. Piotr Woiwoda. Obaj zaj\u0119li si\u0119 now\u0105 fundacj\u0105 z wielk\u0105 gorliwo\u015bci\u0105. Prace budowlane rozpocz\u0119to w trzecim dniu po Wielkanocy 1872 r., a w dziesi\u0119\u0107 dni p\u00f3\u017aniej po\u0142o\u017cono kamie\u0144 w\u0119gielny (aktu tego dokona\u0142 ks. Leopold Markiefka). Po 29 miesi\u0105cach, 7 wrze\u015bnia 1874 r., nast\u0105pi\u0142o otwarcie dwupi\u0119trowego trzykondygnacyjnego budynku pw. \u015awi\u0119tych Anio\u0142\u00f3w Str\u00f3\u017c\u00f3w. Parter oraz I pi\u0119tro przeznaczono na leczenie chorych, II pi\u0119tro zajmowali zakonnicy.<\/p>\n<p>Fundacja rozwija\u0142a si\u0119 pr\u0119\u017cnie. Kroniki odnotowa\u0142y, \u017ce w kr\u00f3tkim czasie klasztor zdoby\u0142 uznanie, a \u201ehojne sk\u0142adki ofiarodawc\u00f3w wp\u0142ywa\u0142y coraz cz\u0119\u015bciej\u201d, zwi\u0119ksza\u0142y si\u0119 ofiary z kwesty. Pozwala\u0142o to na powi\u0119kszenie i systematyczn\u0105 rozbudow\u0119 obiektu. W 1886 roku zaprojektowa\u0142 j\u0105 Ludwik Schnaider, z kolejn\u0105 w 1895 roku \u2013 Erich Kail. Potem szpital powi\u0119kszano jeszcze dwukrotnie, w latach 1902-1903 dobudowana cz\u0119\u015b\u0107 po\u0142udniow\u0105, posadowion\u0105 poprzecznie w stosunku do dw\u00f3ch wcze\u015bniejszych, tworz\u0105cych jedn\u0105 o\u015b wzd\u0142u\u017c ulicy.<\/p>\n","protected":false},"excerpt":{"rendered":"<p>Fundacja ks. Leopolda Markiefki \u2013 klasztor i szpital Braci Mi\u0142osierdzia pocz\u0105tki i rozw\u00f3j Szlachetny zamys\u0142 proboszcza bogucickiej parafii zosta\u0142 ujawniony w bardzo \u00a0prozaicznej sytuacji, odnotowanej w klasztornej\u00a0 kronice Bonifratr\u00f3w. 18 maja 1870 roku brat kwestarz Celestyn Widera (z pilchowickiego konwentu) w czasie kwestowania na probostwie w parafii \u015bw. Szczepana w Bogucicach, dowiedzia\u0142 si\u0119 od siostry, [&hellip;]<\/p>\n","protected":false},"author":1,"featured_media":0,"parent":0,"menu_order":14,"comment_status":"closed","ping_status":"closed","template":"","meta":{"footnotes":""},"_links":{"self":[{"href":"https:\/\/bonifratrzy.pl\/klasztor-katowice\/wp-json\/wp\/v2\/pages\/31"}],"collection":[{"href":"https:\/\/bonifratrzy.pl\/klasztor-katowice\/wp-json\/wp\/v2\/pages"}],"about":[{"href":"https:\/\/bonifratrzy.pl\/klasztor-katowice\/wp-json\/wp\/v2\/types\/page"}],"author":[{"embeddable":true,"href":"https:\/\/bonifratrzy.pl\/klasztor-katowice\/wp-json\/wp\/v2\/users\/1"}],"replies":[{"embeddable":true,"href":"https:\/\/bonifratrzy.pl\/klasztor-katowice\/wp-json\/wp\/v2\/comments?post=31"}],"version-history":[{"count":3,"href":"https:\/\/bonifratrzy.pl\/klasztor-katowice\/wp-json\/wp\/v2\/pages\/31\/revisions"}],"predecessor-version":[{"id":79,"href":"https:\/\/bonifratrzy.pl\/klasztor-katowice\/wp-json\/wp\/v2\/pages\/31\/revisions\/79"}],"wp:attachment":[{"href":"https:\/\/bonifratrzy.pl\/klasztor-katowice\/wp-json\/wp\/v2\/media?parent=31"}],"curies":[{"name":"wp","href":"https:\/\/api.w.org\/{rel}","templated":true}]}}