{"id":19,"date":"2016-01-17T18:42:58","date_gmt":"2016-01-17T17:42:58","guid":{"rendered":"https:\/\/bonifratrzy.pl\/klasztor-katowice\/?page_id=19"},"modified":"2025-11-24T20:32:08","modified_gmt":"2025-11-24T19:32:08","slug":"cmentarz","status":"publish","type":"page","link":"https:\/\/bonifratrzy.pl\/klasztor-katowice\/prowadzone-dziela\/cmentarz\/","title":{"rendered":"Cmentarz"},"content":{"rendered":"\n<p>Informacje o pochowanych i grobach wraz z wyszukiwark\u0105 dost\u0119pne <a href=\"https:\/\/katowicebonifratrow.grobonet.com\/\" target=\"_blank\" rel=\"noreferrer noopener\">tutaj<\/a><\/p>\n\n\n\n<p><strong>W\u0142a\u015bciciel Cmentarza<\/strong><\/p>\n\n\n\n<p>Konwent Bonifratr\u00f3w w Katowicach<br>ul. Ks. L. Markiefki 87, 40-211 Katowice<br>Biuro Cmentarza tel.: 725 386 283 godziny od 8:00 do 15:00<\/p>\n\n\n\n<p><strong>INFORMUJEMY, \u017bE CMENTARZ POSIADA WOLNE MIEJSCA&nbsp;(KWATERY)<\/strong><\/p>\n\n\n\n<p>Konto do op\u0142at zwi\u0105zanych z cmentarzem&nbsp;<\/p>\n\n\n\n<p>PKO Bank Polski<br>Nr konta bankowego cmentarza:&nbsp;68 1020 2313 0000 3402 1096 1508<\/p>\n\n\n\n<p><strong>KONWENT OO.BONIFRATR\u00d3W W&nbsp; KATOWICACH<\/strong><br>ul. Ks.&nbsp;L. Markiefki 87<br>40-211&nbsp;Katowice<\/p>\n\n\n\n<p>&nbsp;<\/p>\n\n\n","protected":false},"excerpt":{"rendered":"<p>Informacje o pochowanych i grobach wraz z wyszukiwark\u0105 dost\u0119pne tutaj W\u0142a\u015bciciel Cmentarza Konwent Bonifratr\u00f3w w Katowicachul. Ks. L. Markiefki 87, 40-211 KatowiceBiuro Cmentarza tel.: 725 386 283 godziny od 8:00 do 15:00 INFORMUJEMY, \u017bE CMENTARZ POSIADA WOLNE MIEJSCA&nbsp;(KWATERY) Konto do op\u0142at zwi\u0105zanych z cmentarzem&nbsp; PKO Bank PolskiNr konta bankowego cmentarza:&nbsp;68 1020 2313 0000 3402 1096 [&hellip;]<\/p>\n","protected":false},"author":1,"featured_media":0,"parent":15,"menu_order":20,"comment_status":"closed","ping_status":"closed","template":"","meta":{"footnotes":""},"_links":{"self":[{"href":"https:\/\/bonifratrzy.pl\/klasztor-katowice\/wp-json\/wp\/v2\/pages\/19"}],"collection":[{"href":"https:\/\/bonifratrzy.pl\/klasztor-katowice\/wp-json\/wp\/v2\/pages"}],"about":[{"href":"https:\/\/bonifratrzy.pl\/klasztor-katowice\/wp-json\/wp\/v2\/types\/page"}],"author":[{"embeddable":true,"href":"https:\/\/bonifratrzy.pl\/klasztor-katowice\/wp-json\/wp\/v2\/users\/1"}],"replies":[{"embeddable":true,"href":"https:\/\/bonifratrzy.pl\/klasztor-katowice\/wp-json\/wp\/v2\/comments?post=19"}],"version-history":[{"count":10,"href":"https:\/\/bonifratrzy.pl\/klasztor-katowice\/wp-json\/wp\/v2\/pages\/19\/revisions"}],"predecessor-version":[{"id":2255,"href":"https:\/\/bonifratrzy.pl\/klasztor-katowice\/wp-json\/wp\/v2\/pages\/19\/revisions\/2255"}],"up":[{"embeddable":true,"href":"https:\/\/bonifratrzy.pl\/klasztor-katowice\/wp-json\/wp\/v2\/pages\/15"}],"wp:attachment":[{"href":"https:\/\/bonifratrzy.pl\/klasztor-katowice\/wp-json\/wp\/v2\/media?parent=19"}],"curies":[{"name":"wp","href":"https:\/\/api.w.org\/{rel}","templated":true}]}}