{"id":1721,"date":"2021-07-20T12:41:56","date_gmt":"2021-07-20T10:41:56","guid":{"rendered":"https:\/\/bonifratrzy.pl\/klasztor-katowice\/?page_id=1721"},"modified":"2021-07-20T12:46:22","modified_gmt":"2021-07-20T10:46:22","slug":"godlo-zakonu","status":"publish","type":"page","link":"https:\/\/bonifratrzy.pl\/klasztor-katowice\/wolontariat-bonifraterski\/godlo-zakonu\/","title":{"rendered":"God\u0142o Zakonu"},"content":{"rendered":"<p><img loading=\"lazy\" decoding=\"async\" class=\"size-medium wp-image-1725 alignleft\" src=\"https:\/\/bonifratrzy.pl\/klasztor-katowice\/wp-content\/uploads\/sites\/8\/2021\/07\/Logo_Zakonu_Szpitalnego_plik_JPGe-mail2-300x300.jpg\" alt=\"\" width=\"300\" height=\"300\" srcset=\"https:\/\/bonifratrzy.pl\/klasztor-katowice\/wp-content\/uploads\/sites\/8\/2021\/07\/Logo_Zakonu_Szpitalnego_plik_JPGe-mail2-300x300.jpg 300w, https:\/\/bonifratrzy.pl\/klasztor-katowice\/wp-content\/uploads\/sites\/8\/2021\/07\/Logo_Zakonu_Szpitalnego_plik_JPGe-mail2-150x150.jpg 150w, https:\/\/bonifratrzy.pl\/klasztor-katowice\/wp-content\/uploads\/sites\/8\/2021\/07\/Logo_Zakonu_Szpitalnego_plik_JPGe-mail2-768x768.jpg 768w, https:\/\/bonifratrzy.pl\/klasztor-katowice\/wp-content\/uploads\/sites\/8\/2021\/07\/Logo_Zakonu_Szpitalnego_plik_JPGe-mail2-45x45.jpg 45w, https:\/\/bonifratrzy.pl\/klasztor-katowice\/wp-content\/uploads\/sites\/8\/2021\/07\/Logo_Zakonu_Szpitalnego_plik_JPGe-mail2.jpg 900w\" sizes=\"(max-width: 300px) 100vw, 300px\" \/>God\u0142em Zakonu Szpitalnego, umieszczanym w portalach wej\u015bciowych do ko\u015bcio\u0142\u00f3w, konwent\u00f3w, czy szpitali, na oficjalnych\u00a0dokumentach, piecz\u0119ciach i\u00a0chor\u0105gwiach zakonu na\u00a0ca\u0142ym \u015bwiecie, jest p\u0119kni\u0119ty owoc granatu z\u00a0krzy\u017cem, nad\u00a0kt\u00f3rym\u00a0wznosi si\u0119 sze\u015bcioramienna gwiazda.<\/p>\n<p>Herb ten wi\u0105\u017ce si\u0119 legend\u0105, opowiadaj\u0105c\u0105 o tym, jak Jan Bo\u017cy, protoplasta zakonu, kt\u00f3ry\u00a0jeszcze nie rozpozna\u0142 swego powo\u0142ania do\u00a0niesienia pomocy ubogim, zarabia\u0142 na \u017cycie, jako w\u0119drowny sprzedawca ksi\u0105\u017cek. Pewnego przemarzaj\u0105c okolice Grenady, z\u00a0koszem wype\u0142nionym lektur\u0105,\u00a0spotka\u0142 ch\u0142opca, id\u0105cego boso po\u00a0kamienistej drodze. Spostrzeg\u0142szy poranione nogi ma\u0142ego biedaczyny zaoferowa\u0142 mu swoje buty. Jednak w\u00a0za\u00a0du\u017cym obuwiu\u00a0 ch\u0142opcu nie\u00a0sz\u0142o si\u0119 dobrze, wi\u0119c\u00a0Jan Bo\u017cy posadzi\u0142 go na\u00a0swoim koszu z\u00a0ksi\u0105\u017ckami i\u00a0tak\u00a0razem w\u0119drowali dalej. Zatrzymali si\u0119 przy strumieniu. Kiedy Jan pochyli\u0142 si\u0119, by\u00a0zaczerpn\u0105\u0107 wody, us\u0142ysza\u0142 wo\u0142anie dziecka. Odwr\u00f3ci\u0142 si\u0119 i\u00a0ujrza\u0142, \u017ce\u00a0posta\u0107 ch\u0142opca j<img loading=\"lazy\" decoding=\"async\" class=\"size-medium wp-image-1727 alignright\" src=\"https:\/\/bonifratrzy.pl\/klasztor-katowice\/wp-content\/uploads\/sites\/8\/2021\/07\/152472014_253214956363183_7465159201136820752_n-225x300.jpg\" alt=\"\" width=\"225\" height=\"300\" srcset=\"https:\/\/bonifratrzy.pl\/klasztor-katowice\/wp-content\/uploads\/sites\/8\/2021\/07\/152472014_253214956363183_7465159201136820752_n-225x300.jpg 225w, https:\/\/bonifratrzy.pl\/klasztor-katowice\/wp-content\/uploads\/sites\/8\/2021\/07\/152472014_253214956363183_7465159201136820752_n-768x1024.jpg 768w, https:\/\/bonifratrzy.pl\/klasztor-katowice\/wp-content\/uploads\/sites\/8\/2021\/07\/152472014_253214956363183_7465159201136820752_n.jpg 828w\" sizes=\"(max-width: 225px) 100vw, 225px\" \/>a\u015bnieje niezwyk\u0142ym blaskiem, a\u00a0w\u00a0jego r\u0119ku znajduje si\u0119 owoc granatu z\u00a0b\u0142yszcz\u0105cym krzy\u017cem. Us\u0142ysza\u0142 s\u0142owa &#8222;Granada b\u0119dzie twoim krzy\u017cem&#8221; &#8211; po\u00a0czym ch\u0142opiec znikn\u0105\u0142.<\/p>\n<p>Granada w\u00a0j\u0119zyku hiszpa\u0144skim oznacza zar\u00f3wno owoc granatu, jak i nazw\u0119 miasta. Jan uda\u0142 si\u0119, wi\u0119c\u00a0do\u00a0Granady. W\u00a0mie\u015bcie tym odkry\u0142 swoje powo\u0142anie niesienia pomocy cierpi\u0105cym. Za\u0142o\u017cy\u0142 przytu\u0142ek, by\u00a0s\u0142u\u017cy\u0107 chorym i\u00a0ubogim mieszka\u0144com miasta. Zapocz\u0105tkowane w\u00a0tym hiszpa\u0144skim mie\u015bcie dzie\u0142o mi\u0142osierdzia da\u0142o pocz\u0105tek Zakonowi Szpitalnemu \u015bw.\u00a0Jana Bo\u017cego i\u00a0rozprzestrzeni\u0142o si\u0119 na\u00a0ca\u0142y \u015bwiat, a\u00a0owoc granatu sta\u0142 si\u0119 zakonnym herbem.<\/p>\n<p>Granat symbolizuje przeznaczenie i\u00a0doskona\u0142o\u015b\u0107. Widoczne poprzez jego p\u0119kni\u0119t\u0105 skorup\u0119 czerwone ziarna obrazuj\u0105 mi\u0142osierne otwarcie si\u0119 na\u00a0bli\u017aniego. Gwiazda za\u015b to\u00a0symbol natchnienia i\u00a0celu, do\u00a0kt\u00f3rego\u00a0prowadzi trudna droga, wymagaj\u0105ca cierpienia i\u00a0wyrzecze\u0144.<\/p>\n<p>&nbsp;<\/p>\n<p>&nbsp;<\/p>\n","protected":false},"excerpt":{"rendered":"<p>God\u0142em Zakonu Szpitalnego, umieszczanym w portalach wej\u015bciowych do ko\u015bcio\u0142\u00f3w, konwent\u00f3w, czy szpitali, na oficjalnych\u00a0dokumentach, piecz\u0119ciach i\u00a0chor\u0105gwiach zakonu na\u00a0ca\u0142ym \u015bwiecie, jest p\u0119kni\u0119ty owoc granatu z\u00a0krzy\u017cem, nad\u00a0kt\u00f3rym\u00a0wznosi si\u0119 sze\u015bcioramienna gwiazda. Herb ten wi\u0105\u017ce si\u0119 legend\u0105, opowiadaj\u0105c\u0105 o tym, jak Jan Bo\u017cy, protoplasta zakonu, kt\u00f3ry\u00a0jeszcze nie rozpozna\u0142 swego powo\u0142ania do\u00a0niesienia pomocy ubogim, zarabia\u0142 na \u017cycie, jako w\u0119drowny sprzedawca [&hellip;]<\/p>\n","protected":false},"author":25,"featured_media":0,"parent":1679,"menu_order":4,"comment_status":"closed","ping_status":"closed","template":"","meta":{"footnotes":""},"_links":{"self":[{"href":"https:\/\/bonifratrzy.pl\/klasztor-katowice\/wp-json\/wp\/v2\/pages\/1721"}],"collection":[{"href":"https:\/\/bonifratrzy.pl\/klasztor-katowice\/wp-json\/wp\/v2\/pages"}],"about":[{"href":"https:\/\/bonifratrzy.pl\/klasztor-katowice\/wp-json\/wp\/v2\/types\/page"}],"author":[{"embeddable":true,"href":"https:\/\/bonifratrzy.pl\/klasztor-katowice\/wp-json\/wp\/v2\/users\/25"}],"replies":[{"embeddable":true,"href":"https:\/\/bonifratrzy.pl\/klasztor-katowice\/wp-json\/wp\/v2\/comments?post=1721"}],"version-history":[{"count":3,"href":"https:\/\/bonifratrzy.pl\/klasztor-katowice\/wp-json\/wp\/v2\/pages\/1721\/revisions"}],"predecessor-version":[{"id":1728,"href":"https:\/\/bonifratrzy.pl\/klasztor-katowice\/wp-json\/wp\/v2\/pages\/1721\/revisions\/1728"}],"up":[{"embeddable":true,"href":"https:\/\/bonifratrzy.pl\/klasztor-katowice\/wp-json\/wp\/v2\/pages\/1679"}],"wp:attachment":[{"href":"https:\/\/bonifratrzy.pl\/klasztor-katowice\/wp-json\/wp\/v2\/media?parent=1721"}],"curies":[{"name":"wp","href":"https:\/\/api.w.org\/{rel}","templated":true}]}}