{"id":1711,"date":"2021-07-20T12:27:08","date_gmt":"2021-07-20T10:27:08","guid":{"rendered":"https:\/\/bonifratrzy.pl\/klasztor-katowice\/?page_id=1711"},"modified":"2021-07-20T12:29:54","modified_gmt":"2021-07-20T10:29:54","slug":"kto-moze-byc-wolontariuszem","status":"publish","type":"page","link":"https:\/\/bonifratrzy.pl\/klasztor-katowice\/wolontariat-bonifraterski\/kto-moze-byc-wolontariuszem\/","title":{"rendered":"Kto mo\u017ce by\u0107 wolontariuszem?"},"content":{"rendered":"<p>Joanna Ponce de Leon za\u015bwiadczy\u0142a: &#8222;Gdy spotyka\u0142 bosych ch\u0142opc\u00f3w Jan Bo\u017cy kupowa\u0142 im buty, a innych, gdy byli biedni, ubiera\u0142 i oddawa\u0142 w\u0142a\u015bcicielom. Dzieciom ociera\u0142 nosy, czy\u015bci\u0142 i spe\u0142nia\u0142 inne uczynki wielkiego mi\u0142osierdzia i mi\u0142o\u015bci&#8221;.<\/p>\n<p>We wszystkich prowadzonych dzie\u0142ach otwarci jeste\u015bmy na pomoc wolontariuszy. Liczymy na osoby energiczne, m\u0142ode, z zapa\u0142em,\u00a0 pr<img loading=\"lazy\" decoding=\"async\" class=\"size-medium wp-image-1712 alignright\" src=\"https:\/\/bonifratrzy.pl\/klasztor-katowice\/wp-content\/uploads\/sites\/8\/2021\/07\/wolontariat-300x234.jpg\" alt=\"\" width=\"300\" height=\"234\" srcset=\"https:\/\/bonifratrzy.pl\/klasztor-katowice\/wp-content\/uploads\/sites\/8\/2021\/07\/wolontariat-300x234.jpg 300w, https:\/\/bonifratrzy.pl\/klasztor-katowice\/wp-content\/uploads\/sites\/8\/2021\/07\/wolontariat-1024x800.jpg 1024w, https:\/\/bonifratrzy.pl\/klasztor-katowice\/wp-content\/uploads\/sites\/8\/2021\/07\/wolontariat-768x600.jpg 768w, https:\/\/bonifratrzy.pl\/klasztor-katowice\/wp-content\/uploads\/sites\/8\/2021\/07\/wolontariat-1536x1201.jpg 1536w, https:\/\/bonifratrzy.pl\/klasztor-katowice\/wp-content\/uploads\/sites\/8\/2021\/07\/wolontariat-2048x1601.jpg 2048w\" sizes=\"(max-width: 300px) 100vw, 300px\" \/>agn\u0105ce zdobywa\u0107 cenne do\u015bwiadczenie, poznawa\u0107 ciekawych ludzi, tw\u00f3rczo si\u0119 rozwija\u0107, poprzez pomoc innym w potrzebie i bycie z nimi.<\/p>\n<p>Wolontariat to\u00a0gotowo\u015b\u0107 i deklaracja niesienia pomocy regularnie przez\u00a0okre\u015blony czas np.\u00a0przez jedn\u0105 lub dwie godziny w tygodniu, a mo\u017ce wi\u0119cej&#8230; Mo\u017ce to by\u0107 te\u017c jednorazowy udzia\u0142 w jakiej\u015b akcji lub jej cykliczne wspieranie.<\/p>\n<p>Pomaga\u0107 mo\u017cna: w\u00a0\u017cyciu codziennym mieszka\u0144c\u00f3w <em>(lektura, modlitwa, rozmowa, dokonywaniu drobnych zakup\u00f3w)<\/em>, w\u00a0organizowaniu im czasu wolnego, <em>(spacerze, organizowanie uroczysto\u015bci, gdy planszowe, zaj\u0119cia plastyczne)<\/em>.<\/p>\n<p>Chodzi o lojaln\u0105, dyskretn\u0105, pe\u0142na empatii pomoc ludziom niezdolnym do normalnego funkcjonowania, z powodu skutk\u00f3w choroby, niedo\u0142\u0119stwa, staro\u015bci.<\/p>\n<p>By zasili\u0107 szeregi wolontariuszy nale\u017cy zg\u0142osi\u0107 swoj\u0105 kandydatur\u0119 telefonicznie, mailowo lub osobi\u015bcie u\u00a0koordynatora wolontariatu w najbli\u017cszym konwencie Bonifratr\u00f3w. On\u00a0zaproponuje termin rozmowy kwalifikacyjnej, a\u00a0w\u00a0razie potrzeby doradzi lub pomo\u017ce wybra\u0107 rodzaj i\u00a0spos\u00f3b realizacji wolontariatu.<\/p>\n<p><img loading=\"lazy\" decoding=\"async\" class=\"wp-image-1713 aligncenter\" src=\"https:\/\/bonifratrzy.pl\/klasztor-katowice\/wp-content\/uploads\/sites\/8\/2021\/07\/ZOSTA\u0143-NASZYM-WOLONTARIUSZEM1-212x300.jpg\" alt=\"\" width=\"625\" height=\"884\" srcset=\"https:\/\/bonifratrzy.pl\/klasztor-katowice\/wp-content\/uploads\/sites\/8\/2021\/07\/ZOSTA\u0143-NASZYM-WOLONTARIUSZEM1-212x300.jpg 212w, https:\/\/bonifratrzy.pl\/klasztor-katowice\/wp-content\/uploads\/sites\/8\/2021\/07\/ZOSTA\u0143-NASZYM-WOLONTARIUSZEM1-724x1024.jpg 724w, https:\/\/bonifratrzy.pl\/klasztor-katowice\/wp-content\/uploads\/sites\/8\/2021\/07\/ZOSTA\u0143-NASZYM-WOLONTARIUSZEM1-768x1086.jpg 768w, https:\/\/bonifratrzy.pl\/klasztor-katowice\/wp-content\/uploads\/sites\/8\/2021\/07\/ZOSTA\u0143-NASZYM-WOLONTARIUSZEM1-1086x1536.jpg 1086w, https:\/\/bonifratrzy.pl\/klasztor-katowice\/wp-content\/uploads\/sites\/8\/2021\/07\/ZOSTA\u0143-NASZYM-WOLONTARIUSZEM1-1448x2048.jpg 1448w, https:\/\/bonifratrzy.pl\/klasztor-katowice\/wp-content\/uploads\/sites\/8\/2021\/07\/ZOSTA\u0143-NASZYM-WOLONTARIUSZEM1.jpg 1587w\" sizes=\"(max-width: 625px) 100vw, 625px\" \/><\/p>\n","protected":false},"excerpt":{"rendered":"<p>Joanna Ponce de Leon za\u015bwiadczy\u0142a: &#8222;Gdy spotyka\u0142 bosych ch\u0142opc\u00f3w Jan Bo\u017cy kupowa\u0142 im buty, a innych, gdy byli biedni, ubiera\u0142 i oddawa\u0142 w\u0142a\u015bcicielom. Dzieciom ociera\u0142 nosy, czy\u015bci\u0142 i spe\u0142nia\u0142 inne uczynki wielkiego mi\u0142osierdzia i mi\u0142o\u015bci&#8221;. We wszystkich prowadzonych dzie\u0142ach otwarci jeste\u015bmy na pomoc wolontariuszy. Liczymy na osoby energiczne, m\u0142ode, z zapa\u0142em,\u00a0 pragn\u0105ce zdobywa\u0107 cenne do\u015bwiadczenie, [&hellip;]<\/p>\n","protected":false},"author":25,"featured_media":0,"parent":1679,"menu_order":6,"comment_status":"closed","ping_status":"closed","template":"","meta":{"footnotes":""},"_links":{"self":[{"href":"https:\/\/bonifratrzy.pl\/klasztor-katowice\/wp-json\/wp\/v2\/pages\/1711"}],"collection":[{"href":"https:\/\/bonifratrzy.pl\/klasztor-katowice\/wp-json\/wp\/v2\/pages"}],"about":[{"href":"https:\/\/bonifratrzy.pl\/klasztor-katowice\/wp-json\/wp\/v2\/types\/page"}],"author":[{"embeddable":true,"href":"https:\/\/bonifratrzy.pl\/klasztor-katowice\/wp-json\/wp\/v2\/users\/25"}],"replies":[{"embeddable":true,"href":"https:\/\/bonifratrzy.pl\/klasztor-katowice\/wp-json\/wp\/v2\/comments?post=1711"}],"version-history":[{"count":3,"href":"https:\/\/bonifratrzy.pl\/klasztor-katowice\/wp-json\/wp\/v2\/pages\/1711\/revisions"}],"predecessor-version":[{"id":1716,"href":"https:\/\/bonifratrzy.pl\/klasztor-katowice\/wp-json\/wp\/v2\/pages\/1711\/revisions\/1716"}],"up":[{"embeddable":true,"href":"https:\/\/bonifratrzy.pl\/klasztor-katowice\/wp-json\/wp\/v2\/pages\/1679"}],"wp:attachment":[{"href":"https:\/\/bonifratrzy.pl\/klasztor-katowice\/wp-json\/wp\/v2\/media?parent=1711"}],"curies":[{"name":"wp","href":"https:\/\/api.w.org\/{rel}","templated":true}]}}