{"id":1706,"date":"2021-07-20T12:21:09","date_gmt":"2021-07-20T10:21:09","guid":{"rendered":"https:\/\/bonifratrzy.pl\/klasztor-katowice\/?page_id=1706"},"modified":"2021-07-20T12:21:54","modified_gmt":"2021-07-20T10:21:54","slug":"kto-moze-byc-pracownikiem-naszych-dziel","status":"publish","type":"page","link":"https:\/\/bonifratrzy.pl\/klasztor-katowice\/wolontariat-bonifraterski\/kto-moze-byc-pracownikiem-naszych-dziel\/","title":{"rendered":"Kto mo\u017ce by\u0107 pracownikiem naszych dzie\u0142?"},"content":{"rendered":"<p>Mieszkaniec Grenady opowiada: &#8222;Gdy schodzili si\u0119 do niego liczni ubodzy, Jan Bo\u017cy postanowi\u0142 wynaj\u0105\u0107 dom przy ulicy Lucena, kt\u00f3ra graniczy z Rybim Targiem i ze zbiornikiem wody. W tym domu, kt\u00f3ry wzi\u0105\u0142 w posiadanie, gromadzi\u0142 wielu ubogich i chorych. Gdy przychodzili tam, poleca\u0142 im si\u0119 spowiada\u0107, a nast\u0119pnie umywa\u0142 im nogi i ca\u0142owa\u0142. Chocia\u017c z pocz\u0105tku legowiska by\u0142y urz\u0105dzone z trawy i sitowia, w miar\u0119 jak zbiera\u0142 wi\u0119ksze ja\u0142mu\u017cny, robi\u0142 coraz lepsze i dobrze wyposa\u017cone \u0142\u00f3\u017cka dla ubogich. Z czasem, zabiega\u0142 nawet, by przynoszonych zzi\u0119bni\u0119tych chorych i umieraj\u0105cych k\u0142adziono do ogrzanych \u0142\u00f3\u017cek. Z tej racji ca\u0142e miasto by\u0142o pe\u0142ne podziwu dla wielkiej mi\u0142o\u015bci s\u0142ugi Bo\u017cego. Nie uwa\u017cano go te\u017c ju\u017c za ob\u0142\u0105kanego&#8221;.<\/p>\n<p>Pracownikiem naszych dzie\u0142, mo\u017ce by\u0107 ka\u017cdy, kto posiada odpowiednie kwalifikacje zawodowe, nadto pragnie s\u0142u\u017cy\u0107 ubogim chorym w duchu szpitalnictwa, charakterystycznym dla Bonifratr\u00f3w. Got\u00f3w jest nadto pog\u0142\u0119bia\u0107 wiedze o charyzmacie zakonu i jego Za\u0142o\u017cyciela, przez udzia\u0142 w dniach skupienia, szkoleniach, rekolekcjach, zjazdach.<\/p>\n<p>&nbsp;<\/p>\n<p><img loading=\"lazy\" decoding=\"async\" class=\"alignnone wp-image-1707 aligncenter\" src=\"https:\/\/bonifratrzy.pl\/klasztor-katowice\/wp-content\/uploads\/sites\/8\/2021\/07\/Myczkowce-300x170.jpg\" alt=\"\" width=\"432\" height=\"245\" srcset=\"https:\/\/bonifratrzy.pl\/klasztor-katowice\/wp-content\/uploads\/sites\/8\/2021\/07\/Myczkowce-300x170.jpg 300w, https:\/\/bonifratrzy.pl\/klasztor-katowice\/wp-content\/uploads\/sites\/8\/2021\/07\/Myczkowce-1024x580.jpg 1024w, https:\/\/bonifratrzy.pl\/klasztor-katowice\/wp-content\/uploads\/sites\/8\/2021\/07\/Myczkowce-768x435.jpg 768w, https:\/\/bonifratrzy.pl\/klasztor-katowice\/wp-content\/uploads\/sites\/8\/2021\/07\/Myczkowce-1536x870.jpg 1536w, https:\/\/bonifratrzy.pl\/klasztor-katowice\/wp-content\/uploads\/sites\/8\/2021\/07\/Myczkowce.jpg 1574w\" sizes=\"(max-width: 432px) 100vw, 432px\" \/><\/p>\n","protected":false},"excerpt":{"rendered":"<p>Mieszkaniec Grenady opowiada: &#8222;Gdy schodzili si\u0119 do niego liczni ubodzy, Jan Bo\u017cy postanowi\u0142 wynaj\u0105\u0107 dom przy ulicy Lucena, kt\u00f3ra graniczy z Rybim Targiem i ze zbiornikiem wody. W tym domu, kt\u00f3ry wzi\u0105\u0142 w posiadanie, gromadzi\u0142 wielu ubogich i chorych. Gdy przychodzili tam, poleca\u0142 im si\u0119 spowiada\u0107, a nast\u0119pnie umywa\u0142 im nogi i ca\u0142owa\u0142. Chocia\u017c z [&hellip;]<\/p>\n","protected":false},"author":25,"featured_media":0,"parent":1679,"menu_order":7,"comment_status":"closed","ping_status":"closed","template":"","meta":{"footnotes":""},"_links":{"self":[{"href":"https:\/\/bonifratrzy.pl\/klasztor-katowice\/wp-json\/wp\/v2\/pages\/1706"}],"collection":[{"href":"https:\/\/bonifratrzy.pl\/klasztor-katowice\/wp-json\/wp\/v2\/pages"}],"about":[{"href":"https:\/\/bonifratrzy.pl\/klasztor-katowice\/wp-json\/wp\/v2\/types\/page"}],"author":[{"embeddable":true,"href":"https:\/\/bonifratrzy.pl\/klasztor-katowice\/wp-json\/wp\/v2\/users\/25"}],"replies":[{"embeddable":true,"href":"https:\/\/bonifratrzy.pl\/klasztor-katowice\/wp-json\/wp\/v2\/comments?post=1706"}],"version-history":[{"count":1,"href":"https:\/\/bonifratrzy.pl\/klasztor-katowice\/wp-json\/wp\/v2\/pages\/1706\/revisions"}],"predecessor-version":[{"id":1708,"href":"https:\/\/bonifratrzy.pl\/klasztor-katowice\/wp-json\/wp\/v2\/pages\/1706\/revisions\/1708"}],"up":[{"embeddable":true,"href":"https:\/\/bonifratrzy.pl\/klasztor-katowice\/wp-json\/wp\/v2\/pages\/1679"}],"wp:attachment":[{"href":"https:\/\/bonifratrzy.pl\/klasztor-katowice\/wp-json\/wp\/v2\/media?parent=1706"}],"curies":[{"name":"wp","href":"https:\/\/api.w.org\/{rel}","templated":true}]}}