{"id":1701,"date":"2021-07-20T12:13:25","date_gmt":"2021-07-20T10:13:25","guid":{"rendered":"https:\/\/bonifratrzy.pl\/klasztor-katowice\/?page_id=1701"},"modified":"2021-07-20T12:15:32","modified_gmt":"2021-07-20T10:15:32","slug":"kto-moze-byc-bonifratrem","status":"publish","type":"page","link":"https:\/\/bonifratrzy.pl\/klasztor-katowice\/wolontariat-bonifraterski\/kto-moze-byc-bonifratrem\/","title":{"rendered":"Kto mo\u017ce by\u0107 bonifratrem?"},"content":{"rendered":"<p>&#8222;\u015awi\u0119ty Jan Bo\u017cy napisa\u0142 w li\u015bcie do swego protektora Guttierre Lasso, zamo\u017cnego ojca rodziny: &#8222;Prawdziw\u0105 Twoj\u0105 trosk\u0105 powinna by\u0107 modlitwa do Boga o dobr\u0105 \u017con\u0119 dla syna. Jest, bowiem jeszcze\u00a0 bardzo m\u0142ody. Oby Pan da\u0142 mu dojrza\u0142y i rozs\u0105dny wyb\u00f3r! Ka\u017cdy powinien wybra\u0107 stan, do kt\u00f3rego B\u00f3g go wzywa. Ojcowie za\u015b i matki nie musz\u0105 zbytnio ani o to martwi\u0107 i k\u0142opota\u0107, ale winni prosi\u0107 Boga, by udzieli\u0142 wszystkim ich dzieciom stanu \u0142aski. Kiedy B\u00f3g zechce, jeden si\u0119 o\u017ceni, a drugi b\u0119dzie odprawia\u0142 Msz\u0119, o tym za\u015b ja nie wiem nic, B\u00f3g wie wszystko.&#8221;<\/p>\n<p>Rozeznanie powo\u0142ania mo\u017cliwe jest dzi\u0119ki \u017cyciu sakramentalnemu, pog\u0142\u0119bionej modlitwie, skoremu pos\u0142usze\u0144stwu S\u0142owu Bo\u017cemu oraz z pomocy kierownika duchowego, z kt\u00f3rego pomocy winien korzysta\u0107 potencjalny kandydat do zakonu.<\/p>\n<p>Pomoc\u0105 w rozeznaniu powo\u0142ania i poznaniu naszej rodziny zakonnej s\u0105 rekolekcje powo\u0142aniowe, organizowane w bonifraterskich konwentach. Opr\u00f3cz wewn\u0119trznego prze\u015bwiadczenia, jakie kandydat nosi w sobie, trzeba spe\u0142ni\u0107 pewne warunki zewn\u0119trzne.<\/p>\n<p>S\u0105 nimi:<\/p>\n<ul>\n<li>posiadanie dobrego zdrowia fizycznego i psychicznego,<img loading=\"lazy\" decoding=\"async\" class=\" wp-image-1699 alignright\" src=\"https:\/\/bonifratrzy.pl\/klasztor-katowice\/wp-content\/uploads\/sites\/8\/2021\/07\/Konwent-Katowice-wsp\u00f3lnota-225x300.jpg\" alt=\"\" width=\"271\" height=\"361\" srcset=\"https:\/\/bonifratrzy.pl\/klasztor-katowice\/wp-content\/uploads\/sites\/8\/2021\/07\/Konwent-Katowice-wsp\u00f3lnota-225x300.jpg 225w, https:\/\/bonifratrzy.pl\/klasztor-katowice\/wp-content\/uploads\/sites\/8\/2021\/07\/Konwent-Katowice-wsp\u00f3lnota-768x1024.jpg 768w, https:\/\/bonifratrzy.pl\/klasztor-katowice\/wp-content\/uploads\/sites\/8\/2021\/07\/Konwent-Katowice-wsp\u00f3lnota-1152x1536.jpg 1152w, https:\/\/bonifratrzy.pl\/klasztor-katowice\/wp-content\/uploads\/sites\/8\/2021\/07\/Konwent-Katowice-wsp\u00f3lnota-1536x2048.jpg 1536w, https:\/\/bonifratrzy.pl\/klasztor-katowice\/wp-content\/uploads\/sites\/8\/2021\/07\/Konwent-Katowice-wsp\u00f3lnota-scaled.jpg 1920w\" sizes=\"(max-width: 271px) 100vw, 271px\" \/><\/li>\n<li>odznaczanie si\u0119 odpowiedni\u0105 dojrza\u0142o\u015bci\u0105 umys\u0142ow\u0105, moraln\u0105 i duchow\u0105,<\/li>\n<li>gotowo\u015b\u0107 s\u0142u\u017cenia ubogim chorym,<\/li>\n<li>pragnienie pog\u0142\u0119biania \u017cycia duchowego,<\/li>\n<li>zdolno\u015b\u0107 do \u017cycia w braterskiej wsp\u00f3lnocie,<\/li>\n<li>szczera wola zachowania \u015blub\u00f3w zakonnych: czysto\u015bci, ub\u00f3stwa, pos\u0142usze\u0144stwa i szpitalnictwa,<\/li>\n<li>ch\u0119\u0107 zg\u0142\u0119biania wiedzy medycznej i zdobycia odpowiednich kwalifikacji,<\/li>\n<li>sta\u0142e d\u0105\u017cenie do zbawienia, drog\u0105 wytyczon\u0105 przez \u015bwi\u0119tego Jana Bo\u017cego, z otwarto\u015bci\u0105 na natchnienia Ducha \u015awi\u0119tego.<\/li>\n<\/ul>\n","protected":false},"excerpt":{"rendered":"<p>&#8222;\u015awi\u0119ty Jan Bo\u017cy napisa\u0142 w li\u015bcie do swego protektora Guttierre Lasso, zamo\u017cnego ojca rodziny: &#8222;Prawdziw\u0105 Twoj\u0105 trosk\u0105 powinna by\u0107 modlitwa do Boga o dobr\u0105 \u017con\u0119 dla syna. Jest, bowiem jeszcze\u00a0 bardzo m\u0142ody. Oby Pan da\u0142 mu dojrza\u0142y i rozs\u0105dny wyb\u00f3r! Ka\u017cdy powinien wybra\u0107 stan, do kt\u00f3rego B\u00f3g go wzywa. Ojcowie za\u015b i matki nie musz\u0105 [&hellip;]<\/p>\n","protected":false},"author":25,"featured_media":0,"parent":1679,"menu_order":8,"comment_status":"closed","ping_status":"closed","template":"","meta":{"footnotes":""},"_links":{"self":[{"href":"https:\/\/bonifratrzy.pl\/klasztor-katowice\/wp-json\/wp\/v2\/pages\/1701"}],"collection":[{"href":"https:\/\/bonifratrzy.pl\/klasztor-katowice\/wp-json\/wp\/v2\/pages"}],"about":[{"href":"https:\/\/bonifratrzy.pl\/klasztor-katowice\/wp-json\/wp\/v2\/types\/page"}],"author":[{"embeddable":true,"href":"https:\/\/bonifratrzy.pl\/klasztor-katowice\/wp-json\/wp\/v2\/users\/25"}],"replies":[{"embeddable":true,"href":"https:\/\/bonifratrzy.pl\/klasztor-katowice\/wp-json\/wp\/v2\/comments?post=1701"}],"version-history":[{"count":2,"href":"https:\/\/bonifratrzy.pl\/klasztor-katowice\/wp-json\/wp\/v2\/pages\/1701\/revisions"}],"predecessor-version":[{"id":1705,"href":"https:\/\/bonifratrzy.pl\/klasztor-katowice\/wp-json\/wp\/v2\/pages\/1701\/revisions\/1705"}],"up":[{"embeddable":true,"href":"https:\/\/bonifratrzy.pl\/klasztor-katowice\/wp-json\/wp\/v2\/pages\/1679"}],"wp:attachment":[{"href":"https:\/\/bonifratrzy.pl\/klasztor-katowice\/wp-json\/wp\/v2\/media?parent=1701"}],"curies":[{"name":"wp","href":"https:\/\/api.w.org\/{rel}","templated":true}]}}