{"id":17,"date":"2016-01-17T18:40:38","date_gmt":"2016-01-17T17:40:38","guid":{"rendered":"https:\/\/bonifratrzy.pl\/klasztor-katowice\/?page_id=17"},"modified":"2025-11-24T20:29:16","modified_gmt":"2025-11-24T19:29:16","slug":"kaplica","status":"publish","type":"page","link":"https:\/\/bonifratrzy.pl\/klasztor-katowice\/prowadzone-dziela\/kaplica\/","title":{"rendered":"Kaplica"},"content":{"rendered":"<p>Kaplica pw. Anio\u0142\u00f3w Str\u00f3\u017c\u00f3w powsta\u0142a w 1872\/4 roku wraz z budow\u0105 Szpitala i Klasztoru Zakonu Bonifratr\u00f3w. Jest najstarszym obiektem sakralnym i szpitalnym w dzielnicy i jednym z trzech najstarszych w mie\u015bcie Katowice.<\/p>\n<p>Ma szczeg\u00f3lne znaczenie dla historii lokalnej. Zachowana bez znacz\u0105cych przer\u00f3bek i przebudowa\u0144 przez ca\u0142y czas \u2013 jedynie w okresie okupacji hitlerowskiej by\u0142a zamkni\u0119ta \u2013 zawsze s\u0142u\u017cy\u0142a mieszka\u0144com Katowic staj\u0105c si\u0119 miejscem szczeg\u00f3lnie wa\u017cnym w \u017cyciu tej g\u00f3rniczej i hutniczej dzielnicy.<\/p>\n<p>Kaplica (wraz z budynkami klasztorno-szpitalnymi) stanowi cz\u0119\u015b\u0107 zespo\u0142u sakralnego ufundowanego przez ks. Leopolda Markiefk\u0119, wybitnego duszpasterza, kt\u00f3ry sprowadzaj\u0105c do Bogucic Bonifratr\u00f3w podni\u00f3s\u0142 cywilizacyjnie &#8211; wyprzedaj\u0105c w tej mierze nawet Katowice &#8211; Bogucice rozwijaj\u0105c opiek\u0119 zdrowotn\u0105 i pomoc spo\u0142eczn\u0105.<\/p>\n<p>Kaplica po przeprowadzonych pracach otwarta jest w godzinach 8:00-19:00 zapewniaj\u0105c swobodny dost\u0119p dla wszystkich zainteresowanych.<\/p>\n<p>Konserwacja Kaplicy jest jednym z pierwszych krok\u00f3w zmierzaj\u0105cych do przywr\u00f3cenia dzielnicy Bogucice nale\u017cnego jej miejsca na mapie Katowic.<\/p>\n<p><a href=\"http:\/www.bonifratrzy.panomedia.pl\/szpital\/index2.html\" target=\"_blank\" rel=\"noopener noreferrer\">zobacz wirtualny spacer\u00a0\u00bb<\/a><\/p>\n","protected":false},"excerpt":{"rendered":"<p>Kaplica pw. Anio\u0142\u00f3w Str\u00f3\u017c\u00f3w powsta\u0142a w 1872\/4 roku wraz z budow\u0105 Szpitala i Klasztoru Zakonu Bonifratr\u00f3w. Jest najstarszym obiektem sakralnym i szpitalnym w dzielnicy i jednym z trzech najstarszych w mie\u015bcie Katowice. Ma szczeg\u00f3lne znaczenie dla historii lokalnej. Zachowana bez znacz\u0105cych przer\u00f3bek i przebudowa\u0144 przez ca\u0142y czas \u2013 jedynie w okresie okupacji hitlerowskiej by\u0142a zamkni\u0119ta [&hellip;]<\/p>\n","protected":false},"author":1,"featured_media":0,"parent":15,"menu_order":21,"comment_status":"closed","ping_status":"closed","template":"","meta":{"footnotes":""},"_links":{"self":[{"href":"https:\/\/bonifratrzy.pl\/klasztor-katowice\/wp-json\/wp\/v2\/pages\/17"}],"collection":[{"href":"https:\/\/bonifratrzy.pl\/klasztor-katowice\/wp-json\/wp\/v2\/pages"}],"about":[{"href":"https:\/\/bonifratrzy.pl\/klasztor-katowice\/wp-json\/wp\/v2\/types\/page"}],"author":[{"embeddable":true,"href":"https:\/\/bonifratrzy.pl\/klasztor-katowice\/wp-json\/wp\/v2\/users\/1"}],"replies":[{"embeddable":true,"href":"https:\/\/bonifratrzy.pl\/klasztor-katowice\/wp-json\/wp\/v2\/comments?post=17"}],"version-history":[{"count":4,"href":"https:\/\/bonifratrzy.pl\/klasztor-katowice\/wp-json\/wp\/v2\/pages\/17\/revisions"}],"predecessor-version":[{"id":2253,"href":"https:\/\/bonifratrzy.pl\/klasztor-katowice\/wp-json\/wp\/v2\/pages\/17\/revisions\/2253"}],"up":[{"embeddable":true,"href":"https:\/\/bonifratrzy.pl\/klasztor-katowice\/wp-json\/wp\/v2\/pages\/15"}],"wp:attachment":[{"href":"https:\/\/bonifratrzy.pl\/klasztor-katowice\/wp-json\/wp\/v2\/media?parent=17"}],"curies":[{"name":"wp","href":"https:\/\/api.w.org\/{rel}","templated":true}]}}