{"id":1691,"date":"2021-07-20T09:19:53","date_gmt":"2021-07-20T07:19:53","guid":{"rendered":"https:\/\/bonifratrzy.pl\/klasztor-katowice\/?page_id=1691"},"modified":"2021-07-20T12:12:40","modified_gmt":"2021-07-20T10:12:40","slug":"dziela-prowadzone-przez-rodzine-szpitalna-w-polsce","status":"publish","type":"page","link":"https:\/\/bonifratrzy.pl\/klasztor-katowice\/wolontariat-bonifraterski\/dziela-prowadzone-przez-rodzine-szpitalna-w-polsce\/","title":{"rendered":"Dzie\u0142a prowadzone przez Rodzin\u0119 Szpitaln\u0105 w Polsce"},"content":{"rendered":"<p><em>&#8222;Przebywaj\u0105ca w Albolet kobieta opowiada: &#8222;Posz\u0142am odpocz\u0105\u0107 do krewnych mego m\u0119\u017ca, \u017cyj\u0105cych blisko szpitala Jana Bo\u017cego. Widzia\u0142am, \u017ce jacy\u015b ludzie stali przy bramie tego szpitala. By\u0142a tam pewna uboga kobieta, kt\u00f3ra w czasie jednego porodu urodzi\u0142a dw\u00f3ch ch\u0142opc\u00f3w. Gdy to si\u0119 dzia\u0142o, zobaczy\u0142am jak jeden z braci z Janem Bo\u017cym wszed\u0142 do szpitala z koszem z uchami. Podszed\u0142 do tej biednej kobiety, daj\u0105c jej pewna sum\u0119 w ja\u0142mu\u017cn\u0119, \u017ceby mog\u0142a sobie jako\u015b poradzi\u0107. Wzi\u0105\u0142 jednego z dw\u00f3ch ch\u0142opc\u00f3w i u\u0142o\u017cy\u0142 go owini\u0119tego w owijaki w koszu i zabra\u0142 go ze sob\u0105 do Grenady, gdzie da\u0142 go znanej sobie rodzinie na wychowanie..&#8221;<\/em><\/p>\n<p>Wraz z Rodzin\u0105 Sz<img loading=\"lazy\" decoding=\"async\" class=\"wp-image-1699 alignright\" src=\"https:\/\/bonifratrzy.pl\/klasztor-katowice\/wp-content\/uploads\/sites\/8\/2021\/07\/Konwent-Katowice-wsp\u00f3lnota-225x300.jpg\" alt=\"\" width=\"276\" height=\"367\" srcset=\"https:\/\/bonifratrzy.pl\/klasztor-katowice\/wp-content\/uploads\/sites\/8\/2021\/07\/Konwent-Katowice-wsp\u00f3lnota-225x300.jpg 225w, https:\/\/bonifratrzy.pl\/klasztor-katowice\/wp-content\/uploads\/sites\/8\/2021\/07\/Konwent-Katowice-wsp\u00f3lnota-768x1024.jpg 768w, https:\/\/bonifratrzy.pl\/klasztor-katowice\/wp-content\/uploads\/sites\/8\/2021\/07\/Konwent-Katowice-wsp\u00f3lnota-1152x1536.jpg 1152w, https:\/\/bonifratrzy.pl\/klasztor-katowice\/wp-content\/uploads\/sites\/8\/2021\/07\/Konwent-Katowice-wsp\u00f3lnota-1536x2048.jpg 1536w, https:\/\/bonifratrzy.pl\/klasztor-katowice\/wp-content\/uploads\/sites\/8\/2021\/07\/Konwent-Katowice-wsp\u00f3lnota-scaled.jpg 1920w\" sizes=\"(max-width: 276px) 100vw, 276px\" \/>pitaln\u0105 Bonifratrzy prowadz\u0105:<\/p>\n<ul>\n<li>szpitale<\/li>\n<li>hospicja stacjonarne i domowe<\/li>\n<li>domy pomocy spo\u0142ecznej<\/li>\n<li>\u015bwietlice i warsztaty \u015brodowiskowe<\/li>\n<li>przychodnie<\/li>\n<li>apteki i zielarnie<\/li>\n<li>domy geriatryczno &#8211; rehabilitacyjne<\/li>\n<li>jad\u0142odajnie<\/li>\n<li>domy dziennego pobytu<\/li>\n<li>centra rehabilitacji<\/li>\n<li>duszpasterstwo w ko\u015bcio\u0142ach i kaplicach<\/li>\n<li>domy formacji zakonnej<\/li>\n<\/ul>\n","protected":false},"excerpt":{"rendered":"<p>&#8222;Przebywaj\u0105ca w Albolet kobieta opowiada: &#8222;Posz\u0142am odpocz\u0105\u0107 do krewnych mego m\u0119\u017ca, \u017cyj\u0105cych blisko szpitala Jana Bo\u017cego. Widzia\u0142am, \u017ce jacy\u015b ludzie stali przy bramie tego szpitala. By\u0142a tam pewna uboga kobieta, kt\u00f3ra w czasie jednego porodu urodzi\u0142a dw\u00f3ch ch\u0142opc\u00f3w. Gdy to si\u0119 dzia\u0142o, zobaczy\u0142am jak jeden z braci z Janem Bo\u017cym wszed\u0142 do szpitala z koszem [&hellip;]<\/p>\n","protected":false},"author":25,"featured_media":0,"parent":1679,"menu_order":9,"comment_status":"closed","ping_status":"closed","template":"","meta":{"footnotes":""},"_links":{"self":[{"href":"https:\/\/bonifratrzy.pl\/klasztor-katowice\/wp-json\/wp\/v2\/pages\/1691"}],"collection":[{"href":"https:\/\/bonifratrzy.pl\/klasztor-katowice\/wp-json\/wp\/v2\/pages"}],"about":[{"href":"https:\/\/bonifratrzy.pl\/klasztor-katowice\/wp-json\/wp\/v2\/types\/page"}],"author":[{"embeddable":true,"href":"https:\/\/bonifratrzy.pl\/klasztor-katowice\/wp-json\/wp\/v2\/users\/25"}],"replies":[{"embeddable":true,"href":"https:\/\/bonifratrzy.pl\/klasztor-katowice\/wp-json\/wp\/v2\/comments?post=1691"}],"version-history":[{"count":5,"href":"https:\/\/bonifratrzy.pl\/klasztor-katowice\/wp-json\/wp\/v2\/pages\/1691\/revisions"}],"predecessor-version":[{"id":1700,"href":"https:\/\/bonifratrzy.pl\/klasztor-katowice\/wp-json\/wp\/v2\/pages\/1691\/revisions\/1700"}],"up":[{"embeddable":true,"href":"https:\/\/bonifratrzy.pl\/klasztor-katowice\/wp-json\/wp\/v2\/pages\/1679"}],"wp:attachment":[{"href":"https:\/\/bonifratrzy.pl\/klasztor-katowice\/wp-json\/wp\/v2\/media?parent=1691"}],"curies":[{"name":"wp","href":"https:\/\/api.w.org\/{rel}","templated":true}]}}