{"id":15,"date":"2016-01-17T18:24:54","date_gmt":"2016-01-17T17:24:54","guid":{"rendered":"https:\/\/bonifratrzy.pl\/klasztor-katowice\/?page_id=15"},"modified":"2018-11-16T13:16:54","modified_gmt":"2018-11-16T12:16:54","slug":"prowadzone-dziela","status":"publish","type":"page","link":"https:\/\/bonifratrzy.pl\/klasztor-katowice\/prowadzone-dziela\/","title":{"rendered":"Prowadzone Dzie\u0142a"},"content":{"rendered":"<a href=\"http:\/\/bonifratrzy.katowice.pl\/\" class=\"su-button su-button-style-default btnlink\" style=\"color:#FFFFFF;background-color:#f6f6f6;border-color:#c5c5c5;border-radius:6px\" target=\"_self\"><span style=\"color:#FFFFFF;padding:0px 18px;font-size:14px;line-height:28px;border-color:#f9f9f9;border-radius:6px;text-shadow:none\"> Szpital pw. Anio\u0142\u00f3w Str\u00f3\u017c\u00f3w w Katowicach<\/span><\/a>\n<a href=\"http:\/\/bonifratrzy.pl\/klasztor-katowice\/sklep-zielarsko-medyczny\/\" class=\"su-button su-button-style-default btnlink\" style=\"color:#FFFFFF;background-color:#f6f6f6;border-color:#c5c5c5;border-radius:6px\" target=\"_self\"><span style=\"color:#FFFFFF;padding:0px 18px;font-size:14px;line-height:28px;border-color:#f9f9f9;border-radius:6px;text-shadow:none\"> Sklep Zielarsko &#8211; Medyczny Zio\u0142a Bonifraterskie <\/span><\/a>\n<a href=\"https:\/\/bonifratrzy.pl\/klasztor-katowice\/prowadzone-dziela\/kaplica\/\" class=\"su-button su-button-style-default btnlink\" style=\"color:#FFFFFF;background-color:#f6f6f6;border-color:#c5c5c5;border-radius:6px\" target=\"_self\"><span style=\"color:#FFFFFF;padding:0px 18px;font-size:14px;line-height:28px;border-color:#f9f9f9;border-radius:6px;text-shadow:none\"> Kaplica<\/span><\/a>\n<a href=\"https:\/\/bonifratrzy.pl\/klasztor-katowice\/prowadzone-dziela\/cmentarz\/\" class=\"su-button su-button-style-default btnlink\" style=\"color:#FFFFFF;background-color:#f6f6f6;border-color:#c5c5c5;border-radius:6px\" target=\"_self\"><span style=\"color:#FFFFFF;padding:0px 18px;font-size:14px;line-height:28px;border-color:#f9f9f9;border-radius:6px;text-shadow:none\"> Cmentarz<\/span><\/a>\n","protected":false},"excerpt":{"rendered":"","protected":false},"author":1,"featured_media":0,"parent":0,"menu_order":19,"comment_status":"closed","ping_status":"closed","template":"","meta":{"footnotes":""},"_links":{"self":[{"href":"https:\/\/bonifratrzy.pl\/klasztor-katowice\/wp-json\/wp\/v2\/pages\/15"}],"collection":[{"href":"https:\/\/bonifratrzy.pl\/klasztor-katowice\/wp-json\/wp\/v2\/pages"}],"about":[{"href":"https:\/\/bonifratrzy.pl\/klasztor-katowice\/wp-json\/wp\/v2\/types\/page"}],"author":[{"embeddable":true,"href":"https:\/\/bonifratrzy.pl\/klasztor-katowice\/wp-json\/wp\/v2\/users\/1"}],"replies":[{"embeddable":true,"href":"https:\/\/bonifratrzy.pl\/klasztor-katowice\/wp-json\/wp\/v2\/comments?post=15"}],"version-history":[{"count":5,"href":"https:\/\/bonifratrzy.pl\/klasztor-katowice\/wp-json\/wp\/v2\/pages\/15\/revisions"}],"predecessor-version":[{"id":1171,"href":"https:\/\/bonifratrzy.pl\/klasztor-katowice\/wp-json\/wp\/v2\/pages\/15\/revisions\/1171"}],"wp:attachment":[{"href":"https:\/\/bonifratrzy.pl\/klasztor-katowice\/wp-json\/wp\/v2\/media?parent=15"}],"curies":[{"name":"wp","href":"https:\/\/api.w.org\/{rel}","templated":true}]}}