{"id":1162,"date":"2018-11-16T13:10:01","date_gmt":"2018-11-16T12:10:01","guid":{"rendered":"https:\/\/bonifratrzy.pl\/klasztor-katowice\/?page_id=1162"},"modified":"2025-03-27T16:59:30","modified_gmt":"2025-03-27T15:59:30","slug":"sklep-zielarsko-medyczny","status":"publish","type":"page","link":"https:\/\/bonifratrzy.pl\/klasztor-katowice\/sklep-zielarsko-medyczny\/","title":{"rendered":"Sklep Zielarsko &#8211; Medyczny KATOWICE"},"content":{"rendered":"<article class=\"uk-article tm-article tm-article-box \">\n<div class=\"tm-article-container \">\n<p><a href=\"http:\/\/produktybonifraterskie.pl\/\"><img decoding=\"async\" src=\"http:\/\/produktybonifraterskie.pl\/images\/produkty_bonifraterskie.jpg\" alt=\"produkty bonifraterskie\" \/><\/a><\/p>\n<p>Z przykro\u015bci\u0105 informujemy, \u017ce<\/p>\n<p>dzia\u0142alno\u015b\u0107 Sklepu Zielarsko-Medycznego ZIO\u0141A BONIFRATERSKIE, mieszcz\u0105cego si\u0119 pod adresem ul. Markiefki 87, 40-211 Katowice, zosta\u0142a zako\u0144czona.<\/p>\n<p>Jednak\u017ce produkty zio\u0142owe Bonifratr\u00f3w s\u0105 nadal dost\u0119pne do zakupu za po\u015brednictwem sklepu internetowego pod adresem:<\/p>\n<p><a href=\"https:\/\/produktybonifraterskie.pl\/sklep\/produkty\/\">https:\/\/produktybonifraterskie.pl\/sklep\/produkty\/<\/a>.<\/p>\n<p><a href=\"https:\/\/apteka.bonifratrzy.pl\">https:\/\/apteka.bonifratrzy.pl<\/a><\/p>\n<p>Dodatkowo, produkty te mo\u017cna naby\u0107 w Aptekach Bonifraterskich.<\/p>\n<p>Oto ich adresy i dane kontaktowe:<\/p>\n<ol>\n<li><strong>Apteka Bonifraterska w Cieszynie<\/strong>\n<ul>\n<li>Adres: ul. pl.\u00a0Ks.\u00a0Londzina 1,43-400 Cieszyn<\/li>\n<li>Telefon: <strong>33 852 02 67<\/strong><\/li>\n<\/ul>\n<\/li>\n<li><strong>Apteka Bonifraterska w \u0141odzi<\/strong>\n<ul>\n<li>Adres: ul. ul.\u00a0Kosynier\u00f3w Gdy\u0144skich 61a, 93-357 \u0141\u00f3d\u017a<\/li>\n<li>Telefon: <strong>42 685 51 23<\/strong><\/li>\n<\/ul>\n<\/li>\n<li><strong>Apteka Bonifraterska w Krakowie<\/strong>\n<ul>\n<li>Adres: ul. ul.\u00a0Krakowska 50, 31-066 Krak\u00f3w<\/li>\n<li>Telefon: <strong>12 426-80-10<\/strong><\/li>\n<\/ul>\n<\/li>\n<li><strong>Apteka Bonifraterska w Warszawie<\/strong>\n<ul>\n<li>Adres: ul. Sapie\u017cy\u0144ska 3, 00-215 Warszawa<\/li>\n<li>Telefon: <strong>729 888 387<\/strong><\/li>\n<\/ul>\n<\/li>\n<\/ol>\n<p>Zach\u0119camy do odwiedzenia aptek oraz sklepu internetowego, aby zakupi\u0107 produkty Bonifraterskie, kt\u00f3re wspomog\u0105 Pa\u0144stwa zdrowie.<\/p>\n<\/div>\n<\/article>\n","protected":false},"excerpt":{"rendered":"<p>Z przykro\u015bci\u0105 informujemy, \u017ce dzia\u0142alno\u015b\u0107 Sklepu Zielarsko-Medycznego ZIO\u0141A BONIFRATERSKIE, mieszcz\u0105cego si\u0119 pod adresem ul. Markiefki 87, 40-211 Katowice, zosta\u0142a zako\u0144czona. Jednak\u017ce produkty zio\u0142owe Bonifratr\u00f3w s\u0105 nadal dost\u0119pne do zakupu za po\u015brednictwem sklepu internetowego pod adresem: https:\/\/produktybonifraterskie.pl\/sklep\/produkty\/. https:\/\/apteka.bonifratrzy.pl Dodatkowo, produkty te mo\u017cna naby\u0107 w Aptekach Bonifraterskich. Oto ich adresy i dane kontaktowe: Apteka Bonifraterska w Cieszynie [&hellip;]<\/p>\n","protected":false},"author":25,"featured_media":0,"parent":0,"menu_order":10,"comment_status":"closed","ping_status":"closed","template":"","meta":{"footnotes":""},"_links":{"self":[{"href":"https:\/\/bonifratrzy.pl\/klasztor-katowice\/wp-json\/wp\/v2\/pages\/1162"}],"collection":[{"href":"https:\/\/bonifratrzy.pl\/klasztor-katowice\/wp-json\/wp\/v2\/pages"}],"about":[{"href":"https:\/\/bonifratrzy.pl\/klasztor-katowice\/wp-json\/wp\/v2\/types\/page"}],"author":[{"embeddable":true,"href":"https:\/\/bonifratrzy.pl\/klasztor-katowice\/wp-json\/wp\/v2\/users\/25"}],"replies":[{"embeddable":true,"href":"https:\/\/bonifratrzy.pl\/klasztor-katowice\/wp-json\/wp\/v2\/comments?post=1162"}],"version-history":[{"count":6,"href":"https:\/\/bonifratrzy.pl\/klasztor-katowice\/wp-json\/wp\/v2\/pages\/1162\/revisions"}],"predecessor-version":[{"id":2154,"href":"https:\/\/bonifratrzy.pl\/klasztor-katowice\/wp-json\/wp\/v2\/pages\/1162\/revisions\/2154"}],"wp:attachment":[{"href":"https:\/\/bonifratrzy.pl\/klasztor-katowice\/wp-json\/wp\/v2\/media?parent=1162"}],"curies":[{"name":"wp","href":"https:\/\/api.w.org\/{rel}","templated":true}]}}