{"id":5,"date":"2016-01-16T22:43:17","date_gmt":"2016-01-16T21:43:17","guid":{"rendered":"https:\/\/bonifratrzy.pl\/klasztor-drohobycz\/?page_id=5"},"modified":"2026-04-27T10:01:34","modified_gmt":"2026-04-27T08:01:34","slug":"o-klasztorze","status":"publish","type":"page","link":"https:\/\/bonifratrzy.pl\/klasztor-drohobycz\/","title":{"rendered":"O klasztorze"},"content":{"rendered":"<h2><span style=\"color: #c71718;\">Klasztor w Drohobyczu pw. Jezusa Dobrego Samarytanina<\/span><\/h2>\n<p>\u015awi\u0119to patronalne: 34 niedziela zwyk\u0142a &#8211; Uroczysto\u015b\u0107 Chrystusa Kr\u00f3la<\/p>\n<h2>Przeor: brat Wawrzyniec OH sac.<\/h2>\n<p><a href=\"http:\/\/bonifratrzy.pl\/klasztor-drohobycz\/wp-content\/uploads\/sites\/6\/2016\/01\/Tomasz-Iwanczuk.jpg\"><img loading=\"lazy\" decoding=\"async\" class=\"alignleft wp-image-68\" src=\"https:\/\/bonifratrzy.pl\/klasztor-drohobycz\/wp-content\/uploads\/sites\/6\/2016\/01\/Tomasz-Iwanczuk-199x300.jpg\" alt=\"Przeor - brat Wawrzyniec OH, sac.\" width=\"110\" height=\"166\" srcset=\"https:\/\/bonifratrzy.pl\/klasztor-drohobycz\/wp-content\/uploads\/sites\/6\/2016\/01\/Tomasz-Iwanczuk-199x300.jpg 199w, https:\/\/bonifratrzy.pl\/klasztor-drohobycz\/wp-content\/uploads\/sites\/6\/2016\/01\/Tomasz-Iwanczuk.jpg 265w\" sizes=\"(max-width: 110px) 100vw, 110px\" \/><\/a><\/p>\n<p><strong>Tomasz Iwa\u0144czuk <\/strong><\/p>\n<p>&nbsp;<\/p>\n<p>wst. 07.01.1997 r., ob\u0142. 28.06.1997 r.,<br \/>\n\u015bl. czas. 29.06.1999 r., \u015bl. wiecz. 24.04.2004 r.,<br \/>\n\u015bwi\u0119cenia kap\u0142a\u0144skie 25.03.2011 r. Krak\u00f3w<\/p>\n<p>&nbsp;<\/p>\n<p><strong>Wsp<\/strong><strong>\u00f3lnot\u0119 zakonn\u0105 tworz\u0105 r\u00f3wnie\u017c:<\/strong><\/p>\n<ul>\n<li>Kazimierz Paniczko OH,<\/li>\n<li>Jan Grande Br\u00f3zda OH,<\/li>\n<li>Jonasz Wojewodzic OH.<\/li>\n<\/ul>\n<p><strong>Kontakt:<\/strong><\/p>\n<p>Archidiecezja Lwowska.<br \/>\nul. Iwana Franka nr 53,<br \/>\n82100 Drohobycz, Ukraina<br \/>\ntel\/fax 00380324433202<br \/>\ne-mail: <a href=\"m&#97;&#x69;&#x6c;t&#111;&#58;&#x62;&#x6f;n&#105;&#102;&#x72;&#x61;t&#114;&#x79;&#x2e;&#x64;r&#111;&#x68;&#x6f;b&#121;&#99;&#x68;&#x40;g&#109;&#97;&#x69;&#x6c;&#46;&#99;&#x6f;&#x6d;\">bonifratry&#46;d&#114;&#111;&#104;&#111;&#98;&#121;&#99;&#104;&#64;&#103;&#109;&#97;&#105;&#108;&#46;&#x63;&#x6f;&#x6d;<\/a><\/p>\n<p style=\"padding-left: 60px;\">&#x70;&#x72;&#x7a;&#x65;&#x6f;&#x72;&#x64;&#x72;&#x6f;&#x68;&#x6f;&#x62;&#x79;&#x63;&#x7a;&#x40;&#x62;&#x6f;&#x6e;&#x69;&#x66;&#x72;&#x61;&#x74;&#x72;&#x7a;&#x79;&#x2e;&#x70;&#x6c;<\/p>\n<p><strong>Prowadzone dzie\u0142a:<\/strong><\/p>\n<ul>\n<li><a href=\"https:\/\/bonifratrzy.pl\/klasztor-drohobycz\/strona-stacji\/stacja-pomocy-socjalnej\/\">Stacja Pomocy Socjalnej<\/a><\/li>\n<\/ul>\n<p style=\"text-align: justify;\">Mo\u017cesz w prosty spos\u00f3b pom\u00f3c ludziom z Ukrainy, finansuj\u0105c zakup niezb\u0119dnych \u015brodk\u00f3w do \u017cycia: produkt\u00f3w spo\u017cywczych, \u015brodk\u00f3w higienicznych i medycznych.\u00a0\u00a0Wp\u0142a\u0107 pieni\u0105dze na konto a reszt\u0119 zrobimy za Ciebie:<\/p>\n<p style=\"text-align: justify;\"><span style=\"color: #000000;\"><b>Kont<\/b><strong>a<\/strong><\/span><b> bankowe:<\/b><\/p>\n<h2><b>Bank Pekao SA<\/b><\/h2>\n<pre><span style=\"float: none; background-color: transparent; color: #333333; font-family: Georgia,'Times New Roman','Bitstream Charter',Times,serif; font-size: 16px; font-style: normal; font-variant: normal; font-weight: 400; letter-spacing: normal; text-align: justify; text-decoration: none; text-indent: 0px;\">Prowincja Polska Zakonu Szpitalnego \u015bw. Jana Bo\u017cego p.w. Zwiastowania NMP; 00-213 Warszawa, ul. Bonifraterska 12<\/span><\/pre>\n<p>PLN: <strong>90 1240 4650 1111 0010 5967 5045<\/strong> z dopiskiem Ukraina<br \/>\nEUR:\u00a0<strong>30 1240 4650 1978 0010 6027 6370<\/strong> z dopiskiem Ukraina<\/p>\n<p>&nbsp;<\/p>\n<table style=\"width: 564px; height: 280px;\">\n<tbody>\n<tr style=\"height: 23px;\">\n<td style=\"width: 390.667px; height: 23px;\">\u00a0<strong style=\"font-family: Consolas, Monaco, monospace; font-size: inherit;\">JSC KREDOBANK<\/strong><span style=\"font-family: Consolas, Monaco, monospace; font-size: inherit;\"> Lviv, Ukraina<\/span><\/td>\n<\/tr>\n<tr style=\"height: 23px;\">\n<td style=\"width: 390.667px; height: 23px;\">\n<pre><strong>MONASTYR IS D SAMARYANYNA<\/strong><\/pre>\n<\/td>\n<\/tr>\n<tr style=\"height: 23px;\">\n<td style=\"width: 390.667px; height: 23px;\">\n<pre>SWIFT: <strong>WUCBUA2X<\/strong><\/pre>\n<\/td>\n<\/tr>\n<tr style=\"height: 53.25px;\">\n<td style=\"width: 390.667px; height: 53.25px;\">\n<pre style=\"text-align: justify;\">IBAN: <strong>UA213253650000000260020001958    waluta PLN\r\n      UA623253650000026008021938594    waluta Dolar<\/strong>\r\n<strong>      UA023253650000026009031938594<\/strong>    <strong>waluta EUR<\/strong>\r\n\r\nAdres banku: <strong>78 SAKHAROVA STREET, LVIV<\/strong><\/pre>\n<\/td>\n<\/tr>\n<\/tbody>\n<\/table>\n","protected":false},"excerpt":{"rendered":"<p>Klasztor w Drohobyczu pw. Jezusa Dobrego Samarytanina \u015awi\u0119to patronalne: 34 niedziela zwyk\u0142a &#8211; Uroczysto\u015b\u0107 Chrystusa Kr\u00f3la Przeor: brat Wawrzyniec OH sac. Tomasz Iwa\u0144czuk &nbsp; wst. 07.01.1997 r., ob\u0142. 28.06.1997 r., \u015bl. czas. 29.06.1999 r., \u015bl. wiecz. 24.04.2004 r., \u015bwi\u0119cenia kap\u0142a\u0144skie 25.03.2011 r. Krak\u00f3w &nbsp; Wsp\u00f3lnot\u0119 zakonn\u0105 tworz\u0105 r\u00f3wnie\u017c: Kazimierz Paniczko OH, Jan Grande Br\u00f3zda OH, [&hellip;]<\/p>\n","protected":false},"author":1,"featured_media":0,"parent":0,"menu_order":39,"comment_status":"closed","ping_status":"closed","template":"page-home.php","meta":{"footnotes":""},"_links":{"self":[{"href":"https:\/\/bonifratrzy.pl\/klasztor-drohobycz\/wp-json\/wp\/v2\/pages\/5"}],"collection":[{"href":"https:\/\/bonifratrzy.pl\/klasztor-drohobycz\/wp-json\/wp\/v2\/pages"}],"about":[{"href":"https:\/\/bonifratrzy.pl\/klasztor-drohobycz\/wp-json\/wp\/v2\/types\/page"}],"author":[{"embeddable":true,"href":"https:\/\/bonifratrzy.pl\/klasztor-drohobycz\/wp-json\/wp\/v2\/users\/1"}],"replies":[{"embeddable":true,"href":"https:\/\/bonifratrzy.pl\/klasztor-drohobycz\/wp-json\/wp\/v2\/comments?post=5"}],"version-history":[{"count":29,"href":"https:\/\/bonifratrzy.pl\/klasztor-drohobycz\/wp-json\/wp\/v2\/pages\/5\/revisions"}],"predecessor-version":[{"id":19668,"href":"https:\/\/bonifratrzy.pl\/klasztor-drohobycz\/wp-json\/wp\/v2\/pages\/5\/revisions\/19668"}],"wp:attachment":[{"href":"https:\/\/bonifratrzy.pl\/klasztor-drohobycz\/wp-json\/wp\/v2\/media?parent=5"}],"curies":[{"name":"wp","href":"https:\/\/api.w.org\/{rel}","templated":true}]}}