{"id":11,"date":"2016-01-16T22:51:44","date_gmt":"2016-01-16T21:51:44","guid":{"rendered":"https:\/\/bonifratrzy.pl\/klasztor-drohobycz\/?page_id=11"},"modified":"2019-07-12T23:12:53","modified_gmt":"2019-07-12T21:12:53","slug":"klasztor-we-lwowie","status":"publish","type":"page","link":"https:\/\/bonifratrzy.pl\/klasztor-drohobycz\/historia-klasztorow-na-ukrainie\/klasztor-we-lwowie\/","title":{"rendered":"Klasztor we Lwowie"},"content":{"rendered":"<p style=\"text-align: justify\"><img loading=\"lazy\" decoding=\"async\" class=\"size-full wp-image-46 alignleft\" src=\"https:\/\/bonifratrzy.pl\/klasztor-drohobycz\/wp-content\/uploads\/sites\/6\/2016\/01\/Klasztor-Lwo\u0301w.jpg\" alt=\"Klasztor Lwo\u0301w\" width=\"400\" height=\"290\" srcset=\"https:\/\/bonifratrzy.pl\/klasztor-drohobycz\/wp-content\/uploads\/sites\/6\/2016\/01\/Klasztor-Lwo\u0301w.jpg 400w, https:\/\/bonifratrzy.pl\/klasztor-drohobycz\/wp-content\/uploads\/sites\/6\/2016\/01\/Klasztor-Lwo\u0301w-300x218.jpg 300w\" sizes=\"(max-width: 400px) 100vw, 400px\" \/><strong>Pierwszy bonifraterski klasztor ze szpitalem we Lwowie<\/strong> powsta\u0142 poza murami miasta w miejscu gdzie r\u00f3s\u0142 d\u0119bowy las, wzd\u0142u\u017c glinianej drogi, obecnej ulicy \u0141yczakowskiej. Jeden z d\u0119b\u00f3w ok.100 &#8211; letni p\u0119k\u0142 ze staro\u015bci. Mieszka\u0144cy umie\u015bcili na nim niewielk\u0105 ikon\u0119\u00a0\u015awi\u0119tego Wawrzy\u0144ca, diakona i m\u0119czennika. Wizerunek zosta\u0142 umieszczone tam z inicjatywy miejscowego rolnika, z czasem sta\u0142 si\u0119 obiektem kultu. W kr\u00f3tkim czasie obraz zas\u0142yn\u0105\u0142 w ca\u0142ej okolicy z cudownych uzdrowie\u0144 z r\u00f3\u017cnych chor\u00f3b. Wok\u00f3\u0142 obrazu zbierali si\u0119 chorzy na suchoty, kt\u00f3rzy sk\u0142adali na kolanach obietnice i przyrzeczenia licz\u0105c na uzdrowienie.<\/p>\n<p style=\"text-align: justify\">W\u00a0 roku 1536, gdy d\u0105b\u00a0\u00a0ca\u0142kowicie\u00a0\u00a0przewr\u00f3ci\u0142 si\u0119 zbudowano z niego drewnian\u0105 kapliczk\u0119 i umieszczono w niej obraz \u015bw. Wawrzy\u0144ca. Kaplic\u0119 przebudowano w ma\u0142y ko\u015bci\u00f3\u0142\u00a0\u00a0na cze\u015b\u0107 \u015awi\u0119tych m\u0119czennik\u00f3w Wawrzy\u0144ca i Szczepana, kt\u00f3ry przetrwa\u0142a a\u017c do roku 1616.\u00a0\u00a0Opiek\u0119 nad nim sprawowa\u0142y Cechy garncarzy i powro\u017anik\u00f3w oraz Kapitu\u0142a ko\u015bcio\u0142a katedralnego.<\/p>\n<p style=\"text-align: justify\"><img loading=\"lazy\" decoding=\"async\" class=\"alignleft wp-image-123 size-medium\" src=\"https:\/\/bonifratrzy.pl\/klasztor-drohobycz\/wp-content\/uploads\/sites\/6\/2016\/01\/Jan-III-Sobieski-fundator-klasztoru-230x300.jpg\" alt=\"Jan III Sobieski fundator klasztoru\" width=\"230\" height=\"300\" srcset=\"https:\/\/bonifratrzy.pl\/klasztor-drohobycz\/wp-content\/uploads\/sites\/6\/2016\/01\/Jan-III-Sobieski-fundator-klasztoru-230x300.jpg 230w, https:\/\/bonifratrzy.pl\/klasztor-drohobycz\/wp-content\/uploads\/sites\/6\/2016\/01\/Jan-III-Sobieski-fundator-klasztoru.jpg 300w\" sizes=\"(max-width: 230px) 100vw, 230px\" \/>Dalsze losy ko\u015bcio\u0142a zmieni\u0142y po\u00a0\u00a019 sierpnia 1659 roku\u00a0 si\u0119 za spraw\u0105\u00a0\u00a0 Jan Sobieskiego, chor\u0105\u017cego wielkiego koronnego i starosty jaworskiego.\u00a0\u00a0Postanowi\u0142 zrobi\u0107 o\u015brodek leczenia swoich \u017co\u0142nierzy. Wi\u0105za\u0142o si\u0119 to z tym \u017ce w polskich si\u0142ach zbrojnych nie by\u0142o o\u015brodk\u00f3w szpitalnych. T\u0105 funkcj\u0119 pe\u0142nili zakonnicy w klasztorach, kt\u00f3rych by\u0142o nadzwyczaj du\u017co. Jan Sobieski wy\u0142o\u017cy\u0142 30 tys. z\u0142., kt\u00f3re przeznaczy\u0142 na budow\u0119 nowego murowanego szpitala dla starych i zas\u0142u\u017conych \u017co\u0142nierzy &#8211; weteran\u00f3w. Potrzebowa\u0142 specjalist\u00f3w w dziedzinie medycyny, kt\u00f3rzy by kierowali plac\u00f3wk\u0105, dlatego te\u017c postanowi\u0142 wybudowa\u0107 klasztor we Lwowie i sprowadzi\u0107 zakonnik\u00f3w pos\u0142uguj\u0105cych chorym ludziom. O pomoc poprosi\u0142 Zakon Szpitalny \u015bw. Jana Bo\u017cego &#8211; Bonifratr\u00f3w z Krakowa, kt\u00f3rzy wydelegowa\u0142y dw\u00f3ch pierwszych braci. Na utrzymanie klasztoru Bonifratrzy otrzymywali dochody ze wsi B\u0142udy, trzech kamienic na ulicy Krakowskiej i kilku innych parcel. Dodatkowo pieni\u0105dze na utrzymanie Konwentu, opr\u00f3cz magistratu miasta, dawa\u0142 abp Jan Tarnawski z Kapitu\u0142\u0105 katedraln\u0105, kt\u00f3rzy przekazali klasztorowi ko\u015bci\u00f3\u0142 z jego dochodami i gruntami. Dzi\u0119ki fundacji Sobieskiego rozpocz\u0119\u0142a si\u0119 budowa nowego kamiennego szpitala i klasztoru. W 1672 r. prostopadle do ko\u015bcio\u0142a dobudowano ma\u0142y budynek klasztorny. Niestety nawa\u0142a turecka zagra\u017caj\u0105ca Europie przerwa\u0142a prace nad nowym kompleksem budowlanym. Budynki Bonifratr\u00f3w zosta\u0142y mocno uszkodzone, gdy\u017c natarcie wojsk tureckich na umocnienia polskie rozpocz\u0119\u0142o si\u0119 od strony miasta, gdzie po\u0142o\u017cony by\u0142 Konwent przy ul. \u0141yczakowskiej. Rozbudow\u0119 wznowiono w roku 1688 po spektakularnym zwyci\u0119stwie polskiego kr\u00f3la Jana III Sobieskiego pod Wiedniem, gdzie ze swoimi wojskami (w tym kozakami ukrai\u0144skimi) pokona\u0142 definitywnie armi\u0119 tureck\u0105. Nadz\u00f3r nad nowym projektem budowlanym kr\u00f3lewskich in\u017cynier\u00f3w Karola Benoit i kapitana Adolfa Boya zosta\u0142 zlecony przez kr\u00f3la ksi\u0119dzu kan. Kazimierzowi Hymniewiczowi.<\/p>\n<p style=\"text-align: justify\"><img loading=\"lazy\" decoding=\"async\" class=\"alignleft wp-image-124 size-thumbnail\" src=\"https:\/\/bonifratrzy.pl\/klasztor-drohobycz\/wp-content\/uploads\/sites\/6\/2016\/01\/4_Herb_Tron_Pamiatek-150x150.jpg\" alt=\"4_Herb_Tron_Pamiatek\" width=\"150\" height=\"150\" \/>W latach 90-tych XVII &#8211; stulecia prawdopodobnie sam Sobieski postanowi\u0142 dokona\u0107 zamian w szpitalu i ko\u015bciele, kt\u00f3re od wewn\u0105trz zosta\u0142y podzielony na 2 pi\u0119trach. Wysok\u0105 wie\u017c\u0119 znajduj\u0105c\u0105 si\u0119 w s\u0105siedztwie budynku rozebrano do poziomu klasztoru. Wok\u00f3\u0142 klasztoru i ko\u015bcio\u0142a umieszczono cmentarza. Na zrealizowanie projektu wydano blisko 100 tys. z\u0142. W roku 1694, kr\u00f3l osobi\u015bcie przyjecha\u0142 zobaczy\u0107 prace wyko\u0144czeniowe i zdobienia budynk\u00f3w, kt\u00f3re wykona\u0142 nadworny mistrz. Ostatecznie prace nad szpitalem i klasztorem zako\u0144czy\u0142y si\u0119 w 1696 r. Niestety kr\u00f3l nie doczeka\u0142 si\u0119 tego momentu, gdy\u017c zmar\u0142 17 czerwca 1696 r. Upami\u0119tniono go jako fundatora dzie\u0142a umieszczaj\u0105c jego herb rodowy nad g\u0142\u00f3wnymi drzwiami wej\u015bciowymi ko\u015bcio\u0142a, kt\u00f3ry jest tam obecny do dnia dzisiejszego.<\/p>\n<p style=\"text-align: justify\"><img loading=\"lazy\" decoding=\"async\" class=\"wp-image-125 size-medium alignleft\" src=\"https:\/\/bonifratrzy.pl\/klasztor-drohobycz\/wp-content\/uploads\/sites\/6\/2016\/01\/szpital-4-300x196.jpg\" alt=\"szpital 4\" width=\"300\" height=\"196\" srcset=\"https:\/\/bonifratrzy.pl\/klasztor-drohobycz\/wp-content\/uploads\/sites\/6\/2016\/01\/szpital-4-300x196.jpg 300w, https:\/\/bonifratrzy.pl\/klasztor-drohobycz\/wp-content\/uploads\/sites\/6\/2016\/01\/szpital-4.jpg 500w\" sizes=\"(max-width: 300px) 100vw, 300px\" \/>W przeci\u0105gu ca\u0142ego XVIII wieku wojskowy szpital i klasztor Zakonu Bonifratr\u00f3w udziela\u0142 ca\u0142y czas pomocy lekarskiej rannym \u017co\u0142nierzom w czasie prowadzonych przez Polsk\u0119 wojen. W roku 1772 nast\u0105pi\u0142 pierwszy rozbi\u00f3r Polski. Lw\u00f3w dosta\u0142 si\u0119 pod rz\u0105dy cesarstwa Austrii. Wojsko austriackie potrzebowa\u0142o szpitali, dlatego konfiskowano klasztory i inne budynki mog\u0105ce nadawa\u0107 si\u0119 na takie plac\u00f3wki. Tak te\u017c i sta\u0142o si\u0119 z Konwentem Zakonu Bonifratr\u00f3w we Lwowie. Pocz\u0105tkowo w\u0142adze austriackie chcia\u0142y przenie\u015b\u0107 braci do klasztoru pijar\u00f3w, gdzie zlokalizowany by\u0142 szpital cywilny, jednak 30 czerwca 1783 r. cesarz austriacki J\u00f3zef II nakaza\u0142 kasat\u0119 Zakonu Bonifratr\u00f3w, uwa\u017caj\u0105c jego dzia\u0142alno\u015b\u0107 za niekorzystn\u0105, a szpital z klasztorem ca\u0142kowicie przesz\u0142y w r\u0119ce armii austriackiej. Szpital otrzyma\u0142 now\u0105 nazw\u0119: 14 Garnizonowego Szpitala w mie\u015bcie Lemberg.<\/p>\n<p style=\"text-align: justify\">W 1840 r. rozbudowano korpus szpitala wzd\u0142u\u017c ulicy. \u0141yczakowskiej, a w 1890 r. dobudowano trzecie pi\u0119tro. W 1897 r. obok szpitala zbudowano magazyn zaopatrzenia polowego.<\/p>\n<p style=\"text-align: justify\">Przeznaczenia i architektura budynk\u00f3w nie zmieni\u0142o si\u0119 w \u017cadnym politycznym ustroju. W 1970 roku, zosta\u0142 wybudowany nowy szpital, a stary z klasztorem zamieniono na magazyny i pomieszczenia gospodarcze.<\/p>\n<h3 style=\"text-align: justify\">Bibliografia:<\/h3>\n<ul>\n<li style=\"text-align: justify\">Ryszard Chanas, Janusz Czerwi\u0144ski, Lw\u00f3w,\u00a0Przewodnik turystyczny, wyd. Ossolineum 1992, Wroc\u0142aw, ISBN 83-04-03913-3<\/li>\n<li style=\"text-align: justify\">Bart\u0142omiej Kaczorowski,\u00a0Zabytki starego Lwowa, wyd. Oficyna Wydawnicza, Warszawa 1990, ISBN 83-85083-02-2<\/li>\n<li style=\"text-align: justify\">Aleksander Medy\u0144ski,\u00a0Lw\u00f3w. Przewodnik dla zwiedzaj\u0105cych miasto, wyd. nak\u0142adem autora, Lw\u00f3w 1937<\/li>\n<li style=\"text-align: justify\">\u0414\u0443\u0445 \u041e.\u00a0\u041a\u043e\u0441\u0442\u0435\u043b \u0441\u0432. \u041b\u0430\u0432\u0440\u0435\u043d\u0442\u0456\u044f. \u0415\u043d\u0446\u0438\u043a\u043b\u043e\u043f\u0435\u0434\u0456\u044f \u041b\u044c\u0432\u043e\u0432a, \u0417\u0430 \u0440\u0435\u0434\u0430\u043a\u0446\u0456\u0454\u044e \u0410. \u041a\u043e\u0437\u0438\u0446\u044c\u043a\u043e\u0433\u043e. \u2014\u00a0\u041b\u044c\u0432\u0456\u0432: \u041b\u0456\u0442\u043e\u043f\u0438\u0441, 2010. \u2014 \u0422. 3. \u2014 \u0421. 520\u2014522. \u2014 ISBN 978-966-7007-99-7.<\/li>\n<li style=\"text-align: justify\">\u041a\u0430\u0447\u043e\u0440 \u0406., \u041a\u0430\u0447\u043e\u0440 \u041b.\u00a0\u041b\u044c\u0432\u0456\u0432 \u043a\u0440\u0456\u0437\u044c \u0432\u0456\u043a\u0438. \u2014 \u041b\u044c\u0432\u0456\u0432: \u0426\u0435\u043d\u0442\u0440 \u0404\u0432\u0440\u043e\u043f\u0438, 2004. \u2014 \u0421. 206, 207. \u2014 ISBN 966-7022-44-7<\/li>\n<\/ul>\n<div class=\"wpmf-gallerys wpmf-gallerys-life \" ><div id=\"gallery-1\" class=\"gallery gallery_life wpmf_gallery_default gallery_default  gallery-columns-5 gallery-size-large gallery-link-file wpmf-has-border-radius-0 wpmf-gutterwidth-5 no_ratio\"><figure class=\"wpmf-gallery-item\" data-index=\"0\"><div class=\"wpmf-gallery-icon\"><div class=\"square_thumbnail\"><div class=\"img_centered\"><a class=\" not_video noLightbox\" data-lightbox=\"1\" data-href=\"https:\/\/bonifratrzy.pl\/klasztor-drohobycz\/wp-content\/uploads\/sites\/6\/2016\/01\/Klasztor-we-Lwowie.jpeg\" title=\"Klasztor we Lwowie\" target=\"_self\" data-index=\"0\"><img decoding=\"async\" class=\"wpmf_img\" alt=\"Klasztor we Lwowie\" src=\"https:\/\/bonifratrzy.pl\/klasztor-drohobycz\/wp-content\/uploads\/sites\/6\/2016\/01\/Klasztor-we-Lwowie.jpeg\" data-type=\"wpmfgalleryimg\" data-lazy-src=\"https:\/\/bonifratrzy.pl\/klasztor-drohobycz\/wp-content\/uploads\/sites\/6\/2016\/01\/Klasztor-we-Lwowie.jpeg\"><\/a><\/div><\/div><\/div><\/figure><figure class=\"wpmf-gallery-item\" data-index=\"1\"><div class=\"wpmf-gallery-icon\"><div class=\"square_thumbnail\"><div class=\"img_centered\"><a class=\" not_video noLightbox\" data-lightbox=\"1\" data-href=\"https:\/\/bonifratrzy.pl\/klasztor-drohobycz\/wp-content\/uploads\/sites\/6\/2016\/05\/DSC08913.jpg\" title=\"DSC08913\" target=\"_self\" data-index=\"1\"><img decoding=\"async\" class=\"wpmf_img\" alt=\"DSC08913\" src=\"https:\/\/bonifratrzy.pl\/klasztor-drohobycz\/wp-content\/uploads\/sites\/6\/2016\/05\/DSC08913.jpg\" data-type=\"wpmfgalleryimg\" data-lazy-src=\"https:\/\/bonifratrzy.pl\/klasztor-drohobycz\/wp-content\/uploads\/sites\/6\/2016\/05\/DSC08913.jpg\"><\/a><\/div><\/div><\/div><\/figure><figure class=\"wpmf-gallery-item\" data-index=\"2\"><div class=\"wpmf-gallery-icon\"><div class=\"square_thumbnail\"><div class=\"img_centered\"><a class=\" not_video noLightbox\" data-lightbox=\"1\" data-href=\"https:\/\/bonifratrzy.pl\/klasztor-drohobycz\/wp-content\/uploads\/sites\/6\/2016\/01\/Zakon-we-Lwowie.jpeg\" title=\"Klasztor we Lwowie\" target=\"_self\" data-index=\"2\"><img decoding=\"async\" class=\"wpmf_img\" alt=\"Klasztor we Lwowie\" src=\"https:\/\/bonifratrzy.pl\/klasztor-drohobycz\/wp-content\/uploads\/sites\/6\/2016\/01\/Zakon-we-Lwowie.jpeg\" data-type=\"wpmfgalleryimg\" data-lazy-src=\"https:\/\/bonifratrzy.pl\/klasztor-drohobycz\/wp-content\/uploads\/sites\/6\/2016\/01\/Zakon-we-Lwowie.jpeg\"><\/a><\/div><\/div><\/div><\/figure><figure class=\"wpmf-gallery-item\" data-index=\"3\"><div class=\"wpmf-gallery-icon\"><div class=\"square_thumbnail\"><div class=\"img_centered\"><a class=\" not_video noLightbox\" data-lightbox=\"1\" data-href=\"https:\/\/bonifratrzy.pl\/klasztor-drohobycz\/wp-content\/uploads\/sites\/6\/2016\/05\/DSC08919.jpg\" title=\"DSC08919\" target=\"_self\" data-index=\"3\"><img decoding=\"async\" class=\"wpmf_img\" alt=\"DSC08919\" src=\"https:\/\/bonifratrzy.pl\/klasztor-drohobycz\/wp-content\/uploads\/sites\/6\/2016\/05\/DSC08919.jpg\" data-type=\"wpmfgalleryimg\" data-lazy-src=\"https:\/\/bonifratrzy.pl\/klasztor-drohobycz\/wp-content\/uploads\/sites\/6\/2016\/05\/DSC08919.jpg\"><\/a><\/div><\/div><\/div><\/figure><figure class=\"wpmf-gallery-item\" data-index=\"4\"><div class=\"wpmf-gallery-icon\"><div class=\"square_thumbnail\"><div class=\"img_centered\"><a class=\" not_video noLightbox\" data-lightbox=\"1\" data-href=\"https:\/\/bonifratrzy.pl\/klasztor-drohobycz\/wp-content\/uploads\/sites\/6\/2016\/01\/Klasztor-we-Lwowie2.jpeg\" title=\"Klasztor we Lwowie2\" target=\"_self\" data-index=\"4\"><img decoding=\"async\" class=\"wpmf_img\" alt=\"Klasztor we Lwowie2\" src=\"https:\/\/bonifratrzy.pl\/klasztor-drohobycz\/wp-content\/uploads\/sites\/6\/2016\/01\/Klasztor-we-Lwowie2.jpeg\" data-type=\"wpmfgalleryimg\" data-lazy-src=\"https:\/\/bonifratrzy.pl\/klasztor-drohobycz\/wp-content\/uploads\/sites\/6\/2016\/01\/Klasztor-we-Lwowie2.jpeg\"><\/a><\/div><\/div><\/div><\/figure><figure class=\"wpmf-gallery-item\" data-index=\"5\"><div class=\"wpmf-gallery-icon\"><div class=\"square_thumbnail\"><div class=\"img_centered\"><a class=\" not_video noLightbox\" data-lightbox=\"1\" data-href=\"https:\/\/bonifratrzy.pl\/klasztor-drohobycz\/wp-content\/uploads\/sites\/6\/2016\/01\/Klasztor-we-Lwowie3.jpeg\" title=\"Klasztor we Lwowie3\" target=\"_self\" data-index=\"5\"><img decoding=\"async\" class=\"wpmf_img\" alt=\"Klasztor we Lwowie3\" src=\"https:\/\/bonifratrzy.pl\/klasztor-drohobycz\/wp-content\/uploads\/sites\/6\/2016\/01\/Klasztor-we-Lwowie3.jpeg\" data-type=\"wpmfgalleryimg\" data-lazy-src=\"https:\/\/bonifratrzy.pl\/klasztor-drohobycz\/wp-content\/uploads\/sites\/6\/2016\/01\/Klasztor-we-Lwowie3.jpeg\"><\/a><\/div><\/div><\/div><\/figure><figure class=\"wpmf-gallery-item\" data-index=\"6\"><div class=\"wpmf-gallery-icon\"><div class=\"square_thumbnail\"><div class=\"img_centered\"><a class=\" not_video noLightbox\" data-lightbox=\"1\" data-href=\"https:\/\/bonifratrzy.pl\/klasztor-drohobycz\/wp-content\/uploads\/sites\/6\/2016\/05\/DSC08914.jpg\" title=\"DSC08914\" target=\"_self\" data-index=\"6\"><img decoding=\"async\" class=\"wpmf_img\" alt=\"DSC08914\" src=\"https:\/\/bonifratrzy.pl\/klasztor-drohobycz\/wp-content\/uploads\/sites\/6\/2016\/05\/DSC08914.jpg\" data-type=\"wpmfgalleryimg\" data-lazy-src=\"https:\/\/bonifratrzy.pl\/klasztor-drohobycz\/wp-content\/uploads\/sites\/6\/2016\/05\/DSC08914.jpg\"><\/a><\/div><\/div><\/div><\/figure><figure class=\"wpmf-gallery-item\" data-index=\"7\"><div class=\"wpmf-gallery-icon\"><div class=\"square_thumbnail\"><div class=\"img_centered\"><a class=\" not_video noLightbox\" data-lightbox=\"1\" data-href=\"https:\/\/bonifratrzy.pl\/klasztor-drohobycz\/wp-content\/uploads\/sites\/6\/2016\/05\/DSC08916.jpg\" title=\"DSC08916\" target=\"_self\" data-index=\"7\"><img decoding=\"async\" class=\"wpmf_img\" alt=\"DSC08916\" src=\"https:\/\/bonifratrzy.pl\/klasztor-drohobycz\/wp-content\/uploads\/sites\/6\/2016\/05\/DSC08916.jpg\" data-type=\"wpmfgalleryimg\" data-lazy-src=\"https:\/\/bonifratrzy.pl\/klasztor-drohobycz\/wp-content\/uploads\/sites\/6\/2016\/05\/DSC08916.jpg\"><\/a><\/div><\/div><\/div><\/figure><\/div><\/div>\n","protected":false},"excerpt":{"rendered":"<p>Pierwszy bonifraterski klasztor ze szpitalem we Lwowie powsta\u0142 poza murami miasta w miejscu gdzie r\u00f3s\u0142 d\u0119bowy las, wzd\u0142u\u017c glinianej drogi, obecnej ulicy \u0141yczakowskiej. Jeden z d\u0119b\u00f3w ok.100 &#8211; letni p\u0119k\u0142 ze staro\u015bci. Mieszka\u0144cy umie\u015bcili na nim niewielk\u0105 ikon\u0119\u00a0\u015awi\u0119tego Wawrzy\u0144ca, diakona i m\u0119czennika. Wizerunek zosta\u0142 umieszczone tam z inicjatywy miejscowego rolnika, z czasem sta\u0142 si\u0119 obiektem [&hellip;]<\/p>\n","protected":false},"author":1,"featured_media":0,"parent":7,"menu_order":34,"comment_status":"closed","ping_status":"closed","template":"","meta":{"footnotes":""},"_links":{"self":[{"href":"https:\/\/bonifratrzy.pl\/klasztor-drohobycz\/wp-json\/wp\/v2\/pages\/11"}],"collection":[{"href":"https:\/\/bonifratrzy.pl\/klasztor-drohobycz\/wp-json\/wp\/v2\/pages"}],"about":[{"href":"https:\/\/bonifratrzy.pl\/klasztor-drohobycz\/wp-json\/wp\/v2\/types\/page"}],"author":[{"embeddable":true,"href":"https:\/\/bonifratrzy.pl\/klasztor-drohobycz\/wp-json\/wp\/v2\/users\/1"}],"replies":[{"embeddable":true,"href":"https:\/\/bonifratrzy.pl\/klasztor-drohobycz\/wp-json\/wp\/v2\/comments?post=11"}],"version-history":[{"count":3,"href":"https:\/\/bonifratrzy.pl\/klasztor-drohobycz\/wp-json\/wp\/v2\/pages\/11\/revisions"}],"predecessor-version":[{"id":4279,"href":"https:\/\/bonifratrzy.pl\/klasztor-drohobycz\/wp-json\/wp\/v2\/pages\/11\/revisions\/4279"}],"up":[{"embeddable":true,"href":"https:\/\/bonifratrzy.pl\/klasztor-drohobycz\/wp-json\/wp\/v2\/pages\/7"}],"wp:attachment":[{"href":"https:\/\/bonifratrzy.pl\/klasztor-drohobycz\/wp-json\/wp\/v2\/media?parent=11"}],"curies":[{"name":"wp","href":"https:\/\/api.w.org\/{rel}","templated":true}]}}