{"id":11,"date":"2016-01-16T17:50:09","date_gmt":"2016-01-16T16:50:09","guid":{"rendered":"https:\/\/bonifratrzy.pl\/klasztor-cieszyn\/?page_id=11"},"modified":"2022-09-05T14:24:26","modified_gmt":"2022-09-05T12:24:26","slug":"kontakt","status":"publish","type":"page","link":"https:\/\/bonifratrzy.pl\/klasztor-cieszyn\/kontakt\/","title":{"rendered":"Kontakt"},"content":{"rendered":"<p><strong>Klasztor Zakonu Bonifratr\u00f3w w Cieszynie<\/strong><br \/>\n<strong> p.w. Wniebowzi\u0119cia Naj\u015bwi\u0119tszej Maryi Panny<\/strong><\/p>\n<p>43-400 Cieszyn, pl. ks. J\u00f3zefa Londzina 1,<\/p>\n<p><strong>NIP:<span class=\"mat-select-value-text ng-tns-c33-48 ng-star-inserted\"><span class=\"nrb\"><span class=\"end\">\u00a0 548-227-82-73<\/span><\/span><\/span><\/strong><\/p>\n<p>Rachunek bankowy: ING <span class=\"mat-select-value-text ng-tns-c33-48 ng-star-inserted\"><span class=\"nrb\"><span class=\"end\"><span class=\"details ng-binding\" data-ng-bind=\"account.number | iban\">16 1050 1083 1000 0023 1642 5269<\/span><\/span><\/span><\/span><\/p>\n<p>Tel.: 33\/ 852 05 62,<br \/>\nTel. kom. +48 518 171 007<\/p>\n<p>E-mail: <a href=\"&#109;&#x61;&#x69;l&#116;&#x6f;:&#107;&#x6f;&#x6e;&#119;&#x65;&#x6e;t&#99;&#x69;e&#115;&#x7a;&#x79;&#110;&#x40;&#x62;o&#110;&#x69;f&#114;&#x61;&#x74;&#114;&#x7a;&#x79;&#46;&#112;&#x6c;\">k&#111;&#110;&#x77;&#x65;&#x6e;t&#99;&#105;&#x65;&#x73;&#x7a;yn&#64;&#x62;&#x6f;&#x6e;if&#114;&#97;&#x74;&#x72;&#x7a;y&#46;&#112;&#x6c;<\/a><\/p>\n<p>&nbsp;<\/p>\n<div class=\"su-gmap su-u-responsive-media-yes\"><iframe loading=\"lazy\" width=\"820\" height=\"400\" src=\"\/\/maps.google.com\/maps?q=pl.%20ks.%20Londzina%201%2C%2043-400%20Cieszyn&amp;output=embed\" title=\"\"><\/iframe><\/div>\n<h1 class=\"cl-r art_title\"><\/h1>\n<div id=\"fragment\"><\/div>\n","protected":false},"excerpt":{"rendered":"<p>Klasztor Zakonu Bonifratr\u00f3w w Cieszynie p.w. Wniebowzi\u0119cia Naj\u015bwi\u0119tszej Maryi Panny 43-400 Cieszyn, pl. ks. J\u00f3zefa Londzina 1, NIP:\u00a0 548-227-82-73 Rachunek bankowy: ING 16 1050 1083 1000 0023 1642 5269 Tel.: 33\/ 852 05 62, Tel. kom. +48 518 171 007 E-mail: &#x6b;&#x6f;&#x6e;&#x77;&#101;&#110;&#116;ci&#x65;&#x73;&#x7a;&#x79;&#x6e;&#64;&#98;&#111;ni&#x66;&#x72;&#x61;&#x74;&#x72;&#122;&#121;&#46;pl &nbsp;<\/p>\n","protected":false},"author":1,"featured_media":0,"parent":0,"menu_order":2,"comment_status":"closed","ping_status":"closed","template":"","meta":{"footnotes":""},"_links":{"self":[{"href":"https:\/\/bonifratrzy.pl\/klasztor-cieszyn\/wp-json\/wp\/v2\/pages\/11"}],"collection":[{"href":"https:\/\/bonifratrzy.pl\/klasztor-cieszyn\/wp-json\/wp\/v2\/pages"}],"about":[{"href":"https:\/\/bonifratrzy.pl\/klasztor-cieszyn\/wp-json\/wp\/v2\/types\/page"}],"author":[{"embeddable":true,"href":"https:\/\/bonifratrzy.pl\/klasztor-cieszyn\/wp-json\/wp\/v2\/users\/1"}],"replies":[{"embeddable":true,"href":"https:\/\/bonifratrzy.pl\/klasztor-cieszyn\/wp-json\/wp\/v2\/comments?post=11"}],"version-history":[{"count":10,"href":"https:\/\/bonifratrzy.pl\/klasztor-cieszyn\/wp-json\/wp\/v2\/pages\/11\/revisions"}],"predecessor-version":[{"id":2516,"href":"https:\/\/bonifratrzy.pl\/klasztor-cieszyn\/wp-json\/wp\/v2\/pages\/11\/revisions\/2516"}],"wp:attachment":[{"href":"https:\/\/bonifratrzy.pl\/klasztor-cieszyn\/wp-json\/wp\/v2\/media?parent=11"}],"curies":[{"name":"wp","href":"https:\/\/api.w.org\/{rel}","templated":true}]}}