










{"id":28,"date":"2021-10-28T12:49:47","date_gmt":"2021-10-28T10:49:47","guid":{"rendered":"https:\/\/bonifratrzy.pl\/jubileusz\/?page_id=28"},"modified":"2021-12-14T16:03:11","modified_gmt":"2021-12-14T15:03:11","slug":"wprowadzenie","status":"publish","type":"page","link":"https:\/\/bonifratrzy.pl\/jubileusz\/","title":{"rendered":"Wprowadzenie"},"content":{"rendered":"\n<div class=\"wp-block-columns are-vertically-aligned-top is-layout-flex wp-container-core-columns-is-layout-1 wp-block-columns-is-layout-flex\">\n<div class=\"wp-block-column is-vertically-aligned-top is-layout-flow wp-block-column-is-layout-flow\" style=\"flex-basis:60%\">\n<h2 class=\"wp-block-heading\">Co \u015bwi\u0119tujemy<\/h2>\n\n\n\n<p><strong>W 2022 roku przypadaj\u0105 dwie wa\u017cne dla Bonifratr\u00f3w rocznice: 450-lecie zatwierdzenia Bractwa Szpitalnego \u015bw. Jana Bo\u017cego przez papie\u017ca \u015bw. Piusa V, a tak\u017ce 100-lecie reaktywacji Polskiej Prowincji Zakonu Szpitalnego \u015bw. Jana Bo\u017cego zwyczajowo zwanego Zakonem Bonifratr\u00f3w.\u00a0\u00a0<\/strong><\/p>\n\n\n\n<p>Losy polskich bonifratr\u00f3w splot\u0142y si\u0119 z losami ca\u0142ego kraju. Bujny rozw\u00f3j plac\u00f3wek zlokalizowanych w ca\u0142ej dawnej Rzeczpospolitej, jaki przypad\u0142 na XVII i XVIII wieku, zosta\u0142 zatrzymany przez rozbiory Polski i kasaty maj\u0105tk\u00f3w ko\u015bcielnych, przeprowadzone przez zaborc\u00f3w. Zlikwidowano w\u00f3wczas wiele o\u015brodk\u00f3w bonifraterskich i przesta\u0142a istnie\u0107 prowincja polsko-litewska pw. Zwiastowania Naj\u015bwi\u0119tszej Maryi Panny. Ocala\u0142y jedynie klasztory w Krakowie i Zebrzydowicach, kt\u00f3re przesz\u0142y pod jurysdykcj\u0119 prowincji austriacko-czeskiej. Bracia nie zaprzestali jednak dzia\u0142alno\u015bci medycznej, charytatywnej i spo\u0142ecznej, prowadz\u0105c nadal swoje o\u015brodki i pomagaj\u0105c wielu osobom. Dopiero przemiany polityczno-spo\u0142eczne i odzyskanie przez Polsk\u0119 niepodleg\u0142o\u015bci w 1918 roku, a tak\u017ce zmiana granic po I\u00a0 wojnie \u015bwiatowej doprowadzi\u0142y do odrodzenia si\u0119 Polskiej Prowincji Zakonu Bonifratr\u00f3w.<\/p>\n\n\n\n<p>Po kilkuletnich zabiegach, dzi\u0119ki wsparciu w\u0142adz zakonnych i przy aprobacie Watykanu, ostatecznie w 1922 roku dokonano reaktywacji Polskiej Prowincji, w sk\u0142ad kt\u00f3rej wesz\u0142y konwenty w\u202fKrakowie, Zebrzydowicach, Cieszynie, Katowicach-Bogucicach i\u202fMarysinie. <br>W 1924 roku bonifratrzy powr\u00f3cili r\u00f3wnie\u017c do Wilna. Innych konwent\u00f3w nie uda\u0142o si\u0119 w\u202fokresie mi\u0119dzywojennym odzyska\u0107, ale powsta\u0142y nowe: w 1923 roku bracia podj\u0119li si\u0119 prowadzenia zak\u0142adu dla chorych w Iwoniczu, a w 1924 roku zacz\u0119li tworzy\u0107 plac\u00f3wk\u0119 <br>w \u0141odzi. Jeszcze przed reaktywowaniem prowincji konwent krakowski zakupi\u0142 w\u202f1913 roku folwark na Zielonej (ko\u0142o Krakowa), kt\u00f3ry w 1937 roku sta\u0142 si\u0119 konwentem filialnym, a\u202fw\u202f1950 roku zosta\u0142 odr\u0119bn\u0105 plac\u00f3wk\u0105.&nbsp;&nbsp; <\/p>\n\n\n\n<p>Polscy bonifratrzy pos\u0142uguj\u0105 obecnie w szpitalach, przychodniach, aptekach, hospicjach, domach pomocy spo\u0142ecznej i innych o\u015brodkach wsparcia w Cieszynie, Iwoniczu, Katowicach, Konarach, Krakowie, \u0141odzi, Piaskach-Marysinie, Prudniku, Warszawie, Wroc\u0142awiu, Zakopanem, Z\u0105bkowicach \u015al\u0105skich, Zebrzydowicach, a tak\u017ce w Drohobyczu na Ukrainie, w Nazarecie w Izraelu, w Rzymie i Bresci we W\u0142oszech oraz w Mi\u0144sku na Bia\u0142orusi.<\/p>\n<\/div>\n\n\n\n<div class=\"wp-block-column is-vertically-aligned-top is-layout-flow wp-block-column-is-layout-flow\" style=\"flex-basis:40%\">\n<div style=\"height:60px\" aria-hidden=\"true\" class=\"wp-block-spacer\"><\/div>\n\n\n\n<div class=\"wp-block-image\"><figure class=\"alignright size-full\"><img loading=\"lazy\" decoding=\"async\" width=\"582\" height=\"678\" src=\"https:\/\/bonifratrzy.pl\/jubileusz\/wp-content\/uploads\/2021\/10\/photos-mix.png\" alt=\"\" class=\"wp-image-53\"\/><\/figure><\/div>\n<\/div>\n<\/div>\n","protected":false},"excerpt":{"rendered":"<p>Co \u015bwi\u0119tujemy W 2022 roku przypadaj\u0105 dwie wa\u017cne dla Bonifratr\u00f3w rocznice: 450-lecie zatwierdzenia Bractwa Szpitalnego \u015bw. Jana Bo\u017cego przez papie\u017ca \u015bw. Piusa V, a tak\u017ce 100-lecie reaktywacji Polskiej Prowincji Zakonu Szpitalnego \u015bw. Jana Bo\u017cego zwyczajowo zwanego Zakonem Bonifratr\u00f3w.\u00a0\u00a0 Losy polskich bonifratr\u00f3w splot\u0142y si\u0119 z losami ca\u0142ego kraju. Bujny rozw\u00f3j plac\u00f3wek zlokalizowanych w ca\u0142ej dawnej Rzeczpospolitej, [&hellip;]<\/p>\n","protected":false},"author":3,"featured_media":0,"parent":0,"menu_order":2,"comment_status":"closed","ping_status":"closed","template":"page-home.php","meta":{"_acf_changed":false,"footnotes":""},"class_list":["post-28","page","type-page","status-publish","hentry"],"acf":[],"yoast_head":"<!-- This site is optimized with the Yoast SEO plugin v26.7 - https:\/\/yoast.com\/wordpress\/plugins\/seo\/ -->\n<title>Wprowadzenie - Jubileusz 100- lecia reaktywacji Prowincji Polskiej Zakonu Bonifratr\u00f3w<\/title>\n<meta name=\"robots\" content=\"index, follow, max-snippet:-1, max-image-preview:large, max-video-preview:-1\" \/>\n<link rel=\"canonical\" href=\"https:\/\/bonifratrzy.pl\/jubileusz\/\" \/>\n<meta property=\"og:locale\" content=\"pl_PL\" \/>\n<meta property=\"og:type\" content=\"article\" \/>\n<meta property=\"og:title\" content=\"Wprowadzenie - Jubileusz 100- lecia reaktywacji Prowincji Polskiej Zakonu Bonifratr\u00f3w\" \/>\n<meta property=\"og:description\" content=\"Co \u015bwi\u0119tujemy W 2022 roku przypadaj\u0105 dwie wa\u017cne dla Bonifratr\u00f3w rocznice: 450-lecie zatwierdzenia Bractwa Szpitalnego \u015bw. Jana Bo\u017cego przez papie\u017ca \u015bw. Piusa V, a tak\u017ce 100-lecie reaktywacji Polskiej Prowincji Zakonu Szpitalnego \u015bw. Jana Bo\u017cego zwyczajowo zwanego Zakonem Bonifratr\u00f3w.\u00a0\u00a0 Losy polskich bonifratr\u00f3w splot\u0142y si\u0119 z losami ca\u0142ego kraju. Bujny rozw\u00f3j plac\u00f3wek zlokalizowanych w ca\u0142ej dawnej Rzeczpospolitej, [&hellip;]\" \/>\n<meta property=\"og:url\" content=\"https:\/\/bonifratrzy.pl\/jubileusz\/\" \/>\n<meta property=\"og:site_name\" content=\"Jubileusz 100- lecia reaktywacji Prowincji Polskiej Zakonu Bonifratr\u00f3w\" \/>\n<meta property=\"article:modified_time\" content=\"2021-12-14T15:03:11+00:00\" \/>\n<meta property=\"og:image\" content=\"https:\/\/bonifratrzy.pl\/jubileusz\/wp-content\/uploads\/2021\/10\/photos-mix.png\" \/>\n<meta name=\"twitter:card\" content=\"summary_large_image\" \/>\n<meta name=\"twitter:label1\" content=\"Szacowany czas czytania\" \/>\n\t<meta name=\"twitter:data1\" content=\"2 minuty\" \/>\n<script type=\"application\/ld+json\" class=\"yoast-schema-graph\">{\"@context\":\"https:\/\/schema.org\",\"@graph\":[{\"@type\":\"WebPage\",\"@id\":\"https:\/\/bonifratrzy.pl\/jubileusz\/\",\"url\":\"https:\/\/bonifratrzy.pl\/jubileusz\/\",\"name\":\"Wprowadzenie - Jubileusz 100- lecia reaktywacji Prowincji Polskiej Zakonu Bonifratr\u00f3w\",\"isPartOf\":{\"@id\":\"https:\/\/bonifratrzy.pl\/jubileusz\/#website\"},\"primaryImageOfPage\":{\"@id\":\"https:\/\/bonifratrzy.pl\/jubileusz\/#primaryimage\"},\"image\":{\"@id\":\"https:\/\/bonifratrzy.pl\/jubileusz\/#primaryimage\"},\"thumbnailUrl\":\"https:\/\/bonifratrzy.pl\/jubileusz\/wp-content\/uploads\/2021\/10\/photos-mix.png\",\"datePublished\":\"2021-10-28T10:49:47+00:00\",\"dateModified\":\"2021-12-14T15:03:11+00:00\",\"breadcrumb\":{\"@id\":\"https:\/\/bonifratrzy.pl\/jubileusz\/#breadcrumb\"},\"inLanguage\":\"pl-PL\",\"potentialAction\":[{\"@type\":\"ReadAction\",\"target\":[\"https:\/\/bonifratrzy.pl\/jubileusz\/\"]}]},{\"@type\":\"ImageObject\",\"inLanguage\":\"pl-PL\",\"@id\":\"https:\/\/bonifratrzy.pl\/jubileusz\/#primaryimage\",\"url\":\"https:\/\/bonifratrzy.pl\/jubileusz\/wp-content\/uploads\/2021\/10\/photos-mix.png\",\"contentUrl\":\"https:\/\/bonifratrzy.pl\/jubileusz\/wp-content\/uploads\/2021\/10\/photos-mix.png\",\"width\":582,\"height\":678},{\"@type\":\"BreadcrumbList\",\"@id\":\"https:\/\/bonifratrzy.pl\/jubileusz\/#breadcrumb\",\"itemListElement\":[{\"@type\":\"ListItem\",\"position\":1,\"name\":\"Home\",\"item\":\"https:\/\/bonifratrzy.pl\/jubileusz\/\"},{\"@type\":\"ListItem\",\"position\":2,\"name\":\"Wprowadzenie\"}]},{\"@type\":\"WebSite\",\"@id\":\"https:\/\/bonifratrzy.pl\/jubileusz\/#website\",\"url\":\"https:\/\/bonifratrzy.pl\/jubileusz\/\",\"name\":\"Jubileusz 100- lecia reaktywacji Prowincji Polskiej Zakonu Bonifratr\u00f3w\",\"description\":\"\",\"potentialAction\":[{\"@type\":\"SearchAction\",\"target\":{\"@type\":\"EntryPoint\",\"urlTemplate\":\"https:\/\/bonifratrzy.pl\/jubileusz\/?s={search_term_string}\"},\"query-input\":{\"@type\":\"PropertyValueSpecification\",\"valueRequired\":true,\"valueName\":\"search_term_string\"}}],\"inLanguage\":\"pl-PL\"}]}<\/script>\n<!-- \/ Yoast SEO plugin. -->","yoast_head_json":{"title":"Wprowadzenie - Jubileusz 100- lecia reaktywacji Prowincji Polskiej Zakonu Bonifratr\u00f3w","robots":{"index":"index","follow":"follow","max-snippet":"max-snippet:-1","max-image-preview":"max-image-preview:large","max-video-preview":"max-video-preview:-1"},"canonical":"https:\/\/bonifratrzy.pl\/jubileusz\/","og_locale":"pl_PL","og_type":"article","og_title":"Wprowadzenie - Jubileusz 100- lecia reaktywacji Prowincji Polskiej Zakonu Bonifratr\u00f3w","og_description":"Co \u015bwi\u0119tujemy W 2022 roku przypadaj\u0105 dwie wa\u017cne dla Bonifratr\u00f3w rocznice: 450-lecie zatwierdzenia Bractwa Szpitalnego \u015bw. Jana Bo\u017cego przez papie\u017ca \u015bw. Piusa V, a tak\u017ce 100-lecie reaktywacji Polskiej Prowincji Zakonu Szpitalnego \u015bw. Jana Bo\u017cego zwyczajowo zwanego Zakonem Bonifratr\u00f3w.\u00a0\u00a0 Losy polskich bonifratr\u00f3w splot\u0142y si\u0119 z losami ca\u0142ego kraju. Bujny rozw\u00f3j plac\u00f3wek zlokalizowanych w ca\u0142ej dawnej Rzeczpospolitej, [&hellip;]","og_url":"https:\/\/bonifratrzy.pl\/jubileusz\/","og_site_name":"Jubileusz 100- lecia reaktywacji Prowincji Polskiej Zakonu Bonifratr\u00f3w","article_modified_time":"2021-12-14T15:03:11+00:00","og_image":[{"url":"https:\/\/bonifratrzy.pl\/jubileusz\/wp-content\/uploads\/2021\/10\/photos-mix.png","type":"","width":"","height":""}],"twitter_card":"summary_large_image","twitter_misc":{"Szacowany czas czytania":"2 minuty"},"schema":{"@context":"https:\/\/schema.org","@graph":[{"@type":"WebPage","@id":"https:\/\/bonifratrzy.pl\/jubileusz\/","url":"https:\/\/bonifratrzy.pl\/jubileusz\/","name":"Wprowadzenie - Jubileusz 100- lecia reaktywacji Prowincji Polskiej Zakonu Bonifratr\u00f3w","isPartOf":{"@id":"https:\/\/bonifratrzy.pl\/jubileusz\/#website"},"primaryImageOfPage":{"@id":"https:\/\/bonifratrzy.pl\/jubileusz\/#primaryimage"},"image":{"@id":"https:\/\/bonifratrzy.pl\/jubileusz\/#primaryimage"},"thumbnailUrl":"https:\/\/bonifratrzy.pl\/jubileusz\/wp-content\/uploads\/2021\/10\/photos-mix.png","datePublished":"2021-10-28T10:49:47+00:00","dateModified":"2021-12-14T15:03:11+00:00","breadcrumb":{"@id":"https:\/\/bonifratrzy.pl\/jubileusz\/#breadcrumb"},"inLanguage":"pl-PL","potentialAction":[{"@type":"ReadAction","target":["https:\/\/bonifratrzy.pl\/jubileusz\/"]}]},{"@type":"ImageObject","inLanguage":"pl-PL","@id":"https:\/\/bonifratrzy.pl\/jubileusz\/#primaryimage","url":"https:\/\/bonifratrzy.pl\/jubileusz\/wp-content\/uploads\/2021\/10\/photos-mix.png","contentUrl":"https:\/\/bonifratrzy.pl\/jubileusz\/wp-content\/uploads\/2021\/10\/photos-mix.png","width":582,"height":678},{"@type":"BreadcrumbList","@id":"https:\/\/bonifratrzy.pl\/jubileusz\/#breadcrumb","itemListElement":[{"@type":"ListItem","position":1,"name":"Home","item":"https:\/\/bonifratrzy.pl\/jubileusz\/"},{"@type":"ListItem","position":2,"name":"Wprowadzenie"}]},{"@type":"WebSite","@id":"https:\/\/bonifratrzy.pl\/jubileusz\/#website","url":"https:\/\/bonifratrzy.pl\/jubileusz\/","name":"Jubileusz 100- lecia reaktywacji Prowincji Polskiej Zakonu Bonifratr\u00f3w","description":"","potentialAction":[{"@type":"SearchAction","target":{"@type":"EntryPoint","urlTemplate":"https:\/\/bonifratrzy.pl\/jubileusz\/?s={search_term_string}"},"query-input":{"@type":"PropertyValueSpecification","valueRequired":true,"valueName":"search_term_string"}}],"inLanguage":"pl-PL"}]}},"_links":{"self":[{"href":"https:\/\/bonifratrzy.pl\/jubileusz\/index.php?rest_route=\/wp\/v2\/pages\/28","targetHints":{"allow":["GET"]}}],"collection":[{"href":"https:\/\/bonifratrzy.pl\/jubileusz\/index.php?rest_route=\/wp\/v2\/pages"}],"about":[{"href":"https:\/\/bonifratrzy.pl\/jubileusz\/index.php?rest_route=\/wp\/v2\/types\/page"}],"author":[{"embeddable":true,"href":"https:\/\/bonifratrzy.pl\/jubileusz\/index.php?rest_route=\/wp\/v2\/users\/3"}],"replies":[{"embeddable":true,"href":"https:\/\/bonifratrzy.pl\/jubileusz\/index.php?rest_route=%2Fwp%2Fv2%2Fcomments&post=28"}],"version-history":[{"count":15,"href":"https:\/\/bonifratrzy.pl\/jubileusz\/index.php?rest_route=\/wp\/v2\/pages\/28\/revisions"}],"predecessor-version":[{"id":231,"href":"https:\/\/bonifratrzy.pl\/jubileusz\/index.php?rest_route=\/wp\/v2\/pages\/28\/revisions\/231"}],"wp:attachment":[{"href":"https:\/\/bonifratrzy.pl\/jubileusz\/index.php?rest_route=%2Fwp%2Fv2%2Fmedia&parent=28"}],"curies":[{"name":"wp","href":"https:\/\/api.w.org\/{rel}","templated":true}]}}