










{"id":112,"date":"2021-12-01T10:45:05","date_gmt":"2021-12-01T09:45:05","guid":{"rendered":"https:\/\/bonifratrzy.pl\/jubileusz\/?page_id=112"},"modified":"2021-12-13T10:40:12","modified_gmt":"2021-12-13T09:40:12","slug":"kalendarium-historyczne","status":"publish","type":"page","link":"https:\/\/bonifratrzy.pl\/jubileusz\/?page_id=112","title":{"rendered":"Kalendarium historyczne"},"content":{"rendered":"\n<p class=\"has-text-align-center\"><strong><em>Ku odrodzeniu polskiej prowincji bonifratr\u00f3w w 1922<\/em><\/strong>&nbsp;<\/p>\n\n\n\n<p class=\"has-text-align-center\"><strong>Rok 1919<\/strong>&nbsp;<\/p>\n\n\n\n<p>Prowincja\u0142 czesko-austriacki, o. Timotheus Duetschel, zwraca si\u0119 do nuncjatury apostolskiej w Wiedniu z pro\u015bb\u0105 o przedstawienie kurii rzymskiej zamierze\u0144 podzia\u0142u prowincji.\u00a0<\/p>\n\n\n\n<p><strong>8 lipca<\/strong> \u2013 nuncjusz abp Teodor Valfr\u00e9 di Bonzo przyjmuje i popiera z\u0142o\u017cony wniosek.&nbsp;&nbsp;<\/p>\n\n\n\n<p><strong>3 listopada<\/strong> \u2013 kapitu\u0142a generalna Zakonu podejmuje uchwa\u0142\u0119 w sprawie zmian dotychczasowych granic prowincji w zwi\u0105zku z now\u0105 map\u0105 Europy.&nbsp;&nbsp;<\/p>\n\n\n\n<p><strong>2 grudnia<\/strong> \u2013 papie\u017c Benedykt XV wyra\u017ca zgod\u0119 na w\u0142\u0105czenie dw\u00f3ch klasztor\u00f3w &#8211; krakowskiego i zebrzydowickiego do \u015bl\u0105skiej prowincji.\u00a0<\/p>\n\n\n\n<p><strong>5 grudnia<\/strong> \u2013 prefekt Kongregacji ds. zakon\u00f3w kard. Raffaele Scapinelli di L\u00e9guigno przesy\u0142a ojcu genera\u0142owi dekret ze zgod\u0105 papie\u017ca.&nbsp;&nbsp;<\/p>\n\n\n\n<p class=\"has-text-align-center\"><strong>Rok 1920<\/strong><\/p>\n\n\n\n<p><strong>19 stycznia<\/strong> \u2013 Prowincja\u0142 Gothard Kastner mianuje o. Hyacinthusa (Jacka) Misiaka komisarzem dla konwent\u00f3w krakowskiego i zebrzydowickiego z prawami i obowi\u0105zkami przys\u0142uguj\u0105cymi Prowincja\u0142owi.<\/p>\n\n\n\n<p><strong>14 pa\u017adziernika<\/strong> \u2013 decyzja kurii generalnej o w\u0142\u0105czeniu konwentu w Marysinie do delegatury krakowskiej.<\/p>\n\n\n\n<p><strong>15 grudnia<\/strong> \u2013 akt przekazania przez prowincj\u0119 czesko-s\u0142owack\u0105 prowincji \u015bl\u0105skiej konwentu w Cieszynie.<\/p>\n\n\n\n<p class=\"has-text-align-center\"><strong>Rok 1921<\/strong><\/p>\n\n\n\n<p><strong>21 stycznia<\/strong> \u2013 genera\u0142 zakonu og\u0142asza nominacj\u0119 o. Bogumi\u0142a Lewandowskiego na urz\u0105d przeora wikariusza konwentu w Cieszynie. O. Lewandowski urz\u0105d obejmuje 21 lutego.<\/p>\n\n\n\n<p><strong>27 czerwca<\/strong> \u2013 rozpocz\u0119cie wizytacji generalnej od konwentu w Krakowie przez o. Augustyna Kocha, delegata genera\u0142a Zakonu, ze specjalnym poleceniem: w pierwszej linii uda\u0107 si\u0119 do Polski, celem ewentualnego utworzenia w\u0142asnej prowincji.<\/p>\n\n\n\n<p><strong>22 lipca<\/strong> \u2013 \u015bmier\u0107 genera\u0142a o. Celestino Castelletti; wikariuszem generalnym Zakonu zostaje o. Raffael Meyer.<\/p>\n\n\n\n<p><strong>28 listopada<\/strong> \u2013 zwo\u0142anie kapitu\u0142y generalnej do Rzymu na maj 1922 roku.<\/p>\n\n\n\n<p class=\"has-text-align-center\"><strong>Rok 1922<\/strong><\/p>\n\n\n\n<p>Wikariusz generalny Zakonu &#8211; o. Raffael Meyer zwraca si\u0119 z pro\u015bb\u0105 do papie\u017ca o udzielenie niezb\u0119dnych pe\u0142nomocnictw dla kanonicznego ustanowienia nowej prowincji oraz do mianowania prze\u0142o\u017conego prowincjalnego i jego doradc\u00f3w.<\/p>\n\n\n\n<p><strong>7 marca<\/strong> \u2013 pro\u015bba Zakonu zosta\u0142a przed\u0142o\u017cona papie\u017cowi Piusowi XI przez kard. Teodora Valfr\u00e9 di Bonzo, prefekta Kongregacji ds. zakon\u00f3w podczas audiencji, a papie\u017c udzieli\u0142 zgody dekretem 649\/22 Stolicy Apostolskiej z dat\u0105 7 marca 1922 roku.<\/p>\n\n\n\n<p><strong>25 marca<\/strong> \u2013 wikariusz generalny Zakonu promulguje reskrypt papieski.<\/p>\n\n\n\n<p><strong>25 marca<\/strong> \u2013 kanoniczne erygowanie Polskiej Prowincji Zakonu Szpitalnego pw. Zwiastowania Naj\u015bwi\u0119tszej Maryi Panny.<\/p>\n\n\n\n<p><strong>10 kwietnia<\/strong> \u2013 og\u0142oszenie nominacji o. Jacka Misiaka na urz\u0105d prowincja\u0142a, datowanej 3 kwietnia oraz nominowanie dw\u00f3ch definitor\u00f3w prowincjalnych: Eustachiusza Miko\u0142ajewskiego i Bruno Szyma\u0142y.<\/p>\n\n\n\n<p><strong>4\u201311 maja<\/strong> \u2013 51. kapitu\u0142a generalna w Rzymie z udzia\u0142em delegat\u00f3w odrodzonej prowincji polskiej.<\/p>\n\n\n\n<p><strong>8\u201314 czerwca<\/strong> \u2013 pierwsza kapitu\u0142a polskiej prowincji po jej erygowaniu, celebrowana w krakowskim konwencie.<\/p>\n","protected":false},"excerpt":{"rendered":"<p>Ku odrodzeniu polskiej prowincji bonifratr\u00f3w w 1922&nbsp; Rok 1919&nbsp; Prowincja\u0142 czesko-austriacki, o. Timotheus Duetschel, zwraca si\u0119 do nuncjatury apostolskiej w Wiedniu z pro\u015bb\u0105 o przedstawienie kurii rzymskiej zamierze\u0144 podzia\u0142u prowincji.\u00a0 8 lipca \u2013 nuncjusz abp Teodor Valfr\u00e9 di Bonzo przyjmuje i popiera z\u0142o\u017cony wniosek.&nbsp;&nbsp; 3 listopada \u2013 kapitu\u0142a generalna Zakonu podejmuje uchwa\u0142\u0119 w sprawie zmian [&hellip;]<\/p>\n","protected":false},"author":3,"featured_media":0,"parent":0,"menu_order":6,"comment_status":"closed","ping_status":"closed","template":"","meta":{"_acf_changed":false,"footnotes":""},"class_list":["post-112","page","type-page","status-publish","hentry"],"acf":[],"yoast_head":"<!-- This site is optimized with the Yoast SEO plugin v26.7 - https:\/\/yoast.com\/wordpress\/plugins\/seo\/ -->\n<title>Kalendarium historyczne - Jubileusz 100- lecia reaktywacji Prowincji Polskiej Zakonu Bonifratr\u00f3w<\/title>\n<meta name=\"robots\" content=\"index, follow, max-snippet:-1, max-image-preview:large, max-video-preview:-1\" \/>\n<link rel=\"canonical\" href=\"https:\/\/bonifratrzy.pl\/jubileusz\/?page_id=112\" \/>\n<meta property=\"og:locale\" content=\"pl_PL\" \/>\n<meta property=\"og:type\" content=\"article\" \/>\n<meta property=\"og:title\" content=\"Kalendarium historyczne - Jubileusz 100- lecia reaktywacji Prowincji Polskiej Zakonu Bonifratr\u00f3w\" \/>\n<meta property=\"og:description\" content=\"Ku odrodzeniu polskiej prowincji bonifratr\u00f3w w 1922&nbsp; Rok 1919&nbsp; Prowincja\u0142 czesko-austriacki, o. Timotheus Duetschel, zwraca si\u0119 do nuncjatury apostolskiej w Wiedniu z pro\u015bb\u0105 o przedstawienie kurii rzymskiej zamierze\u0144 podzia\u0142u prowincji.\u00a0 8 lipca \u2013 nuncjusz abp Teodor Valfr\u00e9 di Bonzo przyjmuje i popiera z\u0142o\u017cony wniosek.&nbsp;&nbsp; 3 listopada \u2013 kapitu\u0142a generalna Zakonu podejmuje uchwa\u0142\u0119 w sprawie zmian [&hellip;]\" \/>\n<meta property=\"og:url\" content=\"https:\/\/bonifratrzy.pl\/jubileusz\/?page_id=112\" \/>\n<meta property=\"og:site_name\" content=\"Jubileusz 100- lecia reaktywacji Prowincji Polskiej Zakonu Bonifratr\u00f3w\" \/>\n<meta property=\"article:modified_time\" content=\"2021-12-13T09:40:12+00:00\" \/>\n<meta name=\"twitter:card\" content=\"summary_large_image\" \/>\n<meta name=\"twitter:label1\" content=\"Szacowany czas czytania\" \/>\n\t<meta name=\"twitter:data1\" content=\"2 minuty\" \/>\n<script type=\"application\/ld+json\" class=\"yoast-schema-graph\">{\"@context\":\"https:\/\/schema.org\",\"@graph\":[{\"@type\":\"WebPage\",\"@id\":\"https:\/\/bonifratrzy.pl\/jubileusz\/?page_id=112\",\"url\":\"https:\/\/bonifratrzy.pl\/jubileusz\/?page_id=112\",\"name\":\"Kalendarium historyczne - Jubileusz 100- lecia reaktywacji Prowincji Polskiej Zakonu Bonifratr\u00f3w\",\"isPartOf\":{\"@id\":\"https:\/\/bonifratrzy.pl\/jubileusz\/#website\"},\"datePublished\":\"2021-12-01T09:45:05+00:00\",\"dateModified\":\"2021-12-13T09:40:12+00:00\",\"breadcrumb\":{\"@id\":\"https:\/\/bonifratrzy.pl\/jubileusz\/?page_id=112#breadcrumb\"},\"inLanguage\":\"pl-PL\",\"potentialAction\":[{\"@type\":\"ReadAction\",\"target\":[\"https:\/\/bonifratrzy.pl\/jubileusz\/?page_id=112\"]}]},{\"@type\":\"BreadcrumbList\",\"@id\":\"https:\/\/bonifratrzy.pl\/jubileusz\/?page_id=112#breadcrumb\",\"itemListElement\":[{\"@type\":\"ListItem\",\"position\":1,\"name\":\"Home\",\"item\":\"https:\/\/bonifratrzy.pl\/jubileusz\/\"},{\"@type\":\"ListItem\",\"position\":2,\"name\":\"Kalendarium historyczne\"}]},{\"@type\":\"WebSite\",\"@id\":\"https:\/\/bonifratrzy.pl\/jubileusz\/#website\",\"url\":\"https:\/\/bonifratrzy.pl\/jubileusz\/\",\"name\":\"Jubileusz 100- lecia reaktywacji Prowincji Polskiej Zakonu Bonifratr\u00f3w\",\"description\":\"\",\"potentialAction\":[{\"@type\":\"SearchAction\",\"target\":{\"@type\":\"EntryPoint\",\"urlTemplate\":\"https:\/\/bonifratrzy.pl\/jubileusz\/?s={search_term_string}\"},\"query-input\":{\"@type\":\"PropertyValueSpecification\",\"valueRequired\":true,\"valueName\":\"search_term_string\"}}],\"inLanguage\":\"pl-PL\"}]}<\/script>\n<!-- \/ Yoast SEO plugin. -->","yoast_head_json":{"title":"Kalendarium historyczne - Jubileusz 100- lecia reaktywacji Prowincji Polskiej Zakonu Bonifratr\u00f3w","robots":{"index":"index","follow":"follow","max-snippet":"max-snippet:-1","max-image-preview":"max-image-preview:large","max-video-preview":"max-video-preview:-1"},"canonical":"https:\/\/bonifratrzy.pl\/jubileusz\/?page_id=112","og_locale":"pl_PL","og_type":"article","og_title":"Kalendarium historyczne - Jubileusz 100- lecia reaktywacji Prowincji Polskiej Zakonu Bonifratr\u00f3w","og_description":"Ku odrodzeniu polskiej prowincji bonifratr\u00f3w w 1922&nbsp; Rok 1919&nbsp; Prowincja\u0142 czesko-austriacki, o. Timotheus Duetschel, zwraca si\u0119 do nuncjatury apostolskiej w Wiedniu z pro\u015bb\u0105 o przedstawienie kurii rzymskiej zamierze\u0144 podzia\u0142u prowincji.\u00a0 8 lipca \u2013 nuncjusz abp Teodor Valfr\u00e9 di Bonzo przyjmuje i popiera z\u0142o\u017cony wniosek.&nbsp;&nbsp; 3 listopada \u2013 kapitu\u0142a generalna Zakonu podejmuje uchwa\u0142\u0119 w sprawie zmian [&hellip;]","og_url":"https:\/\/bonifratrzy.pl\/jubileusz\/?page_id=112","og_site_name":"Jubileusz 100- lecia reaktywacji Prowincji Polskiej Zakonu Bonifratr\u00f3w","article_modified_time":"2021-12-13T09:40:12+00:00","twitter_card":"summary_large_image","twitter_misc":{"Szacowany czas czytania":"2 minuty"},"schema":{"@context":"https:\/\/schema.org","@graph":[{"@type":"WebPage","@id":"https:\/\/bonifratrzy.pl\/jubileusz\/?page_id=112","url":"https:\/\/bonifratrzy.pl\/jubileusz\/?page_id=112","name":"Kalendarium historyczne - Jubileusz 100- lecia reaktywacji Prowincji Polskiej Zakonu Bonifratr\u00f3w","isPartOf":{"@id":"https:\/\/bonifratrzy.pl\/jubileusz\/#website"},"datePublished":"2021-12-01T09:45:05+00:00","dateModified":"2021-12-13T09:40:12+00:00","breadcrumb":{"@id":"https:\/\/bonifratrzy.pl\/jubileusz\/?page_id=112#breadcrumb"},"inLanguage":"pl-PL","potentialAction":[{"@type":"ReadAction","target":["https:\/\/bonifratrzy.pl\/jubileusz\/?page_id=112"]}]},{"@type":"BreadcrumbList","@id":"https:\/\/bonifratrzy.pl\/jubileusz\/?page_id=112#breadcrumb","itemListElement":[{"@type":"ListItem","position":1,"name":"Home","item":"https:\/\/bonifratrzy.pl\/jubileusz\/"},{"@type":"ListItem","position":2,"name":"Kalendarium historyczne"}]},{"@type":"WebSite","@id":"https:\/\/bonifratrzy.pl\/jubileusz\/#website","url":"https:\/\/bonifratrzy.pl\/jubileusz\/","name":"Jubileusz 100- lecia reaktywacji Prowincji Polskiej Zakonu Bonifratr\u00f3w","description":"","potentialAction":[{"@type":"SearchAction","target":{"@type":"EntryPoint","urlTemplate":"https:\/\/bonifratrzy.pl\/jubileusz\/?s={search_term_string}"},"query-input":{"@type":"PropertyValueSpecification","valueRequired":true,"valueName":"search_term_string"}}],"inLanguage":"pl-PL"}]}},"_links":{"self":[{"href":"https:\/\/bonifratrzy.pl\/jubileusz\/index.php?rest_route=\/wp\/v2\/pages\/112","targetHints":{"allow":["GET"]}}],"collection":[{"href":"https:\/\/bonifratrzy.pl\/jubileusz\/index.php?rest_route=\/wp\/v2\/pages"}],"about":[{"href":"https:\/\/bonifratrzy.pl\/jubileusz\/index.php?rest_route=\/wp\/v2\/types\/page"}],"author":[{"embeddable":true,"href":"https:\/\/bonifratrzy.pl\/jubileusz\/index.php?rest_route=\/wp\/v2\/users\/3"}],"replies":[{"embeddable":true,"href":"https:\/\/bonifratrzy.pl\/jubileusz\/index.php?rest_route=%2Fwp%2Fv2%2Fcomments&post=112"}],"version-history":[{"count":4,"href":"https:\/\/bonifratrzy.pl\/jubileusz\/index.php?rest_route=\/wp\/v2\/pages\/112\/revisions"}],"predecessor-version":[{"id":209,"href":"https:\/\/bonifratrzy.pl\/jubileusz\/index.php?rest_route=\/wp\/v2\/pages\/112\/revisions\/209"}],"wp:attachment":[{"href":"https:\/\/bonifratrzy.pl\/jubileusz\/index.php?rest_route=%2Fwp%2Fv2%2Fmedia&parent=112"}],"curies":[{"name":"wp","href":"https:\/\/api.w.org\/{rel}","templated":true}]}}