{"id":94,"date":"2017-03-10T10:49:19","date_gmt":"2017-03-10T09:49:19","guid":{"rendered":"https:\/\/bonifratrzy.pl\/jadlodajnia-warszawa\/?page_id=94"},"modified":"2024-09-23T14:49:32","modified_gmt":"2024-09-23T12:49:32","slug":"jak-mozesz-pomoc","status":"publish","type":"page","link":"https:\/\/bonifratrzy.pl\/jadlodajnia-warszawa\/jak-mozesz-pomoc\/","title":{"rendered":"Jak mo\u017cesz pom\u00f3c?"},"content":{"rendered":"<blockquote>\n<p style=\"padding-left: 60px; text-align: right;\"><em><span class=\"podswietlenie\">&#8230;by\u0142em<\/span> <span class=\"podswietlenie\">g\u0142odny<\/span>, a dali\u015bcie Mi je\u015b\u0107; <\/em><br \/>\n<em> <span class=\"podswietlenie\">by\u0142em<\/span> spragniony, a dali\u015bcie Mi pi\u0107;&#8230;<\/em><\/p>\n<p style=\"padding-left: 60px; text-align: right;\">Mt 25,35a<em><br \/>\n<\/em><\/p>\n<hr \/>\n<\/blockquote>\n<p style=\"padding-left: 60px;\"><span style=\"background-color: #00ccff; font-size: 36pt; color: #000080; font-family: terminal,monaco,monospace;\"><strong><a href=\"https:\/\/bonifratrzy.pl\/jadlodajnia-warszawa\/jak-mozesz-pomoc\/modlitwa\/\">MODLITW\u0104<\/a><\/strong><br \/>\n<\/span><\/p>\n<h2 style=\"padding-left: 300px;\"><span style=\"font-family: comic sans ms,sans-serif;\"><a href=\"https:\/\/bonifratrzy.pl\/dom-geriatryczno-rehabilitacyjny-warszawa\/wolontariat\/\" target=\"_blank\" rel=\"noopener\"><span style=\"background-color: #f7cdcd; color: #800000; font-size: 25pt;\">ZOSTA\u0143 WOLONTARIUSZEM<\/span><\/a><\/span><\/h2>\n<h2 style=\"padding-left: 240px;\"><a href=\"https:\/\/bonifratrzy.pl\/jadlodajnia-warszawa\/jak-mozesz-pomoc\/finansowo\/\" target=\"_blank\" rel=\"noopener\"><span style=\"background-color: #99ccff; color: #ccffcc; font-size: 20pt;\">FINANSOWO<\/span><\/a><\/h2>\n<h2 style=\"padding-left: 120px;\"><span style=\"color: #ffffff; background-color: #999999; font-size: 24pt;\"><a style=\"color: #ffffff; background-color: #999999;\" href=\"https:\/\/bonifratrzy.pl\/jadlodajnia-warszawa\/1-2\/\" target=\"_blank\" rel=\"noopener\"><span style=\"font-family: arial black,sans-serif;\">PRZEKA\u017b 1.5 %<\/span> <\/a><\/span><\/h2>\n<hr \/>\n<h2 style=\"text-align: center;\">Prosimy nie dla siebie, ale w imieniu wszystkich os\u00f3b kt\u00f3re korzystaj\u0105 z naszej Jad\u0142odajni w Warszawie.<\/h2>\n<h1 style=\"text-align: center;\"><span style=\"font-size: 36pt;\">ZOSTA\u0143 darCZY\u0143C\u0104<\/span><\/h1>\n<p><a href=\"https:\/\/bonifratrzy.pl\/jadlodajnia-warszawa\/wp-content\/uploads\/sites\/49\/2017\/02\/logomiastast1-300x135.jpg\"><img loading=\"lazy\" decoding=\"async\" class=\"alignleft wp-image-46\" src=\"https:\/\/bonifratrzy.pl\/jadlodajnia-warszawa\/wp-content\/uploads\/sites\/49\/2017\/02\/logomiastast1-300x135-300x135.jpg\" alt=\"logomiastast1-300x135\" width=\"213\" height=\"96\" \/><\/a><\/p>\n","protected":false},"excerpt":{"rendered":"<p>&#8230;by\u0142em g\u0142odny, a dali\u015bcie Mi je\u015b\u0107; by\u0142em spragniony, a dali\u015bcie Mi pi\u0107;&#8230; Mt 25,35a MODLITW\u0104 ZOSTA\u0143 WOLONTARIUSZEM FINANSOWO PRZEKA\u017b 1.5 % Prosimy nie dla siebie, ale w imieniu wszystkich os\u00f3b kt\u00f3re korzystaj\u0105 z naszej Jad\u0142odajni w Warszawie. ZOSTA\u0143 darCZY\u0143C\u0104<\/p>\n","protected":false},"author":6,"featured_media":0,"parent":0,"menu_order":4,"comment_status":"closed","ping_status":"closed","template":"","meta":{"footnotes":""},"_links":{"self":[{"href":"https:\/\/bonifratrzy.pl\/jadlodajnia-warszawa\/wp-json\/wp\/v2\/pages\/94"}],"collection":[{"href":"https:\/\/bonifratrzy.pl\/jadlodajnia-warszawa\/wp-json\/wp\/v2\/pages"}],"about":[{"href":"https:\/\/bonifratrzy.pl\/jadlodajnia-warszawa\/wp-json\/wp\/v2\/types\/page"}],"author":[{"embeddable":true,"href":"https:\/\/bonifratrzy.pl\/jadlodajnia-warszawa\/wp-json\/wp\/v2\/users\/6"}],"replies":[{"embeddable":true,"href":"https:\/\/bonifratrzy.pl\/jadlodajnia-warszawa\/wp-json\/wp\/v2\/comments?post=94"}],"version-history":[{"count":45,"href":"https:\/\/bonifratrzy.pl\/jadlodajnia-warszawa\/wp-json\/wp\/v2\/pages\/94\/revisions"}],"predecessor-version":[{"id":460,"href":"https:\/\/bonifratrzy.pl\/jadlodajnia-warszawa\/wp-json\/wp\/v2\/pages\/94\/revisions\/460"}],"wp:attachment":[{"href":"https:\/\/bonifratrzy.pl\/jadlodajnia-warszawa\/wp-json\/wp\/v2\/media?parent=94"}],"curies":[{"name":"wp","href":"https:\/\/api.w.org\/{rel}","templated":true}]}}