{"id":9,"date":"2017-02-21T16:04:13","date_gmt":"2017-02-21T15:04:13","guid":{"rendered":"https:\/\/bonifratrzy.pl\/jadlodajnia-warszawa\/?page_id=9"},"modified":"2024-09-23T14:48:39","modified_gmt":"2024-09-23T12:48:39","slug":"o-nas","status":"publish","type":"page","link":"https:\/\/bonifratrzy.pl\/jadlodajnia-warszawa\/","title":{"rendered":"O nas"},"content":{"rendered":"<div class=\"su-row\"><div class=\"su-column su-column-size-1-4\"><div class=\"su-column-inner su-u-clearfix su-u-trim\">\n<p><a href=\"https:\/\/bonifratrzy.pl\/jadlodajnia-warszawa\/wp-content\/uploads\/sites\/49\/2017\/02\/2016-10-31-10.30.24.jpg\"><img loading=\"lazy\" decoding=\"async\" class=\"size-medium wp-image-63 aligncenter\" src=\"https:\/\/bonifratrzy.pl\/jadlodajnia-warszawa\/wp-content\/uploads\/sites\/49\/2017\/02\/2016-10-31-10.30.24-236x300.jpg\" alt=\"2016-10-31 10.30.24\" width=\"236\" height=\"300\" srcset=\"https:\/\/bonifratrzy.pl\/jadlodajnia-warszawa\/wp-content\/uploads\/sites\/49\/2017\/02\/2016-10-31-10.30.24-236x300.jpg 236w, https:\/\/bonifratrzy.pl\/jadlodajnia-warszawa\/wp-content\/uploads\/sites\/49\/2017\/02\/2016-10-31-10.30.24.jpg 768w\" sizes=\"(max-width: 236px) 100vw, 236px\" \/><\/a><\/p>\n<p style=\"text-align: right;\"><\/div><\/div> <div class=\"su-column su-column-size-3-4\"><div class=\"su-column-inner su-u-clearfix su-u-trim\">\n<p style=\"text-align: right;\"><div class=\"su-quote su-quote-style-default su-quote-has-cite\"><div class=\"su-quote-inner su-u-clearfix su-u-trim\"><span style=\"font-size: 18pt; background-color: #ffffff;\"><span style=\"color: #800000;\">Cz\u0142owiek jest wielki nie przez to, co po\u00adsiada, lecz przez to, kim jest;<\/span><\/span><br \/>\n<span style=\"font-size: 18pt; background-color: #ffffff;\"><span style=\"color: #800000;\"> nie przez to, co ma, lecz przez to, czym dzieli si\u0119 z in\u00adny\u00admi.<\/span><\/span><span class=\"su-quote-cite\">\u015bw. Jan Pawe\u0142 II<\/span><\/div><\/div>\n<p style=\"text-align: justify;\">Jad\u0142odajnia w\u00a0Warszawie jako bonifraterskie dzie\u0142o Zakonu Szpitalnego \u015bw. Jana Bo\u017cego prowadzona jest przez braci zakonnych od\u00a01993r. Wsp\u00f3\u0142finansowana jest przez Urz\u0105d Miasta Sto\u0142ecznego Warszawa. Z\u00a0us\u0142ug Jad\u0142odajni mo\u017ce skorzysta\u0107 ka\u017cdy, kto znalaz\u0142 si\u0119 w\u00a0trudnej sytuacji materialnej, osoby bezrobotne, osoby bezdomne. Od\u00a0samego pocz\u0105tku swojej dzia\u0142alno\u015bci Jad\u0142odajnia \u015bw. Ryszarda Pampuri zajmowa\u0142a si\u0119 opiek\u0105 nad\u00a0lud\u017ami chorymi, samotnymi, pozbawionymi opieki najbli\u017cszych. W\u00a0ramach tej\u00a0pomocy bracia wraz ze\u00a0wsp\u00f3\u0142pracownikami i\u00a0wolontariuszami realizuj\u0105 swoje cele i\u00a0zadania zgodnie z\u00a0charyzmatem Polskiej Prowincji Zakonu Szpitalnego \u015bw. Jana Bo\u017cego zawartych w Statucie Jad\u0142odajn<\/p>\n<p style=\"text-align: justify;\"><img loading=\"lazy\" decoding=\"async\" class=\"size-medium wp-image-350 aligncenter\" src=\"https:\/\/bonifratrzy.pl\/jadlodajnia-warszawa\/wp-content\/uploads\/sites\/49\/2017\/02\/DSC04609-300x225.jpg\" alt=\"\" width=\"300\" height=\"225\" srcset=\"https:\/\/bonifratrzy.pl\/jadlodajnia-warszawa\/wp-content\/uploads\/sites\/49\/2017\/02\/DSC04609-300x225.jpg 300w, https:\/\/bonifratrzy.pl\/jadlodajnia-warszawa\/wp-content\/uploads\/sites\/49\/2017\/02\/DSC04609-768x576.jpg 768w, https:\/\/bonifratrzy.pl\/jadlodajnia-warszawa\/wp-content\/uploads\/sites\/49\/2017\/02\/DSC04609.jpg 1024w\" sizes=\"(max-width: 300px) 100vw, 300px\" \/><\/p>\n<p style=\"text-align: center;\"><span style=\"font-size: 18pt; color: #ff0000; background-color: #ffffff;\"><strong>Uwaga !<\/strong> <\/span><\/p>\n<h2 style=\"text-align: center;\">Od <strong>01.12.2022 r.<\/strong> nie ma mo\u017cliwo\u015bci wyprania odzie\u017cy i skorzystania z punktu poradnictwa.<\/h2>\n<h2 style=\"text-align: center;\"><span style=\"font-size: 18pt;\"><strong>Jad\u0142odajnia\u00a0 czynna jest w godzinach 6:00 &#8211; 14:00, <\/strong><\/span><\/h2>\n<h2 style=\"text-align: center;\"><span style=\"font-size: 18pt;\"><strong>a posi\u0142ki (gor\u0105ce i suchy prowiant) wydawane s\u0105 o<\/strong><\/span><span style=\"font-size: 18pt;\"><strong>d poniedzia\u0142ku do pi\u0105tku w godzinach 10:00 &#8211; 12:00.<br \/>\n<\/strong><\/span><\/h2>\n<p><strong>\u00a0<\/strong><strong>\u00a0 <\/strong><\/p>\n<p style=\"text-align: center;\"><span style=\"font-size: 18pt;\"><strong>Telefon do kontaktu z jad\u0142odajni\u0105 &#8211; tel:\u00a0 22\u00a0 419 33 51 <\/strong><\/span><strong><br \/>\n<\/strong><\/p>\n<h4 style=\"text-align: center;\"><a href=\"https:\/\/bonifratrzy.pl\/jadlodajnia-warszawa\/wp-content\/uploads\/sites\/49\/2022\/12\/Regulamin-Jadlodajni.pdf\"><span style=\"line-height: 1.5;\">REGULAMIN Jad\u0142odajni Konwentu Zakonu Bonifratr\u00f3w pw. \u015bw. Ryszarda Pampuri w Warszawie<\/span><\/a><\/h4>\n<h4 style=\"text-align: center;\">W pomieszczeniach jad\u0142odajni mo\u017cna skorzysta\u0107 z natrysk\u00f3w.<\/h4>\n<h3 style=\"text-align: center;\"><span style=\"color: #0000ff;\">Codziennie prowadzimy zapisy na k\u0105piele, kt\u00f3re s\u0105 teraz dost\u0119pne w godzinach 08:00- 9:40<\/span><\/h3>\n<h3 style=\"text-align: center;\"><strong>\u00a0\u00a0\u00a0 <\/strong>Czwartkowe Msze \u015awi\u0119te o godzinie 9:00<\/h3>\n<p style=\"text-align: center;\"><span style=\"font-size: 14pt; background-color: #ffffff;\"><strong>Gor\u0105co zach\u0119camy do\u00a0pomocy potrzebuj\u0105cym w\u00a0naszej plac\u00f3wce.<\/strong><\/span><\/p>\n<p style=\"text-align: center;\"><span style=\"font-size: 24pt; background-color: #ffffff;\"><a href=\"https:\/\/bonifratrzy.pl\/jadlodajnia-warszawa\/jak-mozesz-pomoc\/\" target=\"_blank\" rel=\"noopener noreferrer\"><span class=\"su-frame su-frame-align-left su-frame-style-default\"><span class=\"su-frame-inner\">Jak mo\u017cesz pom\u00f3c?<\/span><\/span><\/a><\/span><\/p>\n<p style=\"text-align: center;\"><span style=\"font-family: 'Bookman Old Style', serif;\"><span style=\"font-size: medium; background-color: #ffffff;\">Je\u017celi chcesz pomaga\u0107 i pragniesz dzieli\u0107 si\u0119 z innymi prosimy o wsparcie:<br \/>\n<\/span><\/span><\/p>\n<h2 style=\"text-align: center;\"><strong><span style=\"font-family: 'Bookman Old Style', serif;\">Nr rachunku: <\/span><span style=\"font-size: 18pt; background-color: #ffffff;\">79\u00a01240\u00a02887\u00a01111\u00a00000\u00a03389\u00a06447<\/span><\/strong><\/h2>\n<p style=\"text-align: center;\">Jad\u0142odajnia nale\u017cy do organizacji po\u017cytku publicznego i uprawniona jest do otrzymywania 1% podatku<\/p>\n<p style=\"text-align: center;\">dochodowego od os\u00f3b fizycznych.<\/p>\n<h1 style=\"text-align: center;\"><span style=\"font-size: 24pt; background-color: #ffffff;\"><strong>KRS 0000219035<\/strong><\/span><\/h1>\n<p style=\"text-align: center;\"><b>Za ka\u017cdy 1.5% podatku serdecznie dzi\u0119kujemy.<\/b><\/p>\n<\/div><\/div><\/div>\n<div class=\"wpmf-gallerys wpmf-gallerys-life \" ><div id=\"gallery-1\"\n data-gutter-width=\"5\"\n  data-wpmfcolumns=\"3\" class=\"wpmf-gallery gallery-link-file gallery_life gallery-masonry gallery-columns-3 gallery-size-medium wpmf-gallery-bottomspace-default wpmf-gallery-clear wpmf-has-border-radius-0 wpmf-gutterwidth-5\"><div class=\"wpmf-gallery-item\n     wpmf-gallery-item-position-0 wpmf-gallery-item-attachment-339\" data-index=\"0\"><div class=\"wpmf-gallery-icon\"><a class=\" not_video noLightbox\" data-lightbox=\"1\" data-href=\"https:\/\/bonifratrzy.pl\/jadlodajnia-warszawa\/wp-content\/uploads\/sites\/49\/2017\/02\/DSC03372-1024x768.jpg\" title=\"DSC03372\" target=\"_self\" data-index=\"0\"><img decoding=\"async\" class=\"wpmf_img\" alt=\"DSC03372\" src=\"https:\/\/bonifratrzy.pl\/jadlodajnia-warszawa\/wp-content\/uploads\/sites\/49\/2017\/02\/DSC03372-300x225.jpg\" data-type=\"wpmfgalleryimg\" data-lazy-src=\"https:\/\/bonifratrzy.pl\/jadlodajnia-warszawa\/wp-content\/uploads\/sites\/49\/2017\/02\/DSC03372-300x225.jpg\"><\/a><\/div><\/div><div class=\"wpmf-gallery-item\n     wpmf-gallery-item-position-1 wpmf-gallery-item-attachment-348\" data-index=\"1\"><div class=\"wpmf-gallery-icon\"><a class=\" not_video noLightbox\" data-lightbox=\"1\" data-href=\"https:\/\/bonifratrzy.pl\/jadlodajnia-warszawa\/wp-content\/uploads\/sites\/49\/2017\/02\/DSC03510-1024x768.jpg\" title=\"DSC03510\" target=\"_self\" data-index=\"1\"><img decoding=\"async\" class=\"wpmf_img\" alt=\"DSC03510\" src=\"https:\/\/bonifratrzy.pl\/jadlodajnia-warszawa\/wp-content\/uploads\/sites\/49\/2017\/02\/DSC03510-300x225.jpg\" data-type=\"wpmfgalleryimg\" data-lazy-src=\"https:\/\/bonifratrzy.pl\/jadlodajnia-warszawa\/wp-content\/uploads\/sites\/49\/2017\/02\/DSC03510-300x225.jpg\"><\/a><\/div><\/div><div class=\"wpmf-gallery-item\n     wpmf-gallery-item-position-2 wpmf-gallery-item-attachment-347\" data-index=\"2\"><div class=\"wpmf-gallery-icon\"><a class=\" not_video noLightbox\" data-lightbox=\"1\" data-href=\"https:\/\/bonifratrzy.pl\/jadlodajnia-warszawa\/wp-content\/uploads\/sites\/49\/2017\/02\/DSC03507-1024x768.jpg\" title=\"DSC03507\" target=\"_self\" data-index=\"2\"><img decoding=\"async\" class=\"wpmf_img\" alt=\"DSC03507\" src=\"https:\/\/bonifratrzy.pl\/jadlodajnia-warszawa\/wp-content\/uploads\/sites\/49\/2017\/02\/DSC03507-300x225.jpg\" data-type=\"wpmfgalleryimg\" data-lazy-src=\"https:\/\/bonifratrzy.pl\/jadlodajnia-warszawa\/wp-content\/uploads\/sites\/49\/2017\/02\/DSC03507-300x225.jpg\"><\/a><\/div><\/div><div class=\"wpmf-gallery-item\n     wpmf-gallery-item-position-3 wpmf-gallery-item-attachment-351\" data-index=\"3\"><div class=\"wpmf-gallery-icon\"><a class=\" not_video noLightbox\" data-lightbox=\"1\" data-href=\"https:\/\/bonifratrzy.pl\/jadlodajnia-warszawa\/wp-content\/uploads\/sites\/49\/2017\/02\/DSC04611-1024x768.jpg\" title=\"DSC04611\" target=\"_self\" data-index=\"3\"><img decoding=\"async\" class=\"wpmf_img\" alt=\"DSC04611\" src=\"https:\/\/bonifratrzy.pl\/jadlodajnia-warszawa\/wp-content\/uploads\/sites\/49\/2017\/02\/DSC04611-300x225.jpg\" data-type=\"wpmfgalleryimg\" data-lazy-src=\"https:\/\/bonifratrzy.pl\/jadlodajnia-warszawa\/wp-content\/uploads\/sites\/49\/2017\/02\/DSC04611-300x225.jpg\"><\/a><\/div><\/div><div class=\"wpmf-gallery-item\n     wpmf-gallery-item-position-4 wpmf-gallery-item-attachment-350\" data-index=\"4\"><div class=\"wpmf-gallery-icon\"><a class=\" not_video noLightbox\" data-lightbox=\"1\" data-href=\"https:\/\/bonifratrzy.pl\/jadlodajnia-warszawa\/wp-content\/uploads\/sites\/49\/2017\/02\/DSC04609-1024x768.jpg\" title=\"DSC04609\" target=\"_self\" data-index=\"4\"><img decoding=\"async\" class=\"wpmf_img\" alt=\"DSC04609\" src=\"https:\/\/bonifratrzy.pl\/jadlodajnia-warszawa\/wp-content\/uploads\/sites\/49\/2017\/02\/DSC04609-300x225.jpg\" data-type=\"wpmfgalleryimg\" data-lazy-src=\"https:\/\/bonifratrzy.pl\/jadlodajnia-warszawa\/wp-content\/uploads\/sites\/49\/2017\/02\/DSC04609-300x225.jpg\"><\/a><\/div><\/div><\/div><\/div>\n\n","protected":false},"excerpt":{"rendered":"","protected":false},"author":1,"featured_media":0,"parent":0,"menu_order":7,"comment_status":"closed","ping_status":"closed","template":"page-fullwidth.php","meta":{"footnotes":""},"_links":{"self":[{"href":"https:\/\/bonifratrzy.pl\/jadlodajnia-warszawa\/wp-json\/wp\/v2\/pages\/9"}],"collection":[{"href":"https:\/\/bonifratrzy.pl\/jadlodajnia-warszawa\/wp-json\/wp\/v2\/pages"}],"about":[{"href":"https:\/\/bonifratrzy.pl\/jadlodajnia-warszawa\/wp-json\/wp\/v2\/types\/page"}],"author":[{"embeddable":true,"href":"https:\/\/bonifratrzy.pl\/jadlodajnia-warszawa\/wp-json\/wp\/v2\/users\/1"}],"replies":[{"embeddable":true,"href":"https:\/\/bonifratrzy.pl\/jadlodajnia-warszawa\/wp-json\/wp\/v2\/comments?post=9"}],"version-history":[{"count":98,"href":"https:\/\/bonifratrzy.pl\/jadlodajnia-warszawa\/wp-json\/wp\/v2\/pages\/9\/revisions"}],"predecessor-version":[{"id":458,"href":"https:\/\/bonifratrzy.pl\/jadlodajnia-warszawa\/wp-json\/wp\/v2\/pages\/9\/revisions\/458"}],"wp:attachment":[{"href":"https:\/\/bonifratrzy.pl\/jadlodajnia-warszawa\/wp-json\/wp\/v2\/media?parent=9"}],"curies":[{"name":"wp","href":"https:\/\/api.w.org\/{rel}","templated":true}]}}