{"id":86,"date":"2017-03-07T12:14:43","date_gmt":"2017-03-07T11:14:43","guid":{"rendered":"https:\/\/bonifratrzy.pl\/jadlodajnia-warszawa\/?page_id=86"},"modified":"2021-05-17T12:44:52","modified_gmt":"2021-05-17T10:44:52","slug":"darczyncy","status":"publish","type":"page","link":"https:\/\/bonifratrzy.pl\/jadlodajnia-warszawa\/darczyncy\/","title":{"rendered":"Darczy\u0144cy"},"content":{"rendered":"<h1>i ofiarodawcy<\/h1>\n<p><strong>Osoby prawne:<\/strong><\/p>\n<p style=\"padding-left: 120px\"><strong>APTEKA \u201eSALUS INFIRMORUM&#8221;<\/strong>: Warszawa<\/p>\n<p style=\"padding-left: 120px\"><strong>BANK \u017bYWNO\u015aCI SOS w WARSZAWIE<\/strong> : Regu\u0142y ul. Stanis\u0142awa Bodycha 97<\/p>\n<p style=\"padding-left: 120px\"><img loading=\"lazy\" decoding=\"async\" class=\"size-full wp-image-281 aligncenter\" src=\"https:\/\/bonifratrzy.pl\/jadlodajnia-warszawa\/wp-content\/uploads\/sites\/49\/2017\/03\/Logo-SOS.jpg\" alt=\"\" width=\"219\" height=\"57\" \/><\/p>\n<p style=\"padding-left: 120px\"><strong>BIURO RADY NACZELNEJ POLSKIEGO KOMITETU POMOCY SPO\u0141ECZNEJ<\/strong> : Warszawa<\/p>\n<p style=\"padding-left: 120px\"><strong>PARAFIA \u015aW. ANDRZEJA BOBOLI<\/strong>: \u0141om\u017ca (ks. dr Andrzej Popielski)<\/p>\n<p style=\"padding-left: 120px\"><strong>S.S. FRANCISZKANKI MISJONARKI MARYI<\/strong>: Warszawa, ul. Rac\u0142awicka 14<\/p>\n<p style=\"padding-left: 120px\"><strong>CARITAS POLSKA<\/strong> : Warszawa, ul. Okopowa 55<\/p>\n<p><img loading=\"lazy\" decoding=\"async\" class=\"size-full wp-image-242 aligncenter\" src=\"https:\/\/bonifratrzy.pl\/jadlodajnia-warszawa\/wp-content\/uploads\/sites\/49\/2017\/03\/CARITAS-LOGO.png\" alt=\"\" width=\"204\" height=\"248\" \/><\/p>\n<p style=\"text-align: left\">\u00a0\u00a0\u00a0\u00a0\u00a0\u00a0\u00a0\u00a0\u00a0\u00a0\u00a0\u00a0\u00a0\u00a0\u00a0\u00a0\u00a0\u00a0\u00a0\u00a0\u00a0\u00a0\u00a0\u00a0\u00a0\u00a0\u00a0\u00a0\u00a0\u00a0<strong> MINISTERSTWO SPRAW WEWN\u0118TRZNYCH I ADMINISTRACJI<\/strong>: Warszawa, ul. Syreny 23<\/p>\n<p><img loading=\"lazy\" decoding=\"async\" class=\"wp-image-252 aligncenter\" src=\"https:\/\/bonifratrzy.pl\/jadlodajnia-warszawa\/wp-content\/uploads\/sites\/49\/2017\/03\/www.-MSWiA-300x232.jpg\" alt=\"\" width=\"230\" height=\"178\" srcset=\"https:\/\/bonifratrzy.pl\/jadlodajnia-warszawa\/wp-content\/uploads\/sites\/49\/2017\/03\/www.-MSWiA-300x232.jpg 300w, https:\/\/bonifratrzy.pl\/jadlodajnia-warszawa\/wp-content\/uploads\/sites\/49\/2017\/03\/www.-MSWiA.jpg 348w\" sizes=\"(max-width: 230px) 100vw, 230px\" \/><\/p>\n<p>&nbsp;<\/p>\n<p style=\"text-align: left\">\u00a0\u00a0\u00a0\u00a0\u00a0\u00a0\u00a0\u00a0\u00a0\u00a0\u00a0\u00a0\u00a0\u00a0\u00a0\u00a0\u00a0\u00a0\u00a0\u00a0\u00a0\u00a0\u00a0\u00a0\u00a0\u00a0\u00a0\u00a0\u00a0\u00a0 <strong>FUNDACJA PZU:<\/strong> Warszawa, ul. Al. Jana Paw\u0142a II 24<strong><br \/>\n<\/strong><\/p>\n<p>\u00a0\u00a0\u00a0\u00a0\u00a0\u00a0 <img loading=\"lazy\" decoding=\"async\" class=\"wp-image-243 aligncenter\" src=\"https:\/\/bonifratrzy.pl\/jadlodajnia-warszawa\/wp-content\/uploads\/sites\/49\/2017\/03\/PZU-LOGO.jpg\" alt=\"\" width=\"139\" height=\"149\" \/><\/p>\n<p>&nbsp;<\/p>\n<p style=\"text-align: left\">\u00a0\u00a0\u00a0\u00a0\u00a0\u00a0\u00a0\u00a0\u00a0\u00a0\u00a0\u00a0\u00a0\u00a0\u00a0\u00a0\u00a0\u00a0\u00a0\u00a0\u00a0\u00a0\u00a0\u00a0\u00a0\u00a0\u00a0\u00a0\u00a0\u00a0\u00a0 <strong>TESCO<\/strong>:\u00a0 Warszawa ul. G\u00f3rczewska 218<\/p>\n<p style=\"text-align: left\"><strong>\u00a0\u00a0\u00a0\u00a0\u00a0\u00a0\u00a0\u00a0\u00a0\u00a0\u00a0\u00a0\u00a0\u00a0\u00a0\u00a0\u00a0\u00a0\u00a0\u00a0\u00a0\u00a0\u00a0\u00a0\u00a0\u00a0\u00a0\u00a0\u00a0\u00a0 VEOLIA ENERGIA WARSZAWA S. A.<\/strong>: Warszawa ul. Pu\u0142awska 2<\/p>\n<p style=\"text-align: left\"><img loading=\"lazy\" decoding=\"async\" class=\"size-full wp-image-277 aligncenter\" src=\"https:\/\/bonifratrzy.pl\/jadlodajnia-warszawa\/wp-content\/uploads\/sites\/49\/2017\/03\/1200x630bb.jpg\" alt=\"\" width=\"204\" height=\"204\" srcset=\"https:\/\/bonifratrzy.pl\/jadlodajnia-warszawa\/wp-content\/uploads\/sites\/49\/2017\/03\/1200x630bb.jpg 204w, https:\/\/bonifratrzy.pl\/jadlodajnia-warszawa\/wp-content\/uploads\/sites\/49\/2017\/03\/1200x630bb-150x150.jpg 150w, https:\/\/bonifratrzy.pl\/jadlodajnia-warszawa\/wp-content\/uploads\/sites\/49\/2017\/03\/1200x630bb-180x180.jpg 180w, https:\/\/bonifratrzy.pl\/jadlodajnia-warszawa\/wp-content\/uploads\/sites\/49\/2017\/03\/1200x630bb-45x45.jpg 45w\" sizes=\"(max-width: 204px) 100vw, 204px\" \/><strong>\u00a0\u00a0\u00a0\u00a0\u00a0\u00a0\u00a0\u00a0\u00a0\u00a0\u00a0\u00a0\u00a0\u00a0\u00a0\u00a0\u00a0\u00a0\u00a0\u00a0\u00a0\u00a0\u00a0\u00a0\u00a0\u00a0\u00a0\u00a0\u00a0<\/strong><\/p>\n<p>\u00a0\u00a0\u00a0\u00a0\u00a0\u00a0\u00a0\u00a0\u00a0\u00a0\u00a0\u00a0\u00a0\u00a0\u00a0\u00a0\u00a0\u00a0\u00a0\u00a0\u00a0\u00a0\u00a0\u00a0\u00a0\u00a0\u00a0\u00a0\u00a0\u00a0\u00a0 <strong>Procter &amp; Gamble Polska Sp. z o.o.<\/strong> ,Warszawa ul. Zabraniecka 20<\/p>\n<p style=\"text-align: left\"><strong>\u00a0<\/strong><\/p>\n<p><img loading=\"lazy\" decoding=\"async\" class=\"size-medium wp-image-367 aligncenter\" src=\"https:\/\/bonifratrzy.pl\/jadlodajnia-warszawa\/wp-content\/uploads\/sites\/49\/2017\/03\/Logo-PG-300x244.jpg\" alt=\"\" width=\"300\" height=\"244\" srcset=\"https:\/\/bonifratrzy.pl\/jadlodajnia-warszawa\/wp-content\/uploads\/sites\/49\/2017\/03\/Logo-PG-300x244.jpg 300w, https:\/\/bonifratrzy.pl\/jadlodajnia-warszawa\/wp-content\/uploads\/sites\/49\/2017\/03\/Logo-PG.jpg 310w\" sizes=\"(max-width: 300px) 100vw, 300px\" \/><\/p>\n<p>&nbsp;<\/p>\n<p>&nbsp;<\/p>\n<p><strong>Osoby fizyczne:<\/strong><\/p>\n<p style=\"padding-left: 120px\"><strong>ERLON<\/strong> \u2013 Monika Ku\u017anicka, Zbigniew Bel: Ksawer\u00f3w<\/p>\n<p style=\"padding-left: 120px\"><strong>PHU TANTAL<\/strong> &#8211;\u00a0 Marcin Sobiepa\u0144ski: \u0141\u00f3d\u017a<\/p>\n<p style=\"padding-left: 120px\"><strong>FORM MEBEL<\/strong> \u2013 Zak\u0142ad Stolarski: Ksawer\u00f3w<\/p>\n<p style=\"padding-left: 120px\"><strong>ZAK\u0141AD STOLARSKI<\/strong> \u2013 Krzysztof Gut: \u0141apczyce<\/p>\n<p style=\"padding-left: 120px\"><strong>KREATYWNEOFFICE<\/strong> &#8211; Agata Szczegielniak-Kwa\u015bniak: Warszawa<\/p>\n<p style=\"padding-left: 120px\"><strong>Monika Sokulska<\/strong>: Warszawa<strong><br \/>\n<\/strong><\/p>\n<p style=\"padding-left: 120px\"><strong>Anna Pyrek<\/strong>: Warszawa<\/p>\n<p style=\"padding-left: 120px\">Anonimowi darczy\u0144cy<\/p>\n","protected":false},"excerpt":{"rendered":"<p>i ofiarodawcy Osoby prawne: APTEKA \u201eSALUS INFIRMORUM&#8221;: Warszawa BANK \u017bYWNO\u015aCI SOS w WARSZAWIE : Regu\u0142y ul. Stanis\u0142awa Bodycha 97 BIURO RADY NACZELNEJ POLSKIEGO KOMITETU POMOCY SPO\u0141ECZNEJ : Warszawa PARAFIA \u015aW. ANDRZEJA BOBOLI: \u0141om\u017ca (ks. dr Andrzej Popielski) S.S. FRANCISZKANKI MISJONARKI MARYI: Warszawa, ul. Rac\u0142awicka 14 CARITAS POLSKA : Warszawa, ul. Okopowa 55 \u00a0\u00a0\u00a0\u00a0\u00a0\u00a0\u00a0\u00a0\u00a0\u00a0\u00a0\u00a0\u00a0\u00a0\u00a0\u00a0\u00a0\u00a0\u00a0\u00a0\u00a0\u00a0\u00a0\u00a0\u00a0\u00a0\u00a0\u00a0\u00a0\u00a0 MINISTERSTWO SPRAW [&hellip;]<\/p>\n","protected":false},"author":6,"featured_media":0,"parent":0,"menu_order":5,"comment_status":"closed","ping_status":"closed","template":"","meta":{"footnotes":""},"_links":{"self":[{"href":"https:\/\/bonifratrzy.pl\/jadlodajnia-warszawa\/wp-json\/wp\/v2\/pages\/86"}],"collection":[{"href":"https:\/\/bonifratrzy.pl\/jadlodajnia-warszawa\/wp-json\/wp\/v2\/pages"}],"about":[{"href":"https:\/\/bonifratrzy.pl\/jadlodajnia-warszawa\/wp-json\/wp\/v2\/types\/page"}],"author":[{"embeddable":true,"href":"https:\/\/bonifratrzy.pl\/jadlodajnia-warszawa\/wp-json\/wp\/v2\/users\/6"}],"replies":[{"embeddable":true,"href":"https:\/\/bonifratrzy.pl\/jadlodajnia-warszawa\/wp-json\/wp\/v2\/comments?post=86"}],"version-history":[{"count":28,"href":"https:\/\/bonifratrzy.pl\/jadlodajnia-warszawa\/wp-json\/wp\/v2\/pages\/86\/revisions"}],"predecessor-version":[{"id":424,"href":"https:\/\/bonifratrzy.pl\/jadlodajnia-warszawa\/wp-json\/wp\/v2\/pages\/86\/revisions\/424"}],"wp:attachment":[{"href":"https:\/\/bonifratrzy.pl\/jadlodajnia-warszawa\/wp-json\/wp\/v2\/media?parent=86"}],"curies":[{"name":"wp","href":"https:\/\/api.w.org\/{rel}","templated":true}]}}