{"id":5,"date":"2017-02-21T15:54:15","date_gmt":"2017-02-21T14:54:15","guid":{"rendered":"https:\/\/bonifratrzy.pl\/jadlodajnia-warszawa\/?page_id=5"},"modified":"2026-01-28T10:42:27","modified_gmt":"2026-01-28T09:42:27","slug":"kontakt","status":"publish","type":"page","link":"https:\/\/bonifratrzy.pl\/jadlodajnia-warszawa\/kontakt\/","title":{"rendered":"Kontakt"},"content":{"rendered":"<div class=\"su-row\"><div class=\"su-column su-column-size-1-3\"><div class=\"su-column-inner su-u-clearfix su-u-trim\">\n<h2>JAD\u0141ODAJNIA\u00a0\u015aW.\u00a0RYSZARDA\u00a0PAMPURI<\/h2>\n<p>ul.\u00a0Sapie\u017cy\u0144ska\u00a03<br \/>\n00-\u00ad215\u00a0Warszawa<\/p>\n<p><strong>NIP: 525-19-85-390<\/strong><\/p>\n<h3>Jad\u0142odajnia zaprasza:<\/h3>\n<p><span style=\"color: #993300;\"><strong>Poniedzia\u0142ek \u2013 Pi\u0105tek:<\/strong><\/span><\/p>\n<p><span style=\"color: #993300;\"><strong>08:00 &#8211; 16:00<\/strong><\/span><br \/>\n<span style=\"color: #993300;\"> <strong> 10:00 \u2013 wydawanie posi\u0142ku i suchego prowiantu<\/strong><\/span><\/p>\n<h3 style=\"text-align: left;\">Zapraszamy r\u00f3wnie\u017c na<br \/>\n<strong>Msz\u0119 \u015awi\u0119t\u0105 w\u00a0ka\u017cdy czwartek o\u00a0godz. 10:00<\/strong><\/h3>\n<\/div><\/div> <div class=\"su-column su-column-size-2-3\"><div class=\"su-column-inner su-u-clearfix su-u-trim\">\n<div class=\"su-gmap su-u-responsive-media-yes\"><iframe loading=\"lazy\" width=\"600\" height=\"400\" src=\"\/\/maps.google.com\/maps?q=ul.%20Sapie%C5%BCy%C5%84ska%203%2000-%C2%AD215%20Warszawa&amp;output=embed\" title=\"\"><\/iframe><\/div>\n<\/div><\/div><\/div>\n","protected":false},"excerpt":{"rendered":"","protected":false},"author":1,"featured_media":0,"parent":0,"menu_order":6,"comment_status":"closed","ping_status":"closed","template":"page-fullwidth.php","meta":{"footnotes":""},"_links":{"self":[{"href":"https:\/\/bonifratrzy.pl\/jadlodajnia-warszawa\/wp-json\/wp\/v2\/pages\/5"}],"collection":[{"href":"https:\/\/bonifratrzy.pl\/jadlodajnia-warszawa\/wp-json\/wp\/v2\/pages"}],"about":[{"href":"https:\/\/bonifratrzy.pl\/jadlodajnia-warszawa\/wp-json\/wp\/v2\/types\/page"}],"author":[{"embeddable":true,"href":"https:\/\/bonifratrzy.pl\/jadlodajnia-warszawa\/wp-json\/wp\/v2\/users\/1"}],"replies":[{"embeddable":true,"href":"https:\/\/bonifratrzy.pl\/jadlodajnia-warszawa\/wp-json\/wp\/v2\/comments?post=5"}],"version-history":[{"count":10,"href":"https:\/\/bonifratrzy.pl\/jadlodajnia-warszawa\/wp-json\/wp\/v2\/pages\/5\/revisions"}],"predecessor-version":[{"id":462,"href":"https:\/\/bonifratrzy.pl\/jadlodajnia-warszawa\/wp-json\/wp\/v2\/pages\/5\/revisions\/462"}],"wp:attachment":[{"href":"https:\/\/bonifratrzy.pl\/jadlodajnia-warszawa\/wp-json\/wp\/v2\/media?parent=5"}],"curies":[{"name":"wp","href":"https:\/\/api.w.org\/{rel}","templated":true}]}}