{"id":205,"date":"2017-03-10T16:16:43","date_gmt":"2017-03-10T15:16:43","guid":{"rendered":"https:\/\/bonifratrzy.pl\/jadlodajnia-warszawa\/?page_id=205"},"modified":"2017-03-10T16:48:44","modified_gmt":"2017-03-10T15:48:44","slug":"modlitwa","status":"publish","type":"page","link":"https:\/\/bonifratrzy.pl\/jadlodajnia-warszawa\/jak-mozesz-pomoc\/modlitwa\/","title":{"rendered":"Modlitwa"},"content":{"rendered":"<p>To najpi\u0119kniejszy dar jaki mo\u017cemy podarowa\u0107 naszym bli\u017anim. Dajemy wtedy cz\u0119\u015b\u0107 siebie. Dzielimy si\u0119 swoim czasem z Bogiem, by porozmawia\u0107 z Nim o innych. Powierzamy Panu Mi\u0142osierdzia swoj\u0105 trosk\u0119 o potrzebuj\u0105cych. Jest wyraz naszej mi\u0142o\u015bci.<\/p>\n<p>Modlitwa jest darem. Bo <em>cel modlitwy znajdziemy raczej w mi\u0142o\u015bci i w praktycznych efektach woli, ni\u017c w spekulacjach intelektualnych<\/em> jak pisa\u0142a \u015bw. Teresa z \u00c1vila.<\/p>\n<p>&nbsp;<\/p>\n","protected":false},"excerpt":{"rendered":"<p>To najpi\u0119kniejszy dar jaki mo\u017cemy podarowa\u0107 naszym bli\u017anim. Dajemy wtedy cz\u0119\u015b\u0107 siebie. Dzielimy si\u0119 swoim czasem z Bogiem, by porozmawia\u0107 z Nim o innych. Powierzamy Panu Mi\u0142osierdzia swoj\u0105 trosk\u0119 o potrzebuj\u0105cych. Jest wyraz naszej mi\u0142o\u015bci. Modlitwa jest darem. Bo cel modlitwy znajdziemy raczej w mi\u0142o\u015bci i w praktycznych efektach woli, ni\u017c w spekulacjach intelektualnych jak [&hellip;]<\/p>\n","protected":false},"author":6,"featured_media":0,"parent":94,"menu_order":1,"comment_status":"closed","ping_status":"closed","template":"","meta":{"footnotes":""},"_links":{"self":[{"href":"https:\/\/bonifratrzy.pl\/jadlodajnia-warszawa\/wp-json\/wp\/v2\/pages\/205"}],"collection":[{"href":"https:\/\/bonifratrzy.pl\/jadlodajnia-warszawa\/wp-json\/wp\/v2\/pages"}],"about":[{"href":"https:\/\/bonifratrzy.pl\/jadlodajnia-warszawa\/wp-json\/wp\/v2\/types\/page"}],"author":[{"embeddable":true,"href":"https:\/\/bonifratrzy.pl\/jadlodajnia-warszawa\/wp-json\/wp\/v2\/users\/6"}],"replies":[{"embeddable":true,"href":"https:\/\/bonifratrzy.pl\/jadlodajnia-warszawa\/wp-json\/wp\/v2\/comments?post=205"}],"version-history":[{"count":3,"href":"https:\/\/bonifratrzy.pl\/jadlodajnia-warszawa\/wp-json\/wp\/v2\/pages\/205\/revisions"}],"predecessor-version":[{"id":216,"href":"https:\/\/bonifratrzy.pl\/jadlodajnia-warszawa\/wp-json\/wp\/v2\/pages\/205\/revisions\/216"}],"up":[{"embeddable":true,"href":"https:\/\/bonifratrzy.pl\/jadlodajnia-warszawa\/wp-json\/wp\/v2\/pages\/94"}],"wp:attachment":[{"href":"https:\/\/bonifratrzy.pl\/jadlodajnia-warszawa\/wp-json\/wp\/v2\/media?parent=205"}],"curies":[{"name":"wp","href":"https:\/\/api.w.org\/{rel}","templated":true}]}}