{"id":19,"date":"2017-02-21T16:07:26","date_gmt":"2017-02-21T15:07:26","guid":{"rendered":"https:\/\/bonifratrzy.pl\/jadlodajnia-warszawa\/?page_id=19"},"modified":"2017-03-10T09:55:04","modified_gmt":"2017-03-10T08:55:04","slug":"wesprzyj-nas","status":"publish","type":"page","link":"https:\/\/bonifratrzy.pl\/jadlodajnia-warszawa\/wesprzyj-nas\/","title":{"rendered":"Mo\u017cesz pom\u00f3c"},"content":{"rendered":"<div class=\"su-row\"><div class=\"su-column su-column-size-1-4\"><div class=\"su-column-inner su-u-clearfix su-u-trim\">\n<p><a href=\"https:\/\/bonifratrzy.pl\/jadlodajnia-warszawa\/wp-content\/uploads\/sites\/49\/2017\/02\/sjd.jpg\"><img loading=\"lazy\" decoding=\"async\" class=\"alignleft size-medium wp-image-71\" src=\"https:\/\/bonifratrzy.pl\/jadlodajnia-warszawa\/wp-content\/uploads\/sites\/49\/2017\/02\/sjd-300x251.jpg\" alt=\"sjd\" width=\"300\" height=\"251\" srcset=\"https:\/\/bonifratrzy.pl\/jadlodajnia-warszawa\/wp-content\/uploads\/sites\/49\/2017\/02\/sjd-300x251.jpg 300w, https:\/\/bonifratrzy.pl\/jadlodajnia-warszawa\/wp-content\/uploads\/sites\/49\/2017\/02\/sjd-768x641.jpg 768w, https:\/\/bonifratrzy.pl\/jadlodajnia-warszawa\/wp-content\/uploads\/sites\/49\/2017\/02\/sjd-1024x855.jpg 1024w, https:\/\/bonifratrzy.pl\/jadlodajnia-warszawa\/wp-content\/uploads\/sites\/49\/2017\/02\/sjd.jpg 1600w\" sizes=\"(max-width: 300px) 100vw, 300px\" \/><\/a><\/p>\n<p>&nbsp;<\/p>\n<\/div><\/div> <div class=\"su-column su-column-size-3-4\"><div class=\"su-column-inner su-u-clearfix su-u-trim\">\n<p>Zapraszamy do podzielenia si\u0119 symboliczn\u0105 kromk\u0105 chleba z osobami potrzebuj\u0105cymi poprzez wsparcie finansowe naszej Jad\u0142odajni b\u0119d\u0105cej <strong>Organizacj\u0105 Po\u017cytku Publicznego o numerze KRS 0000219035.<\/strong><\/p>\n<p><strong>Szanowni Pa\u0144stwo chc\u0105c wspom\u00f3c nasz\u0105 Jad\u0142odajni\u0119 mo\u017cecie przekaza\u0107 darowizn\u0119 szybko i skutecznie za pomoc\u0105 szybkich p\u0142atno\u015bci online lub karty kredytowej. Za przekazane \u015brodki zostanie zakupiona \u017cywno\u015b\u0107 i przygotowane zostan\u0105 posi\u0142ki dla os\u00f3b b\u0119d\u0105cych w potrzebie. Za okazany dar serca serdeczne B\u00f3g zap\u0142a\u0107!<\/strong><\/p>\n<p><a href=\"https:\/\/bonifratrzy.pl\/jadlodajnia-warszawa\/wp-content\/uploads\/sites\/49\/2017\/02\/Regulamin-serwisu-Bonifratrow.pdf\" target=\"blank\">W zak\u0142adce regulamin jest do pobrania regulamin zbi\u00f3rki pieni\u0119dzy w formacie PDF<\/a>.<\/p>\n<div class=\"su-quote su-quote-style-default su-quote-has-cite\"><div class=\"su-quote-inner su-u-clearfix su-u-trim\">Bracia czy\u0144cie dobro<span class=\"su-quote-cite\">\u015bw. Jan Bo\u017cy<\/span><\/div><\/div><\/div><\/div><\/div><div class=\"su-divider su-divider-style-default\" style=\"margin:15px 0;border-width:1px;border-color:#ccc\"><\/div>\n[recent_products per_page=&#8221;12&#8243; columns=&#8221;4&#8243;]\n<div class=\"su-row boxinfo\"><div class=\"su-column su-column-size-3-4\"><div class=\"su-column-inner su-u-clearfix su-u-trim\">\n<h2>Obs\u0142ugiwane\u00a0Formy p\u0142atno\u015bci<\/h2>\n<p>Zap\u0142aty za zam\u00f3wione us\u0142ugi mo\u017cna dokona\u0107 z u\u017cyciem jednego z poni\u017cszych sposob\u00f3w p\u0142atno\u015bci:<\/p>\n<ol style=\"list-style-type: lower-alpha;\">\n<li>przelewem bankowym za pomoc\u0105 konta w bankowo\u015bci elektronicznej swojego banku na wskazany przez Sprzedawc\u0119 w procesie realizacji zam\u00f3wienia numer konta,<\/li>\n<li>p\u0142atno\u015bci\u0105 online za po\u015brednictwem przelewu elektronicznego (ePrzelewem\/przelewem bezpo\u015brednim).<br \/>\n&#8211;\u00a0P\u0142ac\u0119 z inteligo (inteligo), mTransfer (mBank), \u00a0Przelew24 (Bank Zachodni WBK), \u00a0Przelew z BPH (Bank BPH), \u00a0P\u0142ac\u0119 z iPKO (PKO BP), \u00a0Pekao24Przelew (Bank Pekao), P\u0142ac\u0119 z ORANGE (mBank), \u00a0P\u0142ac\u0119 z IKO, P\u0142ac\u0119 z Citi Handlowy (Citi Handlowy), PayWay Toyota Bank (Toyota Bank), P\u0142a\u0107 z BO\u015a (Bank Ochrony \u015arodowiska), P\u0142ac\u0119 z Alior Bankiem (Alior Bank), T-Mobile Us\u0142ugi Bankowe (Alior Bank), \u00a0Millennium &#8211; P\u0142atno\u015bci Internetowe (Bank Millennium), P\u0142a\u0107 z ING\u00a0 (ING Bank \u015al\u0105ski), Cr\u00e9dit Agricole przelew online\u00a0(Cr\u00e9dit Agricole Bank Polski), Eurobank\u00a0 p\u0142atno\u015b\u0107 online (Euro Bank S.A.), DB Transfer (Deutshe Bank PBC S.A.), P\u0142a\u0107 z Plus Bank (Plus Bank S.A.), P\u0142ac\u0119 z Idea-Bank (Idea Bank S.A.), Przelew Volkswagen Bank direct (Volkswagen Bank S.A.), PeoPay (Bank Pekao S.A.), \u00a0e-Transfer Pocztowy 24 (Bank Pocztowy S.A.), Deutsche Bank Polska S.A., Raiffaisen Bank Polska S.A., Bank Pocztowy S.A., Bank Sp\u00f3\u0142dzielczy we Wschowie, Plus Bank S.A., Millennium Bank S.A., Credit Agricole Bank S.A., Bank DnB Nord Polska S.A., Bank Zachodni WBK S.A., BLIK (Polski Standard P\u0142atno\u015bci Sp. z o.o.)<\/li>\n<li>p\u0142atno\u015bci\u0105 online za pomoc\u0105 karty p\u0142atniczej<br \/>\n&#8211; Visa<br \/>\n&#8211; Visa Electron<br \/>\n&#8211; MasterCard<br \/>\n&#8211; Maestro<br \/>\n&#8211; MasterCard Electronic<\/li>\n<\/ol>\n<h2>P\u0142atno\u015bci online obs\u0142uguje firma\u00a0eCard\u00a0S.A.<\/h2>\n<p><img loading=\"lazy\" decoding=\"async\" class=\"wp-image-67 alignnone\" src=\"https:\/\/bonifratrzy.pl\/jadlodajnia-warszawa\/wp-content\/uploads\/sites\/49\/2017\/02\/images-ecard.jpg\" alt=\"images-ecard\" width=\"106\" height=\"123\" \/><\/p>\n<\/div><\/div> <div class=\"su-column su-column-size-1-4\"><div class=\"su-column-inner su-u-clearfix su-u-trim\">\n<h2>Zwroty i Reklamacje:<\/h2>\n<p>Zwrotu p\u0142atno\u015bci Przedsi\u0119biorca dokona przy u\u017cyciu takich samych sposob\u00f3w p\u0142atno\u015bci, jakie zosta\u0142y przez Konsumenta u\u017cyte w pierwotnej transakcji, chyba \u017ce Konsument wyra\u017anie zgodzi\u0142 si\u0119 na inne rozwi\u0105zanie; w ka\u017cdym przypadku Konsument nie poniesie \u017cadnych op\u0142at w zwi\u0105zku z tym zwrotem;\u00a0W przypadku p\u0142atno\u015bci kart\u0105 p\u0142atnicz\u0105 zwrot \u015brodk\u00f3w zostanie wykonany bezpo\u015brednio na kart\u0119 Kupuj\u0105cego.<\/p>\n<\/div><\/div><\/div>\n","protected":false},"excerpt":{"rendered":"<p>[recent_products per_page=&#8221;12&#8243; columns=&#8221;4&#8243;]<\/p>\n","protected":false},"author":1,"featured_media":0,"parent":0,"menu_order":9,"comment_status":"closed","ping_status":"closed","template":"page-fullwidth.php","meta":{"footnotes":""},"_links":{"self":[{"href":"https:\/\/bonifratrzy.pl\/jadlodajnia-warszawa\/wp-json\/wp\/v2\/pages\/19"}],"collection":[{"href":"https:\/\/bonifratrzy.pl\/jadlodajnia-warszawa\/wp-json\/wp\/v2\/pages"}],"about":[{"href":"https:\/\/bonifratrzy.pl\/jadlodajnia-warszawa\/wp-json\/wp\/v2\/types\/page"}],"author":[{"embeddable":true,"href":"https:\/\/bonifratrzy.pl\/jadlodajnia-warszawa\/wp-json\/wp\/v2\/users\/1"}],"replies":[{"embeddable":true,"href":"https:\/\/bonifratrzy.pl\/jadlodajnia-warszawa\/wp-json\/wp\/v2\/comments?post=19"}],"version-history":[{"count":8,"href":"https:\/\/bonifratrzy.pl\/jadlodajnia-warszawa\/wp-json\/wp\/v2\/pages\/19\/revisions"}],"predecessor-version":[{"id":92,"href":"https:\/\/bonifratrzy.pl\/jadlodajnia-warszawa\/wp-json\/wp\/v2\/pages\/19\/revisions\/92"}],"wp:attachment":[{"href":"https:\/\/bonifratrzy.pl\/jadlodajnia-warszawa\/wp-json\/wp\/v2\/media?parent=19"}],"curies":[{"name":"wp","href":"https:\/\/api.w.org\/{rel}","templated":true}]}}