{"id":152,"date":"2017-03-10T12:03:10","date_gmt":"2017-03-10T11:03:10","guid":{"rendered":"https:\/\/bonifratrzy.pl\/jadlodajnia-warszawa\/?page_id=152"},"modified":"2017-03-10T16:09:14","modified_gmt":"2017-03-10T15:09:14","slug":"finansowo","status":"publish","type":"page","link":"https:\/\/bonifratrzy.pl\/jadlodajnia-warszawa\/jak-mozesz-pomoc\/finansowo\/","title":{"rendered":"Finansowo"},"content":{"rendered":"<div class=\"su-row\"><div class=\"su-column su-column-size-1-4\"><div class=\"su-column-inner su-u-clearfix su-u-trim\">\n<p><img loading=\"lazy\" decoding=\"async\" class=\"alignleft wp-image-83\" src=\"https:\/\/bonifratrzy.pl\/jadlodajnia-warszawa\/wp-content\/uploads\/sites\/49\/2017\/03\/bezdomni-300x225.jpg\" alt=\"bezdomny\" width=\"507\" height=\"380\" srcset=\"https:\/\/bonifratrzy.pl\/jadlodajnia-warszawa\/wp-content\/uploads\/sites\/49\/2017\/03\/bezdomni-300x225.jpg 300w, https:\/\/bonifratrzy.pl\/jadlodajnia-warszawa\/wp-content\/uploads\/sites\/49\/2017\/03\/bezdomni.jpg 350w\" sizes=\"(max-width: 507px) 100vw, 507px\" \/><\/p>\n<\/div><\/div>\n<div class=\"su-column su-column-size-3-4\"><div class=\"su-column-inner su-u-clearfix su-u-trim\">\n<h2><span style=\"font-size: 18pt;\">Mo\u017cesz pom\u00f3c:<\/span><\/h2>\n<p style=\"padding-left: 60px;\"><code contenteditable=\"true\"><\/code><span style=\"font-size: 18pt; background-color: #ffffff;\"><a style=\"background-color: #ffffff;\" href=\"https:\/\/bonifratrzy.pl\/jadlodajnia-warszawa\/wesprzyj-nas\/\" target=\"_blank\"><code contenteditable=\"true\"><span class=\"su-frame su-frame-align-left su-frame-style-default\"><span class=\"su-frame-inner\"><strong>wp\u0142acaj\u0105c online<\/strong><\/span><\/span><\/code><\/a><\/span><\/p>\n<p>&nbsp;<\/p>\n<p>&nbsp;<\/p>\n<p style=\"padding-left: 120px;\"><span style=\"font-size: 18pt;\"><strong>lub bezpo\u015brednio na nasze konto:<\/strong><\/span><\/p>\n<h3 style=\"padding-left: 270px;\"><span style=\"font-size: 18pt;\"><strong><span style=\"color: #c22000;\">79\u00a01240\u00a02887\u00a01111\u00a00000\u00a03389\u00a06447<\/span><\/strong><\/span><\/h3>\n<\/div><\/div><\/div>\n<h2 style=\"text-align: center;\"><span style=\"font-size: 24pt;\">Bardzo dzi\u0119kujemy za ka\u017cde wsparcie.<\/span><\/h2>\n<h2 style=\"text-align: center;\"><span style=\"font-size: 24pt;\">Dzi\u0119ki Twojej pomocy mo\u017cemy nakarmi\u0107 bezdomnych.<\/span><\/h2>\n","protected":false},"excerpt":{"rendered":"<p>Bardzo dzi\u0119kujemy za ka\u017cde wsparcie. Dzi\u0119ki Twojej pomocy mo\u017cemy nakarmi\u0107 bezdomnych.<\/p>\n","protected":false},"author":6,"featured_media":0,"parent":94,"menu_order":2,"comment_status":"closed","ping_status":"closed","template":"","meta":{"footnotes":""},"_links":{"self":[{"href":"https:\/\/bonifratrzy.pl\/jadlodajnia-warszawa\/wp-json\/wp\/v2\/pages\/152"}],"collection":[{"href":"https:\/\/bonifratrzy.pl\/jadlodajnia-warszawa\/wp-json\/wp\/v2\/pages"}],"about":[{"href":"https:\/\/bonifratrzy.pl\/jadlodajnia-warszawa\/wp-json\/wp\/v2\/types\/page"}],"author":[{"embeddable":true,"href":"https:\/\/bonifratrzy.pl\/jadlodajnia-warszawa\/wp-json\/wp\/v2\/users\/6"}],"replies":[{"embeddable":true,"href":"https:\/\/bonifratrzy.pl\/jadlodajnia-warszawa\/wp-json\/wp\/v2\/comments?post=152"}],"version-history":[{"count":26,"href":"https:\/\/bonifratrzy.pl\/jadlodajnia-warszawa\/wp-json\/wp\/v2\/pages\/152\/revisions"}],"predecessor-version":[{"id":167,"href":"https:\/\/bonifratrzy.pl\/jadlodajnia-warszawa\/wp-json\/wp\/v2\/pages\/152\/revisions\/167"}],"up":[{"embeddable":true,"href":"https:\/\/bonifratrzy.pl\/jadlodajnia-warszawa\/wp-json\/wp\/v2\/pages\/94"}],"wp:attachment":[{"href":"https:\/\/bonifratrzy.pl\/jadlodajnia-warszawa\/wp-json\/wp\/v2\/media?parent=152"}],"curies":[{"name":"wp","href":"https:\/\/api.w.org\/{rel}","templated":true}]}}