{"id":109,"date":"2017-03-10T10:47:36","date_gmt":"2017-03-10T09:47:36","guid":{"rendered":"https:\/\/bonifratrzy.pl\/jadlodajnia-warszawa\/?page_id=109"},"modified":"2024-09-23T14:49:03","modified_gmt":"2024-09-23T12:49:03","slug":"1-2","status":"publish","type":"page","link":"https:\/\/bonifratrzy.pl\/jadlodajnia-warszawa\/jak-mozesz-pomoc\/1-2\/","title":{"rendered":"1.5%"},"content":{"rendered":"<h1 style=\"text-align: center;\"><span style=\"font-family: georgia,palatino,serif;\">PRZEKA\u017b NAM <span style=\"font-size: 36pt;\">1.5% <\/span>ZE SWOJEGO PODATKU<\/span><\/h1>\n<p style=\"text-align: center;\"><span style=\"font-family: georgia,palatino,serif; font-size: 18pt;\">Pom\u00f3\u017c nam <strong><span style=\"color: #c22000;\">nakarmi\u0107 <\/span>bezdomnych.<\/strong><\/span><\/p>\n<h3 style=\"padding-left: 240px; text-align: left;\"><span style=\"font-family: georgia,palatino,serif;\">To naprawd\u0119 proste.<\/span><\/h3>\n<h2 style=\"text-align: center;\"><span style=\"font-family: georgia,palatino,serif;\">Wystarczy, \u017ce w\u00a0druku PIT, w\u00a0polu\u00a0numer KRS\u00a0wpiszesz <span style=\"font-size: 36pt;\"><strong><span style=\"color: #c22000;\">0000219035<\/span><\/strong><\/span><\/span><\/h2>\n<h5 style=\"text-align: center;\"><span style=\"font-family: georgia,palatino,serif;\">Jad\u0142odajnia nale\u017cy do\u00a0organizacji po\u017cytku publicznego<br \/>\ni\u00a0uprawniona jest do\u00a0otrzymywania 1% podatku dochodowego od\u00a0os\u00f3b fizycznych.<\/span><\/h5>\n<hr \/>\n<blockquote>\n<p style=\"text-align: right;\"><em>&#8230;Wszystko, co uczynili\u015bcie jednemu z tych braci moich najmniejszych, Mnie\u015bcie uczynili&#8230;<\/em><br \/>\nMt 25,40<\/p>\n<\/blockquote>\n","protected":false},"excerpt":{"rendered":"<p>PRZEKA\u017b NAM 1.5% ZE SWOJEGO PODATKU Pom\u00f3\u017c nam nakarmi\u0107 bezdomnych. To naprawd\u0119 proste. Wystarczy, \u017ce w\u00a0druku PIT, w\u00a0polu\u00a0numer KRS\u00a0wpiszesz 0000219035 Jad\u0142odajnia nale\u017cy do\u00a0organizacji po\u017cytku publicznego i\u00a0uprawniona jest do\u00a0otrzymywania 1% podatku dochodowego od\u00a0os\u00f3b fizycznych. &#8230;Wszystko, co uczynili\u015bcie jednemu z tych braci moich najmniejszych, Mnie\u015bcie uczynili&#8230; Mt 25,40<\/p>\n","protected":false},"author":6,"featured_media":0,"parent":94,"menu_order":3,"comment_status":"closed","ping_status":"closed","template":"","meta":{"footnotes":""},"_links":{"self":[{"href":"https:\/\/bonifratrzy.pl\/jadlodajnia-warszawa\/wp-json\/wp\/v2\/pages\/109"}],"collection":[{"href":"https:\/\/bonifratrzy.pl\/jadlodajnia-warszawa\/wp-json\/wp\/v2\/pages"}],"about":[{"href":"https:\/\/bonifratrzy.pl\/jadlodajnia-warszawa\/wp-json\/wp\/v2\/types\/page"}],"author":[{"embeddable":true,"href":"https:\/\/bonifratrzy.pl\/jadlodajnia-warszawa\/wp-json\/wp\/v2\/users\/6"}],"replies":[{"embeddable":true,"href":"https:\/\/bonifratrzy.pl\/jadlodajnia-warszawa\/wp-json\/wp\/v2\/comments?post=109"}],"version-history":[{"count":13,"href":"https:\/\/bonifratrzy.pl\/jadlodajnia-warszawa\/wp-json\/wp\/v2\/pages\/109\/revisions"}],"predecessor-version":[{"id":459,"href":"https:\/\/bonifratrzy.pl\/jadlodajnia-warszawa\/wp-json\/wp\/v2\/pages\/109\/revisions\/459"}],"up":[{"embeddable":true,"href":"https:\/\/bonifratrzy.pl\/jadlodajnia-warszawa\/wp-json\/wp\/v2\/pages\/94"}],"wp:attachment":[{"href":"https:\/\/bonifratrzy.pl\/jadlodajnia-warszawa\/wp-json\/wp\/v2\/media?parent=109"}],"curies":[{"name":"wp","href":"https:\/\/api.w.org\/{rel}","templated":true}]}}