{"id":4475,"date":"2025-06-16T19:40:22","date_gmt":"2025-06-16T17:40:22","guid":{"rendered":"https:\/\/bonifratrzy.pl\/dps-zebrzydowice\/?page_id=4475"},"modified":"2025-06-16T20:12:17","modified_gmt":"2025-06-16T18:12:17","slug":"siepomaga","status":"publish","type":"page","link":"https:\/\/bonifratrzy.pl\/dps-zebrzydowice\/projekty\/siepomaga\/","title":{"rendered":"siepomaga"},"content":{"rendered":"\n<h1 class=\"wp-block-heading\">Ruszy\u0142a zbi\u00f3rka na #siepomaga dla naszego domu!<\/h1>\n\n\n\n<p>Wszytkie osoby dobrej woli prosimy o wsparcie, udost\u0119pnianie i modlitw\u0119\u2026<\/p>\n\n\n<a class=\"wp-block-read-more\" href=\"https:\/\/bonifratrzy.pl\/dps-zebrzydowice\/projekty\/siepomaga\/\" target=\"_self\">Dowiedz si\u0119 wi\u0119cej<span class=\"screen-reader-text\">: siepomaga<\/span><\/a>\n\n\n<p><a href=\"https:\/\/www.siepomaga.pl\/pomoz-nam-wyremontowac-lazienki-dla-niepelnosprawnych?fbclid=IwY2xjawK9LZVleHRuA2FlbQIxMQABHlXpTPwBCrAjvwewo0eU34T9UMH4qhir-PtkdskBPYMaelDJROEZCjDY47hu_aem_MqHvJO022kPhkPlNEWRgjA\">https:\/\/www.siepomaga.pl\/pomoz-nam-wyremontowac-lazienki-dla-niepelnosprawnych?fbclid=IwY2xjawK9LZVleHRuA2FlbQIxMQABHlXpTPwBCrAjvwewo0eU34T9UMH4qhir-PtkdskBPYMaelDJROEZCjDY47hu_aem_MqHvJO022kPhkPlNEWRgjA<\/a><\/p>\n\n\n\n<figure class=\"wp-block-image\"><img decoding=\"async\" src=\"https:\/\/bonifratrzy.pl\/dps-zebrzydowice\/wp-content\/uploads\/sites\/53\/2025\/06\/siepomagaLogo-8d1e161196756dc1853a0.svg\" alt=\"\" class=\"wp-image-4462\" \/><\/figure>\n","protected":false},"excerpt":{"rendered":"<p>Ruszy\u0142a zbi\u00f3rka na #siepomaga dla naszego domu! Wszytkie osoby dobrej woli prosimy o wsparcie, udost\u0119pnianie i modlitw\u0119\u2026 https:\/\/www.siepomaga.pl\/pomoz-nam-wyremontowac-lazienki-dla-niepelnosprawnych?fbclid=IwY2xjawK9LZVleHRuA2FlbQIxMQABHlXpTPwBCrAjvwewo0eU34T9UMH4qhir-PtkdskBPYMaelDJROEZCjDY47hu_aem_MqHvJO022kPhkPlNEWRgjA<\/p>\n","protected":false},"author":68,"featured_media":0,"parent":1742,"menu_order":10,"comment_status":"closed","ping_status":"closed","template":"page-home.php","meta":{"footnotes":""},"_links":{"self":[{"href":"https:\/\/bonifratrzy.pl\/dps-zebrzydowice\/wp-json\/wp\/v2\/pages\/4475"}],"collection":[{"href":"https:\/\/bonifratrzy.pl\/dps-zebrzydowice\/wp-json\/wp\/v2\/pages"}],"about":[{"href":"https:\/\/bonifratrzy.pl\/dps-zebrzydowice\/wp-json\/wp\/v2\/types\/page"}],"author":[{"embeddable":true,"href":"https:\/\/bonifratrzy.pl\/dps-zebrzydowice\/wp-json\/wp\/v2\/users\/68"}],"replies":[{"embeddable":true,"href":"https:\/\/bonifratrzy.pl\/dps-zebrzydowice\/wp-json\/wp\/v2\/comments?post=4475"}],"version-history":[{"count":2,"href":"https:\/\/bonifratrzy.pl\/dps-zebrzydowice\/wp-json\/wp\/v2\/pages\/4475\/revisions"}],"predecessor-version":[{"id":4481,"href":"https:\/\/bonifratrzy.pl\/dps-zebrzydowice\/wp-json\/wp\/v2\/pages\/4475\/revisions\/4481"}],"up":[{"embeddable":true,"href":"https:\/\/bonifratrzy.pl\/dps-zebrzydowice\/wp-json\/wp\/v2\/pages\/1742"}],"wp:attachment":[{"href":"https:\/\/bonifratrzy.pl\/dps-zebrzydowice\/wp-json\/wp\/v2\/media?parent=4475"}],"curies":[{"name":"wp","href":"https:\/\/api.w.org\/{rel}","templated":true}]}}