{"id":1827,"date":"2020-12-10T07:02:53","date_gmt":"2020-12-10T06:02:53","guid":{"rendered":"https:\/\/bonifratrzy.pl\/dps-zebrzydowice\/?page_id=1827"},"modified":"2021-09-10T12:51:18","modified_gmt":"2021-09-10T10:51:18","slug":"kontakt","status":"publish","type":"page","link":"https:\/\/bonifratrzy.pl\/dps-zebrzydowice\/kontakt\/","title":{"rendered":"Kontakt"},"content":{"rendered":"<p><strong>Konwent Bonifratr\u00f3w pw. \u015bw. Floriana<\/strong><\/p>\n<p>Zebrzydowice 1<\/p>\n<p>134-130 Kalwaria Zebrzydowska<\/p>\n<p>NIP 551-11-23-634<\/p>\n<p><strong>Dom Pomocy Spo\u0142ecznej Zakonu Bonifratr\u00f3w<\/strong><br \/>\nZebrzydowice 1<br \/>\n34-130 Kalwaria Zebrzydowska<\/p>\n<p>Email: &#x64;&#112;s&#x2e;&#122;e&#x62;&#114;z&#x79;&#x64;&#111;&#x77;&#x69;&#99;e&#x40;&#98;o&#x6e;&#105;f&#x72;&#x61;&#116;&#x72;&#x7a;&#121;&#46;&#x70;&#108;<\/p>\n<p>&nbsp;<\/p>\n<p><strong>Telefony:<\/strong><\/p>\n<p>Centrala: 33 876 65 08<br \/>\nKsi\u0119gowo\u015b\u0107: 33 875 60 02<br \/>\nKierownik Dzia\u0142u Gospodarczego: 33 875 60 01<br \/>\nKierownik Dzia\u0142u terapeutyczno &#8211; opieku\u0144czego: 33 875 60 06<br \/>\nDy\u017curka piel\u0119gniarki: 33 875 60 07<br \/>\nPsycholog: 33 875 60 08<br \/>\nPracownik socjalny: 33 875 60 09<\/p>\n","protected":false},"excerpt":{"rendered":"<p>Konwent Bonifratr\u00f3w pw. \u015bw. Floriana Zebrzydowice 1 134-130 Kalwaria Zebrzydowska NIP 551-11-23-634 Dom Pomocy Spo\u0142ecznej Zakonu Bonifratr\u00f3w Zebrzydowice 1 34-130 Kalwaria Zebrzydowska Email: &#x64;&#112;s&#x2e;&#122;&#101;&#x62;&#x72;&#122;y&#x64;&#111;w&#x69;&#x63;&#101;&#64;&#x62;&#111;n&#x69;&#x66;&#114;a&#x74;&#114;z&#x79;&#x2e;&#112;l &nbsp; Telefony: Centrala: 33 876 65 08 Ksi\u0119gowo\u015b\u0107: 33 875 60 02 Kierownik Dzia\u0142u Gospodarczego: 33 875 60 01 Kierownik Dzia\u0142u terapeutyczno &#8211; opieku\u0144czego: 33 875 60 06 Dy\u017curka piel\u0119gniarki: 33 [&hellip;]<\/p>\n","protected":false},"author":1,"featured_media":0,"parent":0,"menu_order":0,"comment_status":"closed","ping_status":"closed","template":"","meta":{"footnotes":""},"_links":{"self":[{"href":"https:\/\/bonifratrzy.pl\/dps-zebrzydowice\/wp-json\/wp\/v2\/pages\/1827"}],"collection":[{"href":"https:\/\/bonifratrzy.pl\/dps-zebrzydowice\/wp-json\/wp\/v2\/pages"}],"about":[{"href":"https:\/\/bonifratrzy.pl\/dps-zebrzydowice\/wp-json\/wp\/v2\/types\/page"}],"author":[{"embeddable":true,"href":"https:\/\/bonifratrzy.pl\/dps-zebrzydowice\/wp-json\/wp\/v2\/users\/1"}],"replies":[{"embeddable":true,"href":"https:\/\/bonifratrzy.pl\/dps-zebrzydowice\/wp-json\/wp\/v2\/comments?post=1827"}],"version-history":[{"count":3,"href":"https:\/\/bonifratrzy.pl\/dps-zebrzydowice\/wp-json\/wp\/v2\/pages\/1827\/revisions"}],"predecessor-version":[{"id":2242,"href":"https:\/\/bonifratrzy.pl\/dps-zebrzydowice\/wp-json\/wp\/v2\/pages\/1827\/revisions\/2242"}],"wp:attachment":[{"href":"https:\/\/bonifratrzy.pl\/dps-zebrzydowice\/wp-json\/wp\/v2\/media?parent=1827"}],"curies":[{"name":"wp","href":"https:\/\/api.w.org\/{rel}","templated":true}]}}