{"id":1816,"date":"2020-12-10T07:01:27","date_gmt":"2020-12-10T06:01:27","guid":{"rendered":"https:\/\/bonifratrzy.pl\/dps-zebrzydowice\/?page_id=1816"},"modified":"2025-12-08T14:31:57","modified_gmt":"2025-12-08T13:31:57","slug":"przetargi","status":"publish","type":"page","link":"https:\/\/bonifratrzy.pl\/dps-zebrzydowice\/przetargi\/","title":{"rendered":"Przetargi"},"content":{"rendered":"\n<p><strong>Przetarg 2026 &#8211; aktualny<\/strong><br>\u2013 Zam\u00f3wienie na dostaw\u0119 r\u00f3\u017cnych artyku\u0142\u00f3w spo\u017cywczych:<\/p>\n\n\n\n<div data-wp-interactive=\"core\/file\" class=\"wp-block-file\"><object data-wp-bind--hidden=\"!state.hasPdfPreview\"  class=\"wp-block-file__embed\" data=\"https:\/\/bonifratrzy.pl\/dps-zebrzydowice\/wp-content\/uploads\/sites\/53\/2025\/11\/Ogloszenie-o-przetargu-na-rok-2026.pdf\" type=\"application\/pdf\" style=\"width:100%;height:200px\" aria-label=\"Osadzone z Og\u0142oszenie O Przetargu Na Rok 2026.\"><\/object><a id=\"wp-block-file--media-a200eabf-68b5-4689-9a19-3583b415dc1f\" href=\"https:\/\/bonifratrzy.pl\/dps-zebrzydowice\/wp-content\/uploads\/sites\/53\/2025\/11\/Ogloszenie-o-przetargu-na-rok-2026.pdf\">Og\u0142oszenie O Przetargu Na Rok 2026<\/a><a href=\"https:\/\/bonifratrzy.pl\/dps-zebrzydowice\/wp-content\/uploads\/sites\/53\/2025\/11\/Ogloszenie-o-przetargu-na-rok-2026.pdf\" class=\"wp-block-file__button wp-element-button\" download aria-describedby=\"wp-block-file--media-a200eabf-68b5-4689-9a19-3583b415dc1f\">Pobierz<\/a><\/div>\n\n\n\n<div data-wp-interactive=\"core\/file\" class=\"wp-block-file\"><object data-wp-bind--hidden=\"!state.hasPdfPreview\"  class=\"wp-block-file__embed\" data=\"https:\/\/bonifratrzy.pl\/dps-zebrzydowice\/wp-content\/uploads\/sites\/53\/2025\/11\/SIWZ-2.pdf\" type=\"application\/pdf\" style=\"width:100%;height:200px\" aria-label=\"Osadzone z SIWZ (2).\"><\/object><a id=\"wp-block-file--media-fc57ba55-141a-4050-9bb7-ef398355e49d\" href=\"https:\/\/bonifratrzy.pl\/dps-zebrzydowice\/wp-content\/uploads\/sites\/53\/2025\/11\/SIWZ-2.pdf\">SIWZ (2)<\/a><a href=\"https:\/\/bonifratrzy.pl\/dps-zebrzydowice\/wp-content\/uploads\/sites\/53\/2025\/11\/SIWZ-2.pdf\" class=\"wp-block-file__button wp-element-button\" download aria-describedby=\"wp-block-file--media-fc57ba55-141a-4050-9bb7-ef398355e49d\">Pobierz<\/a><\/div>\n\n\n\n<div class=\"wp-block-file\"><a id=\"wp-block-file--media-ed49a1f0-139b-41ea-a82c-f43764ab265e\" href=\"https:\/\/bonifratrzy.pl\/dps-zebrzydowice\/wp-content\/uploads\/sites\/53\/2025\/11\/Zalacznik-nr-1-Formularz-ofertowy-1.doc\"><br>Za\u0142\u0105cznik Nr 1 Formularz Ofertowy (1)<\/a><a href=\"https:\/\/bonifratrzy.pl\/dps-zebrzydowice\/wp-content\/uploads\/sites\/53\/2025\/11\/Zalacznik-nr-1-Formularz-ofertowy-1.doc\" class=\"wp-block-file__button wp-element-button\" download aria-describedby=\"wp-block-file--media-ed49a1f0-139b-41ea-a82c-f43764ab265e\">Pobierz<\/a><\/div>\n\n\n\n<div class=\"wp-block-file\"><a id=\"wp-block-file--media-cbc88bc7-a893-4d20-929f-05c936445b8c\" href=\"https:\/\/bonifratrzy.pl\/dps-zebrzydowice\/wp-content\/uploads\/sites\/53\/2025\/11\/Zalaczniki-nr-2A-2I-Formularz-cenowy.doc\"><br>Za\u0142aczniki Nr 2A 2I Formularz Cenowy<\/a><a href=\"https:\/\/bonifratrzy.pl\/dps-zebrzydowice\/wp-content\/uploads\/sites\/53\/2025\/11\/Zalaczniki-nr-2A-2I-Formularz-cenowy.doc\" class=\"wp-block-file__button wp-element-button\" download aria-describedby=\"wp-block-file--media-cbc88bc7-a893-4d20-929f-05c936445b8c\">Pobierz<\/a><\/div>\n\n\n\n<div class=\"wp-block-file\"><a id=\"wp-block-file--media-eaee4243-456c-482c-ac1c-453fe7851c02\" href=\"https:\/\/bonifratrzy.pl\/dps-zebrzydowice\/wp-content\/uploads\/sites\/53\/2025\/11\/Zalacznik-nr-3-oswiadczenie-1.doc\"><br>Za\u0142\u0105cznik Nr 3 O\u015bwiadczenie (1)<\/a><a href=\"https:\/\/bonifratrzy.pl\/dps-zebrzydowice\/wp-content\/uploads\/sites\/53\/2025\/11\/Zalacznik-nr-3-oswiadczenie-1.doc\" class=\"wp-block-file__button wp-element-button\" download aria-describedby=\"wp-block-file--media-eaee4243-456c-482c-ac1c-453fe7851c02\">Pobierz<\/a><\/div>\n\n\n\n<div class=\"wp-block-file\"><a id=\"wp-block-file--media-47c68381-0176-4066-8ffc-d7e36b8fcc26\" href=\"https:\/\/bonifratrzy.pl\/dps-zebrzydowice\/wp-content\/uploads\/sites\/53\/2025\/11\/Zalacznik-nr-4-Umowa-przetarg-nieograniczony-1.doc\"><br>Za\u0142\u0105cznik Nr 4 Umowa Przetarg Nieograniczony (1)<\/a><a href=\"https:\/\/bonifratrzy.pl\/dps-zebrzydowice\/wp-content\/uploads\/sites\/53\/2025\/11\/Zalacznik-nr-4-Umowa-przetarg-nieograniczony-1.doc\" class=\"wp-block-file__button wp-element-button\" download aria-describedby=\"wp-block-file--media-47c68381-0176-4066-8ffc-d7e36b8fcc26\">Pobierz<\/a><\/div>\n\n\n\n<div data-wp-interactive=\"core\/file\" class=\"wp-block-file\"><object data-wp-bind--hidden=\"!state.hasPdfPreview\"  class=\"wp-block-file__embed\" data=\"https:\/\/bonifratrzy.pl\/dps-zebrzydowice\/wp-content\/uploads\/sites\/53\/2025\/12\/PROTOKOL-POSTEPOWANIA.pdf\" type=\"application\/pdf\" style=\"width:100%;height:200px\" aria-label=\"Osadzone z PROTOK\u00d3\u0141 POST\u0118POWANIA.\"><\/object><a id=\"wp-block-file--media-7420f55a-85a3-43c3-9de6-61c8ab913ede\" href=\"https:\/\/bonifratrzy.pl\/dps-zebrzydowice\/wp-content\/uploads\/sites\/53\/2025\/12\/PROTOKOL-POSTEPOWANIA.pdf\">PROTOK\u00d3\u0141 POST\u0118POWANIA<\/a><a href=\"https:\/\/bonifratrzy.pl\/dps-zebrzydowice\/wp-content\/uploads\/sites\/53\/2025\/12\/PROTOKOL-POSTEPOWANIA.pdf\" class=\"wp-block-file__button wp-element-button\" download aria-describedby=\"wp-block-file--media-7420f55a-85a3-43c3-9de6-61c8ab913ede\">Pobierz<\/a><\/div>\n\n\n\n<div data-wp-interactive=\"core\/file\" class=\"wp-block-file\"><object data-wp-bind--hidden=\"!state.hasPdfPreview\"  class=\"wp-block-file__embed\" data=\"https:\/\/bonifratrzy.pl\/dps-zebrzydowice\/wp-content\/uploads\/sites\/53\/2025\/12\/WYNIKI-PRZETARGU-2026.pdf\" type=\"application\/pdf\" style=\"width:100%;height:200px\" aria-label=\"Osadzone z WYNIKI PRZETARGU 2026.\"><\/object><a id=\"wp-block-file--media-c3198498-5308-4eaa-9bbe-2e57d3b74dcf\" href=\"https:\/\/bonifratrzy.pl\/dps-zebrzydowice\/wp-content\/uploads\/sites\/53\/2025\/12\/WYNIKI-PRZETARGU-2026.pdf\">WYNIKI PRZETARGU 2026<\/a><a href=\"https:\/\/bonifratrzy.pl\/dps-zebrzydowice\/wp-content\/uploads\/sites\/53\/2025\/12\/WYNIKI-PRZETARGU-2026.pdf\" class=\"wp-block-file__button wp-element-button\" download aria-describedby=\"wp-block-file--media-c3198498-5308-4eaa-9bbe-2e57d3b74dcf\">Pobierz<\/a><\/div>\n\n\n\n<p><\/p>\n\n\n\n<p><\/p>\n\n\n\n<p><\/p>\n\n\n\n<p><strong>Przetarg 2025&nbsp;<\/strong><br>\u2013 Zam\u00f3wienie na dostaw\u0119 r\u00f3\u017cnych artyku\u0142\u00f3w spo\u017cywczych:<\/p>\n\n\n\n<p><a href=\"https:\/\/bonifratrzy.pl\/dps-zebrzydowice\/wp-content\/uploads\/sites\/53\/2024\/11\/Ogloszenie-o-przetargu-na-rok-2025.pdf\" target=\"\" rel=\"noopener\">Og\u0142oszenie O Przetargu Na Rok 2025<\/a><\/p>\n\n\n\n<p><a href=\"https:\/\/bonifratrzy.pl\/dps-zebrzydowice\/wp-content\/uploads\/sites\/53\/2024\/11\/SIWZ-2.pdf\" target=\"\" rel=\"noopener\">SIWZ (2)<\/a><\/p>\n\n\n\n<p><a href=\"https:\/\/bonifratrzy.pl\/dps-zebrzydowice\/wp-content\/uploads\/sites\/53\/2024\/11\/Zalaczniki-nr-2A-2I-Formularz-cenowy.doc\">Za\u0142aczniki Nr 2A 2I Formularz Cenowy<\/a><\/p>\n\n\n\n<p><a href=\"https:\/\/bonifratrzy.pl\/dps-zebrzydowice\/wp-content\/uploads\/sites\/53\/2024\/11\/Zalacznik-nr-1-Formularz-ofertowy-1.doc\">Za\u0142\u0105cznik Nr 1 Formularz Ofertowy (1)<\/a><\/p>\n\n\n\n<p><a href=\"https:\/\/bonifratrzy.pl\/dps-zebrzydowice\/wp-content\/uploads\/sites\/53\/2024\/11\/Zalacznik-nr-3-oswiadczenie-1.doc\">Za\u0142\u0105cznik Nr 3 O\u015bwiadczenie (1)<\/a><\/p>\n\n\n\n<p><a href=\"https:\/\/bonifratrzy.pl\/dps-zebrzydowice\/wp-content\/uploads\/sites\/53\/2024\/11\/Zalacznik-nr-4-Umowa-przetarg-nieograniczony-1.doc\">Za\u0142\u0105cznik Nr 4 Umowa Przetarg Nieograniczony (1)<\/a><\/p>\n\n\n\n<p><a href=\"https:\/\/bonifratrzy.pl\/dps-zebrzydowice\/wp-content\/uploads\/sites\/53\/2024\/12\/Ogloszenie-o-wyniku-sig-1.pdf\" target=\"\" rel=\"noopener\">Og\u0142oszenie O Wyniku Sig (1)<\/a><\/p>\n\n\n\n<p><a href=\"https:\/\/bonifratrzy.pl\/dps-zebrzydowice\/wp-content\/uploads\/sites\/53\/2024\/12\/Protokol-postepowania-o-udzielenie-zamowienia-w-trybie-przetargu-nieograniczonego-1.pdf\" target=\"\" rel=\"noopener\">Protok\u00f3\u0142 Post\u0119powania O Udzielenie Zam\u00f3wienia W Trybie Przetargu Nieograniczonego<\/a><\/p>\n\n\n\n<p><a href=\"https:\/\/bonifratrzy.pl\/dps-zebrzydowice\/wp-content\/uploads\/sites\/53\/2024\/12\/Skan-informacji-przetarg-2.pdf\" target=\"\" rel=\"noopener\">Skan Informacji Przetarg (2)<\/a><\/p>\n\n\n\n<p><strong>Przetarg 2024&nbsp;<\/strong><br>\u2013 Zam\u00f3wienie na dostaw\u0119 r\u00f3\u017cnych artyku\u0142\u00f3w spo\u017cywczych<\/p>\n\n\n\n<p><a href=\"https:\/\/bonifratrzy.pl\/dps-zebrzydowice\/wp-content\/uploads\/sites\/53\/2023\/12\/Ogloszenie-o-przetargu-na-rok-2024-1.doc\">Og\u0142oszenie o przetargu na rok 2024 (1)<\/a><\/p>\n\n\n\n<p><a href=\"https:\/\/bonifratrzy.pl\/dps-zebrzydowice\/wp-content\/uploads\/sites\/53\/2023\/12\/SIWZ-1.doc\">SIWZ (1)<\/a><\/p>\n\n\n\n<p><a href=\"https:\/\/bonifratrzy.pl\/dps-zebrzydowice\/wp-content\/uploads\/sites\/53\/2023\/12\/Zalaczniki-nr-2A-2I-Formularz-cenowy.doc\">Za\u0142aczniki nr 2A-2I Formularz cenowy<\/a><\/p>\n\n\n\n<p><a href=\"https:\/\/bonifratrzy.pl\/dps-zebrzydowice\/wp-content\/uploads\/sites\/53\/2023\/12\/Zalacznik-nr-1-Formularz-ofertowy-1.doc\">Za\u0142\u0105cznik nr 1 Formularz ofertowy (1)<\/a><\/p>\n\n\n\n<p><a href=\"https:\/\/bonifratrzy.pl\/dps-zebrzydowice\/wp-content\/uploads\/sites\/53\/2023\/12\/Zalacznik-nr-3-oswiadczenie-1.doc\">Za\u0142\u0105cznik nr 3 o\u015bwiadczenie (1)<\/a><\/p>\n\n\n\n<p><a href=\"https:\/\/bonifratrzy.pl\/dps-zebrzydowice\/wp-content\/uploads\/sites\/53\/2023\/12\/Zalacznik-nr-4-Umowa-przetarg-nieograniczony-1.doc\">Za\u0142\u0105cznik nr 4 Umowa przetarg nieograniczony (1)<\/a><\/p>\n\n\n\n<p><a href=\"https:\/\/bonifratrzy.pl\/dps-zebrzydowice\/wp-content\/uploads\/sites\/53\/2023\/12\/Ogloszenie-sig.pdf-przetarg-2024.pdf\">Og\u0142oszenie-sig.pdf przetarg 2024<\/a><\/p>\n\n\n\n<p><strong>Przetarg 2023<\/strong><br>&#8211; Zam\u00f3wienie na dostaw\u0119 r\u00f3\u017cnych artyku\u0142\u00f3w spo\u017cywczych<\/p>\n\n\n\n<p><a href=\"https:\/\/bonifratrzy.pl\/dps-zebrzydowice\/wp-content\/uploads\/sites\/53\/2022\/12\/Ogloszenie-o-przetargu-na-rok-2023.doc\">Og\u0142oszenie o przetargu na rok 2023<\/a><\/p>\n\n\n\n<p><a href=\"https:\/\/bonifratrzy.pl\/dps-zebrzydowice\/wp-content\/uploads\/sites\/53\/2022\/12\/SIWZ.doc\">SIWZ<\/a><\/p>\n\n\n\n<p><a href=\"https:\/\/bonifratrzy.pl\/dps-zebrzydowice\/wp-content\/uploads\/sites\/53\/2022\/12\/Zalacznik-nr-1-Formularz-ofertowy.doc\">Za\u0142\u0105cznik nr 1 Formularz ofertowy<\/a><\/p>\n\n\n\n<p><a href=\"https:\/\/bonifratrzy.pl\/dps-zebrzydowice\/wp-content\/uploads\/sites\/53\/2022\/12\/Zalaczniki-nr-2A-2I-Formularz-cenowy-1.doc\">Za\u0142\u0105czniki nr 2A-2I Formularz cenowy<\/a><\/p>\n\n\n\n<p><a href=\"https:\/\/bonifratrzy.pl\/dps-zebrzydowice\/wp-content\/uploads\/sites\/53\/2022\/12\/Zalacznik-nr-3-oswiadczenie.doc\">Za\u0142\u0105cznik nr 3 o\u015bwiadczenie<\/a><\/p>\n\n\n\n<p><a href=\"https:\/\/bonifratrzy.pl\/dps-zebrzydowice\/wp-content\/uploads\/sites\/53\/2022\/12\/Zalacznik-nr-4-Umowa-przetarg-nieograniczony.doc\">Za\u0142\u0105cznik nr 4 Umowa przetarg nieograniczony<\/a><\/p>\n\n\n\n<p><a href=\"https:\/\/bonifratrzy.pl\/dps-zebrzydowice\/wp-content\/uploads\/sites\/53\/2022\/12\/Ogloszenie-o-wynikach-przetargu-1.pdf\">Og\u0142oszenie o wynikach przetargu<\/a><\/p>\n\n\n\n<p><a href=\"https:\/\/bonifratrzy.pl\/dps-zebrzydowice\/wp-content\/uploads\/sites\/53\/2022\/12\/Informacja-o-rezygnacji-jednego-z-wykonawcow-czesci-przetargu.pdf\">Informacja o rezygnacji jednego z wykonawc\u00f3w cz\u0119\u015bci przetargu<\/a><\/p>\n\n\n\n<p><strong>Przetarg 2022<\/strong><br>&#8211; Zam\u00f3wienie na dostaw\u0119 r\u00f3\u017cnych artyku\u0142\u00f3w spo\u017cywczych<\/p>\n\n\n\n<p><a href=\"https:\/\/bonifratrzy.pl\/dps-zebrzydowice\/wp-content\/uploads\/sites\/53\/2021\/12\/1Og\u0142oszenie-o-przetargu-2022-1.doc\">1.Og\u0142oszenie O Przetargu 2022<\/a><\/p>\n\n\n\n<p><a href=\"https:\/\/bonifratrzy.pl\/dps-zebrzydowice\/wp-content\/uploads\/sites\/53\/2021\/12\/2.-Formularz-ofertowy.doc\">2. Formularz Ofertowy<\/a><\/p>\n\n\n\n<p><a href=\"https:\/\/bonifratrzy.pl\/dps-zebrzydowice\/wp-content\/uploads\/sites\/53\/2021\/12\/3.-Za\u0142aczniki-nr-2A-2I-Formularz-cenowy-3.doc\">3. Za\u0142aczniki Nr 2A 2I Formularz Cenowy (3)<\/a><\/p>\n\n\n\n<p><a href=\"https:\/\/bonifratrzy.pl\/dps-zebrzydowice\/wp-content\/uploads\/sites\/53\/2021\/12\/5.-SIWZ-1.doc\">5. SIWZ (1)<\/a><\/p>\n\n\n\n<p><a href=\"https:\/\/bonifratrzy.pl\/dps-zebrzydowice\/wp-content\/uploads\/sites\/53\/2021\/12\/6.-umowa-przetarg-nieograniczony-2022.doc\">6. Umowa Przetarg Nieograniczony 2022<\/a><\/p>\n\n\n\n<p><a href=\"https:\/\/bonifratrzy.pl\/dps-zebrzydowice\/wp-content\/uploads\/sites\/53\/2021\/12\/za\u0142\u0105cznik-nr-5-o\u015bwiadczenie-2022-1.doc\">7. Za\u0142\u0105cznik Nr 5 O\u015bwiadczenie 2022 (1)<\/a><\/p>\n\n\n\n<p><a href=\"https:\/\/bonifratrzy.pl\/dps-zebrzydowice\/wp-content\/uploads\/sites\/53\/2021\/12\/Og\u0142oszenie-wynik\u00f3w-przetargu.pdf\" target=\"\" rel=\"noopener noreferrer\">Og\u0142oszenie Wynik\u00f3w Przetargu<\/a><\/p>\n","protected":false},"excerpt":{"rendered":"<p>Przetarg 2026 &#8211; aktualny\u2013 Zam\u00f3wienie na dostaw\u0119 r\u00f3\u017cnych artyku\u0142\u00f3w spo\u017cywczych: Przetarg 2025&nbsp;\u2013 Zam\u00f3wienie na dostaw\u0119 r\u00f3\u017cnych artyku\u0142\u00f3w spo\u017cywczych: Og\u0142oszenie O Przetargu Na Rok 2025 SIWZ (2) Za\u0142aczniki Nr 2A 2I Formularz Cenowy Za\u0142\u0105cznik Nr 1 Formularz Ofertowy (1) Za\u0142\u0105cznik Nr 3 O\u015bwiadczenie (1) Za\u0142\u0105cznik Nr 4 Umowa Przetarg Nieograniczony (1) Og\u0142oszenie O Wyniku Sig (1) [&hellip;]<\/p>\n","protected":false},"author":1,"featured_media":0,"parent":0,"menu_order":0,"comment_status":"closed","ping_status":"closed","template":"","meta":{"footnotes":""},"_links":{"self":[{"href":"https:\/\/bonifratrzy.pl\/dps-zebrzydowice\/wp-json\/wp\/v2\/pages\/1816"}],"collection":[{"href":"https:\/\/bonifratrzy.pl\/dps-zebrzydowice\/wp-json\/wp\/v2\/pages"}],"about":[{"href":"https:\/\/bonifratrzy.pl\/dps-zebrzydowice\/wp-json\/wp\/v2\/types\/page"}],"author":[{"embeddable":true,"href":"https:\/\/bonifratrzy.pl\/dps-zebrzydowice\/wp-json\/wp\/v2\/users\/1"}],"replies":[{"embeddable":true,"href":"https:\/\/bonifratrzy.pl\/dps-zebrzydowice\/wp-json\/wp\/v2\/comments?post=1816"}],"version-history":[{"count":28,"href":"https:\/\/bonifratrzy.pl\/dps-zebrzydowice\/wp-json\/wp\/v2\/pages\/1816\/revisions"}],"predecessor-version":[{"id":4552,"href":"https:\/\/bonifratrzy.pl\/dps-zebrzydowice\/wp-json\/wp\/v2\/pages\/1816\/revisions\/4552"}],"wp:attachment":[{"href":"https:\/\/bonifratrzy.pl\/dps-zebrzydowice\/wp-json\/wp\/v2\/media?parent=1816"}],"curies":[{"name":"wp","href":"https:\/\/api.w.org\/{rel}","templated":true}]}}