{"id":1780,"date":"2020-12-10T06:43:33","date_gmt":"2020-12-10T05:43:33","guid":{"rendered":"https:\/\/bonifratrzy.pl\/dps-zebrzydowice\/?page_id=1780"},"modified":"2020-12-10T06:44:43","modified_gmt":"2020-12-10T05:44:43","slug":"nasz-wspolny-dom","status":"publish","type":"page","link":"https:\/\/bonifratrzy.pl\/dps-zebrzydowice\/projekty\/nasz-wspolny-dom\/","title":{"rendered":"\u201eNASZ WSP\u00d3LNY DOM\u201d"},"content":{"rendered":"<p><img loading=\"lazy\" decoding=\"async\" class=\"wp-image-1777 alignnone\" src=\"https:\/\/bonifratrzy.pl\/dps-zebrzydowice\/wp-content\/uploads\/sites\/53\/2020\/12\/PFRON_wersja_podstawowa_RGB-01.jpg\" alt=\"\" width=\"500\" height=\"264\" \/><\/p>\n<p>&#8222;Nasz wsp\u00f3lny Dom\u201d to projekt skierowany do 60 mieszka\u0144c\u00f3w naszego Domu. Zaplanowane w nim dzia\u0142ania maj\u0105 na celu aktywne w\u0142\u0105czanie naszych mieszka\u0144c\u00f3w w tworzenie miejsca, w kt\u00f3rym \u015bwiadczona jest nie tylko ca\u0142odobowa opieka instytucjonalna, ale przede wszystkim dokonuje si\u0119 sta\u0142y rozw\u00f3j i zwi\u0119kszenie samodzielno\u015bci naszych podopiecznych. Do tego procesu niezb\u0119dne jest dodatkowe wsparcie naszej bie\u017c\u0105cej dzia\u0142alno\u015bci. Dlatego realizujemy projekt\u00a0<b>wsp\u00f3\u0142finansowany ze \u015brodk\u00f3w PFRON,<\/b>\u00a0aby stworzy\u0107 dla naszych podopiecznych miejsce jak najbardziej zbli\u017cone do warunk\u00f3w \u017cycia rodzinnego. Przyjazne \u015brodowisko Domu tworz\u0105 przede wszystkim ludzie i dokonuj\u0105ce si\u0119 w nich pozytywne ustawiczne zmiany zachodz\u0105ce w \u015bwiadomo\u015bci, nabywaniu nowych umiej\u0119tno\u015bci, kszta\u0142towaniu postaw, wzrostu ich autonomii. Dzia\u0142ania te d\u0105\u017c\u0105 do g\u0142\u00f3wnego celu \u2013\u00a0<b>poprawie codziennego funkcjonowania beneficjent\u00f3w i zwi\u0119kszeniu komfortu ich \u017cycia.<\/b><\/p>\n<p>W projekcie prowadzone s\u0105 zaj\u0119cia aktywizuj\u0105ce, kt\u00f3rych zakres wybrany zosta\u0142 przede wszystkim zgodnie z oczekiwaniami samych mieszka\u0144c\u00f3w. S\u0105 to przede wszystkim\u00a0 zaj\u0119cia praktyczne, w kt\u00f3rych uczestnicy maj\u0105 mo\u017cliwo\u015b\u0107 nauki konkretnych umiej\u0119tno\u015bci, \u00a0s\u0105 to :\u00a0\u00a0<b>ZAJ\u0118CIA KRAWIECKIE, ZAJECIA KOMPUTEROWE, ANIMACJA CZASU WOLNEGO I ROZW\u00d3J ZAINTERESOWA\u0143, ZAJ\u0118CIA KULINARNE<\/b>. Dla mieszka\u0144c\u00f3w DPS wa\u017cne jest r\u00f3wnie\u017c w\u0142a\u015bciwe zagospodarowanie ich czasu wolnego. Ma temu s\u0142u\u017cy\u0107 dzia\u0142anie w zakresie rozwijania zainteresowa\u0144 w\u0142asnych.\u00a0<b>INDYWIDUALNA POMOC PSYCHOLOGICZNA\u00a0<\/b>to wsparcie kierowane do os\u00f3b, kt\u00f3re \u017ale toleruj\u0105 frustracj\u0119, s\u0105 s\u0142absi w kompetencjach spo\u0142ecznych, maj\u0105 problemy w prawid\u0142owej ocenie rzeczywisto\u015bci lub prze\u017cywaj\u0105 kryzys. Natomiast\u00a0<b>INDYWIDUALNA TERAPIA PEDAGOGICZNA<\/b>\u00a0to pomoc, kt\u00f3ra ma na celu korygowanie r\u00f3\u017cnego rodzaju nieprawid\u0142owo\u015bci rozwoju i zachowania poprzez odpowiednie oddzia\u0142ywania specjalistyczne o charakterze pedagogicznym i profilaktycznym. Innym rodzajem dzia\u0142a\u0144 zaplanowanych w projekcie s\u0105 grupowe\u00a0<b>ZAJ\u0118CIA Z ZAKRESU SPORTU I REKREACJI,<\/b>\u00a0kt\u00f3re s\u0105 prost\u0105 i skuteczn\u0105 metod\u0105 na walk\u0119 ze stresem, maj\u0105c\u0105 pozytywny wp\u0142yw na zdrowie oraz kondycj\u0119 psychiczn\u0105. Natomiast dla os\u00f3b o niskiej sprawno\u015bci psychofizycznej za\u0142o\u017cono\u00a0<b>INDYWIDUALNE ZAJ\u0118CIA Z ZAKRESU USPRAWNIANIA RUCHOWEGO<\/b>, kt\u00f3re maj\u0105 na celu popraw\u0119 ich codziennego funkcjonowania.<\/p>\n<p align=\"JUSTIFY\"><b>W ramach projektu prowadzone s\u0105 nast\u0119puj\u0105ce zaj\u0119cia:<\/b><\/p>\n<p align=\"LEFT\"><b>Zaj\u0119cia komputerowe&#8230;<\/b><\/p>\n<p align=\"JUSTIFY\">Ucz\u0119szczamy na nie 2 razy w tygodniu i uczymy si\u0119 podstaw obs\u0142ugi komputera, tworzenia dokument\u00f3w, surfowania w internecie&#8230; Lubimy te zaj\u0119cia, bo co tydzie\u0144 uczymy si\u0119 czego\u015b nowego.<\/p>\n<p align=\"LEFT\"><b>Zaj\u0119cia gospodarcze&#8230;<\/b><\/p>\n<p align=\"JUSTIFY\">To tu z Panem B\u0142a\u017cejem ogarniamy drobne naprawy krzese\u0142, sto\u0142\u00f3w, dbamy o porz\u0105dek wok\u00f3\u0142 naszego domu. A ostatnio pracujemy nad karmnikami dla ptak\u00f3w.<\/p>\n<p align=\"LEFT\"><b>Zaj\u0119cia sportowe&#8230;<\/b><\/p>\n<p align=\"JUSTIFY\">Te zaj\u0119cia prowadzi nasza Pani Iwonka, kt\u00f3ra stara si\u0119 dba\u0107 o nasz\u0105 form\u0119 fizyczn\u0105. Gramy w gry zespo\u0142owe, du\u017co spacerujemy z kijkami. A ostatnio sp\u0119dzili\u015bmy wspania\u0142y dzie\u0144 na basenie.<\/p>\n<p align=\"LEFT\"><b>Zaj\u0119cia krawieckie&#8230;<\/b><\/p>\n<p align=\"JUSTIFY\">Z Pani\u0105 Dorotk\u0105 uczymy si\u0119 obs\u0142ugi maszyny do szycia i wykonujemy proste zadania krawieckie. Bo m\u0119\u017cczyzna te\u017c mo\u017ce szy\u0107 na maszynie&#8230; I idzie nam to ca\u0142kiem dobrze.<\/p>\n<p align=\"LEFT\"><b>Zaj\u0119cia kulinarne&#8230;<\/b><\/p>\n<p align=\"JUSTIFY\">Kt\u00f3\u017c nie lubi je\u015b\u0107?? \ud83d\ude00 Te zaj\u0119cia z Pani\u0105 Lucynk\u0105 s\u0105 wprost oblegane&#8230; Gotujemy, pieczemy, chodzimy na zakupy, tworzymy listy zakup\u00f3w. Te zaj\u0119cia nigdy si\u0119 nie nudz\u0105.<\/p>\n<p align=\"LEFT\"><b>Zaj\u0119cia animacji czasu wolnego i rozwijania zainteresowa\u0144&#8230;<\/b><\/p>\n<p align=\"JUSTIFY\">Z Pani\u0105 Lucynk\u0105 wyje\u017cd\u017camy na wycieczki w g\u00f3ry, do muzeum. Staramy si\u0119 integrowa\u0107 na spotkaniach z innymi domami. To na tych zaj\u0119ciach przygotowujemy prace z drewna, wszelkiego rodzaju kartki okoliczno\u015bciowe i zaproszenia. Zawsze mamy r\u0119ce pe\u0142ne roboty. Z Pani\u0105 Lucynk\u0105 nie ma nudy. Dzisiejsze stanowisko to w\u0142a\u015bnie efekt pracy na zaj\u0119ciach z animacji.<\/p>\n<p align=\"LEFT\"><b>Zaj\u0119cia z Psychologiem&#8230;<\/b><\/p>\n<p align=\"JUSTIFY\">Lubimy te spotkania z Pani\u0105 Paulink\u0105. Ch\u0119tnie na nie ucz\u0119szczamy, bo wiemy, \u017ce nam to pomaga.<\/p>\n<p align=\"LEFT\"><b>Zaj\u0119cia z Pedagogiem&#8230;<\/b><\/p>\n<p align=\"JUSTIFY\">Z Pani\u0105 Agatk\u0105 uczymy si\u0119 kaligrafii, chodzimy na spacery i na zakupy i ogl\u0105damy ciekawe filmy na youtube.<\/p>\n<div id=\"envira-gallery-wrap-1779\" class=\"envira-gallery-wrap envira-gallery-theme-base envira-lightbox-theme-base\" itemscope itemtype=\"https:\/\/schema.org\/ImageGallery\"><div data-row-height=\"150\" data-gallery-theme=\"normal\" id=\"envira-gallery-1779\" class=\"envira-gallery-public envira-gallery-justified-public envira-gallery-0-columns envira-clear enviratope envira-gallery-css-animations\" data-envira-columns=\"0\"><div id=\"envira-gallery-item-1776\" class=\"envira-gallery-item enviratope-item envira-gallery-item-1 envira-lazy-load\" style=\"padding-left: 5px; padding-bottom: 10px; padding-right: 5px;\"  itemscope itemtype=\"https:\/\/schema.org\/ImageObject\"><div class=\"envira-gallery-item-inner\"><div class=\"envira-gallery-position-overlay  envira-gallery-top-left\"><\/div><div class=\"envira-gallery-position-overlay  envira-gallery-top-right\"><\/div><div class=\"envira-gallery-position-overlay  envira-gallery-bottom-left\"><\/div><div class=\"envira-gallery-position-overlay  envira-gallery-bottom-right\"><\/div><a href=\"https:\/\/bonifratrzy.pl\/dps-zebrzydowice\/wp-content\/uploads\/sites\/53\/2020\/12\/b_40645166_675109456218475_8990739874910830592_n-1.jpg\" class=\"envira-gallery-1779 envira-gallery-link\" rel=\"enviragallery1779\" title=\"B 40645166 675109456218475 8990739874910830592 N\" data-envira-caption=\"B 40645166 675109456218475 8990739874910830592 N\" data-envira-retina=\"\" data-thumbnail=\"\"  itemprop=\"contentUrl\"><img decoding=\"async\" id=\"envira-gallery-image-1776\" class=\"envira-gallery-image envira-gallery-image-1 envira-normal envira-lazy\" data-envira-index=\"1\" src=\"https:\/\/bonifratrzy.pl\/dps-zebrzydowice\/wp-content\/uploads\/sites\/53\/2020\/12\/b_40645166_675109456218475_8990739874910830592_n-1-640x480.jpg\" data-envira-src=\"https:\/\/bonifratrzy.pl\/dps-zebrzydowice\/wp-content\/uploads\/sites\/53\/2020\/12\/b_40645166_675109456218475_8990739874910830592_n-1-640x480.jpg\" data-envira-gallery-id=\"1779\" data-envira-item-id=\"1776\" data-envira-caption=\"B 40645166 675109456218475 8990739874910830592 N\" alt=\"\" title=\"B 40645166 675109456218475 8990739874910830592 N\"  itemprop=\"thumbnailUrl\" data-envira-srcset=\"https:\/\/bonifratrzy.pl\/dps-zebrzydowice\/wp-content\/uploads\/sites\/53\/2020\/12\/b_40645166_675109456218475_8990739874910830592_n-1-640x480.jpg 400w,https:\/\/bonifratrzy.pl\/dps-zebrzydowice\/wp-content\/uploads\/sites\/53\/2020\/12\/b_40645166_675109456218475_8990739874910830592_n-1-640x480.jpg 2x\" data-envira-width=\"225\" data-envira-height=\"300\" srcset=\"data:image\/gif;base64,R0lGODlhAQABAIAAAP\/\/\/\/\/\/\/yH5BAEKAAEALAAAAAABAAEAAAICTAEAOw==\" data-safe-src=\"data:image\/gif;base64,R0lGODlhAQABAIAAAP\/\/\/\/\/\/\/yH5BAEKAAEALAAAAAABAAEAAAICTAEAOw==\" \/><\/a><\/div><\/div><div id=\"envira-gallery-item-1778\" class=\"envira-gallery-item enviratope-item envira-gallery-item-2 envira-lazy-load\" style=\"padding-left: 5px; padding-bottom: 10px; padding-right: 5px;\"  itemscope itemtype=\"https:\/\/schema.org\/ImageObject\"><div class=\"envira-gallery-item-inner\"><div class=\"envira-gallery-position-overlay  envira-gallery-top-left\"><\/div><div class=\"envira-gallery-position-overlay  envira-gallery-top-right\"><\/div><div class=\"envira-gallery-position-overlay  envira-gallery-bottom-left\"><\/div><div class=\"envira-gallery-position-overlay  envira-gallery-bottom-right\"><\/div><a href=\"https:\/\/bonifratrzy.pl\/dps-zebrzydowice\/wp-content\/uploads\/sites\/53\/2020\/12\/b_41673045_238560570142193_6503819133237329920_n-1.jpg\" class=\"envira-gallery-1779 envira-gallery-link\" rel=\"enviragallery1779\" title=\"B 41673045 238560570142193 6503819133237329920 N\" data-envira-caption=\"B 41673045 238560570142193 6503819133237329920 N\" data-envira-retina=\"\" data-thumbnail=\"\"  itemprop=\"contentUrl\"><img decoding=\"async\" id=\"envira-gallery-image-1778\" class=\"envira-gallery-image envira-gallery-image-2 envira-normal envira-lazy\" data-envira-index=\"2\" src=\"https:\/\/bonifratrzy.pl\/dps-zebrzydowice\/wp-content\/uploads\/sites\/53\/2020\/12\/b_41673045_238560570142193_6503819133237329920_n-1-640x480.jpg\" data-envira-src=\"https:\/\/bonifratrzy.pl\/dps-zebrzydowice\/wp-content\/uploads\/sites\/53\/2020\/12\/b_41673045_238560570142193_6503819133237329920_n-1-640x480.jpg\" data-envira-gallery-id=\"1779\" data-envira-item-id=\"1778\" data-envira-caption=\"B 41673045 238560570142193 6503819133237329920 N\" alt=\"\" title=\"B 41673045 238560570142193 6503819133237329920 N\"  itemprop=\"thumbnailUrl\" data-envira-srcset=\"https:\/\/bonifratrzy.pl\/dps-zebrzydowice\/wp-content\/uploads\/sites\/53\/2020\/12\/b_41673045_238560570142193_6503819133237329920_n-1-640x480.jpg 400w,https:\/\/bonifratrzy.pl\/dps-zebrzydowice\/wp-content\/uploads\/sites\/53\/2020\/12\/b_41673045_238560570142193_6503819133237329920_n-1-640x480.jpg 2x\" data-envira-width=\"225\" data-envira-height=\"300\" srcset=\"data:image\/gif;base64,R0lGODlhAQABAIAAAP\/\/\/\/\/\/\/yH5BAEKAAEALAAAAAABAAEAAAICTAEAOw==\" data-safe-src=\"data:image\/gif;base64,R0lGODlhAQABAIAAAP\/\/\/\/\/\/\/yH5BAEKAAEALAAAAAABAAEAAAICTAEAOw==\" \/><\/a><\/div><\/div><\/div><\/div><noscript><img decoding=\"async\" src=\"https:\/\/bonifratrzy.pl\/dps-zebrzydowice\/wp-content\/uploads\/sites\/53\/2020\/12\/b_40645166_675109456218475_8990739874910830592_n-1.jpg\" alt=\"\" \/><img decoding=\"async\" src=\"https:\/\/bonifratrzy.pl\/dps-zebrzydowice\/wp-content\/uploads\/sites\/53\/2020\/12\/b_41673045_238560570142193_6503819133237329920_n-1.jpg\" alt=\"\" \/><\/noscript>\n","protected":false},"excerpt":{"rendered":"<p>&#8222;Nasz wsp\u00f3lny Dom\u201d to projekt skierowany do 60 mieszka\u0144c\u00f3w naszego Domu. Zaplanowane w nim dzia\u0142ania maj\u0105 na celu aktywne w\u0142\u0105czanie naszych mieszka\u0144c\u00f3w w tworzenie miejsca, w kt\u00f3rym \u015bwiadczona jest nie tylko ca\u0142odobowa opieka instytucjonalna, ale przede wszystkim dokonuje si\u0119 sta\u0142y rozw\u00f3j i zwi\u0119kszenie samodzielno\u015bci naszych podopiecznych. Do tego procesu niezb\u0119dne jest dodatkowe wsparcie naszej bie\u017c\u0105cej [&hellip;]<\/p>\n","protected":false},"author":1,"featured_media":0,"parent":1742,"menu_order":0,"comment_status":"closed","ping_status":"closed","template":"","meta":{"footnotes":""},"_links":{"self":[{"href":"https:\/\/bonifratrzy.pl\/dps-zebrzydowice\/wp-json\/wp\/v2\/pages\/1780"}],"collection":[{"href":"https:\/\/bonifratrzy.pl\/dps-zebrzydowice\/wp-json\/wp\/v2\/pages"}],"about":[{"href":"https:\/\/bonifratrzy.pl\/dps-zebrzydowice\/wp-json\/wp\/v2\/types\/page"}],"author":[{"embeddable":true,"href":"https:\/\/bonifratrzy.pl\/dps-zebrzydowice\/wp-json\/wp\/v2\/users\/1"}],"replies":[{"embeddable":true,"href":"https:\/\/bonifratrzy.pl\/dps-zebrzydowice\/wp-json\/wp\/v2\/comments?post=1780"}],"version-history":[{"count":1,"href":"https:\/\/bonifratrzy.pl\/dps-zebrzydowice\/wp-json\/wp\/v2\/pages\/1780\/revisions"}],"predecessor-version":[{"id":1781,"href":"https:\/\/bonifratrzy.pl\/dps-zebrzydowice\/wp-json\/wp\/v2\/pages\/1780\/revisions\/1781"}],"up":[{"embeddable":true,"href":"https:\/\/bonifratrzy.pl\/dps-zebrzydowice\/wp-json\/wp\/v2\/pages\/1742"}],"wp:attachment":[{"href":"https:\/\/bonifratrzy.pl\/dps-zebrzydowice\/wp-json\/wp\/v2\/media?parent=1780"}],"curies":[{"name":"wp","href":"https:\/\/api.w.org\/{rel}","templated":true}]}}