{"id":1766,"date":"2020-12-10T06:38:02","date_gmt":"2020-12-10T05:38:02","guid":{"rendered":"https:\/\/bonifratrzy.pl\/dps-zebrzydowice\/?page_id=1766"},"modified":"2020-12-10T08:47:22","modified_gmt":"2020-12-10T07:47:22","slug":"model-dunski","status":"publish","type":"page","link":"https:\/\/bonifratrzy.pl\/dps-zebrzydowice\/projekty\/model-dunski\/","title":{"rendered":"Model du\u0144ski"},"content":{"rendered":"<p><strong>Projekt &#8222;Wsparcie Dom\u00f3w Pomocy Spo\u0142ecznej w oparciu o du\u0144ski model pracy<\/strong><strong>&#8222;- realizowany od 05.12.2013r. do 13.10.2015r.<br \/>\n<\/strong><\/p>\n<p id=\"\">Nadrz\u0119dny cel projektu: Poprawa jako\u015bci \u017cycia niepe\u0142nosprawnych mieszka\u0144c\u00f3w Domu Pomocy Spo\u0142ecznej\u00a0poprzez rozw\u00f3j kompetencji zawodowych pracownik\u00f3w.<br \/>\nZgodnie z za\u0142o\u017ceniami, efektem reorganizacji plac\u00f3wki w oparciu o model du\u0144ski jest zmiana jako\u015bciowa w trzech p\u0142aszczyznach funkcjonalnych:<\/p>\n<ul>\n<li>od pacjenta do mieszka\u0144ca<\/li>\n<li>od grupy do indywidualno\u015bci<\/li>\n<li>od instytucji do mieszka\u0144.<\/li>\n<\/ul>\n<p>13 pa\u017adziernika 2015r uroczystym spotkaniem w DPS w Bochni zako\u0144czyli\u015bmy realizacj\u0119 projektu\u00a0<b>\u00a0&#8222;Wsparcie Dom\u00f3w Pomocy Spo\u0142ecznej w oparciu o du\u0144ski model pracy&#8221;.\u00a0<\/b>Wraz z pracownikami DPS ul. Nowaczy\u0144skiego\u00a0 z Krakowa, kt\u00f3rzy tak jak i my \u00a0realizowali projekt \u00a0\u201edu\u0144ski \u201d, prezentowali\u015bmy owoce naszej dwuletniej pracy.<\/p>\n<p>Podsumowali\u015bmy \u00a0to co uda\u0142o nam si\u0119 wypracowa\u0107 oraz snuli\u015bmy plany na przysz\u0142o\u015b\u0107, poniewa\u017c mimo, i\u017c projekt zosta\u0142 oficjalnie zako\u0144czony, my zamierzamy nadal pracowa\u0107 nad popraw\u0105 jako\u015bci \u017cycia naszych mieszka\u0144c\u00f3w miedzy innymi poprzez rozw\u00f3j kompetencji zawodowych pracownik\u00f3w naszego Domu.<\/p>\n<p>Serdecznie dzi\u0119kujemy paniom: Ewie Soleckiej &#8211; Florek oraz Barbarze Ha\u0142as za \u00a0prowadzenie nas przez ten pracowity okres. \u00a0Dzi\u0119kujemy im za nieocenion\u0105 pomoc merytoryczn\u0105, wsparcie w trudnych chwilach oraz niejednokrotnie wskazywanie w\u0142a\u015bciwego kierunku naszej pracy z mieszka\u0144cem ale te\u017c i\u00a0 zespo\u0142em pracowniczym. Dzi\u0119kujemy tak\u017ce Regionalnemu O\u015brodkowi Polityki Spo\u0142ecznej<br \/>\nw Krakowie reprezentowanemu przez pani \u0105 Ma\u0142gorzat\u0119 Jezioro \u2013 Bra\u015b za mo\u017cliwo\u015b\u0107 uczestnictwa w tym projekcie.<\/p>\n<p>&nbsp;<\/p>\n<div id=\"envira-gallery-wrap-1765\" class=\"envira-gallery-wrap envira-gallery-theme-base envira-lightbox-theme-base\" itemscope itemtype=\"https:\/\/schema.org\/ImageGallery\"><div data-row-height=\"150\" data-gallery-theme=\"normal\" id=\"envira-gallery-1765\" class=\"envira-gallery-public envira-gallery-justified-public envira-gallery-0-columns envira-clear enviratope envira-gallery-css-animations\" data-envira-columns=\"0\"><div id=\"envira-gallery-item-1774\" class=\"envira-gallery-item enviratope-item envira-gallery-item-1 envira-lazy-load\" style=\"padding-left: 5px; padding-bottom: 10px; padding-right: 5px;\"  itemscope itemtype=\"https:\/\/schema.org\/ImageObject\"><div class=\"envira-gallery-item-inner\"><div class=\"envira-gallery-position-overlay  envira-gallery-top-left\"><\/div><div class=\"envira-gallery-position-overlay  envira-gallery-top-right\"><\/div><div class=\"envira-gallery-position-overlay  envira-gallery-bottom-left\"><\/div><div class=\"envira-gallery-position-overlay  envira-gallery-bottom-right\"><\/div><a href=\"https:\/\/bonifratrzy.pl\/dps-zebrzydowice\/wp-content\/uploads\/sites\/53\/2020\/12\/b_b_dsc_02871.jpg\" class=\"envira-gallery-1765 envira-gallery-link\" rel=\"enviragallery1765\" title=\"B B Dsc 02871\" data-envira-caption=\"B B Dsc 02871\" data-envira-retina=\"\" data-thumbnail=\"\"  itemprop=\"contentUrl\"><img decoding=\"async\" id=\"envira-gallery-image-1774\" class=\"envira-gallery-image envira-gallery-image-1 envira-normal envira-lazy\" data-envira-index=\"1\" src=\"https:\/\/bonifratrzy.pl\/dps-zebrzydowice\/wp-content\/uploads\/sites\/53\/2020\/12\/b_b_dsc_02871-640x480_c.jpg\" data-envira-src=\"https:\/\/bonifratrzy.pl\/dps-zebrzydowice\/wp-content\/uploads\/sites\/53\/2020\/12\/b_b_dsc_02871-640x480_c.jpg\" data-envira-gallery-id=\"1765\" data-envira-item-id=\"1774\" data-envira-caption=\"B B Dsc 02871\" alt=\"\" title=\"B B Dsc 02871\"  itemprop=\"thumbnailUrl\" data-envira-srcset=\"https:\/\/bonifratrzy.pl\/dps-zebrzydowice\/wp-content\/uploads\/sites\/53\/2020\/12\/b_b_dsc_02871-640x480_c.jpg 400w,https:\/\/bonifratrzy.pl\/dps-zebrzydowice\/wp-content\/uploads\/sites\/53\/2020\/12\/b_b_dsc_02871-640x480_c.jpg 2x\" data-envira-width=\"640\" data-envira-height=\"480\" srcset=\"data:image\/gif;base64,R0lGODlhAQABAIAAAP\/\/\/\/\/\/\/yH5BAEKAAEALAAAAAABAAEAAAICTAEAOw==\" data-safe-src=\"data:image\/gif;base64,R0lGODlhAQABAIAAAP\/\/\/\/\/\/\/yH5BAEKAAEALAAAAAABAAEAAAICTAEAOw==\" \/><\/a><\/div><\/div><div id=\"envira-gallery-item-1773\" class=\"envira-gallery-item enviratope-item envira-gallery-item-2 envira-lazy-load\" style=\"padding-left: 5px; padding-bottom: 10px; padding-right: 5px;\"  itemscope itemtype=\"https:\/\/schema.org\/ImageObject\"><div class=\"envira-gallery-item-inner\"><div class=\"envira-gallery-position-overlay  envira-gallery-top-left\"><\/div><div class=\"envira-gallery-position-overlay  envira-gallery-top-right\"><\/div><div class=\"envira-gallery-position-overlay  envira-gallery-bottom-left\"><\/div><div class=\"envira-gallery-position-overlay  envira-gallery-bottom-right\"><\/div><a href=\"https:\/\/bonifratrzy.pl\/dps-zebrzydowice\/wp-content\/uploads\/sites\/53\/2020\/12\/b_pa130333.jpg\" class=\"envira-gallery-1765 envira-gallery-link\" rel=\"enviragallery1765\" title=\"B Pa130333\" data-envira-caption=\"B Pa130333\" data-envira-retina=\"\" data-thumbnail=\"\"  itemprop=\"contentUrl\"><img decoding=\"async\" id=\"envira-gallery-image-1773\" class=\"envira-gallery-image envira-gallery-image-2 envira-normal envira-lazy\" data-envira-index=\"2\" src=\"https:\/\/bonifratrzy.pl\/dps-zebrzydowice\/wp-content\/uploads\/sites\/53\/2020\/12\/b_pa130333-640x480_c.jpg\" data-envira-src=\"https:\/\/bonifratrzy.pl\/dps-zebrzydowice\/wp-content\/uploads\/sites\/53\/2020\/12\/b_pa130333-640x480_c.jpg\" data-envira-gallery-id=\"1765\" data-envira-item-id=\"1773\" data-envira-caption=\"B Pa130333\" alt=\"\" title=\"B Pa130333\"  itemprop=\"thumbnailUrl\" data-envira-srcset=\"https:\/\/bonifratrzy.pl\/dps-zebrzydowice\/wp-content\/uploads\/sites\/53\/2020\/12\/b_pa130333-640x480_c.jpg 400w,https:\/\/bonifratrzy.pl\/dps-zebrzydowice\/wp-content\/uploads\/sites\/53\/2020\/12\/b_pa130333-640x480_c.jpg 2x\" data-envira-width=\"640\" data-envira-height=\"480\" srcset=\"data:image\/gif;base64,R0lGODlhAQABAIAAAP\/\/\/\/\/\/\/yH5BAEKAAEALAAAAAABAAEAAAICTAEAOw==\" data-safe-src=\"data:image\/gif;base64,R0lGODlhAQABAIAAAP\/\/\/\/\/\/\/yH5BAEKAAEALAAAAAABAAEAAAICTAEAOw==\" \/><\/a><\/div><\/div><div id=\"envira-gallery-item-1772\" class=\"envira-gallery-item enviratope-item envira-gallery-item-3 envira-lazy-load\" style=\"padding-left: 5px; padding-bottom: 10px; padding-right: 5px;\"  itemscope itemtype=\"https:\/\/schema.org\/ImageObject\"><div class=\"envira-gallery-item-inner\"><div class=\"envira-gallery-position-overlay  envira-gallery-top-left\"><\/div><div class=\"envira-gallery-position-overlay  envira-gallery-top-right\"><\/div><div class=\"envira-gallery-position-overlay  envira-gallery-bottom-left\"><\/div><div class=\"envira-gallery-position-overlay  envira-gallery-bottom-right\"><\/div><a href=\"https:\/\/bonifratrzy.pl\/dps-zebrzydowice\/wp-content\/uploads\/sites\/53\/2020\/12\/b_pa130324.jpg\" class=\"envira-gallery-1765 envira-gallery-link\" rel=\"enviragallery1765\" title=\"B Pa130324\" data-envira-caption=\"B Pa130324\" data-envira-retina=\"\" data-thumbnail=\"\"  itemprop=\"contentUrl\"><img decoding=\"async\" id=\"envira-gallery-image-1772\" class=\"envira-gallery-image envira-gallery-image-3 envira-normal envira-lazy\" data-envira-index=\"3\" src=\"https:\/\/bonifratrzy.pl\/dps-zebrzydowice\/wp-content\/uploads\/sites\/53\/2020\/12\/b_pa130324-640x480_c.jpg\" data-envira-src=\"https:\/\/bonifratrzy.pl\/dps-zebrzydowice\/wp-content\/uploads\/sites\/53\/2020\/12\/b_pa130324-640x480_c.jpg\" data-envira-gallery-id=\"1765\" data-envira-item-id=\"1772\" data-envira-caption=\"B Pa130324\" alt=\"\" title=\"B Pa130324\"  itemprop=\"thumbnailUrl\" data-envira-srcset=\"https:\/\/bonifratrzy.pl\/dps-zebrzydowice\/wp-content\/uploads\/sites\/53\/2020\/12\/b_pa130324-640x480_c.jpg 400w,https:\/\/bonifratrzy.pl\/dps-zebrzydowice\/wp-content\/uploads\/sites\/53\/2020\/12\/b_pa130324-640x480_c.jpg 2x\" data-envira-width=\"640\" data-envira-height=\"480\" srcset=\"data:image\/gif;base64,R0lGODlhAQABAIAAAP\/\/\/\/\/\/\/yH5BAEKAAEALAAAAAABAAEAAAICTAEAOw==\" data-safe-src=\"data:image\/gif;base64,R0lGODlhAQABAIAAAP\/\/\/\/\/\/\/yH5BAEKAAEALAAAAAABAAEAAAICTAEAOw==\" \/><\/a><\/div><\/div><div id=\"envira-gallery-item-1771\" class=\"envira-gallery-item enviratope-item envira-gallery-item-4 envira-lazy-load\" style=\"padding-left: 5px; padding-bottom: 10px; padding-right: 5px;\"  itemscope itemtype=\"https:\/\/schema.org\/ImageObject\"><div class=\"envira-gallery-item-inner\"><div class=\"envira-gallery-position-overlay  envira-gallery-top-left\"><\/div><div class=\"envira-gallery-position-overlay  envira-gallery-top-right\"><\/div><div class=\"envira-gallery-position-overlay  envira-gallery-bottom-left\"><\/div><div class=\"envira-gallery-position-overlay  envira-gallery-bottom-right\"><\/div><a href=\"https:\/\/bonifratrzy.pl\/dps-zebrzydowice\/wp-content\/uploads\/sites\/53\/2020\/12\/b_pa130321.jpg\" class=\"envira-gallery-1765 envira-gallery-link\" rel=\"enviragallery1765\" title=\"B Pa130321\" data-envira-caption=\"B Pa130321\" data-envira-retina=\"\" data-thumbnail=\"\"  itemprop=\"contentUrl\"><img decoding=\"async\" id=\"envira-gallery-image-1771\" class=\"envira-gallery-image envira-gallery-image-4 envira-normal envira-lazy\" data-envira-index=\"4\" src=\"https:\/\/bonifratrzy.pl\/dps-zebrzydowice\/wp-content\/uploads\/sites\/53\/2020\/12\/b_pa130321-640x480_c.jpg\" data-envira-src=\"https:\/\/bonifratrzy.pl\/dps-zebrzydowice\/wp-content\/uploads\/sites\/53\/2020\/12\/b_pa130321-640x480_c.jpg\" data-envira-gallery-id=\"1765\" data-envira-item-id=\"1771\" data-envira-caption=\"B Pa130321\" alt=\"\" title=\"B Pa130321\"  itemprop=\"thumbnailUrl\" data-envira-srcset=\"https:\/\/bonifratrzy.pl\/dps-zebrzydowice\/wp-content\/uploads\/sites\/53\/2020\/12\/b_pa130321-640x480_c.jpg 400w,https:\/\/bonifratrzy.pl\/dps-zebrzydowice\/wp-content\/uploads\/sites\/53\/2020\/12\/b_pa130321-640x480_c.jpg 2x\" data-envira-width=\"640\" data-envira-height=\"480\" srcset=\"data:image\/gif;base64,R0lGODlhAQABAIAAAP\/\/\/\/\/\/\/yH5BAEKAAEALAAAAAABAAEAAAICTAEAOw==\" data-safe-src=\"data:image\/gif;base64,R0lGODlhAQABAIAAAP\/\/\/\/\/\/\/yH5BAEKAAEALAAAAAABAAEAAAICTAEAOw==\" \/><\/a><\/div><\/div><div id=\"envira-gallery-item-1770\" class=\"envira-gallery-item enviratope-item envira-gallery-item-5 envira-lazy-load\" style=\"padding-left: 5px; padding-bottom: 10px; padding-right: 5px;\"  itemscope itemtype=\"https:\/\/schema.org\/ImageObject\"><div class=\"envira-gallery-item-inner\"><div class=\"envira-gallery-position-overlay  envira-gallery-top-left\"><\/div><div class=\"envira-gallery-position-overlay  envira-gallery-top-right\"><\/div><div class=\"envira-gallery-position-overlay  envira-gallery-bottom-left\"><\/div><div class=\"envira-gallery-position-overlay  envira-gallery-bottom-right\"><\/div><a href=\"https:\/\/bonifratrzy.pl\/dps-zebrzydowice\/wp-content\/uploads\/sites\/53\/2020\/12\/b_pa130318.jpg\" class=\"envira-gallery-1765 envira-gallery-link\" rel=\"enviragallery1765\" title=\"B Pa130318\" data-envira-caption=\"B Pa130318\" data-envira-retina=\"\" data-thumbnail=\"\"  itemprop=\"contentUrl\"><img decoding=\"async\" id=\"envira-gallery-image-1770\" class=\"envira-gallery-image envira-gallery-image-5 envira-normal envira-lazy\" data-envira-index=\"5\" src=\"https:\/\/bonifratrzy.pl\/dps-zebrzydowice\/wp-content\/uploads\/sites\/53\/2020\/12\/b_pa130318-640x480_c.jpg\" data-envira-src=\"https:\/\/bonifratrzy.pl\/dps-zebrzydowice\/wp-content\/uploads\/sites\/53\/2020\/12\/b_pa130318-640x480_c.jpg\" data-envira-gallery-id=\"1765\" data-envira-item-id=\"1770\" data-envira-caption=\"B Pa130318\" alt=\"\" title=\"B Pa130318\"  itemprop=\"thumbnailUrl\" data-envira-srcset=\"https:\/\/bonifratrzy.pl\/dps-zebrzydowice\/wp-content\/uploads\/sites\/53\/2020\/12\/b_pa130318-640x480_c.jpg 400w,https:\/\/bonifratrzy.pl\/dps-zebrzydowice\/wp-content\/uploads\/sites\/53\/2020\/12\/b_pa130318-640x480_c.jpg 2x\" data-envira-width=\"640\" data-envira-height=\"480\" srcset=\"data:image\/gif;base64,R0lGODlhAQABAIAAAP\/\/\/\/\/\/\/yH5BAEKAAEALAAAAAABAAEAAAICTAEAOw==\" data-safe-src=\"data:image\/gif;base64,R0lGODlhAQABAIAAAP\/\/\/\/\/\/\/yH5BAEKAAEALAAAAAABAAEAAAICTAEAOw==\" \/><\/a><\/div><\/div><div id=\"envira-gallery-item-1769\" class=\"envira-gallery-item enviratope-item envira-gallery-item-6 envira-lazy-load\" style=\"padding-left: 5px; padding-bottom: 10px; padding-right: 5px;\"  itemscope itemtype=\"https:\/\/schema.org\/ImageObject\"><div class=\"envira-gallery-item-inner\"><div class=\"envira-gallery-position-overlay  envira-gallery-top-left\"><\/div><div class=\"envira-gallery-position-overlay  envira-gallery-top-right\"><\/div><div class=\"envira-gallery-position-overlay  envira-gallery-bottom-left\"><\/div><div class=\"envira-gallery-position-overlay  envira-gallery-bottom-right\"><\/div><a href=\"https:\/\/bonifratrzy.pl\/dps-zebrzydowice\/wp-content\/uploads\/sites\/53\/2020\/12\/b_b_p3050755.jpg\" class=\"envira-gallery-1765 envira-gallery-link\" rel=\"enviragallery1765\" title=\"B B P3050755\" data-envira-caption=\"B B P3050755\" data-envira-retina=\"\" data-thumbnail=\"\"  itemprop=\"contentUrl\"><img decoding=\"async\" id=\"envira-gallery-image-1769\" class=\"envira-gallery-image envira-gallery-image-6 envira-normal envira-lazy\" data-envira-index=\"6\" src=\"https:\/\/bonifratrzy.pl\/dps-zebrzydowice\/wp-content\/uploads\/sites\/53\/2020\/12\/b_b_p3050755-640x480_c.jpg\" data-envira-src=\"https:\/\/bonifratrzy.pl\/dps-zebrzydowice\/wp-content\/uploads\/sites\/53\/2020\/12\/b_b_p3050755-640x480_c.jpg\" data-envira-gallery-id=\"1765\" data-envira-item-id=\"1769\" data-envira-caption=\"B B P3050755\" alt=\"\" title=\"B B P3050755\"  itemprop=\"thumbnailUrl\" data-envira-srcset=\"https:\/\/bonifratrzy.pl\/dps-zebrzydowice\/wp-content\/uploads\/sites\/53\/2020\/12\/b_b_p3050755-640x480_c.jpg 400w,https:\/\/bonifratrzy.pl\/dps-zebrzydowice\/wp-content\/uploads\/sites\/53\/2020\/12\/b_b_p3050755-640x480_c.jpg 2x\" data-envira-width=\"640\" data-envira-height=\"480\" srcset=\"data:image\/gif;base64,R0lGODlhAQABAIAAAP\/\/\/\/\/\/\/yH5BAEKAAEALAAAAAABAAEAAAICTAEAOw==\" data-safe-src=\"data:image\/gif;base64,R0lGODlhAQABAIAAAP\/\/\/\/\/\/\/yH5BAEKAAEALAAAAAABAAEAAAICTAEAOw==\" \/><\/a><\/div><\/div><div id=\"envira-gallery-item-1768\" class=\"envira-gallery-item enviratope-item envira-gallery-item-7 envira-lazy-load\" style=\"padding-left: 5px; padding-bottom: 10px; padding-right: 5px;\"  itemscope itemtype=\"https:\/\/schema.org\/ImageObject\"><div class=\"envira-gallery-item-inner\"><div class=\"envira-gallery-position-overlay  envira-gallery-top-left\"><\/div><div class=\"envira-gallery-position-overlay  envira-gallery-top-right\"><\/div><div class=\"envira-gallery-position-overlay  envira-gallery-bottom-left\"><\/div><div class=\"envira-gallery-position-overlay  envira-gallery-bottom-right\"><\/div><a href=\"https:\/\/bonifratrzy.pl\/dps-zebrzydowice\/wp-content\/uploads\/sites\/53\/2020\/12\/b_b_p3050752.jpg\" class=\"envira-gallery-1765 envira-gallery-link\" rel=\"enviragallery1765\" title=\"B B P3050752\" data-envira-caption=\"B B P3050752\" data-envira-retina=\"\" data-thumbnail=\"\"  itemprop=\"contentUrl\"><img decoding=\"async\" id=\"envira-gallery-image-1768\" class=\"envira-gallery-image envira-gallery-image-7 envira-normal envira-lazy\" data-envira-index=\"7\" src=\"https:\/\/bonifratrzy.pl\/dps-zebrzydowice\/wp-content\/uploads\/sites\/53\/2020\/12\/b_b_p3050752-640x480_c.jpg\" data-envira-src=\"https:\/\/bonifratrzy.pl\/dps-zebrzydowice\/wp-content\/uploads\/sites\/53\/2020\/12\/b_b_p3050752-640x480_c.jpg\" data-envira-gallery-id=\"1765\" data-envira-item-id=\"1768\" data-envira-caption=\"B B P3050752\" alt=\"\" title=\"B B P3050752\"  itemprop=\"thumbnailUrl\" data-envira-srcset=\"https:\/\/bonifratrzy.pl\/dps-zebrzydowice\/wp-content\/uploads\/sites\/53\/2020\/12\/b_b_p3050752-640x480_c.jpg 400w,https:\/\/bonifratrzy.pl\/dps-zebrzydowice\/wp-content\/uploads\/sites\/53\/2020\/12\/b_b_p3050752-640x480_c.jpg 2x\" data-envira-width=\"640\" data-envira-height=\"480\" srcset=\"data:image\/gif;base64,R0lGODlhAQABAIAAAP\/\/\/\/\/\/\/yH5BAEKAAEALAAAAAABAAEAAAICTAEAOw==\" data-safe-src=\"data:image\/gif;base64,R0lGODlhAQABAIAAAP\/\/\/\/\/\/\/yH5BAEKAAEALAAAAAABAAEAAAICTAEAOw==\" \/><\/a><\/div><\/div><\/div><\/div><noscript><img decoding=\"async\" src=\"https:\/\/bonifratrzy.pl\/dps-zebrzydowice\/wp-content\/uploads\/sites\/53\/2020\/12\/b_b_dsc_02871.jpg\" alt=\"\" \/><img decoding=\"async\" src=\"https:\/\/bonifratrzy.pl\/dps-zebrzydowice\/wp-content\/uploads\/sites\/53\/2020\/12\/b_pa130333.jpg\" alt=\"\" \/><img decoding=\"async\" src=\"https:\/\/bonifratrzy.pl\/dps-zebrzydowice\/wp-content\/uploads\/sites\/53\/2020\/12\/b_pa130324.jpg\" alt=\"\" \/><img decoding=\"async\" src=\"https:\/\/bonifratrzy.pl\/dps-zebrzydowice\/wp-content\/uploads\/sites\/53\/2020\/12\/b_pa130321.jpg\" alt=\"\" \/><img decoding=\"async\" src=\"https:\/\/bonifratrzy.pl\/dps-zebrzydowice\/wp-content\/uploads\/sites\/53\/2020\/12\/b_pa130318.jpg\" alt=\"\" \/><img decoding=\"async\" src=\"https:\/\/bonifratrzy.pl\/dps-zebrzydowice\/wp-content\/uploads\/sites\/53\/2020\/12\/b_b_p3050755.jpg\" alt=\"\" \/><img decoding=\"async\" src=\"https:\/\/bonifratrzy.pl\/dps-zebrzydowice\/wp-content\/uploads\/sites\/53\/2020\/12\/b_b_p3050752.jpg\" alt=\"\" \/><\/noscript>\n","protected":false},"excerpt":{"rendered":"<p>Projekt &#8222;Wsparcie Dom\u00f3w Pomocy Spo\u0142ecznej w oparciu o du\u0144ski model pracy&#8222;- realizowany od 05.12.2013r. do 13.10.2015r. Nadrz\u0119dny cel projektu: Poprawa jako\u015bci \u017cycia niepe\u0142nosprawnych mieszka\u0144c\u00f3w Domu Pomocy Spo\u0142ecznej\u00a0poprzez rozw\u00f3j kompetencji zawodowych pracownik\u00f3w. Zgodnie z za\u0142o\u017ceniami, efektem reorganizacji plac\u00f3wki w oparciu o model du\u0144ski jest zmiana jako\u015bciowa w trzech p\u0142aszczyznach funkcjonalnych: od pacjenta do mieszka\u0144ca od grupy [&hellip;]<\/p>\n","protected":false},"author":1,"featured_media":0,"parent":1742,"menu_order":0,"comment_status":"closed","ping_status":"closed","template":"","meta":{"footnotes":""},"_links":{"self":[{"href":"https:\/\/bonifratrzy.pl\/dps-zebrzydowice\/wp-json\/wp\/v2\/pages\/1766"}],"collection":[{"href":"https:\/\/bonifratrzy.pl\/dps-zebrzydowice\/wp-json\/wp\/v2\/pages"}],"about":[{"href":"https:\/\/bonifratrzy.pl\/dps-zebrzydowice\/wp-json\/wp\/v2\/types\/page"}],"author":[{"embeddable":true,"href":"https:\/\/bonifratrzy.pl\/dps-zebrzydowice\/wp-json\/wp\/v2\/users\/1"}],"replies":[{"embeddable":true,"href":"https:\/\/bonifratrzy.pl\/dps-zebrzydowice\/wp-json\/wp\/v2\/comments?post=1766"}],"version-history":[{"count":4,"href":"https:\/\/bonifratrzy.pl\/dps-zebrzydowice\/wp-json\/wp\/v2\/pages\/1766\/revisions"}],"predecessor-version":[{"id":1833,"href":"https:\/\/bonifratrzy.pl\/dps-zebrzydowice\/wp-json\/wp\/v2\/pages\/1766\/revisions\/1833"}],"up":[{"embeddable":true,"href":"https:\/\/bonifratrzy.pl\/dps-zebrzydowice\/wp-json\/wp\/v2\/pages\/1742"}],"wp:attachment":[{"href":"https:\/\/bonifratrzy.pl\/dps-zebrzydowice\/wp-json\/wp\/v2\/media?parent=1766"}],"curies":[{"name":"wp","href":"https:\/\/api.w.org\/{rel}","templated":true}]}}