{"id":1740,"date":"2020-12-10T06:26:30","date_gmt":"2020-12-10T05:26:30","guid":{"rendered":"https:\/\/bonifratrzy.pl\/dps-zebrzydowice\/?page_id=1740"},"modified":"2020-12-10T06:56:11","modified_gmt":"2020-12-10T05:56:11","slug":"zasady-przyjecia","status":"publish","type":"page","link":"https:\/\/bonifratrzy.pl\/dps-zebrzydowice\/zasady-przyjecia\/","title":{"rendered":"Zasady przyj\u0119cia"},"content":{"rendered":"<p><strong>KROK 1:<\/strong><br \/>\nNapisz pro\u015bb\u0119 o skierowanie do Domu Pomocy Spo\u0142ecznej Zakonu Bonifratr\u00f3w w Zebrzydowicach i zanie\u015b j\u0105 do O\u015brodka Pomocy Spo\u0142ecznej w miejscowo\u015bci, w kt\u00f3rej przebywa osoba ubiegaj\u0105ca si\u0119 o przyj\u0119cie.<\/p>\n<p><strong>KROK 2:<\/strong><br \/>\nPracownik socjalny w\u0142a\u015bciwego O\u015brodka Pomocy Spo\u0142ecznej um\u00f3wi si\u0119 w Twoim domu w celu przeprowadzenia rodzinnego wywiadu \u015brodowiskowego, co pozwoli okre\u015bli\u0107 czy i jaki dom pomocy spo\u0142ecznej b\u0119dzie w\u0142a\u015bciwy. Przygotuj na to spotkanie odpowiednie dokumenty tj. za\u015bwiadczenie o dochodach, decyzje rentow\u0105\/emerytaln\u0105, za\u015bwiadczenia lekarskie dotycz\u0105ce stanu zdrowia, historie choroby, za\u015bwiadczenie o stopniu niepe\u0142nosprawno\u015bci\/grupie inwalidzkiej, dow\u00f3d osobisty.<\/p>\n<p><strong>KROK 3:<\/strong><br \/>\nO\u015brodek Pomocy Spo\u0142ecznej podejmie decyzj\u0119 o skierowaniu do naszego domu i je\u017celi b\u0119dzie ona pozytywna, przeka\u017ce\u00a0 dokumentacj\u0119 Powiatowemu Centrum Pomocy Rodzinie w Wadowicach. Pami\u0119taj, \u017ce je\u017celi uzyszkasz decyzj\u0119 odmown\u0105, masz prawo odwo\u0142a\u0107 si\u0119 od niej.<\/p>\n<p><strong>KROK 4:<\/strong><br \/>\nPowiatowe Centrum Pomocy Rodzinie w Wadowicach przekazuje dokumentacj\u0119 do naszego domu, gdzie podejmujemy decyzje o przyj\u0119ciu mieszka\u0144ca.<\/p>\n<p><strong>KROK 5:<\/strong><br \/>\nPo podj\u0119ciu decyzji, nasz dom poinformuje o tym PCPR i samego zainteresowanego. Po ustaleniu daty przyj\u0119cia dyrektor PCPR w Wadowicach wydaje decyzj\u0119 o umieszczeniu mieszka\u0144ca w nszym domu. W przypadku braku wolnych miejsc kandydat trafia na list\u0119 oczekuj\u0105cych. W szczeg\u00f3lnych okoliczno\u015bciach, skierowanie do domu mo\u017ce nast\u0105pi\u0107 poza kolejno\u015bci\u0105.<\/p>\n<p><strong>KROK 6:<\/strong><br \/>\nWitamy w naszym domu!<\/p>\n<p><strong>W PRZYPADKU JAKICHKOLWIEK PYTA\u0143 PROSIMY O KONTAKT TELEFONICZNY Z NASZYM PRACOWNIKIEM SOCJALNYM: 33 875 60 09<\/strong><\/p>\n","protected":false},"excerpt":{"rendered":"<p>KROK 1: Napisz pro\u015bb\u0119 o skierowanie do Domu Pomocy Spo\u0142ecznej Zakonu Bonifratr\u00f3w w Zebrzydowicach i zanie\u015b j\u0105 do O\u015brodka Pomocy Spo\u0142ecznej w miejscowo\u015bci, w kt\u00f3rej przebywa osoba ubiegaj\u0105ca si\u0119 o przyj\u0119cie. KROK 2: Pracownik socjalny w\u0142a\u015bciwego O\u015brodka Pomocy Spo\u0142ecznej um\u00f3wi si\u0119 w Twoim domu w celu przeprowadzenia rodzinnego wywiadu \u015brodowiskowego, co pozwoli okre\u015bli\u0107 czy i [&hellip;]<\/p>\n","protected":false},"author":1,"featured_media":0,"parent":0,"menu_order":0,"comment_status":"closed","ping_status":"closed","template":"","meta":{"footnotes":""},"_links":{"self":[{"href":"https:\/\/bonifratrzy.pl\/dps-zebrzydowice\/wp-json\/wp\/v2\/pages\/1740"}],"collection":[{"href":"https:\/\/bonifratrzy.pl\/dps-zebrzydowice\/wp-json\/wp\/v2\/pages"}],"about":[{"href":"https:\/\/bonifratrzy.pl\/dps-zebrzydowice\/wp-json\/wp\/v2\/types\/page"}],"author":[{"embeddable":true,"href":"https:\/\/bonifratrzy.pl\/dps-zebrzydowice\/wp-json\/wp\/v2\/users\/1"}],"replies":[{"embeddable":true,"href":"https:\/\/bonifratrzy.pl\/dps-zebrzydowice\/wp-json\/wp\/v2\/comments?post=1740"}],"version-history":[{"count":2,"href":"https:\/\/bonifratrzy.pl\/dps-zebrzydowice\/wp-json\/wp\/v2\/pages\/1740\/revisions"}],"predecessor-version":[{"id":1824,"href":"https:\/\/bonifratrzy.pl\/dps-zebrzydowice\/wp-json\/wp\/v2\/pages\/1740\/revisions\/1824"}],"wp:attachment":[{"href":"https:\/\/bonifratrzy.pl\/dps-zebrzydowice\/wp-json\/wp\/v2\/media?parent=1740"}],"curies":[{"name":"wp","href":"https:\/\/api.w.org\/{rel}","templated":true}]}}