{"id":8,"date":"2016-01-28T00:57:31","date_gmt":"2016-01-27T23:57:31","guid":{"rendered":"https:\/\/bonifratrzy.pl\/dps-prudnik\/?page_id=8"},"modified":"2016-04-28T12:41:57","modified_gmt":"2016-04-28T10:41:57","slug":"o-nas","status":"publish","type":"page","link":"https:\/\/bonifratrzy.pl\/dps-prudnik\/","title":{"rendered":"O nas"},"content":{"rendered":"<p><em><strong>Historia &#8211;\u00a0 <\/strong><\/em>Domu \u015bw. Jana Bo\u017cego zaczyna si\u0119, kiedy sw\u00f3j maj\u0105tek Bonifratrzy odzyskali dopiero w 2006 r. Na miejsce dawnego szpitala publicznego powsta\u0142 Dom im. \u015bw. Jana Bo\u017cego, kt\u00f3ry funkcjonuje na zasadach Domu Pogodnej Staro\u015bci.<\/p>\n<p>Dom \u015bw. Jana Bo\u017cego w Prudniku zamieszkuje 30 os\u00f3b w wieku od 50 do 94 lat. \u015aredni wiek mieszka\u0144c\u00f3w wynosi ponad 80 lat. Prawie po\u0142owa mieszka\u0144c\u00f3w posiada umiarkowany stopie\u0144 niepe\u0142nosprawno\u015bci intelektualnej i nisk\u0105 sprawno\u015b\u0107 fizyczn\u0105. 13% mieszka\u0144c\u00f3w porusza si\u0119 za pomoc\u0105 w\u00f3zka. Sporadyczny kontakt z rodzin\u0105 jest zapewniony tylko po\u0142owie mieszka\u0144c\u00f3w.<br \/>\nIlo\u015b\u0107 os\u00f3b z upo\u015bledzeniem w stopniu znacznym i umiarkowanym oraz dodatkowe sprz\u0119\u017cone schorzenia, w szczeg\u00f3lno\u015bci epilepsja, brak s\u0142uchu, mowy i wzroku okre\u015blaj\u0105 dominuj\u0105ce potrzeby mieszka\u0144c\u00f3w w skali Domu. Nale\u017c\u0105 do nich potrzeby bytowe- fizjologiczne, jedzenie, ubieranie si\u0119, zdrowotne itp.<\/p>\n<p>Pobyt w Domu Spokojnej Staro\u015bci jest spowodowany w znacznej mierze sytuacj\u0105 rodzinn\u0105 i \u017cyciow\u0105 mieszka\u0144ca, wiele rodzin nie mo\u017ce opiekowa\u0107 si\u0119 nimi z przyczyn obiektywnych, ale r\u00f3wnie wiele mog\u0142aby sprawowa\u0107 opiek\u0119 pod warunkiem uzyskania pomocy materialnej, wi\u0119kszego mieszkania lub pomocy opiekuna sprawuj\u0105cego us\u0142ugi opieku\u0144cze.<\/p>\n<p>Powy\u017csze uwarunkowania s\u0105 obiektywne, ale mog\u0105 by\u0107 rekompensowane dobr\u0105 opiek\u0105, tworzeniem warunk\u00f3w \u017cycia domowego. W powi\u0105zaniu z dobrym i fachowym personelem, jest mo\u017cliwe przygotowanie naszych mieszka\u0144c\u00f3w do samodzielnego \u017cycia i zapewnienie im poczucia bezpiecze\u0144stwa, na wz\u00f3r domu rodzinnego.<\/p>\n","protected":false},"excerpt":{"rendered":"<p>Historia &#8211;\u00a0 Domu \u015bw. Jana Bo\u017cego zaczyna si\u0119, kiedy sw\u00f3j maj\u0105tek Bonifratrzy odzyskali dopiero w 2006 r. Na miejsce dawnego szpitala publicznego powsta\u0142 Dom im. \u015bw. Jana Bo\u017cego, kt\u00f3ry funkcjonuje na zasadach Domu Pogodnej Staro\u015bci. Dom \u015bw. Jana Bo\u017cego w Prudniku zamieszkuje 30 os\u00f3b w wieku od 50 do 94 lat. \u015aredni wiek mieszka\u0144c\u00f3w wynosi [&hellip;]<\/p>\n","protected":false},"author":1,"featured_media":0,"parent":0,"menu_order":0,"comment_status":"closed","ping_status":"closed","template":"page-home.php","meta":{"footnotes":""},"_links":{"self":[{"href":"https:\/\/bonifratrzy.pl\/dps-prudnik\/wp-json\/wp\/v2\/pages\/8"}],"collection":[{"href":"https:\/\/bonifratrzy.pl\/dps-prudnik\/wp-json\/wp\/v2\/pages"}],"about":[{"href":"https:\/\/bonifratrzy.pl\/dps-prudnik\/wp-json\/wp\/v2\/types\/page"}],"author":[{"embeddable":true,"href":"https:\/\/bonifratrzy.pl\/dps-prudnik\/wp-json\/wp\/v2\/users\/1"}],"replies":[{"embeddable":true,"href":"https:\/\/bonifratrzy.pl\/dps-prudnik\/wp-json\/wp\/v2\/comments?post=8"}],"version-history":[{"count":1,"href":"https:\/\/bonifratrzy.pl\/dps-prudnik\/wp-json\/wp\/v2\/pages\/8\/revisions"}],"predecessor-version":[{"id":9,"href":"https:\/\/bonifratrzy.pl\/dps-prudnik\/wp-json\/wp\/v2\/pages\/8\/revisions\/9"}],"wp:attachment":[{"href":"https:\/\/bonifratrzy.pl\/dps-prudnik\/wp-json\/wp\/v2\/media?parent=8"}],"curies":[{"name":"wp","href":"https:\/\/api.w.org\/{rel}","templated":true}]}}