{"id":5,"date":"2016-01-28T00:55:59","date_gmt":"2016-01-27T23:55:59","guid":{"rendered":"https:\/\/bonifratrzy.pl\/dps-prudnik\/?page_id=5"},"modified":"2016-01-28T00:56:49","modified_gmt":"2016-01-27T23:56:49","slug":"kontakt","status":"publish","type":"page","link":"https:\/\/bonifratrzy.pl\/dps-prudnik\/kontakt\/","title":{"rendered":"Kontakt"},"content":{"rendered":"<h2 class=\"cl-1\">Dom \u015bw. Jana Bo\u017cego<\/h2>\n<p class=\"cl-1\">ul. Piastowska 6<br \/>\n48-200 Prudnik<\/p>\n<p class=\"cl-1\">tel. \/77\/ 436 59 50 wew.20<\/p>\n<p><strong>Dyrektor Domu \u015bw. Jana Bo\u017cego<\/strong><br \/>\ntel: \/77\/ 436 59 50 wew. 33 lub 39<br \/>\ntel: \/77\/ 436 26 05<\/p>\n<p><strong>Prze\u0142o\u017cona piel\u0119gniarek<\/strong><br \/>\ntel: \/77\/ 436 59 50 wew. 36<\/p>\n","protected":false},"excerpt":{"rendered":"<p>Dom \u015bw. Jana Bo\u017cego ul. Piastowska 6 48-200 Prudnik tel. \/77\/ 436 59 50 wew.20 Dyrektor Domu \u015bw. Jana Bo\u017cego tel: \/77\/ 436 59 50 wew. 33 lub 39 tel: \/77\/ 436 26 05 Prze\u0142o\u017cona piel\u0119gniarek tel: \/77\/ 436 59 50 wew. 36<\/p>\n","protected":false},"author":1,"featured_media":0,"parent":0,"menu_order":0,"comment_status":"closed","ping_status":"closed","template":"","meta":{"footnotes":""},"_links":{"self":[{"href":"https:\/\/bonifratrzy.pl\/dps-prudnik\/wp-json\/wp\/v2\/pages\/5"}],"collection":[{"href":"https:\/\/bonifratrzy.pl\/dps-prudnik\/wp-json\/wp\/v2\/pages"}],"about":[{"href":"https:\/\/bonifratrzy.pl\/dps-prudnik\/wp-json\/wp\/v2\/types\/page"}],"author":[{"embeddable":true,"href":"https:\/\/bonifratrzy.pl\/dps-prudnik\/wp-json\/wp\/v2\/users\/1"}],"replies":[{"embeddable":true,"href":"https:\/\/bonifratrzy.pl\/dps-prudnik\/wp-json\/wp\/v2\/comments?post=5"}],"version-history":[{"count":2,"href":"https:\/\/bonifratrzy.pl\/dps-prudnik\/wp-json\/wp\/v2\/pages\/5\/revisions"}],"predecessor-version":[{"id":7,"href":"https:\/\/bonifratrzy.pl\/dps-prudnik\/wp-json\/wp\/v2\/pages\/5\/revisions\/7"}],"wp:attachment":[{"href":"https:\/\/bonifratrzy.pl\/dps-prudnik\/wp-json\/wp\/v2\/media?parent=5"}],"curies":[{"name":"wp","href":"https:\/\/api.w.org\/{rel}","templated":true}]}}