{"id":9782,"date":"2024-10-21T10:16:10","date_gmt":"2024-10-21T08:16:10","guid":{"rendered":"https:\/\/bonifratrzy.pl\/dps-iwonicz\/?page_id=9782"},"modified":"2024-10-21T10:29:40","modified_gmt":"2024-10-21T08:29:40","slug":"9782-2","status":"publish","type":"page","link":"https:\/\/bonifratrzy.pl\/dps-iwonicz\/projekty\/9782-2\/","title":{"rendered":"DOFINANSOWANIE WYNAGRODZE\u0143 PRACOWNIK\u00d3W JEDNOSTEK ORGANIZACYJNYCH POMOCY SPO\u0141ECZNEJ W POSTACI DODATKU MOTYWACYJNEGO NA LATA 2024-2027"},"content":{"rendered":"\n<p><!--more--><\/p>\n\n\n\n\n<div class=\"wp-block-image\">\n<figure class=\"aligncenter\"><img decoding=\"async\" src=\"https:\/\/bonifratrzy.pl\/dps-iwonicz\/wp-content\/uploads\/sites\/26\/2023\/06\/grafika_projekt_pfc_2023.06.14-480x160.png\" alt=\"\" \/><\/figure><\/div>\n\n\n<p><!--more--><\/p>\n<p>\u00a0<\/p>\n<p style=\"text-align: center\"><strong>DOFINANSOWANO<\/strong><\/p>\n<p style=\"text-align: center\"><strong>ZE \u015aRODK\u00d3W<\/strong><\/p>\n<p style=\"text-align: center\"><strong>BUD\u017bETU PA\u0143STWA<\/strong><\/p>\n<p>\u00a0<\/p>\n<p style=\"text-align: center\"><strong>DOFINANSOWANIE<\/strong><\/p>\n<p style=\"text-align: center\"><strong>WYNAGRODZE\u0143 PRACOWNIK\u00d3W<\/strong><\/p>\n<p style=\"text-align: center\"><strong>JEDNOSTEK ORGANIZACYJNYCH POMOCY<\/strong><\/p>\n<p style=\"text-align: center\"><strong>SPO\u0141ECZNEJ W POSTACI DODATKU<\/strong><\/p>\n<p style=\"text-align: center\"><strong>MOTYWACYJNEGO NA LATA 2024 &#8211; 2027<\/strong><\/p>\n<p style=\"text-align: center\"><strong>DOFINANSOWANIE<\/strong><\/p>\n<p style=\"text-align: center\"><strong>567,471 z\u0142.<\/strong><\/p>\n<p style=\"text-align: center\"><strong>CA\u0141KOWITA WARTO\u015a\u0106<\/strong><\/p>\n<p style=\"text-align: center\"><strong>567,471 z\u0142<\/strong><\/p>\n<p style=\"text-align: center\"><strong>DATA PODPISANIA UMOWY<\/strong><\/p>\n<p style=\"text-align: center\"><strong>4 WRZESIE\u0143 2024<\/strong><\/p>\n","protected":false},"excerpt":{"rendered":"","protected":false},"author":30,"featured_media":0,"parent":5942,"menu_order":7,"comment_status":"closed","ping_status":"closed","template":"","meta":{"footnotes":""},"_links":{"self":[{"href":"https:\/\/bonifratrzy.pl\/dps-iwonicz\/wp-json\/wp\/v2\/pages\/9782"}],"collection":[{"href":"https:\/\/bonifratrzy.pl\/dps-iwonicz\/wp-json\/wp\/v2\/pages"}],"about":[{"href":"https:\/\/bonifratrzy.pl\/dps-iwonicz\/wp-json\/wp\/v2\/types\/page"}],"author":[{"embeddable":true,"href":"https:\/\/bonifratrzy.pl\/dps-iwonicz\/wp-json\/wp\/v2\/users\/30"}],"replies":[{"embeddable":true,"href":"https:\/\/bonifratrzy.pl\/dps-iwonicz\/wp-json\/wp\/v2\/comments?post=9782"}],"version-history":[{"count":6,"href":"https:\/\/bonifratrzy.pl\/dps-iwonicz\/wp-json\/wp\/v2\/pages\/9782\/revisions"}],"predecessor-version":[{"id":10349,"href":"https:\/\/bonifratrzy.pl\/dps-iwonicz\/wp-json\/wp\/v2\/pages\/9782\/revisions\/10349"}],"up":[{"embeddable":true,"href":"https:\/\/bonifratrzy.pl\/dps-iwonicz\/wp-json\/wp\/v2\/pages\/5942"}],"wp:attachment":[{"href":"https:\/\/bonifratrzy.pl\/dps-iwonicz\/wp-json\/wp\/v2\/media?parent=9782"}],"curies":[{"name":"wp","href":"https:\/\/api.w.org\/{rel}","templated":true}]}}